{"id":963,"date":"2017-07-29T10:15:54","date_gmt":"2017-07-29T08:15:54","guid":{"rendered":"https:\/\/journalliteratur.blogs.ruhr-uni-bochum.de\/?page_id=963"},"modified":"2017-07-29T10:15:54","modified_gmt":"2017-07-29T08:15:54","slug":"aesthetik-und-medialitaet-der-zeitschrift","status":"publish","type":"page","link":"https:\/\/journalliteratur.blogs.ruhr-uni-bochum.de\/gb\/veranstaltungen\/vortragsreihen\/aesthetik-und-medialitaet-der-zeitschrift\/","title":{"rendered":"\u00c4sthetik und Medialit\u00e4t der Zeitschrift"},"content":{"rendered":"<h5>\u00d6ffentliche Vortragsreihe der Medien- und Kunstwissenschaft der Philipps-Universit\u00e4t Marburg in Kooperation mit dem Deutschen Dokumentationszentrum f\u00fcr Kunstgeschichte \u2013 Bildarchiv Foto Marburg und der DFG-Forschergruppe 2288 &#8220;Journalliteratur: Formatbedingungen, visuelles Design, Rezeptionskulturen&#8221;.<\/h5>\n<figure id=\"attachment_695\" aria-describedby=\"caption-attachment-695\" style=\"width: 213px\" class=\"wp-caption alignright\"><a href=\"https:\/\/journalliteratur.blogs.ruhr-uni-bochum.de\/wp-content\/uploads\/2017\/05\/Vortragsreihe_Marburg_2017_Plakat_web-e1493753193878.jpg\"><img loading=\"lazy\" decoding=\"async\" class=\"wp-image-695 size-medium\" src=\"https:\/\/journalliteratur.blogs.ruhr-uni-bochum.de\/wp-content\/uploads\/2017\/05\/Vortragsreihe_Marburg_2017_Plakat_web-213x300.jpg\" alt=\"\" width=\"213\" height=\"300\" \/><\/a><figcaption id=\"caption-attachment-695\" class=\"wp-caption-text\">Vortragsreihe \u00c4sthetik und Medialit\u00e4t der Zeitschrift<\/figcaption><\/figure>\n<p>Um 1800 wird die Zeitschrift zu einem Medium, das seither die Kultur der Moderne reflektiert und pr\u00e4gt. Adressierung eines Massenpublikums, radikale Zeitbezogenheit, Serialit\u00e4t, Fragmentarit\u00e4t, Visualit\u00e4t sind einige Stichworte, unter denen die spezifische Medialit\u00e4t der Zeitschrift gefasst werden kann. Die Vortragsreihe erkundet dies \u2013 in Verbindung mit einem Seminar f\u00fcr Master-Studierende \u2013 aus verschiedenen Perspektiven der Kunst-, Medien- und Kulturwissenschaften. Ziel von Seminar und Vortragsreihe ist es, das Medium Zeitschrift systematisch wie historisch in seinen wesentlichen Z\u00fcgen besonders anhand von Fallstudien und mit einem besonderen Blick auf die visuelle Kultur zu untersuchen. Layout, Grafik und Typographie sollen dabei ebenso zur Sprache kommen wie unterschiedliche Formate aus dem breiten Spektrum der Zeitschriftengattungen bis hin zu den j\u00fcngsten Produkten auf dem Markt.<\/p>\n<p><!--more--><\/p>\n<p>Konzeption: Prof. Dr. Hubert Locher, Prof. Dr. Jens Ruchatz<\/p>\n<h2>Termine<\/h2>\n<p><strong>9. Mai\u00a0 2017<\/strong><\/p>\n<p>Tom Gretton (University College London):\u00a0 Culture and anarchy in the advertising pages of illustrated weekly magazines c. 1875 &#8211; c. 1900: forms, icons, typematter<\/p>\n<p><strong>23. Mai<\/strong><strong> 2017<\/strong><\/p>\n<p>Anton Holzer (Fotohistoriker, Wien): Bildgeschichten. Die gro\u00dfe Zeit der Fotoreportagen<\/p>\n<p><strong>30. Mai 2017<\/strong><\/p>\n<p>Madleen Podewski (Freie Universit\u00e4t Berlin):\u00a0 Zeitschriften als Verhandlungsort visueller Kultur: Modekupfer, Bildprosa und Dorfgeschichten in \u201eEuropa. Chronik der gebildeten Welt\u201c (1835-1844)<\/p>\n<p><strong>27. Juni 2017<\/strong><strong>\u00a0<\/strong><\/p>\n<p>Patrick R\u00f6ssler (Universit\u00e4t Erfurt): Domestizierte Avantgarde \u2013 das Bauhaus am Kiosk. Das moderne Erscheinungsbild der Illustrierten zwischen den Kriegen: Herbert Bayer und &#8220;die neue linie&#8221;<\/p>\n<p><strong>11. Juli 2017\u00a0<\/strong><\/p>\n<p>Hannes Ludwig, Rainer Schmidt, (Frankfurter Allgemeine Zeitung \u2013 F.A.Z. Quarterly): Hochglanz mit Tiefgang. Lesen als der neue Luxus<\/p>\n<h2><a href=\"https:\/\/journalliteratur.blogs.ruhr-uni-bochum.de\/wp-content\/uploads\/2017\/05\/Vortragsreihe_Marburg_2017_Flyer.pdf\">PROGRAMMHEFT<\/a><\/h2>\n<p><strong>Beginn:<\/strong> jeweils um 18.15 Uhr<\/p>\n<p><strong>Veranstaltungsort:<\/strong> Philipps-Universit\u00e4t Marburg, Kunstgeb\u00e4ude, Biegenstra\u00dfe 11, H\u00f6rsaal<\/p>\n","protected":false},"excerpt":{"rendered":"<p>\u00d6ffentliche Vortragsreihe der Medien- und Kunstwissenschaft der Philipps-Universit\u00e4t Marburg in Kooperation mit dem Deutschen Dokumentationszentrum f\u00fcr Kunstgeschichte \u2013 Bildarchiv Foto Marburg und der DFG-Forschergruppe<\/p>\n","protected":false},"author":17,"featured_media":921,"parent":961,"menu_order":0,"comment_status":"closed","ping_status":"closed","template":"","meta":{"footnotes":""},"class_list":["post-963","page","type-page","status-publish","has-post-thumbnail","hentry"],"translation":{"provider":"WPGlobus","version":"3.0.2","language":"gb","enabled_languages":["de","gb"],"languages":{"de":{"title":true,"content":true,"excerpt":false},"gb":{"title":false,"content":false,"excerpt":false}}},"yoast_head":"<!-- This site is optimized with the Yoast SEO plugin v27.3 - https:\/\/yoast.com\/product\/yoast-seo-wordpress\/ -->\n<title>\u00c4sthetik und Medialit\u00e4t der Zeitschrift - Journalliteratur<\/title>\n<meta name=\"robots\" content=\"index, follow, max-snippet:-1, max-image-preview:large, max-video-preview:-1\" \/>\n<link rel=\"canonical\" href=\"https:\/\/journalliteratur.blogs.ruhr-uni-bochum.de\/gb\/veranstaltungen\/vortragsreihen\/aesthetik-und-medialitaet-der-zeitschrift\/\" \/>\n<meta property=\"og:locale\" content=\"en_GB\" \/>\n<meta property=\"og:type\" content=\"article\" \/>\n<meta property=\"og:title\" content=\"\u00c4sthetik und Medialit\u00e4t der Zeitschrift - Journalliteratur\" \/>\n<meta property=\"og:url\" content=\"https:\/\/journalliteratur.blogs.ruhr-uni-bochum.de\/gb\/veranstaltungen\/vortragsreihen\/aesthetik-und-medialitaet-der-zeitschrift\/\" \/>\n<meta property=\"og:site_name\" content=\"Journalliteratur\" \/>\n<meta property=\"og:image\" content=\"https:\/\/journalliteratur.blogs.ruhr-uni-bochum.de\/wp-content\/uploads\/2017\/07\/Plakat-e1498890015909.jpg\" \/>\n\t<meta property=\"og:image:width\" content=\"571\" \/>\n\t<meta property=\"og:image:height\" content=\"322\" \/>\n\t<meta property=\"og:image:type\" content=\"image\/jpeg\" \/>\n<meta name=\"twitter:card\" content=\"summary_large_image\" \/>\n<meta name=\"twitter:label1\" content=\"Estimated reading time\" \/>\n\t<meta name=\"twitter:data1\" content=\"1 minute\" \/>\n<script type=\"application\/ld+json\" class=\"yoast-schema-graph\">{\"@context\":\"https:\\\/\\\/schema.org\",\"@graph\":[{\"@type\":\"WebPage\",\"@id\":\"https:\\\/\\\/journalliteratur.blogs.ruhr-uni-bochum.de\\\/gb\\\/veranstaltungen\\\/vortragsreihen\\\/aesthetik-und-medialitaet-der-zeitschrift\\\/\",\"url\":\"https:\\\/\\\/journalliteratur.blogs.ruhr-uni-bochum.de\\\/gb\\\/veranstaltungen\\\/vortragsreihen\\\/aesthetik-und-medialitaet-der-zeitschrift\\\/\",\"name\":\"\u00c4sthetik und Medialit\u00e4t der Zeitschrift - Journalliteratur\",\"isPartOf\":{\"@id\":\"https:\\\/\\\/journalliteratur.blogs.ruhr-uni-bochum.de\\\/gb\\\/#website\"},\"primaryImageOfPage\":{\"@id\":\"https:\\\/\\\/journalliteratur.blogs.ruhr-uni-bochum.de\\\/gb\\\/veranstaltungen\\\/vortragsreihen\\\/aesthetik-und-medialitaet-der-zeitschrift\\\/#primaryimage\"},\"image\":{\"@id\":\"https:\\\/\\\/journalliteratur.blogs.ruhr-uni-bochum.de\\\/gb\\\/veranstaltungen\\\/vortragsreihen\\\/aesthetik-und-medialitaet-der-zeitschrift\\\/#primaryimage\"},\"thumbnailUrl\":\"https:\\\/\\\/journalliteratur.blogs.ruhr-uni-bochum.de\\\/wp-content\\\/uploads\\\/2017\\\/07\\\/Plakat-e1498890015909.jpg\",\"datePublished\":\"2017-07-29T08:15:54+00:00\",\"breadcrumb\":{\"@id\":\"https:\\\/\\\/journalliteratur.blogs.ruhr-uni-bochum.de\\\/gb\\\/veranstaltungen\\\/vortragsreihen\\\/aesthetik-und-medialitaet-der-zeitschrift\\\/#breadcrumb\"},\"inLanguage\":\"en-GB\",\"potentialAction\":[{\"@type\":\"ReadAction\",\"target\":[\"https:\\\/\\\/journalliteratur.blogs.ruhr-uni-bochum.de\\\/gb\\\/veranstaltungen\\\/vortragsreihen\\\/aesthetik-und-medialitaet-der-zeitschrift\\\/\"]}]},{\"@type\":\"ImageObject\",\"inLanguage\":\"en-GB\",\"@id\":\"https:\\\/\\\/journalliteratur.blogs.ruhr-uni-bochum.de\\\/gb\\\/veranstaltungen\\\/vortragsreihen\\\/aesthetik-und-medialitaet-der-zeitschrift\\\/#primaryimage\",\"url\":\"https:\\\/\\\/journalliteratur.blogs.ruhr-uni-bochum.de\\\/wp-content\\\/uploads\\\/2017\\\/07\\\/Plakat-e1498890015909.jpg\",\"contentUrl\":\"https:\\\/\\\/journalliteratur.blogs.ruhr-uni-bochum.de\\\/wp-content\\\/uploads\\\/2017\\\/07\\\/Plakat-e1498890015909.jpg\",\"width\":571,\"height\":322,\"caption\":\"Plakat zur Vortragsreihe \u00c4sthetik und Medialit\u00e4t der Zeitschrift\"},{\"@type\":\"BreadcrumbList\",\"@id\":\"https:\\\/\\\/journalliteratur.blogs.ruhr-uni-bochum.de\\\/gb\\\/veranstaltungen\\\/vortragsreihen\\\/aesthetik-und-medialitaet-der-zeitschrift\\\/#breadcrumb\",\"itemListElement\":[{\"@type\":\"ListItem\",\"position\":1,\"name\":\"Startseite\",\"item\":\"https:\\\/\\\/journalliteratur.blogs.ruhr-uni-bochum.de\\\/gb\\\/\"},{\"@type\":\"ListItem\",\"position\":2,\"name\":\"Veranstaltungen\",\"item\":\"https:\\\/\\\/journalliteratur.blogs.ruhr-uni-bochum.de\\\/veranstaltungen\\\/\"},{\"@type\":\"ListItem\",\"position\":3,\"name\":\"Vortragsreihen\",\"item\":\"https:\\\/\\\/journalliteratur.blogs.ruhr-uni-bochum.de\\\/veranstaltungen\\\/vortragsreihen\\\/\"},{\"@type\":\"ListItem\",\"position\":4,\"name\":\"\u00c4sthetik und Medialit\u00e4t der Zeitschrift\"}]},{\"@type\":\"WebSite\",\"@id\":\"https:\\\/\\\/journalliteratur.blogs.ruhr-uni-bochum.de\\\/gb\\\/#website\",\"url\":\"https:\\\/\\\/journalliteratur.blogs.ruhr-uni-bochum.de\\\/gb\\\/\",\"name\":\"Journalliteratur\",\"description\":\"Formatbedingungen, visuelles Design, Rezeptionskulturen\",\"publisher\":{\"@id\":\"https:\\\/\\\/journalliteratur.blogs.ruhr-uni-bochum.de\\\/gb\\\/#organization\"},\"potentialAction\":[{\"@type\":\"SearchAction\",\"target\":{\"@type\":\"EntryPoint\",\"urlTemplate\":\"https:\\\/\\\/journalliteratur.blogs.ruhr-uni-bochum.de\\\/gb\\\/?s={search_term_string}\"},\"query-input\":{\"@type\":\"PropertyValueSpecification\",\"valueRequired\":true,\"valueName\":\"search_term_string\"}}],\"inLanguage\":\"en-GB\"},{\"@type\":\"Organization\",\"@id\":\"https:\\\/\\\/journalliteratur.blogs.ruhr-uni-bochum.de\\\/gb\\\/#organization\",\"name\":\"DFG-Forschergruppe 2288: Journalliteratur\",\"url\":\"https:\\\/\\\/journalliteratur.blogs.ruhr-uni-bochum.de\\\/gb\\\/\",\"logo\":{\"@type\":\"ImageObject\",\"inLanguage\":\"en-GB\",\"@id\":\"https:\\\/\\\/journalliteratur.blogs.ruhr-uni-bochum.de\\\/gb\\\/#\\\/schema\\\/logo\\\/image\\\/\",\"url\":\"https:\\\/\\\/journalliteratur.blogs.ruhr-uni-bochum.de\\\/wp-content\\\/uploads\\\/2016\\\/08\\\/cropped-fg_journal_logo_blaetter_icon.png\",\"contentUrl\":\"https:\\\/\\\/journalliteratur.blogs.ruhr-uni-bochum.de\\\/wp-content\\\/uploads\\\/2016\\\/08\\\/cropped-fg_journal_logo_blaetter_icon.png\",\"width\":512,\"height\":512,\"caption\":\"DFG-Forschergruppe 2288: Journalliteratur\"},\"image\":{\"@id\":\"https:\\\/\\\/journalliteratur.blogs.ruhr-uni-bochum.de\\\/gb\\\/#\\\/schema\\\/logo\\\/image\\\/\"}}]}<\/script>\n<!-- \/ Yoast SEO plugin. -->","yoast_head_json":{"title":"\u00c4sthetik und Medialit\u00e4t der Zeitschrift - Journalliteratur","robots":{"index":"index","follow":"follow","max-snippet":"max-snippet:-1","max-image-preview":"max-image-preview:large","max-video-preview":"max-video-preview:-1"},"canonical":"https:\/\/journalliteratur.blogs.ruhr-uni-bochum.de\/gb\/veranstaltungen\/vortragsreihen\/aesthetik-und-medialitaet-der-zeitschrift\/","og_locale":"en_GB","og_type":"article","og_title":"\u00c4sthetik und Medialit\u00e4t der Zeitschrift - Journalliteratur","og_url":"https:\/\/journalliteratur.blogs.ruhr-uni-bochum.de\/gb\/veranstaltungen\/vortragsreihen\/aesthetik-und-medialitaet-der-zeitschrift\/","og_site_name":"Journalliteratur","og_image":[{"width":571,"height":322,"url":"https:\/\/journalliteratur.blogs.ruhr-uni-bochum.de\/wp-content\/uploads\/2017\/07\/Plakat-e1498890015909.jpg","type":"image\/jpeg"}],"twitter_card":"summary_large_image","twitter_misc":{"Estimated reading time":"1 minute"},"schema":{"@context":"https:\/\/schema.org","@graph":[{"@type":"WebPage","@id":"https:\/\/journalliteratur.blogs.ruhr-uni-bochum.de\/gb\/veranstaltungen\/vortragsreihen\/aesthetik-und-medialitaet-der-zeitschrift\/","url":"https:\/\/journalliteratur.blogs.ruhr-uni-bochum.de\/gb\/veranstaltungen\/vortragsreihen\/aesthetik-und-medialitaet-der-zeitschrift\/","name":"\u00c4sthetik und Medialit\u00e4t der Zeitschrift - Journalliteratur","isPartOf":{"@id":"https:\/\/journalliteratur.blogs.ruhr-uni-bochum.de\/gb\/#website"},"primaryImageOfPage":{"@id":"https:\/\/journalliteratur.blogs.ruhr-uni-bochum.de\/gb\/veranstaltungen\/vortragsreihen\/aesthetik-und-medialitaet-der-zeitschrift\/#primaryimage"},"image":{"@id":"https:\/\/journalliteratur.blogs.ruhr-uni-bochum.de\/gb\/veranstaltungen\/vortragsreihen\/aesthetik-und-medialitaet-der-zeitschrift\/#primaryimage"},"thumbnailUrl":"https:\/\/journalliteratur.blogs.ruhr-uni-bochum.de\/wp-content\/uploads\/2017\/07\/Plakat-e1498890015909.jpg","datePublished":"2017-07-29T08:15:54+00:00","breadcrumb":{"@id":"https:\/\/journalliteratur.blogs.ruhr-uni-bochum.de\/gb\/veranstaltungen\/vortragsreihen\/aesthetik-und-medialitaet-der-zeitschrift\/#breadcrumb"},"inLanguage":"en-GB","potentialAction":[{"@type":"ReadAction","target":["https:\/\/journalliteratur.blogs.ruhr-uni-bochum.de\/gb\/veranstaltungen\/vortragsreihen\/aesthetik-und-medialitaet-der-zeitschrift\/"]}]},{"@type":"ImageObject","inLanguage":"en-GB","@id":"https:\/\/journalliteratur.blogs.ruhr-uni-bochum.de\/gb\/veranstaltungen\/vortragsreihen\/aesthetik-und-medialitaet-der-zeitschrift\/#primaryimage","url":"https:\/\/journalliteratur.blogs.ruhr-uni-bochum.de\/wp-content\/uploads\/2017\/07\/Plakat-e1498890015909.jpg","contentUrl":"https:\/\/journalliteratur.blogs.ruhr-uni-bochum.de\/wp-content\/uploads\/2017\/07\/Plakat-e1498890015909.jpg","width":571,"height":322,"caption":"Plakat zur Vortragsreihe \u00c4sthetik und Medialit\u00e4t der Zeitschrift"},{"@type":"BreadcrumbList","@id":"https:\/\/journalliteratur.blogs.ruhr-uni-bochum.de\/gb\/veranstaltungen\/vortragsreihen\/aesthetik-und-medialitaet-der-zeitschrift\/#breadcrumb","itemListElement":[{"@type":"ListItem","position":1,"name":"Startseite","item":"https:\/\/journalliteratur.blogs.ruhr-uni-bochum.de\/gb\/"},{"@type":"ListItem","position":2,"name":"Veranstaltungen","item":"https:\/\/journalliteratur.blogs.ruhr-uni-bochum.de\/veranstaltungen\/"},{"@type":"ListItem","position":3,"name":"Vortragsreihen","item":"https:\/\/journalliteratur.blogs.ruhr-uni-bochum.de\/veranstaltungen\/vortragsreihen\/"},{"@type":"ListItem","position":4,"name":"\u00c4sthetik und Medialit\u00e4t der Zeitschrift"}]},{"@type":"WebSite","@id":"https:\/\/journalliteratur.blogs.ruhr-uni-bochum.de\/gb\/#website","url":"https:\/\/journalliteratur.blogs.ruhr-uni-bochum.de\/gb\/","name":"Journalliteratur","description":"Formatbedingungen, visuelles Design, Rezeptionskulturen","publisher":{"@id":"https:\/\/journalliteratur.blogs.ruhr-uni-bochum.de\/gb\/#organization"},"potentialAction":[{"@type":"SearchAction","target":{"@type":"EntryPoint","urlTemplate":"https:\/\/journalliteratur.blogs.ruhr-uni-bochum.de\/gb\/?s={search_term_string}"},"query-input":{"@type":"PropertyValueSpecification","valueRequired":true,"valueName":"search_term_string"}}],"inLanguage":"en-GB"},{"@type":"Organization","@id":"https:\/\/journalliteratur.blogs.ruhr-uni-bochum.de\/gb\/#organization","name":"DFG-Forschergruppe 2288: Journalliteratur","url":"https:\/\/journalliteratur.blogs.ruhr-uni-bochum.de\/gb\/","logo":{"@type":"ImageObject","inLanguage":"en-GB","@id":"https:\/\/journalliteratur.blogs.ruhr-uni-bochum.de\/gb\/#\/schema\/logo\/image\/","url":"https:\/\/journalliteratur.blogs.ruhr-uni-bochum.de\/wp-content\/uploads\/2016\/08\/cropped-fg_journal_logo_blaetter_icon.png","contentUrl":"https:\/\/journalliteratur.blogs.ruhr-uni-bochum.de\/wp-content\/uploads\/2016\/08\/cropped-fg_journal_logo_blaetter_icon.png","width":512,"height":512,"caption":"DFG-Forschergruppe 2288: Journalliteratur"},"image":{"@id":"https:\/\/journalliteratur.blogs.ruhr-uni-bochum.de\/gb\/#\/schema\/logo\/image\/"}}]}},"_links":{"self":[{"href":"https:\/\/journalliteratur.blogs.ruhr-uni-bochum.de\/gb\/wp-json\/wp\/v2\/pages\/963","targetHints":{"allow":["GET"]}}],"collection":[{"href":"https:\/\/journalliteratur.blogs.ruhr-uni-bochum.de\/gb\/wp-json\/wp\/v2\/pages"}],"about":[{"href":"https:\/\/journalliteratur.blogs.ruhr-uni-bochum.de\/gb\/wp-json\/wp\/v2\/types\/page"}],"author":[{"embeddable":true,"href":"https:\/\/journalliteratur.blogs.ruhr-uni-bochum.de\/gb\/wp-json\/wp\/v2\/users\/17"}],"replies":[{"embeddable":true,"href":"https:\/\/journalliteratur.blogs.ruhr-uni-bochum.de\/gb\/wp-json\/wp\/v2\/comments?post=963"}],"version-history":[{"count":3,"href":"https:\/\/journalliteratur.blogs.ruhr-uni-bochum.de\/gb\/wp-json\/wp\/v2\/pages\/963\/revisions"}],"predecessor-version":[{"id":972,"href":"https:\/\/journalliteratur.blogs.ruhr-uni-bochum.de\/gb\/wp-json\/wp\/v2\/pages\/963\/revisions\/972"}],"up":[{"embeddable":true,"href":"https:\/\/journalliteratur.blogs.ruhr-uni-bochum.de\/gb\/wp-json\/wp\/v2\/pages\/961"}],"wp:featuredmedia":[{"embeddable":true,"href":"https:\/\/journalliteratur.blogs.ruhr-uni-bochum.de\/gb\/wp-json\/wp\/v2\/media\/921"}],"wp:attachment":[{"href":"https:\/\/journalliteratur.blogs.ruhr-uni-bochum.de\/gb\/wp-json\/wp\/v2\/media?parent=963"}],"curies":[{"name":"wp","href":"https:\/\/api.w.org\/{rel}","templated":true}]}}