{"id":896,"date":"2017-06-30T22:53:11","date_gmt":"2017-06-30T20:53:11","guid":{"rendered":"https:\/\/journalliteratur.blogs.ruhr-uni-bochum.de\/?page_id=896"},"modified":"2017-07-31T12:14:57","modified_gmt":"2017-07-31T10:14:57","slug":"james-mussell-university-of-leeds","status":"publish","type":"page","link":"https:\/\/journalliteratur.blogs.ruhr-uni-bochum.de\/gb\/ueber-die-forschergruppe\/kooperationen\/james-mussell-university-of-leeds\/","title":{"rendered":"James Mussell (University of Leeds)"},"content":{"rendered":"<h2>Zum Mercator-Fellowship von James Mussell<\/h2>\n<p>James Mussell wird sich als Gast von Teilprojekt 1 vom 25. Juni bis 26. Juli 2017 in K\u00f6ln aufhalten.<\/p>\n<p>Den Aufenthalt von James Mussell wird insbesondere das Teilprojekt 1 \u00bbPoetik der Miszelle\u00ab dazu nutzen, die bislang erarbeiteten Hypothesen zu den Formatbedingungen von Journalen und ihren Einfluss auf die \u00c4sthetik der in ihnen publizierten literarischen Texte zu b\u00fcndeln und zu strukturieren. Hierzu werden verschiedene Arbeitstreffen stattfinden, auf denen einerseits das konkrete Zeitschriften- und Zeitungsmaterial gesichtet und besprochen werden wird und auf denen andererseits der Begriff der Miszelle und andere aktuell im Projekt verwendete theoretische Konzepte mit denjenigen Beschreibungsmethoden verglichen werden sollen, die sich im Kontext der Victorian Periodical Studies entwickelt und etabliert haben. Dar\u00fcber hinaus wird sich am 05.07. in Bochum im Rahmen eines Workshops mit der gesamten Forschergruppe zum Thema &#8220;\u201aBad Indexers are Everywhere\u2018: Nineteenth-Century Periodicals, Indexes and Archival Dreaming&#8221; sowie am 20.07. in K\u00f6ln im Rahmen eines Vortrag James Mussells mit dem Titel &#8220;Between Sympathy and Information: On the Form of the Nineteenth-Century Printed Book&#8221; die M\u00f6glichkeit ergeben, die virulenten Fragenstellungen mit einer gr\u00f6\u00dferen \u00d6ffentlichkeit zu diskutieren. Abschlie\u00dfend werden die w\u00e4hrend des Aufenthalts erzielten Ergebnisse in einer gemeinsam von James Mussell und dem Teilprojekt 1 veranstalteten Tagungssektion zum Thema &#8220;Media Borders: Periodicals, Classification, Codex&#8221; vorgestellt werden k\u00f6nnen, die im Kontext des Jahreskongresses der Research Society for Victorian Periodicals (27.-29.07.) abgehalten wird.<\/p>\n<h2>Vita<\/h2>\n<p><strong><a href=\"https:\/\/www.leeds.ac.uk\/arts\/profile\/20040\/1176\/james_mussell\">James Mussell<\/a><\/strong> ist Associate Professor f\u00fcr Viktorianische Literatur und Direktor des Centre for the Comparative History of Print an der University of Leeds. Er ist der Autor von Science, Time and Space in the Late Nineteenth-Century Periodical Press (Ashgate, 2007)\u00a0und The Nineteenth-Century Press in the Digital Age (Palgrave, 2012).\u00a0 Weiterhin ist er einer der Herausgeber der Nineteenth-Century Serials Edition (2008) sowie zweier Ver\u00f6ffentlichungen zu W.T. Stead, n\u00e4mlich W.T. Stead: Newspaper Revolutionary (British Library, 2012) und einer Sonderausgabe von 19: Interdisciplinary Studies in the Long Nineteenth Century (2013).\u00a0 In den Jahren 2013-2015 leitete er das Forschungsprojekt \u00bbMaking Waves: Oliver Lodge and the Cultures of Science\u00ab, dessen Ergebnisse er momentan in einem entsprechenden Buch zusammenstellt.\u00a0Dar\u00fcber hinaus arbeitet er zurzeit an zwei weiteren Projekten: der umfangreichen Monographie Whispers of Print und einem vom \u00bbArts and Humanities Research Council\u00ab gef\u00f6rderten Forschungsnetzwerk zum Thema \u00bbLetterpress Printing: Past, Present, Future\u00ab.<\/p>\n","protected":false},"excerpt":{"rendered":"<p>Zum Mercator-Fellowship von James Mussell James Mussell wird sich als Gast von Teilprojekt 1 vom 25. Juni bis 26. Juli 2017 in K\u00f6ln aufhalten.<\/p>\n","protected":false},"author":17,"featured_media":0,"parent":173,"menu_order":0,"comment_status":"closed","ping_status":"closed","template":"","meta":{"footnotes":""},"class_list":["post-896","page","type-page","status-publish","hentry"],"translation":{"provider":"WPGlobus","version":"3.0.2","language":"gb","enabled_languages":["de","gb"],"languages":{"de":{"title":true,"content":true,"excerpt":false},"gb":{"title":false,"content":false,"excerpt":false}}},"yoast_head":"<!-- This site is optimized with the Yoast SEO plugin v27.3 - https:\/\/yoast.com\/product\/yoast-seo-wordpress\/ -->\n<title>James Mussell (University of Leeds) - Journalliteratur<\/title>\n<meta name=\"robots\" content=\"index, follow, max-snippet:-1, max-image-preview:large, max-video-preview:-1\" \/>\n<link rel=\"canonical\" href=\"https:\/\/journalliteratur.blogs.ruhr-uni-bochum.de\/ueber-die-forschergruppe\/kooperationen\/james-mussell-university-of-leeds\/\" \/>\n<meta property=\"og:locale\" content=\"en_GB\" \/>\n<meta property=\"og:type\" content=\"article\" \/>\n<meta property=\"og:title\" content=\"James Mussell (University of Leeds) - Journalliteratur\" \/>\n<meta property=\"og:url\" content=\"https:\/\/journalliteratur.blogs.ruhr-uni-bochum.de\/ueber-die-forschergruppe\/kooperationen\/james-mussell-university-of-leeds\/\" \/>\n<meta property=\"og:site_name\" content=\"Journalliteratur\" \/>\n<meta property=\"article:modified_time\" content=\"2017-07-31T10:14:57+00:00\" \/>\n<meta name=\"twitter:card\" content=\"summary_large_image\" \/>\n<meta name=\"twitter:label1\" content=\"Estimated reading time\" \/>\n\t<meta name=\"twitter:data1\" content=\"2 minutes\" \/>\n<script type=\"application\/ld+json\" class=\"yoast-schema-graph\">{\"@context\":\"https:\\\/\\\/schema.org\",\"@graph\":[{\"@type\":\"WebPage\",\"@id\":\"https:\\\/\\\/journalliteratur.blogs.ruhr-uni-bochum.de\\\/ueber-die-forschergruppe\\\/kooperationen\\\/james-mussell-university-of-leeds\\\/\",\"url\":\"https:\\\/\\\/journalliteratur.blogs.ruhr-uni-bochum.de\\\/ueber-die-forschergruppe\\\/kooperationen\\\/james-mussell-university-of-leeds\\\/\",\"name\":\"James Mussell (University of Leeds) - Journalliteratur\",\"isPartOf\":{\"@id\":\"https:\\\/\\\/journalliteratur.blogs.ruhr-uni-bochum.de\\\/gb\\\/#website\"},\"datePublished\":\"2017-06-30T20:53:11+00:00\",\"dateModified\":\"2017-07-31T10:14:57+00:00\",\"breadcrumb\":{\"@id\":\"https:\\\/\\\/journalliteratur.blogs.ruhr-uni-bochum.de\\\/ueber-die-forschergruppe\\\/kooperationen\\\/james-mussell-university-of-leeds\\\/#breadcrumb\"},\"inLanguage\":\"en-GB\",\"potentialAction\":[{\"@type\":\"ReadAction\",\"target\":[\"https:\\\/\\\/journalliteratur.blogs.ruhr-uni-bochum.de\\\/ueber-die-forschergruppe\\\/kooperationen\\\/james-mussell-university-of-leeds\\\/\"]}]},{\"@type\":\"BreadcrumbList\",\"@id\":\"https:\\\/\\\/journalliteratur.blogs.ruhr-uni-bochum.de\\\/ueber-die-forschergruppe\\\/kooperationen\\\/james-mussell-university-of-leeds\\\/#breadcrumb\",\"itemListElement\":[{\"@type\":\"ListItem\",\"position\":1,\"name\":\"Startseite\",\"item\":\"https:\\\/\\\/journalliteratur.blogs.ruhr-uni-bochum.de\\\/gb\\\/\"},{\"@type\":\"ListItem\",\"position\":2,\"name\":\"\u00dcber die Forschergruppe\",\"item\":\"https:\\\/\\\/journalliteratur.blogs.ruhr-uni-bochum.de\\\/ueber-die-forschergruppe\\\/\"},{\"@type\":\"ListItem\",\"position\":3,\"name\":\"Fellows &#038; Kooperationen der ersten F\u00f6rderphase\",\"item\":\"https:\\\/\\\/journalliteratur.blogs.ruhr-uni-bochum.de\\\/ueber-die-forschergruppe\\\/kooperationen\\\/\"},{\"@type\":\"ListItem\",\"position\":4,\"name\":\"James Mussell (University of Leeds)\"}]},{\"@type\":\"WebSite\",\"@id\":\"https:\\\/\\\/journalliteratur.blogs.ruhr-uni-bochum.de\\\/gb\\\/#website\",\"url\":\"https:\\\/\\\/journalliteratur.blogs.ruhr-uni-bochum.de\\\/gb\\\/\",\"name\":\"Journalliteratur\",\"description\":\"Formatbedingungen, visuelles Design, Rezeptionskulturen\",\"publisher\":{\"@id\":\"https:\\\/\\\/journalliteratur.blogs.ruhr-uni-bochum.de\\\/gb\\\/#organization\"},\"potentialAction\":[{\"@type\":\"SearchAction\",\"target\":{\"@type\":\"EntryPoint\",\"urlTemplate\":\"https:\\\/\\\/journalliteratur.blogs.ruhr-uni-bochum.de\\\/gb\\\/?s={search_term_string}\"},\"query-input\":{\"@type\":\"PropertyValueSpecification\",\"valueRequired\":true,\"valueName\":\"search_term_string\"}}],\"inLanguage\":\"en-GB\"},{\"@type\":\"Organization\",\"@id\":\"https:\\\/\\\/journalliteratur.blogs.ruhr-uni-bochum.de\\\/gb\\\/#organization\",\"name\":\"DFG-Forschergruppe 2288: Journalliteratur\",\"url\":\"https:\\\/\\\/journalliteratur.blogs.ruhr-uni-bochum.de\\\/gb\\\/\",\"logo\":{\"@type\":\"ImageObject\",\"inLanguage\":\"en-GB\",\"@id\":\"https:\\\/\\\/journalliteratur.blogs.ruhr-uni-bochum.de\\\/gb\\\/#\\\/schema\\\/logo\\\/image\\\/\",\"url\":\"https:\\\/\\\/journalliteratur.blogs.ruhr-uni-bochum.de\\\/wp-content\\\/uploads\\\/2016\\\/08\\\/cropped-fg_journal_logo_blaetter_icon.png\",\"contentUrl\":\"https:\\\/\\\/journalliteratur.blogs.ruhr-uni-bochum.de\\\/wp-content\\\/uploads\\\/2016\\\/08\\\/cropped-fg_journal_logo_blaetter_icon.png\",\"width\":512,\"height\":512,\"caption\":\"DFG-Forschergruppe 2288: Journalliteratur\"},\"image\":{\"@id\":\"https:\\\/\\\/journalliteratur.blogs.ruhr-uni-bochum.de\\\/gb\\\/#\\\/schema\\\/logo\\\/image\\\/\"}}]}<\/script>\n<!-- \/ Yoast SEO plugin. -->","yoast_head_json":{"title":"James Mussell (University of Leeds) - Journalliteratur","robots":{"index":"index","follow":"follow","max-snippet":"max-snippet:-1","max-image-preview":"max-image-preview:large","max-video-preview":"max-video-preview:-1"},"canonical":"https:\/\/journalliteratur.blogs.ruhr-uni-bochum.de\/ueber-die-forschergruppe\/kooperationen\/james-mussell-university-of-leeds\/","og_locale":"en_GB","og_type":"article","og_title":"James Mussell (University of Leeds) - Journalliteratur","og_url":"https:\/\/journalliteratur.blogs.ruhr-uni-bochum.de\/ueber-die-forschergruppe\/kooperationen\/james-mussell-university-of-leeds\/","og_site_name":"Journalliteratur","article_modified_time":"2017-07-31T10:14:57+00:00","twitter_card":"summary_large_image","twitter_misc":{"Estimated reading time":"2 minutes"},"schema":{"@context":"https:\/\/schema.org","@graph":[{"@type":"WebPage","@id":"https:\/\/journalliteratur.blogs.ruhr-uni-bochum.de\/ueber-die-forschergruppe\/kooperationen\/james-mussell-university-of-leeds\/","url":"https:\/\/journalliteratur.blogs.ruhr-uni-bochum.de\/ueber-die-forschergruppe\/kooperationen\/james-mussell-university-of-leeds\/","name":"James Mussell (University of Leeds) - Journalliteratur","isPartOf":{"@id":"https:\/\/journalliteratur.blogs.ruhr-uni-bochum.de\/gb\/#website"},"datePublished":"2017-06-30T20:53:11+00:00","dateModified":"2017-07-31T10:14:57+00:00","breadcrumb":{"@id":"https:\/\/journalliteratur.blogs.ruhr-uni-bochum.de\/ueber-die-forschergruppe\/kooperationen\/james-mussell-university-of-leeds\/#breadcrumb"},"inLanguage":"en-GB","potentialAction":[{"@type":"ReadAction","target":["https:\/\/journalliteratur.blogs.ruhr-uni-bochum.de\/ueber-die-forschergruppe\/kooperationen\/james-mussell-university-of-leeds\/"]}]},{"@type":"BreadcrumbList","@id":"https:\/\/journalliteratur.blogs.ruhr-uni-bochum.de\/ueber-die-forschergruppe\/kooperationen\/james-mussell-university-of-leeds\/#breadcrumb","itemListElement":[{"@type":"ListItem","position":1,"name":"Startseite","item":"https:\/\/journalliteratur.blogs.ruhr-uni-bochum.de\/gb\/"},{"@type":"ListItem","position":2,"name":"\u00dcber die Forschergruppe","item":"https:\/\/journalliteratur.blogs.ruhr-uni-bochum.de\/ueber-die-forschergruppe\/"},{"@type":"ListItem","position":3,"name":"Fellows &#038; Kooperationen der ersten F\u00f6rderphase","item":"https:\/\/journalliteratur.blogs.ruhr-uni-bochum.de\/ueber-die-forschergruppe\/kooperationen\/"},{"@type":"ListItem","position":4,"name":"James Mussell (University of Leeds)"}]},{"@type":"WebSite","@id":"https:\/\/journalliteratur.blogs.ruhr-uni-bochum.de\/gb\/#website","url":"https:\/\/journalliteratur.blogs.ruhr-uni-bochum.de\/gb\/","name":"Journalliteratur","description":"Formatbedingungen, visuelles Design, Rezeptionskulturen","publisher":{"@id":"https:\/\/journalliteratur.blogs.ruhr-uni-bochum.de\/gb\/#organization"},"potentialAction":[{"@type":"SearchAction","target":{"@type":"EntryPoint","urlTemplate":"https:\/\/journalliteratur.blogs.ruhr-uni-bochum.de\/gb\/?s={search_term_string}"},"query-input":{"@type":"PropertyValueSpecification","valueRequired":true,"valueName":"search_term_string"}}],"inLanguage":"en-GB"},{"@type":"Organization","@id":"https:\/\/journalliteratur.blogs.ruhr-uni-bochum.de\/gb\/#organization","name":"DFG-Forschergruppe 2288: Journalliteratur","url":"https:\/\/journalliteratur.blogs.ruhr-uni-bochum.de\/gb\/","logo":{"@type":"ImageObject","inLanguage":"en-GB","@id":"https:\/\/journalliteratur.blogs.ruhr-uni-bochum.de\/gb\/#\/schema\/logo\/image\/","url":"https:\/\/journalliteratur.blogs.ruhr-uni-bochum.de\/wp-content\/uploads\/2016\/08\/cropped-fg_journal_logo_blaetter_icon.png","contentUrl":"https:\/\/journalliteratur.blogs.ruhr-uni-bochum.de\/wp-content\/uploads\/2016\/08\/cropped-fg_journal_logo_blaetter_icon.png","width":512,"height":512,"caption":"DFG-Forschergruppe 2288: Journalliteratur"},"image":{"@id":"https:\/\/journalliteratur.blogs.ruhr-uni-bochum.de\/gb\/#\/schema\/logo\/image\/"}}]}},"_links":{"self":[{"href":"https:\/\/journalliteratur.blogs.ruhr-uni-bochum.de\/gb\/wp-json\/wp\/v2\/pages\/896","targetHints":{"allow":["GET"]}}],"collection":[{"href":"https:\/\/journalliteratur.blogs.ruhr-uni-bochum.de\/gb\/wp-json\/wp\/v2\/pages"}],"about":[{"href":"https:\/\/journalliteratur.blogs.ruhr-uni-bochum.de\/gb\/wp-json\/wp\/v2\/types\/page"}],"author":[{"embeddable":true,"href":"https:\/\/journalliteratur.blogs.ruhr-uni-bochum.de\/gb\/wp-json\/wp\/v2\/users\/17"}],"replies":[{"embeddable":true,"href":"https:\/\/journalliteratur.blogs.ruhr-uni-bochum.de\/gb\/wp-json\/wp\/v2\/comments?post=896"}],"version-history":[{"count":4,"href":"https:\/\/journalliteratur.blogs.ruhr-uni-bochum.de\/gb\/wp-json\/wp\/v2\/pages\/896\/revisions"}],"predecessor-version":[{"id":1261,"href":"https:\/\/journalliteratur.blogs.ruhr-uni-bochum.de\/gb\/wp-json\/wp\/v2\/pages\/896\/revisions\/1261"}],"up":[{"embeddable":true,"href":"https:\/\/journalliteratur.blogs.ruhr-uni-bochum.de\/gb\/wp-json\/wp\/v2\/pages\/173"}],"wp:attachment":[{"href":"https:\/\/journalliteratur.blogs.ruhr-uni-bochum.de\/gb\/wp-json\/wp\/v2\/media?parent=896"}],"curies":[{"name":"wp","href":"https:\/\/api.w.org\/{rel}","templated":true}]}}