{"id":82,"date":"2016-08-22T22:11:59","date_gmt":"2016-08-22T20:11:59","guid":{"rendered":"https:\/\/journalliteratur.blogs.ruhr-uni-bochum.de\/?page_id=82"},"modified":"2017-05-05T14:14:20","modified_gmt":"2017-05-05T12:14:20","slug":"zeitschrift-tp-2","status":"publish","type":"page","link":"https:\/\/journalliteratur.blogs.ruhr-uni-bochum.de\/gb\/zeitschrift-tp-2\/","title":{"rendered":"Zeit\/Schrift (Journal: Time\/Writing): Journal Literature \u2018Chronopoetics\u2019 and the Genesis of Literariness (SP 2)"},"content":{"rendered":"<h2><strong>Summary<\/strong><\/h2>\n<p>Central to the project is the interface between \u2018time\u2019 and \u2018writing\u2019 inherent in the media formats of magazine and newspaper, which means journals are already conceptually identified as specifically time-dependent and time-related media formats. In <em>Die Realit\u00e4t der Massenmedien<\/em> in 1966 (<em>The Reality of the Mass Media<\/em>), Niklas Luhmann drew attention to the \u201cevolutionary improbability\u201d of \u201cdaily news\u201d, for \u201cif it is the idea of surprise, of something new, interesting and newsworthy which we associate with news, then it would seem much more sensible not to report it in the same format every day, but to wait for something to happen and then to publicize it\u201d (p. 25). The sub-project \u201cZeit\/Schrift\u201d (\u201cJournal\u201d: \u201cTime\/Writing\u201d) takes as its systematic starting point the fact that neither the periodical writing of time nor the resulting insight into the \u2018poeietic\u2019 potential of the media distribution of journal reportage is self-evident; its epistemological interest is in a \u2018chronopoetics\u2019 of journal publication. It examines newspaper-like journals which opt out of the periodicity intrinsic to journals \u2013 thereby exposing this as something that is not self-evident \u2013 and can therefore be read as experiments in media format. In the research group\u2019s definition of the title, the sub-project accentuates not literature but the journal. It focuses its attention on contemporary, non-literary journals and uses these as a starting point for asking where literariness begins. It understands the \u2018chronopoetic\u2019 arrangement of time-writing as the nucleus of literariness. This time-writing becomes semanticisable where periodical timing is not self-evident.<\/p>\n<p>In this context, German-language journal publication during the Napoleonic wars of 1813-15 is construed as a laboratory in which, in this interim of real and extreme press freedom, the theoretical possibilities of the medium of the journal are explored and microscopically observed. Particular attention is given to journals which a) are re-established within this period with explicit reference to time and, at the same time, contain irregularities, b) are conceived as \u2018chronicles\u2019 in their generic format, combining political history and military matters with literary and cultural topics, and c) refer to their own status as journals. The core corpus comprises six journals across the whole course of their publication, of which four of them are characterised by significant irregularities in their periodicity and the remaining two are not detemined by regularity but are published \u201cin informal issues\u201d:<\/p>\n<ul>\n<li>Das erwachte Europa 1813\u201315 (\u201cin informal issues\u201d; first issue: after 4 March 1813; last issue: Oct.\/Nov. 1815; place of publication: Berlin, occasionally \u201cGermany\u201d; changing addresses of publisher)<\/li>\n<li>Feld-Zeitung 1813\/14 (first number: 6 Oct. 1813; last number: 29 April 1814; changing places of publication according to the \u201crespective location of the K\u00f6nigl. Preu\u00df. Feldbuchdruckerei\u201d; editor: Carl Heun)<\/li>\n<li>Deutsche Bl\u00e4tter 1813\u201316 (first number: 14 Oct. 1813; last number: \u201cin June 1816\u201d? \u201cin April 1816\u201d?; places of publication: Altenburg and Leipzig; editor\/publisher: Friedrich Arnold Brockhaus)<\/li>\n<li>Rheinischer Merkur 1814\u201316 (first number: 23 Jan. 1814; last number: 10 Jan. 1816; place of publication: Koblenz; publisher: B. Heriot; editor: Joseph G\u00f6rres)<\/li>\n<li>Friedensbl\u00e4tter 1814\/15 (first number: 16 Juni 1814; last number: 30 Nov. 1815; place of publication: Vienna [1814], Vienna, Freiburg im Breisgau, Leipzig [1815]; changing addresses of publisher; \u201cPublished by a society\u201d)<\/li>\n<li>Freim\u00fcthige Bl\u00e4tter f\u00fcr Deutsche 1815\u201318 (\u201cin informal issues\u201d; first issue: March\/April 1815; last issue: Dec. 1818; place of publication: Berlin; publisher: Duncker und Humblot, Maurersche Buchhandlung [1818]; editor: Friedrich von C\u00f6lln)<\/li>\n<\/ul>\n<p>The project is expected to find much evidence of the \u2018poietic\u2019 arrangement of time in the form of multiple material irregularities (in terms of paper format, paper quality, characters, typographic design). In order to abstract from these findings into a concept of the \u2018chronopoetics\u2019 of journal literature, it will establish synchronically and diachronically systematic comparative relations. In the diachronic perspective, accessing \u2018more standard\u2019 journal projects makes it possible to cross-check for conceptual generalisability within the other sub-projects. In the synchronic perspective, the specifics of the media format are defined by the double tendency of the \u2018chronicle\u2019 \u2013 which is in non-book form \u2013 to move towards the book form: conceptually, towards the long-term goal of the self-contained work of the historian (without actually being \u2018there\u2019 yet); materially, towards the short-term goal of the kind of archiving typical of journals, by converting \u2018pages\u2018 and \u2018issues\u2019 into quarterly, half-yearly or annual volumes. Precisely because they suspend periodical regularity, such archiving techniques then themselves become the material stage upon which the editorial and publishing tensions between journal and book are presented.<\/p>\n","protected":false},"excerpt":{"rendered":"<p>Summary Central to the project is the interface between \u2018time\u2019 and \u2018writing\u2019 inherent in the media formats of magazine and newspaper, which means journals<\/p>\n","protected":false},"author":7,"featured_media":0,"parent":0,"menu_order":0,"comment_status":"closed","ping_status":"closed","template":"","meta":{"footnotes":""},"class_list":["post-82","page","type-page","status-publish","hentry"],"translation":{"provider":"WPGlobus","version":"3.0.2","language":"gb","enabled_languages":["de","gb"],"languages":{"de":{"title":true,"content":true,"excerpt":false},"gb":{"title":true,"content":true,"excerpt":false}}},"yoast_head":"<!-- This site is optimized with the Yoast SEO plugin v27.3 - https:\/\/yoast.com\/product\/yoast-seo-wordpress\/ -->\n<title>Zeit\/Schrift (Journal: Time\/Writing): Journal Literature \u2018Chronopoetics\u2019 and the Genesis of Literariness (SP 2)  - Journalliteratur<\/title>\n<meta name=\"robots\" content=\"index, follow, max-snippet:-1, max-image-preview:large, max-video-preview:-1\" \/>\n<link rel=\"canonical\" href=\"https:\/\/journalliteratur.blogs.ruhr-uni-bochum.de\/gb\/zeitschrift-tp-2\/\" \/>\n<meta property=\"og:locale\" content=\"en_GB\" \/>\n<meta property=\"og:type\" content=\"article\" \/>\n<meta property=\"og:title\" content=\"Zeit\/Schrift (Journal: Time\/Writing): Journal Literature \u2018Chronopoetics\u2019 and the Genesis of Literariness (SP 2)  - Journalliteratur\" \/>\n<meta property=\"og:url\" content=\"https:\/\/journalliteratur.blogs.ruhr-uni-bochum.de\/gb\/zeitschrift-tp-2\/\" \/>\n<meta property=\"og:site_name\" content=\"Journalliteratur\" \/>\n<meta property=\"article:modified_time\" content=\"2017-05-05T12:14:20+00:00\" \/>\n<meta name=\"twitter:card\" content=\"summary_large_image\" \/>\n<meta name=\"twitter:label1\" content=\"Estimated reading time\" \/>\n\t<meta name=\"twitter:data1\" content=\"7 minutes\" \/>\n<script type=\"application\/ld+json\" class=\"yoast-schema-graph\">{\"@context\":\"https:\\\/\\\/schema.org\",\"@graph\":[{\"@type\":\"WebPage\",\"@id\":\"https:\\\/\\\/journalliteratur.blogs.ruhr-uni-bochum.de\\\/gb\\\/zeitschrift-tp-2\\\/\",\"url\":\"https:\\\/\\\/journalliteratur.blogs.ruhr-uni-bochum.de\\\/gb\\\/zeitschrift-tp-2\\\/\",\"name\":\"Zeit\\\/Schrift (Journal: Time\\\/Writing): Journal Literature \u2018Chronopoetics\u2019 and the Genesis of Literariness (SP 2) - Journalliteratur\",\"isPartOf\":{\"@id\":\"https:\\\/\\\/journalliteratur.blogs.ruhr-uni-bochum.de\\\/gb\\\/#website\"},\"datePublished\":\"2016-08-22T20:11:59+00:00\",\"dateModified\":\"2017-05-05T12:14:20+00:00\",\"breadcrumb\":{\"@id\":\"https:\\\/\\\/journalliteratur.blogs.ruhr-uni-bochum.de\\\/gb\\\/zeitschrift-tp-2\\\/#breadcrumb\"},\"inLanguage\":\"en-GB\",\"potentialAction\":[{\"@type\":\"ReadAction\",\"target\":[\"https:\\\/\\\/journalliteratur.blogs.ruhr-uni-bochum.de\\\/gb\\\/zeitschrift-tp-2\\\/\"]}]},{\"@type\":\"BreadcrumbList\",\"@id\":\"https:\\\/\\\/journalliteratur.blogs.ruhr-uni-bochum.de\\\/gb\\\/zeitschrift-tp-2\\\/#breadcrumb\",\"itemListElement\":[{\"@type\":\"ListItem\",\"position\":1,\"name\":\"Startseite\",\"item\":\"https:\\\/\\\/journalliteratur.blogs.ruhr-uni-bochum.de\\\/gb\\\/\"},{\"@type\":\"ListItem\",\"position\":2,\"name\":\"Zeit\\\/Schrift (Journal: Time\\\/Writing): Journal Literature \u2018Chronopoetics\u2019 and the Genesis of Literariness (SP 2)\"}]},{\"@type\":\"WebSite\",\"@id\":\"https:\\\/\\\/journalliteratur.blogs.ruhr-uni-bochum.de\\\/gb\\\/#website\",\"url\":\"https:\\\/\\\/journalliteratur.blogs.ruhr-uni-bochum.de\\\/gb\\\/\",\"name\":\"Journalliteratur\",\"description\":\"Formatbedingungen, visuelles Design, Rezeptionskulturen\",\"publisher\":{\"@id\":\"https:\\\/\\\/journalliteratur.blogs.ruhr-uni-bochum.de\\\/gb\\\/#organization\"},\"potentialAction\":[{\"@type\":\"SearchAction\",\"target\":{\"@type\":\"EntryPoint\",\"urlTemplate\":\"https:\\\/\\\/journalliteratur.blogs.ruhr-uni-bochum.de\\\/gb\\\/?s={search_term_string}\"},\"query-input\":{\"@type\":\"PropertyValueSpecification\",\"valueRequired\":true,\"valueName\":\"search_term_string\"}}],\"inLanguage\":\"en-GB\"},{\"@type\":\"Organization\",\"@id\":\"https:\\\/\\\/journalliteratur.blogs.ruhr-uni-bochum.de\\\/gb\\\/#organization\",\"name\":\"DFG-Forschergruppe 2288: Journalliteratur\",\"url\":\"https:\\\/\\\/journalliteratur.blogs.ruhr-uni-bochum.de\\\/gb\\\/\",\"logo\":{\"@type\":\"ImageObject\",\"inLanguage\":\"en-GB\",\"@id\":\"https:\\\/\\\/journalliteratur.blogs.ruhr-uni-bochum.de\\\/gb\\\/#\\\/schema\\\/logo\\\/image\\\/\",\"url\":\"https:\\\/\\\/journalliteratur.blogs.ruhr-uni-bochum.de\\\/wp-content\\\/uploads\\\/2016\\\/08\\\/cropped-fg_journal_logo_blaetter_icon.png\",\"contentUrl\":\"https:\\\/\\\/journalliteratur.blogs.ruhr-uni-bochum.de\\\/wp-content\\\/uploads\\\/2016\\\/08\\\/cropped-fg_journal_logo_blaetter_icon.png\",\"width\":512,\"height\":512,\"caption\":\"DFG-Forschergruppe 2288: Journalliteratur\"},\"image\":{\"@id\":\"https:\\\/\\\/journalliteratur.blogs.ruhr-uni-bochum.de\\\/gb\\\/#\\\/schema\\\/logo\\\/image\\\/\"}}]}<\/script>\n<!-- \/ Yoast SEO plugin. -->","yoast_head_json":{"title":"Zeit\/Schrift (Journal: Time\/Writing): Journal Literature \u2018Chronopoetics\u2019 and the Genesis of Literariness (SP 2)  - Journalliteratur","robots":{"index":"index","follow":"follow","max-snippet":"max-snippet:-1","max-image-preview":"max-image-preview:large","max-video-preview":"max-video-preview:-1"},"canonical":"https:\/\/journalliteratur.blogs.ruhr-uni-bochum.de\/gb\/zeitschrift-tp-2\/","og_locale":"en_GB","og_type":"article","og_title":"Zeit\/Schrift (Journal: Time\/Writing): Journal Literature \u2018Chronopoetics\u2019 and the Genesis of Literariness (SP 2)  - Journalliteratur","og_url":"https:\/\/journalliteratur.blogs.ruhr-uni-bochum.de\/gb\/zeitschrift-tp-2\/","og_site_name":"Journalliteratur","article_modified_time":"2017-05-05T12:14:20+00:00","twitter_card":"summary_large_image","twitter_misc":{"Estimated reading time":"7 minutes"},"schema":{"@context":"https:\/\/schema.org","@graph":[{"@type":"WebPage","@id":"https:\/\/journalliteratur.blogs.ruhr-uni-bochum.de\/gb\/zeitschrift-tp-2\/","url":"https:\/\/journalliteratur.blogs.ruhr-uni-bochum.de\/gb\/zeitschrift-tp-2\/","name":"Zeit\/Schrift (Journal: Time\/Writing): Journal Literature \u2018Chronopoetics\u2019 and the Genesis of Literariness (SP 2) - Journalliteratur","isPartOf":{"@id":"https:\/\/journalliteratur.blogs.ruhr-uni-bochum.de\/gb\/#website"},"datePublished":"2016-08-22T20:11:59+00:00","dateModified":"2017-05-05T12:14:20+00:00","breadcrumb":{"@id":"https:\/\/journalliteratur.blogs.ruhr-uni-bochum.de\/gb\/zeitschrift-tp-2\/#breadcrumb"},"inLanguage":"en-GB","potentialAction":[{"@type":"ReadAction","target":["https:\/\/journalliteratur.blogs.ruhr-uni-bochum.de\/gb\/zeitschrift-tp-2\/"]}]},{"@type":"BreadcrumbList","@id":"https:\/\/journalliteratur.blogs.ruhr-uni-bochum.de\/gb\/zeitschrift-tp-2\/#breadcrumb","itemListElement":[{"@type":"ListItem","position":1,"name":"Startseite","item":"https:\/\/journalliteratur.blogs.ruhr-uni-bochum.de\/gb\/"},{"@type":"ListItem","position":2,"name":"Zeit\/Schrift (Journal: Time\/Writing): Journal Literature \u2018Chronopoetics\u2019 and the Genesis of Literariness (SP 2)"}]},{"@type":"WebSite","@id":"https:\/\/journalliteratur.blogs.ruhr-uni-bochum.de\/gb\/#website","url":"https:\/\/journalliteratur.blogs.ruhr-uni-bochum.de\/gb\/","name":"Journalliteratur","description":"Formatbedingungen, visuelles Design, Rezeptionskulturen","publisher":{"@id":"https:\/\/journalliteratur.blogs.ruhr-uni-bochum.de\/gb\/#organization"},"potentialAction":[{"@type":"SearchAction","target":{"@type":"EntryPoint","urlTemplate":"https:\/\/journalliteratur.blogs.ruhr-uni-bochum.de\/gb\/?s={search_term_string}"},"query-input":{"@type":"PropertyValueSpecification","valueRequired":true,"valueName":"search_term_string"}}],"inLanguage":"en-GB"},{"@type":"Organization","@id":"https:\/\/journalliteratur.blogs.ruhr-uni-bochum.de\/gb\/#organization","name":"DFG-Forschergruppe 2288: Journalliteratur","url":"https:\/\/journalliteratur.blogs.ruhr-uni-bochum.de\/gb\/","logo":{"@type":"ImageObject","inLanguage":"en-GB","@id":"https:\/\/journalliteratur.blogs.ruhr-uni-bochum.de\/gb\/#\/schema\/logo\/image\/","url":"https:\/\/journalliteratur.blogs.ruhr-uni-bochum.de\/wp-content\/uploads\/2016\/08\/cropped-fg_journal_logo_blaetter_icon.png","contentUrl":"https:\/\/journalliteratur.blogs.ruhr-uni-bochum.de\/wp-content\/uploads\/2016\/08\/cropped-fg_journal_logo_blaetter_icon.png","width":512,"height":512,"caption":"DFG-Forschergruppe 2288: Journalliteratur"},"image":{"@id":"https:\/\/journalliteratur.blogs.ruhr-uni-bochum.de\/gb\/#\/schema\/logo\/image\/"}}]}},"_links":{"self":[{"href":"https:\/\/journalliteratur.blogs.ruhr-uni-bochum.de\/gb\/wp-json\/wp\/v2\/pages\/82","targetHints":{"allow":["GET"]}}],"collection":[{"href":"https:\/\/journalliteratur.blogs.ruhr-uni-bochum.de\/gb\/wp-json\/wp\/v2\/pages"}],"about":[{"href":"https:\/\/journalliteratur.blogs.ruhr-uni-bochum.de\/gb\/wp-json\/wp\/v2\/types\/page"}],"author":[{"embeddable":true,"href":"https:\/\/journalliteratur.blogs.ruhr-uni-bochum.de\/gb\/wp-json\/wp\/v2\/users\/7"}],"replies":[{"embeddable":true,"href":"https:\/\/journalliteratur.blogs.ruhr-uni-bochum.de\/gb\/wp-json\/wp\/v2\/comments?post=82"}],"version-history":[{"count":12,"href":"https:\/\/journalliteratur.blogs.ruhr-uni-bochum.de\/gb\/wp-json\/wp\/v2\/pages\/82\/revisions"}],"predecessor-version":[{"id":657,"href":"https:\/\/journalliteratur.blogs.ruhr-uni-bochum.de\/gb\/wp-json\/wp\/v2\/pages\/82\/revisions\/657"}],"wp:attachment":[{"href":"https:\/\/journalliteratur.blogs.ruhr-uni-bochum.de\/gb\/wp-json\/wp\/v2\/media?parent=82"}],"curies":[{"name":"wp","href":"https:\/\/api.w.org\/{rel}","templated":true}]}}