{"id":502,"date":"2017-01-18T20:10:05","date_gmt":"2017-01-18T19:10:05","guid":{"rendered":"https:\/\/journalliteratur.blogs.ruhr-uni-bochum.de\/?page_id=502"},"modified":"2020-01-17T09:08:40","modified_gmt":"2020-01-17T08:08:40","slug":"workshops","status":"publish","type":"page","link":"https:\/\/journalliteratur.blogs.ruhr-uni-bochum.de\/gb\/veranstaltungen\/workshops\/","title":{"rendered":"Workshops of the first funding period"},"content":{"rendered":"\n\n<table id=\"tablepress-38\" class=\"tablepress tablepress-id-38\">\n<thead>\n<tr class=\"row-1\">\n\t<th class=\"column-1\"><a href=\"https:\/\/journalliteratur.blogs.ruhr-uni-bochum.de\/gb\/veranstaltungen\/workshops\/\" rel=\"noopener\" target=\"_blank\">Workshops of the first funding phase<\/a><\/th><th class=\"column-2\"><a href=\"https:\/\/journalliteratur.blogs.ruhr-uni-bochum.de\/gb\/veranstaltungen\/workshops-2\/\" rel=\"noopener\" target=\"_blank\">Workshops of the second funding period<\/a><\/th>\n<\/tr>\n<\/thead>\n<tbody class=\"row-striping row-hover\">\n<\/tbody>\n<\/table>\n<!-- #tablepress-38 from cache -->\n\n\n<table cellspacing=\"5\" cellpadding=\"5\">\n<tbody>\n<tr>\n<td>\n<h2><a href=\"https:\/\/journalliteratur.blogs.ruhr-uni-bochum.de\/wp-content\/uploads\/2018\/10\/Journal_Plakat_2018_Miszellanit\u00e4t_FIN_online.jpg\"><img loading=\"lazy\" decoding=\"async\" class=\"alignleft wp-image-1856\" src=\"https:\/\/journalliteratur.blogs.ruhr-uni-bochum.de\/wp-content\/uploads\/2018\/10\/Journal_Plakat_2018_Miszellanit\u00e4t_FIN_online-212x300.jpg\" alt=\"\" width=\"164\" height=\"232\" srcset=\"https:\/\/journalliteratur.blogs.ruhr-uni-bochum.de\/wp-content\/uploads\/2018\/10\/Journal_Plakat_2018_Miszellanit\u00e4t_FIN_online-212x300.jpg 212w, https:\/\/journalliteratur.blogs.ruhr-uni-bochum.de\/wp-content\/uploads\/2018\/10\/Journal_Plakat_2018_Miszellanit\u00e4t_FIN_online-768x1087.jpg 768w, https:\/\/journalliteratur.blogs.ruhr-uni-bochum.de\/wp-content\/uploads\/2018\/10\/Journal_Plakat_2018_Miszellanit\u00e4t_FIN_online-724x1024.jpg 724w\" sizes=\"auto, (max-width: 164px) 100vw, 164px\" \/><\/a><a href=\"https:\/\/journalliteratur.blogs.ruhr-uni-bochum.de\/veranstaltungen\/workshops\/miszellanitaet-und-serialitaet-in-journaltexturen\/\">Miszellanit\u00e4t und Serialit\u00e4t in Journaltexturen<\/a><\/h2>\n<p>22.-23. November 2018 | Universit\u00e4t zu K\u00f6ln<\/p><\/td>\n<\/tr>\n<tr>\n<td>\n<h2><a href=\"https:\/\/journalliteratur.blogs.ruhr-uni-bochum.de\/wp-content\/uploads\/2018\/08\/Journal_Plakat_2018_SummerSchool_FIN.jpg\"><img loading=\"lazy\" decoding=\"async\" class=\"wp-image-1765 alignleft\" src=\"https:\/\/journalliteratur.blogs.ruhr-uni-bochum.de\/wp-content\/uploads\/2018\/08\/Journal_Plakat_2018_SummerSchool_FIN-212x300.jpg\" alt=\"\" width=\"164\" height=\"232\" srcset=\"https:\/\/journalliteratur.blogs.ruhr-uni-bochum.de\/wp-content\/uploads\/2018\/08\/Journal_Plakat_2018_SummerSchool_FIN-212x300.jpg 212w, https:\/\/journalliteratur.blogs.ruhr-uni-bochum.de\/wp-content\/uploads\/2018\/08\/Journal_Plakat_2018_SummerSchool_FIN-768x1086.jpg 768w, https:\/\/journalliteratur.blogs.ruhr-uni-bochum.de\/wp-content\/uploads\/2018\/08\/Journal_Plakat_2018_SummerSchool_FIN-724x1024.jpg 724w\" sizes=\"auto, (max-width: 164px) 100vw, 164px\" \/><\/a><a href=\"https:\/\/journalliteratur.blogs.ruhr-uni-bochum.de\/gb\/veranstaltungen\/workshops\/internationale-summer-school-coherence-interruption-seriality-in-periodicals\/\">International Summer School &#8220;Coherence &amp; Interruption&#8221;<\/a><\/h2>\n<p>13.-15. September 2018 | Ruhr-Universit\u00e4t Bochum<\/p><\/td>\n<\/tr>\n<tr>\n<td>\n<h2><a href=\"https:\/\/journalliteratur.blogs.ruhr-uni-bochum.de\/wp-content\/uploads\/2018\/07\/Journal_Plakat_2018_Metaisierungsformen_FINAL_small.jpg\"><img loading=\"lazy\" decoding=\"async\" class=\"alignleft wp-image-1607\" src=\"https:\/\/journalliteratur.blogs.ruhr-uni-bochum.de\/wp-content\/uploads\/2018\/07\/Journal_Plakat_2018_Metaisierungsformen_FINAL_small-212x300.jpg\" alt=\"\" width=\"163\" height=\"231\" srcset=\"https:\/\/journalliteratur.blogs.ruhr-uni-bochum.de\/wp-content\/uploads\/2018\/07\/Journal_Plakat_2018_Metaisierungsformen_FINAL_small-212x300.jpg 212w, https:\/\/journalliteratur.blogs.ruhr-uni-bochum.de\/wp-content\/uploads\/2018\/07\/Journal_Plakat_2018_Metaisierungsformen_FINAL_small-768x1086.jpg 768w, https:\/\/journalliteratur.blogs.ruhr-uni-bochum.de\/wp-content\/uploads\/2018\/07\/Journal_Plakat_2018_Metaisierungsformen_FINAL_small-724x1024.jpg 724w, https:\/\/journalliteratur.blogs.ruhr-uni-bochum.de\/wp-content\/uploads\/2018\/07\/Journal_Plakat_2018_Metaisierungsformen_FINAL_small.jpg 2000w\" sizes=\"auto, (max-width: 163px) 100vw, 163px\" \/><\/a><a href=\"https:\/\/journalliteratur.blogs.ruhr-uni-bochum.de\/gb\/?page_id=1402&amp;preview=true\">Metaisierungsformen in der Journalliteratur<\/a><\/h2>\n<p>24.-25. Juli 2018 |&nbsp;Universit\u00e4t zu K\u00f6ln<\/p><\/td>\n<\/tr>\n<tr>\n<td>\n<h2><a href=\"https:\/\/journalliteratur.blogs.ruhr-uni-bochum.de\/wp-content\/uploads\/2018\/04\/Journal_Plakat_2018_Bochum-Workshop-TP2_fin_print.jpg\"><img loading=\"lazy\" decoding=\"async\" class=\"alignleft wp-image-1467\" src=\"https:\/\/journalliteratur.blogs.ruhr-uni-bochum.de\/wp-content\/uploads\/2018\/04\/Journal_Plakat_2018_Bochum-Workshop-TP2_fin_print-212x300.jpg\" alt=\"\" width=\"163\" height=\"230\" srcset=\"https:\/\/journalliteratur.blogs.ruhr-uni-bochum.de\/wp-content\/uploads\/2018\/04\/Journal_Plakat_2018_Bochum-Workshop-TP2_fin_print-212x300.jpg 212w, https:\/\/journalliteratur.blogs.ruhr-uni-bochum.de\/wp-content\/uploads\/2018\/04\/Journal_Plakat_2018_Bochum-Workshop-TP2_fin_print-768x1085.jpg 768w, https:\/\/journalliteratur.blogs.ruhr-uni-bochum.de\/wp-content\/uploads\/2018\/04\/Journal_Plakat_2018_Bochum-Workshop-TP2_fin_print-725x1024.jpg 725w, https:\/\/journalliteratur.blogs.ruhr-uni-bochum.de\/wp-content\/uploads\/2018\/04\/Journal_Plakat_2018_Bochum-Workshop-TP2_fin_print.jpg 2000w\" sizes=\"auto, (max-width: 163px) 100vw, 163px\" \/><\/a><a href=\"https:\/\/journalliteratur.blogs.ruhr-uni-bochum.de\/gb\/veranstaltungen\/workshops\/unruliness-of-time\/\">The &#8216;unruliness of time&#8217; in journal literature of the 19th century<\/a><\/h2>\n<p>Workshop mit Sean Franzel und Mark W. Turner<\/p>\n<p>17.-18. Mai 2018 | Ruhr-Universit\u00e4t Bochum<\/p>\n<h2><\/h2>\n<\/td>\n<\/tr>\n<tr>\n<td>\n<h2><a href=\"https:\/\/journalliteratur.blogs.ruhr-uni-bochum.de\/wp-content\/uploads\/2018\/04\/Journal_Plakat_2018_Bochum-Workshop-TP3-4_druck.jpg\"><img loading=\"lazy\" decoding=\"async\" class=\"wp-image-1441 alignleft\" src=\"https:\/\/journalliteratur.blogs.ruhr-uni-bochum.de\/wp-content\/uploads\/2018\/04\/Journal_Plakat_2018_Bochum-Workshop-TP3-4_druck-212x300.jpg\" alt=\"\" width=\"163\" height=\"231\" srcset=\"https:\/\/journalliteratur.blogs.ruhr-uni-bochum.de\/wp-content\/uploads\/2018\/04\/Journal_Plakat_2018_Bochum-Workshop-TP3-4_druck-212x300.jpg 212w, https:\/\/journalliteratur.blogs.ruhr-uni-bochum.de\/wp-content\/uploads\/2018\/04\/Journal_Plakat_2018_Bochum-Workshop-TP3-4_druck-768x1085.jpg 768w, https:\/\/journalliteratur.blogs.ruhr-uni-bochum.de\/wp-content\/uploads\/2018\/04\/Journal_Plakat_2018_Bochum-Workshop-TP3-4_druck-725x1024.jpg 725w, https:\/\/journalliteratur.blogs.ruhr-uni-bochum.de\/wp-content\/uploads\/2018\/04\/Journal_Plakat_2018_Bochum-Workshop-TP3-4_druck.jpg 2000w\" sizes=\"auto, (max-width: 163px) 100vw, 163px\" \/><\/a><a href=\"https:\/\/journalliteratur.blogs.ruhr-uni-bochum.de\/gb\/veranstaltungen\/workshops\/journalaehnliche-buecher-buchfoermige-journale\/\">Journal\u00e4hnliche B\u00fccher, buchf\u00f6rmige Journale<\/a><\/h2>\n<p>Verbund-Workshop<\/p>\n<p>26.-27. April 2018 | Ruhr-Universit\u00e4t Bochum<\/p><\/td>\n<\/tr>\n<tr>\n<td>\n<h2><a href=\"https:\/\/journalliteratur.blogs.ruhr-uni-bochum.de\/wp-content\/uploads\/2017\/01\/Strand18_0000.jpg\"><img loading=\"lazy\" decoding=\"async\" class=\"wp-image-1233 alignleft\" src=\"https:\/\/journalliteratur.blogs.ruhr-uni-bochum.de\/wp-content\/uploads\/2017\/01\/Strand18_0000-195x300.jpg\" alt=\"\" width=\"148\" height=\"228\" srcset=\"https:\/\/journalliteratur.blogs.ruhr-uni-bochum.de\/wp-content\/uploads\/2017\/01\/Strand18_0000-195x300.jpg 195w, https:\/\/journalliteratur.blogs.ruhr-uni-bochum.de\/wp-content\/uploads\/2017\/01\/Strand18_0000.jpg 284w\" sizes=\"auto, (max-width: 148px) 100vw, 148px\" \/><\/a><a href=\"https:\/\/journalliteratur.blogs.ruhr-uni-bochum.de\/gb\/ueber-die-forschergruppe\/kooperationen\/tom-gretton-university-college-london\/\">Fellow-Workshop mit Tom Gretton<\/a><\/h2>\n<p>23. Mai 2017&nbsp;| Philipps-Universit\u00e4t Marburg<\/p><\/td>\n<\/tr>\n<tr>\n<td>\n<h2><a href=\"https:\/\/journalliteratur.blogs.ruhr-uni-bochum.de\/wp-content\/uploads\/2017\/01\/Journal_Plakat_2017_K\u00f6ln-Workshop_kl-e1487956102447.jpg\"><img loading=\"lazy\" decoding=\"async\" class=\"alignleft wp-image-559\" src=\"https:\/\/journalliteratur.blogs.ruhr-uni-bochum.de\/wp-content\/uploads\/2017\/01\/Journal_Plakat_2017_K\u00f6ln-Workshop_kl-212x300.jpg\" alt=\"\" width=\"150\" height=\"212\"><\/a><a href=\"https:\/\/journalliteratur.blogs.ruhr-uni-bochum.de\/gb\/journale-analytisch-lesen-theorien-methoden-begriffe\/\">Journale analytisch lesen: Theorien, Methoden, Begriffe<\/a><\/h2>\n<p>Verbund-Workshop mit Hans-J\u00fcrgen Bucher und Christof Hamann<\/p>\n<p>3.-4. April 2017 | Universit\u00e4t zu K\u00f6ln<\/p><\/td>\n<\/tr>\n<\/tbody>\n<\/table>\n<h2><\/h2>\n<h2><\/h2>","protected":false},"excerpt":{"rendered":"<p>Miszellanit\u00e4t und Serialit\u00e4t in Journaltexturen 22.-23. November 2018 | Universit\u00e4t zu K\u00f6ln International Summer School &#8220;Coherence &amp; Interruption&#8221; 13.-15. September 2018 | Ruhr-Universit\u00e4t Bochum<\/p>\n","protected":false},"author":17,"featured_media":0,"parent":481,"menu_order":0,"comment_status":"closed","ping_status":"closed","template":"","meta":{"footnotes":""},"class_list":["post-502","page","type-page","status-publish","hentry"],"translation":{"provider":"WPGlobus","version":"3.0.2","language":"gb","enabled_languages":["de","gb"],"languages":{"de":{"title":true,"content":true,"excerpt":false},"gb":{"title":true,"content":true,"excerpt":false}}},"yoast_head":"<!-- This site is optimized with the Yoast SEO plugin v27.3 - https:\/\/yoast.com\/product\/yoast-seo-wordpress\/ -->\n<title>Workshops of the first funding period - Journalliteratur<\/title>\n<meta name=\"robots\" content=\"index, follow, max-snippet:-1, max-image-preview:large, max-video-preview:-1\" \/>\n<link rel=\"canonical\" href=\"https:\/\/journalliteratur.blogs.ruhr-uni-bochum.de\/gb\/veranstaltungen\/workshops\/\" \/>\n<meta property=\"og:locale\" content=\"en_GB\" \/>\n<meta property=\"og:type\" content=\"article\" \/>\n<meta property=\"og:title\" content=\"Workshops of the first funding period - Journalliteratur\" \/>\n<meta property=\"og:url\" content=\"https:\/\/journalliteratur.blogs.ruhr-uni-bochum.de\/gb\/veranstaltungen\/workshops\/\" \/>\n<meta property=\"og:site_name\" content=\"Journalliteratur\" \/>\n<meta property=\"article:modified_time\" content=\"2020-01-17T08:08:40+00:00\" \/>\n<meta property=\"og:image\" content=\"https:\/\/journalliteratur.blogs.ruhr-uni-bochum.de\/wp-content\/uploads\/2019\/02\/Journal_Plakat_2019_Photography_FIN_kl-212x300.jpg\" \/>\n<meta name=\"twitter:card\" content=\"summary_large_image\" \/>\n<meta name=\"twitter:label1\" content=\"Estimated reading time\" \/>\n\t<meta name=\"twitter:data1\" content=\"1 minute\" \/>\n<script type=\"application\/ld+json\" class=\"yoast-schema-graph\">{\"@context\":\"https:\\\/\\\/schema.org\",\"@graph\":[{\"@type\":\"WebPage\",\"@id\":\"https:\\\/\\\/journalliteratur.blogs.ruhr-uni-bochum.de\\\/gb\\\/veranstaltungen\\\/workshops\\\/\",\"url\":\"https:\\\/\\\/journalliteratur.blogs.ruhr-uni-bochum.de\\\/gb\\\/veranstaltungen\\\/workshops\\\/\",\"name\":\"Workshops of the first funding period - Journalliteratur\",\"isPartOf\":{\"@id\":\"https:\\\/\\\/journalliteratur.blogs.ruhr-uni-bochum.de\\\/gb\\\/#website\"},\"primaryImageOfPage\":{\"@id\":\"https:\\\/\\\/journalliteratur.blogs.ruhr-uni-bochum.de\\\/gb\\\/veranstaltungen\\\/workshops\\\/#primaryimage\"},\"image\":{\"@id\":\"https:\\\/\\\/journalliteratur.blogs.ruhr-uni-bochum.de\\\/gb\\\/veranstaltungen\\\/workshops\\\/#primaryimage\"},\"thumbnailUrl\":\"https:\\\/\\\/journalliteratur.blogs.ruhr-uni-bochum.de\\\/wp-content\\\/uploads\\\/2019\\\/02\\\/Journal_Plakat_2019_Photography_FIN_kl-212x300.jpg\",\"datePublished\":\"2017-01-18T19:10:05+00:00\",\"dateModified\":\"2020-01-17T08:08:40+00:00\",\"breadcrumb\":{\"@id\":\"https:\\\/\\\/journalliteratur.blogs.ruhr-uni-bochum.de\\\/gb\\\/veranstaltungen\\\/workshops\\\/#breadcrumb\"},\"inLanguage\":\"en-GB\",\"potentialAction\":[{\"@type\":\"ReadAction\",\"target\":[\"https:\\\/\\\/journalliteratur.blogs.ruhr-uni-bochum.de\\\/gb\\\/veranstaltungen\\\/workshops\\\/\"]}]},{\"@type\":\"ImageObject\",\"inLanguage\":\"en-GB\",\"@id\":\"https:\\\/\\\/journalliteratur.blogs.ruhr-uni-bochum.de\\\/gb\\\/veranstaltungen\\\/workshops\\\/#primaryimage\",\"url\":\"https:\\\/\\\/journalliteratur.blogs.ruhr-uni-bochum.de\\\/wp-content\\\/uploads\\\/2019\\\/02\\\/Journal_Plakat_2019_Photography_FIN_kl-212x300.jpg\",\"contentUrl\":\"https:\\\/\\\/journalliteratur.blogs.ruhr-uni-bochum.de\\\/wp-content\\\/uploads\\\/2019\\\/02\\\/Journal_Plakat_2019_Photography_FIN_kl-212x300.jpg\"},{\"@type\":\"BreadcrumbList\",\"@id\":\"https:\\\/\\\/journalliteratur.blogs.ruhr-uni-bochum.de\\\/gb\\\/veranstaltungen\\\/workshops\\\/#breadcrumb\",\"itemListElement\":[{\"@type\":\"ListItem\",\"position\":1,\"name\":\"Startseite\",\"item\":\"https:\\\/\\\/journalliteratur.blogs.ruhr-uni-bochum.de\\\/gb\\\/\"},{\"@type\":\"ListItem\",\"position\":2,\"name\":\"Veranstaltungen\",\"item\":\"https:\\\/\\\/journalliteratur.blogs.ruhr-uni-bochum.de\\\/veranstaltungen\\\/\"},{\"@type\":\"ListItem\",\"position\":3,\"name\":\"Workshops of the first funding period\"}]},{\"@type\":\"WebSite\",\"@id\":\"https:\\\/\\\/journalliteratur.blogs.ruhr-uni-bochum.de\\\/gb\\\/#website\",\"url\":\"https:\\\/\\\/journalliteratur.blogs.ruhr-uni-bochum.de\\\/gb\\\/\",\"name\":\"Journalliteratur\",\"description\":\"Formatbedingungen, visuelles Design, Rezeptionskulturen\",\"publisher\":{\"@id\":\"https:\\\/\\\/journalliteratur.blogs.ruhr-uni-bochum.de\\\/gb\\\/#organization\"},\"potentialAction\":[{\"@type\":\"SearchAction\",\"target\":{\"@type\":\"EntryPoint\",\"urlTemplate\":\"https:\\\/\\\/journalliteratur.blogs.ruhr-uni-bochum.de\\\/gb\\\/?s={search_term_string}\"},\"query-input\":{\"@type\":\"PropertyValueSpecification\",\"valueRequired\":true,\"valueName\":\"search_term_string\"}}],\"inLanguage\":\"en-GB\"},{\"@type\":\"Organization\",\"@id\":\"https:\\\/\\\/journalliteratur.blogs.ruhr-uni-bochum.de\\\/gb\\\/#organization\",\"name\":\"DFG-Forschergruppe 2288: Journalliteratur\",\"url\":\"https:\\\/\\\/journalliteratur.blogs.ruhr-uni-bochum.de\\\/gb\\\/\",\"logo\":{\"@type\":\"ImageObject\",\"inLanguage\":\"en-GB\",\"@id\":\"https:\\\/\\\/journalliteratur.blogs.ruhr-uni-bochum.de\\\/gb\\\/#\\\/schema\\\/logo\\\/image\\\/\",\"url\":\"https:\\\/\\\/journalliteratur.blogs.ruhr-uni-bochum.de\\\/wp-content\\\/uploads\\\/2016\\\/08\\\/cropped-fg_journal_logo_blaetter_icon.png\",\"contentUrl\":\"https:\\\/\\\/journalliteratur.blogs.ruhr-uni-bochum.de\\\/wp-content\\\/uploads\\\/2016\\\/08\\\/cropped-fg_journal_logo_blaetter_icon.png\",\"width\":512,\"height\":512,\"caption\":\"DFG-Forschergruppe 2288: Journalliteratur\"},\"image\":{\"@id\":\"https:\\\/\\\/journalliteratur.blogs.ruhr-uni-bochum.de\\\/gb\\\/#\\\/schema\\\/logo\\\/image\\\/\"}}]}<\/script>\n<!-- \/ Yoast SEO plugin. -->","yoast_head_json":{"title":"Workshops of the first funding period - Journalliteratur","robots":{"index":"index","follow":"follow","max-snippet":"max-snippet:-1","max-image-preview":"max-image-preview:large","max-video-preview":"max-video-preview:-1"},"canonical":"https:\/\/journalliteratur.blogs.ruhr-uni-bochum.de\/gb\/veranstaltungen\/workshops\/","og_locale":"en_GB","og_type":"article","og_title":"Workshops of the first funding period - Journalliteratur","og_url":"https:\/\/journalliteratur.blogs.ruhr-uni-bochum.de\/gb\/veranstaltungen\/workshops\/","og_site_name":"Journalliteratur","article_modified_time":"2020-01-17T08:08:40+00:00","og_image":[{"url":"https:\/\/journalliteratur.blogs.ruhr-uni-bochum.de\/wp-content\/uploads\/2019\/02\/Journal_Plakat_2019_Photography_FIN_kl-212x300.jpg","type":"","width":"","height":""}],"twitter_card":"summary_large_image","twitter_misc":{"Estimated reading time":"1 minute"},"schema":{"@context":"https:\/\/schema.org","@graph":[{"@type":"WebPage","@id":"https:\/\/journalliteratur.blogs.ruhr-uni-bochum.de\/gb\/veranstaltungen\/workshops\/","url":"https:\/\/journalliteratur.blogs.ruhr-uni-bochum.de\/gb\/veranstaltungen\/workshops\/","name":"Workshops of the first funding period - Journalliteratur","isPartOf":{"@id":"https:\/\/journalliteratur.blogs.ruhr-uni-bochum.de\/gb\/#website"},"primaryImageOfPage":{"@id":"https:\/\/journalliteratur.blogs.ruhr-uni-bochum.de\/gb\/veranstaltungen\/workshops\/#primaryimage"},"image":{"@id":"https:\/\/journalliteratur.blogs.ruhr-uni-bochum.de\/gb\/veranstaltungen\/workshops\/#primaryimage"},"thumbnailUrl":"https:\/\/journalliteratur.blogs.ruhr-uni-bochum.de\/wp-content\/uploads\/2019\/02\/Journal_Plakat_2019_Photography_FIN_kl-212x300.jpg","datePublished":"2017-01-18T19:10:05+00:00","dateModified":"2020-01-17T08:08:40+00:00","breadcrumb":{"@id":"https:\/\/journalliteratur.blogs.ruhr-uni-bochum.de\/gb\/veranstaltungen\/workshops\/#breadcrumb"},"inLanguage":"en-GB","potentialAction":[{"@type":"ReadAction","target":["https:\/\/journalliteratur.blogs.ruhr-uni-bochum.de\/gb\/veranstaltungen\/workshops\/"]}]},{"@type":"ImageObject","inLanguage":"en-GB","@id":"https:\/\/journalliteratur.blogs.ruhr-uni-bochum.de\/gb\/veranstaltungen\/workshops\/#primaryimage","url":"https:\/\/journalliteratur.blogs.ruhr-uni-bochum.de\/wp-content\/uploads\/2019\/02\/Journal_Plakat_2019_Photography_FIN_kl-212x300.jpg","contentUrl":"https:\/\/journalliteratur.blogs.ruhr-uni-bochum.de\/wp-content\/uploads\/2019\/02\/Journal_Plakat_2019_Photography_FIN_kl-212x300.jpg"},{"@type":"BreadcrumbList","@id":"https:\/\/journalliteratur.blogs.ruhr-uni-bochum.de\/gb\/veranstaltungen\/workshops\/#breadcrumb","itemListElement":[{"@type":"ListItem","position":1,"name":"Startseite","item":"https:\/\/journalliteratur.blogs.ruhr-uni-bochum.de\/gb\/"},{"@type":"ListItem","position":2,"name":"Veranstaltungen","item":"https:\/\/journalliteratur.blogs.ruhr-uni-bochum.de\/veranstaltungen\/"},{"@type":"ListItem","position":3,"name":"Workshops of the first funding period"}]},{"@type":"WebSite","@id":"https:\/\/journalliteratur.blogs.ruhr-uni-bochum.de\/gb\/#website","url":"https:\/\/journalliteratur.blogs.ruhr-uni-bochum.de\/gb\/","name":"Journalliteratur","description":"Formatbedingungen, visuelles Design, Rezeptionskulturen","publisher":{"@id":"https:\/\/journalliteratur.blogs.ruhr-uni-bochum.de\/gb\/#organization"},"potentialAction":[{"@type":"SearchAction","target":{"@type":"EntryPoint","urlTemplate":"https:\/\/journalliteratur.blogs.ruhr-uni-bochum.de\/gb\/?s={search_term_string}"},"query-input":{"@type":"PropertyValueSpecification","valueRequired":true,"valueName":"search_term_string"}}],"inLanguage":"en-GB"},{"@type":"Organization","@id":"https:\/\/journalliteratur.blogs.ruhr-uni-bochum.de\/gb\/#organization","name":"DFG-Forschergruppe 2288: Journalliteratur","url":"https:\/\/journalliteratur.blogs.ruhr-uni-bochum.de\/gb\/","logo":{"@type":"ImageObject","inLanguage":"en-GB","@id":"https:\/\/journalliteratur.blogs.ruhr-uni-bochum.de\/gb\/#\/schema\/logo\/image\/","url":"https:\/\/journalliteratur.blogs.ruhr-uni-bochum.de\/wp-content\/uploads\/2016\/08\/cropped-fg_journal_logo_blaetter_icon.png","contentUrl":"https:\/\/journalliteratur.blogs.ruhr-uni-bochum.de\/wp-content\/uploads\/2016\/08\/cropped-fg_journal_logo_blaetter_icon.png","width":512,"height":512,"caption":"DFG-Forschergruppe 2288: Journalliteratur"},"image":{"@id":"https:\/\/journalliteratur.blogs.ruhr-uni-bochum.de\/gb\/#\/schema\/logo\/image\/"}}]}},"_links":{"self":[{"href":"https:\/\/journalliteratur.blogs.ruhr-uni-bochum.de\/gb\/wp-json\/wp\/v2\/pages\/502","targetHints":{"allow":["GET"]}}],"collection":[{"href":"https:\/\/journalliteratur.blogs.ruhr-uni-bochum.de\/gb\/wp-json\/wp\/v2\/pages"}],"about":[{"href":"https:\/\/journalliteratur.blogs.ruhr-uni-bochum.de\/gb\/wp-json\/wp\/v2\/types\/page"}],"author":[{"embeddable":true,"href":"https:\/\/journalliteratur.blogs.ruhr-uni-bochum.de\/gb\/wp-json\/wp\/v2\/users\/17"}],"replies":[{"embeddable":true,"href":"https:\/\/journalliteratur.blogs.ruhr-uni-bochum.de\/gb\/wp-json\/wp\/v2\/comments?post=502"}],"version-history":[{"count":46,"href":"https:\/\/journalliteratur.blogs.ruhr-uni-bochum.de\/gb\/wp-json\/wp\/v2\/pages\/502\/revisions"}],"predecessor-version":[{"id":2984,"href":"https:\/\/journalliteratur.blogs.ruhr-uni-bochum.de\/gb\/wp-json\/wp\/v2\/pages\/502\/revisions\/2984"}],"up":[{"embeddable":true,"href":"https:\/\/journalliteratur.blogs.ruhr-uni-bochum.de\/gb\/wp-json\/wp\/v2\/pages\/481"}],"wp:attachment":[{"href":"https:\/\/journalliteratur.blogs.ruhr-uni-bochum.de\/gb\/wp-json\/wp\/v2\/media?parent=502"}],"curies":[{"name":"wp","href":"https:\/\/api.w.org\/{rel}","templated":true}]}}