{"id":3666,"date":"2022-01-25T10:12:41","date_gmt":"2022-01-25T09:12:41","guid":{"rendered":"https:\/\/journalliteratur.blogs.ruhr-uni-bochum.de\/?page_id=3666"},"modified":"2022-01-25T10:33:20","modified_gmt":"2022-01-25T09:33:20","slug":"ddr-zeitschriften-erste-erkundungen","status":"publish","type":"page","link":"https:\/\/journalliteratur.blogs.ruhr-uni-bochum.de\/gb\/veranstaltungen\/workshops-2\/ddr-zeitschriften-erste-erkundungen\/","title":{"rendered":"DDR Zeitschriften: Erste Erkundungen"},"content":{"rendered":"\n<p><\/p>\n\n\n\n<div class=\"wp-block-columns is-layout-flex wp-container-core-columns-is-layout-9d6595d7 wp-block-columns-is-layout-flex\">\n<div class=\"wp-block-column is-layout-flow wp-block-column-is-layout-flow\">\n<p><strong>Internationaler Workshop, veranstaltet von Vincent Fr\u00f6hlich (Teilprojekt 8 der DFG Forschergruppe Journalliteratur) und Madleen Podewski (Freie Universit\u00e4t Berlin)<\/strong><\/p>\n\n\n\n<p>03.-04. Februar 2022, Philipps-Universit\u00e4t Marburg\/online<\/p>\n\n\n\n<p><\/p>\n<\/div>\n<\/div>\n\n\n\n<p>DDR-Zeitschriften spielen in der Presseforschung so gut wie keine Rolle. Abgesehen von den wenigen dissidenten Untergrundjournalen gelten sie nach wie vor, zusammen mit Tageszeitungen, Rundfunk und Fernsehen, als \u201esch\u00e4rfste Waffe der Partei\u201c (Gunter Holzwei\u00dfig 2002). Sie bieten, so die g\u00e4ngige Einsch\u00e4tzung, nichts anderes als immer wieder dieselbe sozialistische Ideologie \u2013 kennt man die Parteiprogramme, kennt man auch sie. Zweifellos werden Zeitschriften in der DDR, noch ganz im Sinne der marxistisch-leninistischen Pressetheorie vom fr\u00fchen 20. Jahrhundert, als kollektive Propaganda-, Agitations- und Organisationsinstanzen verstanden, die ihren Beitrag zum Aufbau des Sozialismus zu leisten haben. Daf\u00fcr werden sie zwar auch verschiedenen Formen der Kontrolle unterworfen. Schaut man genauer hin, f\u00e4llt aber doch noch anderes auf. Erstens herrscht eine gro\u00dfe Titeldifferenzierung vor: Bis 1989 werden in der DDR 543 Zeitschriftentitel vertrieben, gut 150 davon im Segment der Publikumspresse. Zweitens sind viele der Publikumszeitschriften \u00e4u\u00dferst popul\u00e4r und erreichen Millionenauflagen. Und drittens machen auch DDR-Zeitschriften das, was Zeitschriften im Allgemeinen tun: Sie drucken mehr oder weniger verschiedene Text- und Bildformen heftweise zusammen; Formatgr\u00f6\u00dfe, Umfang, Periodizit\u00e4t und Mischungsgrad variieren auch hier erheblich.<\/p>\n\n\n\n<div class=\"wp-block-columns is-layout-flex wp-container-core-columns-is-layout-9d6595d7 wp-block-columns-is-layout-flex\">\n<div class=\"wp-block-column is-layout-flow wp-block-column-is-layout-flow\">\n<p>Angesichts dieser Beobachtungen kann von Uniformit\u00e4t ebenso wenig die Rede sein wie von indoktrinierter Massenleserschaft. M\u00f6chte man DDR-Zeitschriften deshalb nicht als simple \u201aIdeologie\u2018 abtun, so stellt sich die Frage nach einem angemesseneren Umgang mit ihnen. K\u00f6nnen sie mit den Perspektiven und Kategorien analysiert werden, welche die <em>periodical <\/em>und<em> magazine studies<\/em> in den letzten Jahren vorgeschlagen haben? Diese basieren allerdings gr\u00f6\u00dftenteils auf Vorstellungen von einem \u201afreien Markt\u2018 und von einer \u201afreien \u00d6ffentlichkeit\u2018: Zeitschriften befriedigen hier Publikumsbed\u00fcrfnisse, um gekauft zu werden, und sie sind Tr\u00e4ger sich eigendynamisch entwickelnder Kulturen. Wovon ist aber die Titelentwicklung in der DDR gesteuert, wo Publikumsbed\u00fcrfnisse nur bedingt marktf\u00f6rmig reguliert werden? Was verhandeln DDR-Zeitschriften, wenn sie so stark unter politischer Beobachtung stehen? Welche Methoden werden solchen Bedingungsgef\u00fcgen gerecht? \u00dcber solche und \u00e4hnliche Fragen will der Workshop mit Wissenschaftlerinnen und Wissenschaftlern aus verschiedenen Disziplinen diskutieren.&nbsp;<\/p>\n<\/div>\n<\/div>\n\n\n\n<p>Die Veranstaltung wird ausgerichtet von Teil\u00adprojekt 8 der DFG-Forschergruppe 2288 \u00bbJournalliteratur: Formatbedingungen, visuelles Design, Rezeptionskulturen\u00ab sowie Madleen Podewksi. Als Diskutanten sind geladen Wolfgang Form und Patrick R\u00f6ssler. Der Workshop wird in einem hybriden Format stattfinden.<\/p>\n\n\n\n<p><\/p>\n\n\n\n<p>Organisator:innen:<\/p>\n\n\n\n<p>PD Dr. Madleen Podewski, <em>Freie Universit\u00e4t Berlin<\/em><\/p>\n\n\n\n<p>Dr. Vincent Fr\u00f6hlich, <em>Philipps-Universit\u00e4t Marburg<\/em><\/p>\n\n\n\n<p><strong>Programm<\/strong><\/p>\n\n\n\n<div data-wp-interactive=\"core\/file\" class=\"wp-block-file\"><object data-wp-bind--hidden=\"!state.hasPdfPreview\" hidden class=\"wp-block-file__embed\" data=\"https:\/\/journalliteratur.blogs.ruhr-uni-bochum.de\/wp-content\/uploads\/2022\/01\/Journal_Programmflyer_2022_DDR_pr.pdf\" type=\"application\/pdf\" style=\"width:100%;height:600px\" aria-label=\"Embed of Einbettung von Journal_Programmflyer_2022_DDR_pr..\"><\/object><a href=\"https:\/\/journalliteratur.blogs.ruhr-uni-bochum.de\/wp-content\/uploads\/2022\/01\/Journal_Programmflyer_2022_DDR_pr.pdf\">Journal_Programmflyer_2022_DDR_pr<\/a><a href=\"https:\/\/journalliteratur.blogs.ruhr-uni-bochum.de\/wp-content\/uploads\/2022\/01\/Journal_Programmflyer_2022_DDR_pr.pdf\" class=\"wp-block-file__button\" download>Herunterladen<\/a><\/div>\n","protected":false},"excerpt":{"rendered":"<p>Internationaler Workshop, veranstaltet von Vincent Fr\u00f6hlich (Teilprojekt 8 der DFG Forschergruppe Journalliteratur) und Madleen Podewski (Freie Universit\u00e4t Berlin) 03.-04. Februar 2022, Philipps-Universit\u00e4t Marburg\/online DDR-Zeitschriften<\/p>\n","protected":false},"author":25,"featured_media":0,"parent":2966,"menu_order":0,"comment_status":"closed","ping_status":"closed","template":"","meta":{"footnotes":""},"class_list":["post-3666","page","type-page","status-publish","hentry"],"translation":{"provider":"WPGlobus","version":"3.0.2","language":"gb","enabled_languages":["de","gb"],"languages":{"de":{"title":true,"content":true,"excerpt":false},"gb":{"title":false,"content":false,"excerpt":false}}},"yoast_head":"<!-- This site is optimized with the Yoast SEO plugin v27.3 - https:\/\/yoast.com\/product\/yoast-seo-wordpress\/ -->\n<title>DDR Zeitschriften: Erste Erkundungen - Journalliteratur<\/title>\n<meta name=\"robots\" content=\"index, follow, max-snippet:-1, max-image-preview:large, max-video-preview:-1\" \/>\n<link rel=\"canonical\" href=\"https:\/\/journalliteratur.blogs.ruhr-uni-bochum.de\/gb\/veranstaltungen\/workshops-2\/ddr-zeitschriften-erste-erkundungen\/\" \/>\n<meta property=\"og:locale\" content=\"en_GB\" \/>\n<meta property=\"og:type\" content=\"article\" \/>\n<meta property=\"og:title\" content=\"DDR Zeitschriften: Erste Erkundungen - Journalliteratur\" \/>\n<meta property=\"og:url\" content=\"https:\/\/journalliteratur.blogs.ruhr-uni-bochum.de\/gb\/veranstaltungen\/workshops-2\/ddr-zeitschriften-erste-erkundungen\/\" \/>\n<meta property=\"og:site_name\" content=\"Journalliteratur\" \/>\n<meta property=\"article:modified_time\" content=\"2022-01-25T09:33:20+00:00\" \/>\n<meta name=\"twitter:card\" content=\"summary_large_image\" \/>\n<meta name=\"twitter:label1\" content=\"Estimated reading time\" \/>\n\t<meta name=\"twitter:data1\" content=\"2 minutes\" \/>\n<script type=\"application\/ld+json\" class=\"yoast-schema-graph\">{\"@context\":\"https:\\\/\\\/schema.org\",\"@graph\":[{\"@type\":\"WebPage\",\"@id\":\"https:\\\/\\\/journalliteratur.blogs.ruhr-uni-bochum.de\\\/gb\\\/veranstaltungen\\\/workshops-2\\\/ddr-zeitschriften-erste-erkundungen\\\/\",\"url\":\"https:\\\/\\\/journalliteratur.blogs.ruhr-uni-bochum.de\\\/gb\\\/veranstaltungen\\\/workshops-2\\\/ddr-zeitschriften-erste-erkundungen\\\/\",\"name\":\"DDR Zeitschriften: Erste Erkundungen - Journalliteratur\",\"isPartOf\":{\"@id\":\"https:\\\/\\\/journalliteratur.blogs.ruhr-uni-bochum.de\\\/gb\\\/#website\"},\"datePublished\":\"2022-01-25T09:12:41+00:00\",\"dateModified\":\"2022-01-25T09:33:20+00:00\",\"breadcrumb\":{\"@id\":\"https:\\\/\\\/journalliteratur.blogs.ruhr-uni-bochum.de\\\/gb\\\/veranstaltungen\\\/workshops-2\\\/ddr-zeitschriften-erste-erkundungen\\\/#breadcrumb\"},\"inLanguage\":\"en-GB\",\"potentialAction\":[{\"@type\":\"ReadAction\",\"target\":[\"https:\\\/\\\/journalliteratur.blogs.ruhr-uni-bochum.de\\\/gb\\\/veranstaltungen\\\/workshops-2\\\/ddr-zeitschriften-erste-erkundungen\\\/\"]}]},{\"@type\":\"BreadcrumbList\",\"@id\":\"https:\\\/\\\/journalliteratur.blogs.ruhr-uni-bochum.de\\\/gb\\\/veranstaltungen\\\/workshops-2\\\/ddr-zeitschriften-erste-erkundungen\\\/#breadcrumb\",\"itemListElement\":[{\"@type\":\"ListItem\",\"position\":1,\"name\":\"Startseite\",\"item\":\"https:\\\/\\\/journalliteratur.blogs.ruhr-uni-bochum.de\\\/gb\\\/\"},{\"@type\":\"ListItem\",\"position\":2,\"name\":\"Veranstaltungen\",\"item\":\"https:\\\/\\\/journalliteratur.blogs.ruhr-uni-bochum.de\\\/veranstaltungen\\\/\"},{\"@type\":\"ListItem\",\"position\":3,\"name\":\"Workshops of the second funding period\",\"item\":\"https:\\\/\\\/journalliteratur.blogs.ruhr-uni-bochum.de\\\/gb\\\/veranstaltungen\\\/workshops-2\\\/\"},{\"@type\":\"ListItem\",\"position\":4,\"name\":\"DDR Zeitschriften: Erste Erkundungen\"}]},{\"@type\":\"WebSite\",\"@id\":\"https:\\\/\\\/journalliteratur.blogs.ruhr-uni-bochum.de\\\/gb\\\/#website\",\"url\":\"https:\\\/\\\/journalliteratur.blogs.ruhr-uni-bochum.de\\\/gb\\\/\",\"name\":\"Journalliteratur\",\"description\":\"Formatbedingungen, visuelles Design, Rezeptionskulturen\",\"publisher\":{\"@id\":\"https:\\\/\\\/journalliteratur.blogs.ruhr-uni-bochum.de\\\/gb\\\/#organization\"},\"potentialAction\":[{\"@type\":\"SearchAction\",\"target\":{\"@type\":\"EntryPoint\",\"urlTemplate\":\"https:\\\/\\\/journalliteratur.blogs.ruhr-uni-bochum.de\\\/gb\\\/?s={search_term_string}\"},\"query-input\":{\"@type\":\"PropertyValueSpecification\",\"valueRequired\":true,\"valueName\":\"search_term_string\"}}],\"inLanguage\":\"en-GB\"},{\"@type\":\"Organization\",\"@id\":\"https:\\\/\\\/journalliteratur.blogs.ruhr-uni-bochum.de\\\/gb\\\/#organization\",\"name\":\"DFG-Forschergruppe 2288: Journalliteratur\",\"url\":\"https:\\\/\\\/journalliteratur.blogs.ruhr-uni-bochum.de\\\/gb\\\/\",\"logo\":{\"@type\":\"ImageObject\",\"inLanguage\":\"en-GB\",\"@id\":\"https:\\\/\\\/journalliteratur.blogs.ruhr-uni-bochum.de\\\/gb\\\/#\\\/schema\\\/logo\\\/image\\\/\",\"url\":\"https:\\\/\\\/journalliteratur.blogs.ruhr-uni-bochum.de\\\/wp-content\\\/uploads\\\/2016\\\/08\\\/cropped-fg_journal_logo_blaetter_icon.png\",\"contentUrl\":\"https:\\\/\\\/journalliteratur.blogs.ruhr-uni-bochum.de\\\/wp-content\\\/uploads\\\/2016\\\/08\\\/cropped-fg_journal_logo_blaetter_icon.png\",\"width\":512,\"height\":512,\"caption\":\"DFG-Forschergruppe 2288: Journalliteratur\"},\"image\":{\"@id\":\"https:\\\/\\\/journalliteratur.blogs.ruhr-uni-bochum.de\\\/gb\\\/#\\\/schema\\\/logo\\\/image\\\/\"}}]}<\/script>\n<!-- \/ Yoast SEO plugin. -->","yoast_head_json":{"title":"DDR Zeitschriften: Erste Erkundungen - Journalliteratur","robots":{"index":"index","follow":"follow","max-snippet":"max-snippet:-1","max-image-preview":"max-image-preview:large","max-video-preview":"max-video-preview:-1"},"canonical":"https:\/\/journalliteratur.blogs.ruhr-uni-bochum.de\/gb\/veranstaltungen\/workshops-2\/ddr-zeitschriften-erste-erkundungen\/","og_locale":"en_GB","og_type":"article","og_title":"DDR Zeitschriften: Erste Erkundungen - Journalliteratur","og_url":"https:\/\/journalliteratur.blogs.ruhr-uni-bochum.de\/gb\/veranstaltungen\/workshops-2\/ddr-zeitschriften-erste-erkundungen\/","og_site_name":"Journalliteratur","article_modified_time":"2022-01-25T09:33:20+00:00","twitter_card":"summary_large_image","twitter_misc":{"Estimated reading time":"2 minutes"},"schema":{"@context":"https:\/\/schema.org","@graph":[{"@type":"WebPage","@id":"https:\/\/journalliteratur.blogs.ruhr-uni-bochum.de\/gb\/veranstaltungen\/workshops-2\/ddr-zeitschriften-erste-erkundungen\/","url":"https:\/\/journalliteratur.blogs.ruhr-uni-bochum.de\/gb\/veranstaltungen\/workshops-2\/ddr-zeitschriften-erste-erkundungen\/","name":"DDR Zeitschriften: Erste Erkundungen - Journalliteratur","isPartOf":{"@id":"https:\/\/journalliteratur.blogs.ruhr-uni-bochum.de\/gb\/#website"},"datePublished":"2022-01-25T09:12:41+00:00","dateModified":"2022-01-25T09:33:20+00:00","breadcrumb":{"@id":"https:\/\/journalliteratur.blogs.ruhr-uni-bochum.de\/gb\/veranstaltungen\/workshops-2\/ddr-zeitschriften-erste-erkundungen\/#breadcrumb"},"inLanguage":"en-GB","potentialAction":[{"@type":"ReadAction","target":["https:\/\/journalliteratur.blogs.ruhr-uni-bochum.de\/gb\/veranstaltungen\/workshops-2\/ddr-zeitschriften-erste-erkundungen\/"]}]},{"@type":"BreadcrumbList","@id":"https:\/\/journalliteratur.blogs.ruhr-uni-bochum.de\/gb\/veranstaltungen\/workshops-2\/ddr-zeitschriften-erste-erkundungen\/#breadcrumb","itemListElement":[{"@type":"ListItem","position":1,"name":"Startseite","item":"https:\/\/journalliteratur.blogs.ruhr-uni-bochum.de\/gb\/"},{"@type":"ListItem","position":2,"name":"Veranstaltungen","item":"https:\/\/journalliteratur.blogs.ruhr-uni-bochum.de\/veranstaltungen\/"},{"@type":"ListItem","position":3,"name":"Workshops of the second funding period","item":"https:\/\/journalliteratur.blogs.ruhr-uni-bochum.de\/gb\/veranstaltungen\/workshops-2\/"},{"@type":"ListItem","position":4,"name":"DDR Zeitschriften: Erste Erkundungen"}]},{"@type":"WebSite","@id":"https:\/\/journalliteratur.blogs.ruhr-uni-bochum.de\/gb\/#website","url":"https:\/\/journalliteratur.blogs.ruhr-uni-bochum.de\/gb\/","name":"Journalliteratur","description":"Formatbedingungen, visuelles Design, Rezeptionskulturen","publisher":{"@id":"https:\/\/journalliteratur.blogs.ruhr-uni-bochum.de\/gb\/#organization"},"potentialAction":[{"@type":"SearchAction","target":{"@type":"EntryPoint","urlTemplate":"https:\/\/journalliteratur.blogs.ruhr-uni-bochum.de\/gb\/?s={search_term_string}"},"query-input":{"@type":"PropertyValueSpecification","valueRequired":true,"valueName":"search_term_string"}}],"inLanguage":"en-GB"},{"@type":"Organization","@id":"https:\/\/journalliteratur.blogs.ruhr-uni-bochum.de\/gb\/#organization","name":"DFG-Forschergruppe 2288: Journalliteratur","url":"https:\/\/journalliteratur.blogs.ruhr-uni-bochum.de\/gb\/","logo":{"@type":"ImageObject","inLanguage":"en-GB","@id":"https:\/\/journalliteratur.blogs.ruhr-uni-bochum.de\/gb\/#\/schema\/logo\/image\/","url":"https:\/\/journalliteratur.blogs.ruhr-uni-bochum.de\/wp-content\/uploads\/2016\/08\/cropped-fg_journal_logo_blaetter_icon.png","contentUrl":"https:\/\/journalliteratur.blogs.ruhr-uni-bochum.de\/wp-content\/uploads\/2016\/08\/cropped-fg_journal_logo_blaetter_icon.png","width":512,"height":512,"caption":"DFG-Forschergruppe 2288: Journalliteratur"},"image":{"@id":"https:\/\/journalliteratur.blogs.ruhr-uni-bochum.de\/gb\/#\/schema\/logo\/image\/"}}]}},"_links":{"self":[{"href":"https:\/\/journalliteratur.blogs.ruhr-uni-bochum.de\/gb\/wp-json\/wp\/v2\/pages\/3666","targetHints":{"allow":["GET"]}}],"collection":[{"href":"https:\/\/journalliteratur.blogs.ruhr-uni-bochum.de\/gb\/wp-json\/wp\/v2\/pages"}],"about":[{"href":"https:\/\/journalliteratur.blogs.ruhr-uni-bochum.de\/gb\/wp-json\/wp\/v2\/types\/page"}],"author":[{"embeddable":true,"href":"https:\/\/journalliteratur.blogs.ruhr-uni-bochum.de\/gb\/wp-json\/wp\/v2\/users\/25"}],"replies":[{"embeddable":true,"href":"https:\/\/journalliteratur.blogs.ruhr-uni-bochum.de\/gb\/wp-json\/wp\/v2\/comments?post=3666"}],"version-history":[{"count":6,"href":"https:\/\/journalliteratur.blogs.ruhr-uni-bochum.de\/gb\/wp-json\/wp\/v2\/pages\/3666\/revisions"}],"predecessor-version":[{"id":3682,"href":"https:\/\/journalliteratur.blogs.ruhr-uni-bochum.de\/gb\/wp-json\/wp\/v2\/pages\/3666\/revisions\/3682"}],"up":[{"embeddable":true,"href":"https:\/\/journalliteratur.blogs.ruhr-uni-bochum.de\/gb\/wp-json\/wp\/v2\/pages\/2966"}],"wp:attachment":[{"href":"https:\/\/journalliteratur.blogs.ruhr-uni-bochum.de\/gb\/wp-json\/wp\/v2\/media?parent=3666"}],"curies":[{"name":"wp","href":"https:\/\/api.w.org\/{rel}","templated":true}]}}