{"id":3036,"date":"2020-01-23T10:37:58","date_gmt":"2020-01-23T09:37:58","guid":{"rendered":"https:\/\/journalliteratur.blogs.ruhr-uni-bochum.de\/?page_id=3036"},"modified":"2020-04-02T12:07:49","modified_gmt":"2020-04-02T10:07:49","slug":"turnus-journalliterarische-mnemopoetik-1813-1863-1913-tp-2-2","status":"publish","type":"page","link":"https:\/\/journalliteratur.blogs.ruhr-uni-bochum.de\/gb\/turnus-journalliterarische-mnemopoetik-1813-1863-1913-tp-2-2\/","title":{"rendered":"Recursiveness: Mnemopoetics of Journal Literature 1813 \u2013 1863 \u2013 1913 (SP\u00a02)"},"content":{"rendered":"<h2><strong>Summary<\/strong><\/h2>\n<p>The proposed project examines acts of memory stimulated, discussed and reflected upon by journal media. Our inquiry analyses mnemopoietic, experimental forms of writing time displaying a logic of commemoration, exploring the tension between the immediate documentation of events and historiographical narratives characterised by greater temporal distance. The study\u2019s underlying premise is that due to media-specific qualities, namely topicality, perdiodicity, incompleteness\/seriality and paratextuality, journals are preordained to select dates and events in the recursive logic of anniversaries or jubilees, to recall them and shape them, thereby marking them as essentially historical and worthy of historiography. The subproject analyses this phenomenon via the concept of \u2018recursiveness\u2019, which as an ordering figure of recurrence combines the periodicity of the journal and forms of periodic commemoration. The focus will be on mnemopoietic writings on the German Campaign of 1813\u20131815 in what were novel formats: journal-type pieces, anthologies and texts dedicated to memory work, for instance in the form of \u2018retrospective\u2019 accounts \u2013 predominantly synchronic accounts of the period from 1813 to 1818, or diachronic narratives of the 1863 and 1913 jubilee years commemorating the Battle of the Nations at Leipzig, revealing greater frequency or displacements in publication cycles.<\/p>\n<p>In this new perspective, the synchronic approach examines, firstly, the corpus of TP 2.1 \u00a0(which veritably exploded in the course of the project), i.e. journals displaying irregular periodicity, and, secondly, journals that appeared regularly: the <em>National-Zeitung der Deutschen<\/em> (1796\u20131811, 1814\u20131829), the <em>Vaterl\u00e4ndische Bl\u00e4tter f\u00fcr den \u00f6sterreichischen Kaiserstaat<\/em> (1808\u20131820), the<em> Frankfurter Ober-Postamts-Zeitung<\/em> (1615\u20131866), the <em>Morgenblatt f\u00fcr gebildete St\u00e4nde<\/em> (1807\u20131865) and the <em>Leipziger Tageblatt<\/em> (1807\u20131925). The longitudinal analyses will examine the <em>Wiener Zeitung<\/em> (1703\u20131940), the <em>Allgemeine Zeitung<\/em> (1798\u20131929), the <em>Leipziger Zeitung<\/em> (1810\u20131918), the <em>Illustrirte Zeitung<\/em> (1843\u20131944) and the <em>Berliner Illustrirte Zeitung<\/em> (1892\u20131945).<\/p>\n<p>The analytical approach assumes three occasionally interactive forms of mnemopoietic writing: (1) acts of memory stimulated and executed by the respective medium, for instance in the form of event-related appeals or expectations whose mere articulation generates commemoration (the performative-material dimension); (2) those that take up written time and re-enact it within the respective media logic, for example in the form of significant fusion of different events or the ordering of contemporary events into pre-existing interpretations (the constellational-serial dimension); (3) forms of reflective insight within the respective medium, in that mnemopoietic acts are reflected upon, discussed and examined with respect to their regularity (the reflective-mnemopoietological dimension). The aim is to produce a nuanced definition of the structures and rules of mnemopoietic processing of the \u2018immediate\u2019 chronicle conditioned by the media format and hence of second-order forms of writing time. The subproject thereby charters relatively unknown terrain. Historians examine journal-type media formats primarily as sources, focussing on what they report, while literary studies mainly focuses on publications in book form, and on the rare occasions it does examine journal-type writings, the focus is on the \u2018text\u2019. What such approaches thus neglect to take into account is the communicative medium\u2019s format-specific contribution to the commemorative logics applied to the German Campaign. This subproject seeks to fill this lacuna by taking a media- and materials-based approach.<\/p>\n","protected":false},"excerpt":{"rendered":"<p>Summary The proposed project examines acts of memory stimulated, discussed and reflected upon by journal media. Our inquiry analyses mnemopoietic, experimental forms of writing<\/p>\n","protected":false},"author":23,"featured_media":0,"parent":0,"menu_order":0,"comment_status":"closed","ping_status":"closed","template":"","meta":{"footnotes":""},"class_list":["post-3036","page","type-page","status-publish","hentry"],"translation":{"provider":"WPGlobus","version":"3.0.2","language":"gb","enabled_languages":["de","gb"],"languages":{"de":{"title":true,"content":true,"excerpt":false},"gb":{"title":true,"content":true,"excerpt":false}}},"yoast_head":"<!-- This site is optimized with the Yoast SEO plugin v27.3 - https:\/\/yoast.com\/product\/yoast-seo-wordpress\/ -->\n<title>Recursiveness: Mnemopoetics of Journal Literature 1813 \u2013 1863 \u2013 1913 (SP\u00a02) - Journalliteratur<\/title>\n<meta name=\"robots\" content=\"index, follow, max-snippet:-1, max-image-preview:large, max-video-preview:-1\" \/>\n<link rel=\"canonical\" href=\"https:\/\/journalliteratur.blogs.ruhr-uni-bochum.de\/turnus-journalliterarische-mnemopoetik-1813-1863-1913-tp-2-2\/\" \/>\n<meta property=\"og:locale\" content=\"en_GB\" \/>\n<meta property=\"og:type\" content=\"article\" \/>\n<meta property=\"og:title\" content=\"Recursiveness: Mnemopoetics of Journal Literature 1813 \u2013 1863 \u2013 1913 (SP\u00a02) - Journalliteratur\" \/>\n<meta property=\"og:url\" content=\"https:\/\/journalliteratur.blogs.ruhr-uni-bochum.de\/turnus-journalliterarische-mnemopoetik-1813-1863-1913-tp-2-2\/\" \/>\n<meta property=\"og:site_name\" content=\"Journalliteratur\" \/>\n<meta property=\"article:modified_time\" content=\"2020-04-02T10:07:49+00:00\" \/>\n<meta name=\"twitter:card\" content=\"summary_large_image\" \/>\n<meta name=\"twitter:label1\" content=\"Estimated reading time\" \/>\n\t<meta name=\"twitter:data1\" content=\"5 minutes\" \/>\n<script type=\"application\/ld+json\" class=\"yoast-schema-graph\">{\"@context\":\"https:\\\/\\\/schema.org\",\"@graph\":[{\"@type\":\"WebPage\",\"@id\":\"https:\\\/\\\/journalliteratur.blogs.ruhr-uni-bochum.de\\\/turnus-journalliterarische-mnemopoetik-1813-1863-1913-tp-2-2\\\/\",\"url\":\"https:\\\/\\\/journalliteratur.blogs.ruhr-uni-bochum.de\\\/turnus-journalliterarische-mnemopoetik-1813-1863-1913-tp-2-2\\\/\",\"name\":\"Recursiveness: Mnemopoetics of Journal Literature 1813 \u2013 1863 \u2013 1913 (SP\u00a02) - Journalliteratur\",\"isPartOf\":{\"@id\":\"https:\\\/\\\/journalliteratur.blogs.ruhr-uni-bochum.de\\\/gb\\\/#website\"},\"datePublished\":\"2020-01-23T09:37:58+00:00\",\"dateModified\":\"2020-04-02T10:07:49+00:00\",\"breadcrumb\":{\"@id\":\"https:\\\/\\\/journalliteratur.blogs.ruhr-uni-bochum.de\\\/turnus-journalliterarische-mnemopoetik-1813-1863-1913-tp-2-2\\\/#breadcrumb\"},\"inLanguage\":\"en-GB\",\"potentialAction\":[{\"@type\":\"ReadAction\",\"target\":[\"https:\\\/\\\/journalliteratur.blogs.ruhr-uni-bochum.de\\\/turnus-journalliterarische-mnemopoetik-1813-1863-1913-tp-2-2\\\/\"]}]},{\"@type\":\"BreadcrumbList\",\"@id\":\"https:\\\/\\\/journalliteratur.blogs.ruhr-uni-bochum.de\\\/turnus-journalliterarische-mnemopoetik-1813-1863-1913-tp-2-2\\\/#breadcrumb\",\"itemListElement\":[{\"@type\":\"ListItem\",\"position\":1,\"name\":\"Startseite\",\"item\":\"https:\\\/\\\/journalliteratur.blogs.ruhr-uni-bochum.de\\\/gb\\\/\"},{\"@type\":\"ListItem\",\"position\":2,\"name\":\"Turnus: journalliterarische Mnemopoetik 1813 \u2014 1863 \u2014 1913 (TP\u00a02)\"}]},{\"@type\":\"WebSite\",\"@id\":\"https:\\\/\\\/journalliteratur.blogs.ruhr-uni-bochum.de\\\/gb\\\/#website\",\"url\":\"https:\\\/\\\/journalliteratur.blogs.ruhr-uni-bochum.de\\\/gb\\\/\",\"name\":\"Journalliteratur\",\"description\":\"Formatbedingungen, visuelles Design, Rezeptionskulturen\",\"publisher\":{\"@id\":\"https:\\\/\\\/journalliteratur.blogs.ruhr-uni-bochum.de\\\/gb\\\/#organization\"},\"potentialAction\":[{\"@type\":\"SearchAction\",\"target\":{\"@type\":\"EntryPoint\",\"urlTemplate\":\"https:\\\/\\\/journalliteratur.blogs.ruhr-uni-bochum.de\\\/gb\\\/?s={search_term_string}\"},\"query-input\":{\"@type\":\"PropertyValueSpecification\",\"valueRequired\":true,\"valueName\":\"search_term_string\"}}],\"inLanguage\":\"en-GB\"},{\"@type\":\"Organization\",\"@id\":\"https:\\\/\\\/journalliteratur.blogs.ruhr-uni-bochum.de\\\/gb\\\/#organization\",\"name\":\"DFG-Forschergruppe 2288: Journalliteratur\",\"url\":\"https:\\\/\\\/journalliteratur.blogs.ruhr-uni-bochum.de\\\/gb\\\/\",\"logo\":{\"@type\":\"ImageObject\",\"inLanguage\":\"en-GB\",\"@id\":\"https:\\\/\\\/journalliteratur.blogs.ruhr-uni-bochum.de\\\/gb\\\/#\\\/schema\\\/logo\\\/image\\\/\",\"url\":\"https:\\\/\\\/journalliteratur.blogs.ruhr-uni-bochum.de\\\/wp-content\\\/uploads\\\/2016\\\/08\\\/cropped-fg_journal_logo_blaetter_icon.png\",\"contentUrl\":\"https:\\\/\\\/journalliteratur.blogs.ruhr-uni-bochum.de\\\/wp-content\\\/uploads\\\/2016\\\/08\\\/cropped-fg_journal_logo_blaetter_icon.png\",\"width\":512,\"height\":512,\"caption\":\"DFG-Forschergruppe 2288: Journalliteratur\"},\"image\":{\"@id\":\"https:\\\/\\\/journalliteratur.blogs.ruhr-uni-bochum.de\\\/gb\\\/#\\\/schema\\\/logo\\\/image\\\/\"}}]}<\/script>\n<!-- \/ Yoast SEO plugin. -->","yoast_head_json":{"title":"Recursiveness: Mnemopoetics of Journal Literature 1813 \u2013 1863 \u2013 1913 (SP\u00a02) - Journalliteratur","robots":{"index":"index","follow":"follow","max-snippet":"max-snippet:-1","max-image-preview":"max-image-preview:large","max-video-preview":"max-video-preview:-1"},"canonical":"https:\/\/journalliteratur.blogs.ruhr-uni-bochum.de\/turnus-journalliterarische-mnemopoetik-1813-1863-1913-tp-2-2\/","og_locale":"en_GB","og_type":"article","og_title":"Recursiveness: Mnemopoetics of Journal Literature 1813 \u2013 1863 \u2013 1913 (SP\u00a02) - Journalliteratur","og_url":"https:\/\/journalliteratur.blogs.ruhr-uni-bochum.de\/turnus-journalliterarische-mnemopoetik-1813-1863-1913-tp-2-2\/","og_site_name":"Journalliteratur","article_modified_time":"2020-04-02T10:07:49+00:00","twitter_card":"summary_large_image","twitter_misc":{"Estimated reading time":"5 minutes"},"schema":{"@context":"https:\/\/schema.org","@graph":[{"@type":"WebPage","@id":"https:\/\/journalliteratur.blogs.ruhr-uni-bochum.de\/turnus-journalliterarische-mnemopoetik-1813-1863-1913-tp-2-2\/","url":"https:\/\/journalliteratur.blogs.ruhr-uni-bochum.de\/turnus-journalliterarische-mnemopoetik-1813-1863-1913-tp-2-2\/","name":"Recursiveness: Mnemopoetics of Journal Literature 1813 \u2013 1863 \u2013 1913 (SP\u00a02) - Journalliteratur","isPartOf":{"@id":"https:\/\/journalliteratur.blogs.ruhr-uni-bochum.de\/gb\/#website"},"datePublished":"2020-01-23T09:37:58+00:00","dateModified":"2020-04-02T10:07:49+00:00","breadcrumb":{"@id":"https:\/\/journalliteratur.blogs.ruhr-uni-bochum.de\/turnus-journalliterarische-mnemopoetik-1813-1863-1913-tp-2-2\/#breadcrumb"},"inLanguage":"en-GB","potentialAction":[{"@type":"ReadAction","target":["https:\/\/journalliteratur.blogs.ruhr-uni-bochum.de\/turnus-journalliterarische-mnemopoetik-1813-1863-1913-tp-2-2\/"]}]},{"@type":"BreadcrumbList","@id":"https:\/\/journalliteratur.blogs.ruhr-uni-bochum.de\/turnus-journalliterarische-mnemopoetik-1813-1863-1913-tp-2-2\/#breadcrumb","itemListElement":[{"@type":"ListItem","position":1,"name":"Startseite","item":"https:\/\/journalliteratur.blogs.ruhr-uni-bochum.de\/gb\/"},{"@type":"ListItem","position":2,"name":"Turnus: journalliterarische Mnemopoetik 1813 \u2014 1863 \u2014 1913 (TP\u00a02)"}]},{"@type":"WebSite","@id":"https:\/\/journalliteratur.blogs.ruhr-uni-bochum.de\/gb\/#website","url":"https:\/\/journalliteratur.blogs.ruhr-uni-bochum.de\/gb\/","name":"Journalliteratur","description":"Formatbedingungen, visuelles Design, Rezeptionskulturen","publisher":{"@id":"https:\/\/journalliteratur.blogs.ruhr-uni-bochum.de\/gb\/#organization"},"potentialAction":[{"@type":"SearchAction","target":{"@type":"EntryPoint","urlTemplate":"https:\/\/journalliteratur.blogs.ruhr-uni-bochum.de\/gb\/?s={search_term_string}"},"query-input":{"@type":"PropertyValueSpecification","valueRequired":true,"valueName":"search_term_string"}}],"inLanguage":"en-GB"},{"@type":"Organization","@id":"https:\/\/journalliteratur.blogs.ruhr-uni-bochum.de\/gb\/#organization","name":"DFG-Forschergruppe 2288: Journalliteratur","url":"https:\/\/journalliteratur.blogs.ruhr-uni-bochum.de\/gb\/","logo":{"@type":"ImageObject","inLanguage":"en-GB","@id":"https:\/\/journalliteratur.blogs.ruhr-uni-bochum.de\/gb\/#\/schema\/logo\/image\/","url":"https:\/\/journalliteratur.blogs.ruhr-uni-bochum.de\/wp-content\/uploads\/2016\/08\/cropped-fg_journal_logo_blaetter_icon.png","contentUrl":"https:\/\/journalliteratur.blogs.ruhr-uni-bochum.de\/wp-content\/uploads\/2016\/08\/cropped-fg_journal_logo_blaetter_icon.png","width":512,"height":512,"caption":"DFG-Forschergruppe 2288: Journalliteratur"},"image":{"@id":"https:\/\/journalliteratur.blogs.ruhr-uni-bochum.de\/gb\/#\/schema\/logo\/image\/"}}]}},"_links":{"self":[{"href":"https:\/\/journalliteratur.blogs.ruhr-uni-bochum.de\/gb\/wp-json\/wp\/v2\/pages\/3036","targetHints":{"allow":["GET"]}}],"collection":[{"href":"https:\/\/journalliteratur.blogs.ruhr-uni-bochum.de\/gb\/wp-json\/wp\/v2\/pages"}],"about":[{"href":"https:\/\/journalliteratur.blogs.ruhr-uni-bochum.de\/gb\/wp-json\/wp\/v2\/types\/page"}],"author":[{"embeddable":true,"href":"https:\/\/journalliteratur.blogs.ruhr-uni-bochum.de\/gb\/wp-json\/wp\/v2\/users\/23"}],"replies":[{"embeddable":true,"href":"https:\/\/journalliteratur.blogs.ruhr-uni-bochum.de\/gb\/wp-json\/wp\/v2\/comments?post=3036"}],"version-history":[{"count":4,"href":"https:\/\/journalliteratur.blogs.ruhr-uni-bochum.de\/gb\/wp-json\/wp\/v2\/pages\/3036\/revisions"}],"predecessor-version":[{"id":3151,"href":"https:\/\/journalliteratur.blogs.ruhr-uni-bochum.de\/gb\/wp-json\/wp\/v2\/pages\/3036\/revisions\/3151"}],"wp:attachment":[{"href":"https:\/\/journalliteratur.blogs.ruhr-uni-bochum.de\/gb\/wp-json\/wp\/v2\/media?parent=3036"}],"curies":[{"name":"wp","href":"https:\/\/api.w.org\/{rel}","templated":true}]}}