{"id":2662,"date":"2019-12-16T11:54:59","date_gmt":"2019-12-16T10:54:59","guid":{"rendered":"https:\/\/journalliteratur.blogs.ruhr-uni-bochum.de\/?page_id=2662"},"modified":"2020-01-29T09:33:42","modified_gmt":"2020-01-29T08:33:42","slug":"zeitplanung-der-zweiten-foerderperiode","status":"publish","type":"page","link":"https:\/\/journalliteratur.blogs.ruhr-uni-bochum.de\/gb\/zeitplanung-der-zweiten-foerderperiode\/","title":{"rendered":"Zeitplanung der ersten F\u00f6rderperiode"},"content":{"rendered":"\n\n<table id=\"tablepress-33\" class=\"tablepress tablepress-id-33\">\n<tbody class=\"row-striping\">\n<tr class=\"row-1\">\n\t<td class=\"column-1\"><a href=\"https:\/\/journalliteratur.blogs.ruhr-uni-bochum.de\/zeitplanung\/\">Zeitplanung der zweiten F\u00f6rderperiode<\/a><\/td><td class=\"column-2\"><a href=\" https:\/\/journalliteratur.blogs.ruhr-uni-bochum.de\/zeitplanung-der-zweiten-foerderperiode\/\">Zeitplanung der ersten F\u00f6rderperiode<\/a><\/td>\n<\/tr>\n<\/tbody>\n<\/table>\n<!-- #tablepress-33 from cache -->\n\n\n<h2>Geplante internationale Konferenzen:<\/h2>\n<ul>\n<li>Ende des ersten F\u00f6rderjahres\u00a0(Uni Marburg):\u00a0\u00bb<a href=\"https:\/\/journalliteratur.blogs.ruhr-uni-bochum.de\/veranstaltungen\/konferenzen\/visual-design\/\"><em>Visuelles Design: die Journalseite als gestaltete Fl\u00e4che<\/em><\/a>\u00ab (TP 3, TP 4 und TP 5).\u00a0Mit der Akzentuierung der visuellen Organisation von Journaltexten in Schrift und Bild tritt deren Simultaneit\u00e4t und Fl\u00e4chigkeit in den Vordergrund. Historisch zu differenzieren gilt es das Verh\u00e4ltnis von Tech\u00adnikgeschichte und Seitengestaltung, etwa in variierenden Schrift\/Bild-Koppelungen; \u00e4sthetisch ist neben dem Zusammenspiel ikonischer Visualit\u00e4t mit schriftgebundenen\u00a0Texten vor allem die genuin vi\u00adsuelle Qualit\u00e4t letzterer aufzuschl\u00fcsseln, die sich in historisch, kulturell oder generisch diffe\u00adrierenden Pr\u00e4ferenzen f\u00fcr bestimmte makro-, meso- und mikrotypographische Designs \u00e4u\u00dfert. Zentral sind Effekte und Strategien visueller Rezeptionslenkung ebenso wie seman\u00adtische Optionen, die mit dem organisierten Nebeneinander der unterteilten Fl\u00e4che bzw. mit r\u00e4umlicher Tiefensuggestion auf ihr verbunden werden.<\/li>\n<\/ul>\n<ul>\n<li>Ende des zweiten F\u00f6rderjahres (Uni Bochum): \u00bb<a href=\"https:\/\/journalliteratur.blogs.ruhr-uni-bochum.de\/veranstaltungen\/konferenzen\/lektuereabbruch-anschlusslektueren-journale-lesen\/\"><em>Lekt\u00fcreabbruch \u2013 Anschlu\u00dflekt\u00fcren: Journale lesen<\/em><\/a>\u00ab\u00a0(TP 2 und TP 6).\u00a0Die Ta\u00adgung zielt, zeitlich gestaffelt und international gef\u00e4chert, auf close readings heterogener Journaltexturen des 19. und fr\u00fchen 20.\u00a0Jahrhunderts, deren Ausgangspunkt die konkrete Materialit\u00e4t der Erscheinungsform sowie deren rezeptionssteuernde Potentiale bilden. Ge\u00adfragt wird nach materialiter offerierten Lekt\u00fcrewegen und Leserichtungen, nach Prozessen der Bedeutungsgenerierung und \u2011\u00fcberlagerung unter den spezifischen temporalen und spa\u00adtialen Konditionen periodischer Publikation sowie nach Formen der Reflexion von Journal\u00admedialit\u00e4t.<br \/><br \/><\/li>\n<li>Ende des dritten F\u00f6rderjahres (Uni K\u00f6ln):\u00a0\u00bb<em>Orte des Lesens. Journalrezeption in privaten und halb\u00f6ffentlichen R\u00e4u\u00admen des 19.\u00a0Jahrhunderts<\/em>\u00ab (TP 1 in Kooperation mit Natalie Binczek, Bochum).\u00a0Im Fokus der Tagung steht der anhand von Fallbeispielen aus dem genannten Zeitraum systematisch zu entwickelnde Konnex zwischen den Formatbedin\u00adgungen der Journale und den r\u00e4umlich-institutionellen Strukturen der Journallekt\u00fcre, wie sie die h\u00e4usliche Privatheit, die Bibliothek oder das Kaffeehaus repr\u00e4sentieren. Von zentraler Bedeutung ist dabei die heuristische Unterscheidung zwischen Buch- und Journalmedium.<\/li>\n<\/ul>\n<h2>Geplante\u00a0teilprojekt\u00fcbergreifende\u00a0Workshops:<\/h2>\n<ul>\n<li>Erstes F\u00f6rderjahr:<br \/>Workshop <a href=\"https:\/\/journalliteratur.blogs.ruhr-uni-bochum.de\/journale-analytisch-lesen-theorien-methoden-begriffe\/\">\u00bb<em>Journale analytisch lesen: Theorien, Methoden, Begriffe<\/em>\u00ab<\/a>\u00a0(TP 1 und\u00a0 TP 5) in K\u00f6ln mit Hans-J\u00fcrgen Bucher und Christof Hamann<\/li>\n<\/ul>\n<ul>\n<li>Zweites F\u00f6rderjahr:<br \/>Workshop <em>\u00bb<a href=\"https:\/\/journalliteratur.blogs.ruhr-uni-bochum.de\/veranstaltungen\/workshops\/journalaehnliche-buecher-buchfoermige-journale\/\">Journal\u00e4hnliche B\u00fccher, buchf\u00f6rmige Journale<\/a>\u00ab<\/em> (TP 3 und TP 4) in Bochum<br \/><br \/><\/li>\n<li>Drittes F\u00f6rderjahr:<br \/>Workshop <em>Titel folgt<\/em><\/li>\n<\/ul>\n<h2>Geplante Workshops der Teilprojekte:<\/h2>\n<ul>\n<li>Zweites Halbjahr:<br \/>Workshop \u00bb<em>Rahmensetzung, Rahmenaufl\u00f6sung und Flow-Strukturen<\/em>\u00ab (TP\u00a06) in Bo\u00adchum<\/li>\n<\/ul>\n<ul>\n<li>Drittes Halbjahr:<br \/>Workshop \u00bb<a href=\"https:\/\/journalliteratur.blogs.ruhr-uni-bochum.de\/veranstaltungen\/workshops\/metaisierungsformen-in-der-journalliteratur\/\"><em>Metaisierungsformen in Journalliteratur<\/em><\/a>\u00ab (TP\u00a01, TP\u00a03 und TP\u00a06) in K\u00f6ln<br \/>Workshop \u00bb<a href=\"https:\/\/journalliteratur.blogs.ruhr-uni-bochum.de\/veranstaltungen\/workshops\/unruliness-of-time\/\">&#8216;Unruliness of time&#8217; in journal literature of the 19th century<\/a>\u00ab (TP\u00a02) in Bochum<\/li>\n<\/ul>\n<ul>\n<li>Viertes Halbjahr:<br \/>Workshop \u00bb<em>Das Klischee in Bewegung. Zur Dynamisierung von Text\/Bild-Beziehungen im Journal durch die Stereotypie (1830\u20131860)<\/em>\u00ab (TP\u00a04) in Bochum<\/li>\n<\/ul>\n<ul>\n<li>F\u00fcnftes Halbjahr:<br \/>Workshop \u00bb<em>\u00c4sthetik der Serialit\u00e4t: Fortsetzungs- und Wiederholungskunst<\/em>\u00ab (TP\u00a01) in K\u00f6ln<br \/>Workshop \u00bb<em>Zeit-Kreuzungen 1800\/1900: Zeit des Journals \/ Zeit der Literatur<\/em>\u00ab (TP\u00a02) in Bochum<br \/>Workshop \u00bb<em>Photography, writing,\u00a0letterpress<\/em>\u00ab (TP\u00a05) in Marburg in Kooperation mit <a href=\"https:\/\/www.uni-marburg.de\/de\/fotomarburg\">Foto Marburg<\/a><\/li>\n<\/ul>","protected":false},"excerpt":{"rendered":"<p>Geplante internationale Konferenzen: Ende des ersten F\u00f6rderjahres\u00a0(Uni Marburg):\u00a0\u00bbVisuelles Design: die Journalseite als gestaltete Fl\u00e4che\u00ab (TP 3, TP 4 und TP 5).\u00a0Mit der Akzentuierung der<\/p>\n","protected":false},"author":23,"featured_media":0,"parent":0,"menu_order":0,"comment_status":"closed","ping_status":"closed","template":"","meta":{"footnotes":""},"class_list":["post-2662","page","type-page","status-publish","hentry"],"translation":{"provider":"WPGlobus","version":"3.0.2","language":"gb","enabled_languages":["de","gb"],"languages":{"de":{"title":true,"content":true,"excerpt":false},"gb":{"title":false,"content":false,"excerpt":false}}},"yoast_head":"<!-- This site is optimized with the Yoast SEO plugin v27.3 - https:\/\/yoast.com\/product\/yoast-seo-wordpress\/ -->\n<title>Zeitplanung der ersten F\u00f6rderperiode - Journalliteratur<\/title>\n<meta name=\"robots\" content=\"index, follow, max-snippet:-1, max-image-preview:large, max-video-preview:-1\" \/>\n<link rel=\"canonical\" href=\"https:\/\/journalliteratur.blogs.ruhr-uni-bochum.de\/zeitplanung-der-zweiten-foerderperiode\/\" \/>\n<meta property=\"og:locale\" content=\"en_GB\" \/>\n<meta property=\"og:type\" content=\"article\" \/>\n<meta property=\"og:title\" content=\"Zeitplanung der ersten F\u00f6rderperiode - Journalliteratur\" \/>\n<meta property=\"og:url\" content=\"https:\/\/journalliteratur.blogs.ruhr-uni-bochum.de\/zeitplanung-der-zweiten-foerderperiode\/\" \/>\n<meta property=\"og:site_name\" content=\"Journalliteratur\" \/>\n<meta property=\"article:modified_time\" content=\"2020-01-29T08:33:42+00:00\" \/>\n<meta name=\"twitter:card\" content=\"summary_large_image\" \/>\n<meta name=\"twitter:label1\" content=\"Estimated reading time\" \/>\n\t<meta name=\"twitter:data1\" content=\"2 minutes\" \/>\n<script type=\"application\/ld+json\" class=\"yoast-schema-graph\">{\"@context\":\"https:\\\/\\\/schema.org\",\"@graph\":[{\"@type\":\"WebPage\",\"@id\":\"https:\\\/\\\/journalliteratur.blogs.ruhr-uni-bochum.de\\\/zeitplanung-der-zweiten-foerderperiode\\\/\",\"url\":\"https:\\\/\\\/journalliteratur.blogs.ruhr-uni-bochum.de\\\/zeitplanung-der-zweiten-foerderperiode\\\/\",\"name\":\"Zeitplanung der ersten F\u00f6rderperiode - Journalliteratur\",\"isPartOf\":{\"@id\":\"https:\\\/\\\/journalliteratur.blogs.ruhr-uni-bochum.de\\\/gb\\\/#website\"},\"datePublished\":\"2019-12-16T10:54:59+00:00\",\"dateModified\":\"2020-01-29T08:33:42+00:00\",\"breadcrumb\":{\"@id\":\"https:\\\/\\\/journalliteratur.blogs.ruhr-uni-bochum.de\\\/zeitplanung-der-zweiten-foerderperiode\\\/#breadcrumb\"},\"inLanguage\":\"en-GB\",\"potentialAction\":[{\"@type\":\"ReadAction\",\"target\":[\"https:\\\/\\\/journalliteratur.blogs.ruhr-uni-bochum.de\\\/zeitplanung-der-zweiten-foerderperiode\\\/\"]}]},{\"@type\":\"BreadcrumbList\",\"@id\":\"https:\\\/\\\/journalliteratur.blogs.ruhr-uni-bochum.de\\\/zeitplanung-der-zweiten-foerderperiode\\\/#breadcrumb\",\"itemListElement\":[{\"@type\":\"ListItem\",\"position\":1,\"name\":\"Startseite\",\"item\":\"https:\\\/\\\/journalliteratur.blogs.ruhr-uni-bochum.de\\\/gb\\\/\"},{\"@type\":\"ListItem\",\"position\":2,\"name\":\"Zeitplanung der ersten F\u00f6rderperiode\"}]},{\"@type\":\"WebSite\",\"@id\":\"https:\\\/\\\/journalliteratur.blogs.ruhr-uni-bochum.de\\\/gb\\\/#website\",\"url\":\"https:\\\/\\\/journalliteratur.blogs.ruhr-uni-bochum.de\\\/gb\\\/\",\"name\":\"Journalliteratur\",\"description\":\"Formatbedingungen, visuelles Design, Rezeptionskulturen\",\"publisher\":{\"@id\":\"https:\\\/\\\/journalliteratur.blogs.ruhr-uni-bochum.de\\\/gb\\\/#organization\"},\"potentialAction\":[{\"@type\":\"SearchAction\",\"target\":{\"@type\":\"EntryPoint\",\"urlTemplate\":\"https:\\\/\\\/journalliteratur.blogs.ruhr-uni-bochum.de\\\/gb\\\/?s={search_term_string}\"},\"query-input\":{\"@type\":\"PropertyValueSpecification\",\"valueRequired\":true,\"valueName\":\"search_term_string\"}}],\"inLanguage\":\"en-GB\"},{\"@type\":\"Organization\",\"@id\":\"https:\\\/\\\/journalliteratur.blogs.ruhr-uni-bochum.de\\\/gb\\\/#organization\",\"name\":\"DFG-Forschergruppe 2288: Journalliteratur\",\"url\":\"https:\\\/\\\/journalliteratur.blogs.ruhr-uni-bochum.de\\\/gb\\\/\",\"logo\":{\"@type\":\"ImageObject\",\"inLanguage\":\"en-GB\",\"@id\":\"https:\\\/\\\/journalliteratur.blogs.ruhr-uni-bochum.de\\\/gb\\\/#\\\/schema\\\/logo\\\/image\\\/\",\"url\":\"https:\\\/\\\/journalliteratur.blogs.ruhr-uni-bochum.de\\\/wp-content\\\/uploads\\\/2016\\\/08\\\/cropped-fg_journal_logo_blaetter_icon.png\",\"contentUrl\":\"https:\\\/\\\/journalliteratur.blogs.ruhr-uni-bochum.de\\\/wp-content\\\/uploads\\\/2016\\\/08\\\/cropped-fg_journal_logo_blaetter_icon.png\",\"width\":512,\"height\":512,\"caption\":\"DFG-Forschergruppe 2288: Journalliteratur\"},\"image\":{\"@id\":\"https:\\\/\\\/journalliteratur.blogs.ruhr-uni-bochum.de\\\/gb\\\/#\\\/schema\\\/logo\\\/image\\\/\"}}]}<\/script>\n<!-- \/ Yoast SEO plugin. -->","yoast_head_json":{"title":"Zeitplanung der ersten F\u00f6rderperiode - Journalliteratur","robots":{"index":"index","follow":"follow","max-snippet":"max-snippet:-1","max-image-preview":"max-image-preview:large","max-video-preview":"max-video-preview:-1"},"canonical":"https:\/\/journalliteratur.blogs.ruhr-uni-bochum.de\/zeitplanung-der-zweiten-foerderperiode\/","og_locale":"en_GB","og_type":"article","og_title":"Zeitplanung der ersten F\u00f6rderperiode - Journalliteratur","og_url":"https:\/\/journalliteratur.blogs.ruhr-uni-bochum.de\/zeitplanung-der-zweiten-foerderperiode\/","og_site_name":"Journalliteratur","article_modified_time":"2020-01-29T08:33:42+00:00","twitter_card":"summary_large_image","twitter_misc":{"Estimated reading time":"2 minutes"},"schema":{"@context":"https:\/\/schema.org","@graph":[{"@type":"WebPage","@id":"https:\/\/journalliteratur.blogs.ruhr-uni-bochum.de\/zeitplanung-der-zweiten-foerderperiode\/","url":"https:\/\/journalliteratur.blogs.ruhr-uni-bochum.de\/zeitplanung-der-zweiten-foerderperiode\/","name":"Zeitplanung der ersten F\u00f6rderperiode - Journalliteratur","isPartOf":{"@id":"https:\/\/journalliteratur.blogs.ruhr-uni-bochum.de\/gb\/#website"},"datePublished":"2019-12-16T10:54:59+00:00","dateModified":"2020-01-29T08:33:42+00:00","breadcrumb":{"@id":"https:\/\/journalliteratur.blogs.ruhr-uni-bochum.de\/zeitplanung-der-zweiten-foerderperiode\/#breadcrumb"},"inLanguage":"en-GB","potentialAction":[{"@type":"ReadAction","target":["https:\/\/journalliteratur.blogs.ruhr-uni-bochum.de\/zeitplanung-der-zweiten-foerderperiode\/"]}]},{"@type":"BreadcrumbList","@id":"https:\/\/journalliteratur.blogs.ruhr-uni-bochum.de\/zeitplanung-der-zweiten-foerderperiode\/#breadcrumb","itemListElement":[{"@type":"ListItem","position":1,"name":"Startseite","item":"https:\/\/journalliteratur.blogs.ruhr-uni-bochum.de\/gb\/"},{"@type":"ListItem","position":2,"name":"Zeitplanung der ersten F\u00f6rderperiode"}]},{"@type":"WebSite","@id":"https:\/\/journalliteratur.blogs.ruhr-uni-bochum.de\/gb\/#website","url":"https:\/\/journalliteratur.blogs.ruhr-uni-bochum.de\/gb\/","name":"Journalliteratur","description":"Formatbedingungen, visuelles Design, Rezeptionskulturen","publisher":{"@id":"https:\/\/journalliteratur.blogs.ruhr-uni-bochum.de\/gb\/#organization"},"potentialAction":[{"@type":"SearchAction","target":{"@type":"EntryPoint","urlTemplate":"https:\/\/journalliteratur.blogs.ruhr-uni-bochum.de\/gb\/?s={search_term_string}"},"query-input":{"@type":"PropertyValueSpecification","valueRequired":true,"valueName":"search_term_string"}}],"inLanguage":"en-GB"},{"@type":"Organization","@id":"https:\/\/journalliteratur.blogs.ruhr-uni-bochum.de\/gb\/#organization","name":"DFG-Forschergruppe 2288: Journalliteratur","url":"https:\/\/journalliteratur.blogs.ruhr-uni-bochum.de\/gb\/","logo":{"@type":"ImageObject","inLanguage":"en-GB","@id":"https:\/\/journalliteratur.blogs.ruhr-uni-bochum.de\/gb\/#\/schema\/logo\/image\/","url":"https:\/\/journalliteratur.blogs.ruhr-uni-bochum.de\/wp-content\/uploads\/2016\/08\/cropped-fg_journal_logo_blaetter_icon.png","contentUrl":"https:\/\/journalliteratur.blogs.ruhr-uni-bochum.de\/wp-content\/uploads\/2016\/08\/cropped-fg_journal_logo_blaetter_icon.png","width":512,"height":512,"caption":"DFG-Forschergruppe 2288: Journalliteratur"},"image":{"@id":"https:\/\/journalliteratur.blogs.ruhr-uni-bochum.de\/gb\/#\/schema\/logo\/image\/"}}]}},"_links":{"self":[{"href":"https:\/\/journalliteratur.blogs.ruhr-uni-bochum.de\/gb\/wp-json\/wp\/v2\/pages\/2662","targetHints":{"allow":["GET"]}}],"collection":[{"href":"https:\/\/journalliteratur.blogs.ruhr-uni-bochum.de\/gb\/wp-json\/wp\/v2\/pages"}],"about":[{"href":"https:\/\/journalliteratur.blogs.ruhr-uni-bochum.de\/gb\/wp-json\/wp\/v2\/types\/page"}],"author":[{"embeddable":true,"href":"https:\/\/journalliteratur.blogs.ruhr-uni-bochum.de\/gb\/wp-json\/wp\/v2\/users\/23"}],"replies":[{"embeddable":true,"href":"https:\/\/journalliteratur.blogs.ruhr-uni-bochum.de\/gb\/wp-json\/wp\/v2\/comments?post=2662"}],"version-history":[{"count":12,"href":"https:\/\/journalliteratur.blogs.ruhr-uni-bochum.de\/gb\/wp-json\/wp\/v2\/pages\/2662\/revisions"}],"predecessor-version":[{"id":3065,"href":"https:\/\/journalliteratur.blogs.ruhr-uni-bochum.de\/gb\/wp-json\/wp\/v2\/pages\/2662\/revisions\/3065"}],"wp:attachment":[{"href":"https:\/\/journalliteratur.blogs.ruhr-uni-bochum.de\/gb\/wp-json\/wp\/v2\/media?parent=2662"}],"curies":[{"name":"wp","href":"https:\/\/api.w.org\/{rel}","templated":true}]}}