{"id":2646,"date":"2019-12-13T14:31:31","date_gmt":"2019-12-13T13:31:31","guid":{"rendered":"https:\/\/journalliteratur.blogs.ruhr-uni-bochum.de\/?page_id=2646"},"modified":"2020-01-08T14:22:16","modified_gmt":"2020-01-08T13:22:16","slug":"fellows-kooperationen-der-zweiten-foerderphase","status":"publish","type":"page","link":"https:\/\/journalliteratur.blogs.ruhr-uni-bochum.de\/gb\/fellows-kooperationen-der-zweiten-foerderphase\/","title":{"rendered":"Fellows &#038; Collaborations of the second funding period"},"content":{"rendered":"\n\n<table id=\"tablepress-34\" class=\"tablepress tablepress-id-34\">\n<thead>\n<tr class=\"row-1\">\n\t<th class=\"column-1\"><a href=\" https:\/\/journalliteratur.blogs.ruhr-uni-bochum.de\/gb\/ueber-die-forschergruppe\/kooperationen\/\"><br \/>\nFellows &amp; Collaborations of the first funding period<\/a><br \/>\n<br \/>\n<\/th><th class=\"column-2\"><a href=\" https:\/\/journalliteratur.blogs.ruhr-uni-bochum.de\/gb\/fellows-kooperationen-der-zweiten-foerderphase\/\"><br \/>\nFellows &amp; Collaborations of the second funding period<br \/>\n<\/a><\/th>\n<\/tr>\n<\/thead>\n<tbody class=\"row-striping row-hover\">\n<\/tbody>\n<\/table>\n<!-- #tablepress-34 from cache -->\n\n\n<h2>Mercator Fellows of the Research Unit<\/h2>\n<ul>\n<li><a href=\"https:\/\/www.westminster.ac.uk\/about-us\/our-people\/directory\/campany-david\">David Campany<\/a>, Lecturer of Photographic Theory and Practice, University of Westminster, London; Curator and Writer (invited by SP 5)<\/li>\n<li><a href=\"https:\/\/english.chass.ncsu.edu\/faculty_staff\/pcfyfe\">Paul Fyfe<\/a>, Associate Professor of English Literature, North Carolina State University (invited by SP 4)<\/li>\n<li>Ellen Gruber Garvey, Professor (emerita) of English Studies, New Jersey City University (invited by SP 7)<\/li>\n<li><a href=\"https:\/\/commarts.wisc.edu\/staff\/hoyt-eric\/\">Eric Hoyt<\/a>, Associate Professor of Media and Cultural Studies, University of Wisconsin-Madison (invited by SP 8)<\/li>\n<li><a href=\"https:\/\/www.ncl.ac.uk\/elll\/staff\/profile\/kirstenmacleod.html#background\">Kirsten MacLeod<\/a>, Lecturer in English Literatur, Newcastle University (invited by SP 1)<\/li>\n<li><a href=\"https:\/\/liberalarts.utexas.edu\/germanic\/faculty\/rpc682\">Rikke Platz Cortsen<\/a>, Lecturer in Danish and Scandinavian Culture (Comic Researcher), University of Texas, Austin (invited by SP 6)<\/li>\n<li><a href=\"http:\/\/www.larca.univ-paris-diderot.fr\/en\/membre\/slauter-will-2\/\">Will Slauter<\/a>, Associate Professor of English Studies, Universit\u00e9 Paris Diderot CNRS und Junior Fellow am Institut universitaire de France (invited by SP 7)<\/li>\n<li><a href=\"https:\/\/dornsife.usc.edu\/vanessaschwartz\">Vanessa Schwartz<\/a>, Professor of Art History, History and Film, Visual Studies Research Institute, University of Southern California (invited by SP 5)<\/li>\n<li><a href=\"https:\/\/www.ntu.ac.uk\/staff-profiles\/education\/andrew-thacker\">Andrew Thacker<\/a>, Professor of English Literature, Nottingham Trent University (invited by SP 1)<\/li>\n<li><a href=\"https:\/\/www.kcl.ac.uk\/people\/professor-mark-turner\">Mark Turner<\/a>, Professor of Nineteenth &amp; Twentieth-Century Literature, King\u2019s College London (invited by SP 2)<\/li>\n<\/ul>\n<p>\u00a0<\/p>\n\n\n<\/p>\n<h2 class=\"wp-block-heading\">Further collaborations partners of the Research Unit<\/h2>\n<p>\n\n\n\n<\/p>\n<p>High-profile international collaborations with French, English, American and Canadian journal (literature) research are complemented by project-based individual collaborations:\n\n\n<p><\/p>\n<ul>\n<li><a href=\"http:\/\/www.bbk.ac.uk\/english\/our-staff\/emeritus-staff\/laurel-brake\"> Prof. em. Laurel Brake<\/a> (Professor Emerita of English Literature and Print Culture, Birbeck University of London)<\/li>\n<li><a href=\"http:\/\/staff.germanistik.rub.de\/eikelmann\/\"> Prof. Dr. Manfred Eikelmann<\/a> (Ruhr-University Bochum; designated speaker of the FOR 3034 (pre-proposal) \u00bbPoetiken des Sammelns. Modelle literarischer Produktion in historischer und systematischer Perspektive\u00ab)<\/li>\n<li><a href=\"http:\/\/www.buchwissenschaft.uni-muenchen.de\/personen\/professoren\/haug\/index.html\"> Prof. Dr. Christine Haug<\/a> (Director of the degree programmes Book Studies, Ludwig-Maximilians-University M\u00fcnchen, research focus \u00bbLiteraturbetrieb im 19. Jahrhundert, Entwicklung von Buch- und Pressemarkt im Kontext der Industrialisierung\u00ab)<\/li>\n<li><a href=\"http:\/\/www.geisteswissenschaften.fu-berlin.de\/we04\/institut\/mitarbeiter\/podewski\/index.html\">PD Dr. Madleen Podewski<\/a> (Freie Universit\u00e4t Berlin; DFG-Project&nbsp;<a href=\"http:\/\/gepris.dfg.de\/gepris\/projekt\/282457319\">\u00bbLiteratur im Zeitalter der Illustrierten: Stationen komplexer Text-Bild-Beziehungen im 19. Jahrhundert\u00ab<\/a>)<\/li>\n<li><a href=\"https:\/\/www.uni-goettingen.de\/de\/11860.html\"> Prof. Dr. Claudia Stockinger<\/a> (University of G\u00f6ttingen; leader of the&nbsp;sub-project&nbsp;\u00bbSerielles Erz\u00e4hlen in popul\u00e4ren deutschsprachigen Periodika zwischen 1850 und 1890\u00ab of the <a href=\"http:\/\/www.popularseriality.de\/\">DFG-Research Unit 1091 \u00bb\u00c4sthetik und Praxis popul\u00e4rer Serialit\u00e4t\u00ab<\/a>)<\/li>\n<li><a href=\"http:\/\/staff.germanistik.rub.de\/sebastian-susteck\/\"> Prof. Dr. Sebastian Susteck <\/a>(Ruhr-University Bochum; research project \u203aHeinrich Hauser\u2039: indexing of the reportage work of the versatile author from Weimar Republic, NS period and former Federal Republic)<\/li>\n<li><a href=\"http:\/\/staff.germanistik.rub.de\/zelle\/\"> Prof. Dr. Carsten Zelle<\/a> (Ruhr-University Bochum; from 2015\u20132018 leader of a project founded by Thyssen &nbsp;about the collection of &nbsp;The New&nbsp;Pitaval (1842\u20131890) and its relation i.a. to legal journals; Planing a project about the representation of dietary knowledge in popular scientific journal literature of the Enlightenment and family magazines of the 19th century)<\/li>\n<\/ul>","protected":false},"excerpt":{"rendered":"<p>Mercator Fellows of the Research Unit David Campany, Lecturer of Photographic Theory and Practice, University of Westminster, London; Curator and Writer (invited by SP<\/p>\n","protected":false},"author":23,"featured_media":0,"parent":0,"menu_order":0,"comment_status":"closed","ping_status":"closed","template":"","meta":{"footnotes":""},"class_list":["post-2646","page","type-page","status-publish","hentry"],"translation":{"provider":"WPGlobus","version":"3.0.2","language":"gb","enabled_languages":["de","gb"],"languages":{"de":{"title":true,"content":true,"excerpt":false},"gb":{"title":true,"content":true,"excerpt":false}}},"yoast_head":"<!-- This site is optimized with the Yoast SEO plugin v27.3 - https:\/\/yoast.com\/product\/yoast-seo-wordpress\/ -->\n<title>Fellows &amp; Collaborations of the second funding period - Journalliteratur<\/title>\n<meta name=\"robots\" content=\"index, follow, max-snippet:-1, max-image-preview:large, max-video-preview:-1\" \/>\n<link rel=\"canonical\" href=\"https:\/\/journalliteratur.blogs.ruhr-uni-bochum.de\/fellows-kooperationen-der-zweiten-foerderphase\/\" \/>\n<meta property=\"og:locale\" content=\"en_GB\" \/>\n<meta property=\"og:type\" content=\"article\" \/>\n<meta property=\"og:title\" content=\"Fellows &amp; Collaborations of the second funding period - Journalliteratur\" \/>\n<meta property=\"og:url\" content=\"https:\/\/journalliteratur.blogs.ruhr-uni-bochum.de\/fellows-kooperationen-der-zweiten-foerderphase\/\" \/>\n<meta property=\"og:site_name\" content=\"Journalliteratur\" \/>\n<meta property=\"article:modified_time\" content=\"2020-01-08T13:22:16+00:00\" \/>\n<meta name=\"twitter:card\" content=\"summary_large_image\" \/>\n<meta name=\"twitter:label1\" content=\"Estimated reading time\" \/>\n\t<meta name=\"twitter:data1\" content=\"4 minutes\" \/>\n<script type=\"application\/ld+json\" class=\"yoast-schema-graph\">{\"@context\":\"https:\\\/\\\/schema.org\",\"@graph\":[{\"@type\":\"WebPage\",\"@id\":\"https:\\\/\\\/journalliteratur.blogs.ruhr-uni-bochum.de\\\/fellows-kooperationen-der-zweiten-foerderphase\\\/\",\"url\":\"https:\\\/\\\/journalliteratur.blogs.ruhr-uni-bochum.de\\\/fellows-kooperationen-der-zweiten-foerderphase\\\/\",\"name\":\"Fellows & Collaborations of the second funding period - Journalliteratur\",\"isPartOf\":{\"@id\":\"https:\\\/\\\/journalliteratur.blogs.ruhr-uni-bochum.de\\\/gb\\\/#website\"},\"datePublished\":\"2019-12-13T13:31:31+00:00\",\"dateModified\":\"2020-01-08T13:22:16+00:00\",\"breadcrumb\":{\"@id\":\"https:\\\/\\\/journalliteratur.blogs.ruhr-uni-bochum.de\\\/fellows-kooperationen-der-zweiten-foerderphase\\\/#breadcrumb\"},\"inLanguage\":\"en-GB\",\"potentialAction\":[{\"@type\":\"ReadAction\",\"target\":[\"https:\\\/\\\/journalliteratur.blogs.ruhr-uni-bochum.de\\\/fellows-kooperationen-der-zweiten-foerderphase\\\/\"]}]},{\"@type\":\"BreadcrumbList\",\"@id\":\"https:\\\/\\\/journalliteratur.blogs.ruhr-uni-bochum.de\\\/fellows-kooperationen-der-zweiten-foerderphase\\\/#breadcrumb\",\"itemListElement\":[{\"@type\":\"ListItem\",\"position\":1,\"name\":\"Startseite\",\"item\":\"https:\\\/\\\/journalliteratur.blogs.ruhr-uni-bochum.de\\\/gb\\\/\"},{\"@type\":\"ListItem\",\"position\":2,\"name\":\"Fellows &#038; Kooperationen der zweiten F\u00f6rderphase\"}]},{\"@type\":\"WebSite\",\"@id\":\"https:\\\/\\\/journalliteratur.blogs.ruhr-uni-bochum.de\\\/gb\\\/#website\",\"url\":\"https:\\\/\\\/journalliteratur.blogs.ruhr-uni-bochum.de\\\/gb\\\/\",\"name\":\"Journalliteratur\",\"description\":\"Formatbedingungen, visuelles Design, Rezeptionskulturen\",\"publisher\":{\"@id\":\"https:\\\/\\\/journalliteratur.blogs.ruhr-uni-bochum.de\\\/gb\\\/#organization\"},\"potentialAction\":[{\"@type\":\"SearchAction\",\"target\":{\"@type\":\"EntryPoint\",\"urlTemplate\":\"https:\\\/\\\/journalliteratur.blogs.ruhr-uni-bochum.de\\\/gb\\\/?s={search_term_string}\"},\"query-input\":{\"@type\":\"PropertyValueSpecification\",\"valueRequired\":true,\"valueName\":\"search_term_string\"}}],\"inLanguage\":\"en-GB\"},{\"@type\":\"Organization\",\"@id\":\"https:\\\/\\\/journalliteratur.blogs.ruhr-uni-bochum.de\\\/gb\\\/#organization\",\"name\":\"DFG-Forschergruppe 2288: Journalliteratur\",\"url\":\"https:\\\/\\\/journalliteratur.blogs.ruhr-uni-bochum.de\\\/gb\\\/\",\"logo\":{\"@type\":\"ImageObject\",\"inLanguage\":\"en-GB\",\"@id\":\"https:\\\/\\\/journalliteratur.blogs.ruhr-uni-bochum.de\\\/gb\\\/#\\\/schema\\\/logo\\\/image\\\/\",\"url\":\"https:\\\/\\\/journalliteratur.blogs.ruhr-uni-bochum.de\\\/wp-content\\\/uploads\\\/2016\\\/08\\\/cropped-fg_journal_logo_blaetter_icon.png\",\"contentUrl\":\"https:\\\/\\\/journalliteratur.blogs.ruhr-uni-bochum.de\\\/wp-content\\\/uploads\\\/2016\\\/08\\\/cropped-fg_journal_logo_blaetter_icon.png\",\"width\":512,\"height\":512,\"caption\":\"DFG-Forschergruppe 2288: Journalliteratur\"},\"image\":{\"@id\":\"https:\\\/\\\/journalliteratur.blogs.ruhr-uni-bochum.de\\\/gb\\\/#\\\/schema\\\/logo\\\/image\\\/\"}}]}<\/script>\n<!-- \/ Yoast SEO plugin. -->","yoast_head_json":{"title":"Fellows & Collaborations of the second funding period - Journalliteratur","robots":{"index":"index","follow":"follow","max-snippet":"max-snippet:-1","max-image-preview":"max-image-preview:large","max-video-preview":"max-video-preview:-1"},"canonical":"https:\/\/journalliteratur.blogs.ruhr-uni-bochum.de\/fellows-kooperationen-der-zweiten-foerderphase\/","og_locale":"en_GB","og_type":"article","og_title":"Fellows & Collaborations of the second funding period - Journalliteratur","og_url":"https:\/\/journalliteratur.blogs.ruhr-uni-bochum.de\/fellows-kooperationen-der-zweiten-foerderphase\/","og_site_name":"Journalliteratur","article_modified_time":"2020-01-08T13:22:16+00:00","twitter_card":"summary_large_image","twitter_misc":{"Estimated reading time":"4 minutes"},"schema":{"@context":"https:\/\/schema.org","@graph":[{"@type":"WebPage","@id":"https:\/\/journalliteratur.blogs.ruhr-uni-bochum.de\/fellows-kooperationen-der-zweiten-foerderphase\/","url":"https:\/\/journalliteratur.blogs.ruhr-uni-bochum.de\/fellows-kooperationen-der-zweiten-foerderphase\/","name":"Fellows & Collaborations of the second funding period - Journalliteratur","isPartOf":{"@id":"https:\/\/journalliteratur.blogs.ruhr-uni-bochum.de\/gb\/#website"},"datePublished":"2019-12-13T13:31:31+00:00","dateModified":"2020-01-08T13:22:16+00:00","breadcrumb":{"@id":"https:\/\/journalliteratur.blogs.ruhr-uni-bochum.de\/fellows-kooperationen-der-zweiten-foerderphase\/#breadcrumb"},"inLanguage":"en-GB","potentialAction":[{"@type":"ReadAction","target":["https:\/\/journalliteratur.blogs.ruhr-uni-bochum.de\/fellows-kooperationen-der-zweiten-foerderphase\/"]}]},{"@type":"BreadcrumbList","@id":"https:\/\/journalliteratur.blogs.ruhr-uni-bochum.de\/fellows-kooperationen-der-zweiten-foerderphase\/#breadcrumb","itemListElement":[{"@type":"ListItem","position":1,"name":"Startseite","item":"https:\/\/journalliteratur.blogs.ruhr-uni-bochum.de\/gb\/"},{"@type":"ListItem","position":2,"name":"Fellows &#038; Kooperationen der zweiten F\u00f6rderphase"}]},{"@type":"WebSite","@id":"https:\/\/journalliteratur.blogs.ruhr-uni-bochum.de\/gb\/#website","url":"https:\/\/journalliteratur.blogs.ruhr-uni-bochum.de\/gb\/","name":"Journalliteratur","description":"Formatbedingungen, visuelles Design, Rezeptionskulturen","publisher":{"@id":"https:\/\/journalliteratur.blogs.ruhr-uni-bochum.de\/gb\/#organization"},"potentialAction":[{"@type":"SearchAction","target":{"@type":"EntryPoint","urlTemplate":"https:\/\/journalliteratur.blogs.ruhr-uni-bochum.de\/gb\/?s={search_term_string}"},"query-input":{"@type":"PropertyValueSpecification","valueRequired":true,"valueName":"search_term_string"}}],"inLanguage":"en-GB"},{"@type":"Organization","@id":"https:\/\/journalliteratur.blogs.ruhr-uni-bochum.de\/gb\/#organization","name":"DFG-Forschergruppe 2288: Journalliteratur","url":"https:\/\/journalliteratur.blogs.ruhr-uni-bochum.de\/gb\/","logo":{"@type":"ImageObject","inLanguage":"en-GB","@id":"https:\/\/journalliteratur.blogs.ruhr-uni-bochum.de\/gb\/#\/schema\/logo\/image\/","url":"https:\/\/journalliteratur.blogs.ruhr-uni-bochum.de\/wp-content\/uploads\/2016\/08\/cropped-fg_journal_logo_blaetter_icon.png","contentUrl":"https:\/\/journalliteratur.blogs.ruhr-uni-bochum.de\/wp-content\/uploads\/2016\/08\/cropped-fg_journal_logo_blaetter_icon.png","width":512,"height":512,"caption":"DFG-Forschergruppe 2288: Journalliteratur"},"image":{"@id":"https:\/\/journalliteratur.blogs.ruhr-uni-bochum.de\/gb\/#\/schema\/logo\/image\/"}}]}},"_links":{"self":[{"href":"https:\/\/journalliteratur.blogs.ruhr-uni-bochum.de\/gb\/wp-json\/wp\/v2\/pages\/2646","targetHints":{"allow":["GET"]}}],"collection":[{"href":"https:\/\/journalliteratur.blogs.ruhr-uni-bochum.de\/gb\/wp-json\/wp\/v2\/pages"}],"about":[{"href":"https:\/\/journalliteratur.blogs.ruhr-uni-bochum.de\/gb\/wp-json\/wp\/v2\/types\/page"}],"author":[{"embeddable":true,"href":"https:\/\/journalliteratur.blogs.ruhr-uni-bochum.de\/gb\/wp-json\/wp\/v2\/users\/23"}],"replies":[{"embeddable":true,"href":"https:\/\/journalliteratur.blogs.ruhr-uni-bochum.de\/gb\/wp-json\/wp\/v2\/comments?post=2646"}],"version-history":[{"count":10,"href":"https:\/\/journalliteratur.blogs.ruhr-uni-bochum.de\/gb\/wp-json\/wp\/v2\/pages\/2646\/revisions"}],"predecessor-version":[{"id":2874,"href":"https:\/\/journalliteratur.blogs.ruhr-uni-bochum.de\/gb\/wp-json\/wp\/v2\/pages\/2646\/revisions\/2874"}],"wp:attachment":[{"href":"https:\/\/journalliteratur.blogs.ruhr-uni-bochum.de\/gb\/wp-json\/wp\/v2\/media?parent=2646"}],"curies":[{"name":"wp","href":"https:\/\/api.w.org\/{rel}","templated":true}]}}