{"id":25,"date":"2016-08-08T11:30:31","date_gmt":"2016-08-08T09:30:31","guid":{"rendered":"https:\/\/journalliteratur.blogs.ruhr-uni-bochum.de\/?page_id=25"},"modified":"2022-10-31T08:30:37","modified_gmt":"2022-10-31T07:30:37","slug":"kontakt-impressum","status":"publish","type":"page","link":"https:\/\/journalliteratur.blogs.ruhr-uni-bochum.de\/gb\/kontakt-impressum\/","title":{"rendered":"Contact &#038; Imprint"},"content":{"rendered":"<hr \/>\n<h2><strong>Contact<\/strong><\/h2>\n<p><strong>Prof. Dr. Nicola Kaminski<br \/>\n<\/strong><em>(Speaker of the\u00a0Research Unit)<\/em><\/p>\n<p>Ruhr-Universit\u00e4t Bochum<br \/>\nFakult\u00e4t f\u00fcr Philologie<br \/>\nGermanistisches Institut<br \/>\nUniversit\u00e4tsstr. 150<br \/>\n44780 Bochum<br \/>\nGermany<\/p>\n<p>Room: GC 7\/60<br \/>\nE-Mail: <a href=\"mailto:nicola.kaminski@rub.de\">nicola.kaminski(at)rub.de<\/a><br \/>\nPhone: 0234-32-25097<\/p>\n<p><strong>Prof. Dr. Jens\u00a0Ruchatz<br \/>\n<\/strong><em>(Vice Speaker of the Research Unit)<\/em><\/p>\n<p>Philipps-Universit\u00e4t Marburg<br \/>\nMedienwissenschaft<br \/>\nWilhelm-R\u00f6pke-Str. 6a<br \/>\n35032 Marburg<br \/>\nGermany<\/p>\n<p>Room:\u00a0WR 05A01A<br \/>\nE-Mail: <a href=\"mailto:ruchatz@stuff.uni-marburg.de\">ruchatz(at)staff.uni-marburg.de<\/a><br \/>\nPhone: 06421-28-24636<\/p>\n<hr \/>\n<p><strong>Sandra Socha<\/strong><br \/>\n(<em>Scientific coordinator<\/em>)<\/p>\n<p>Philipps-Universit\u00e4t Marburg<br \/>\nForschergruppe 2288: Journalliteratur<br \/>\nInstitut f\u00fcr Medienwissenschaft<br \/>\nWilhelm-R\u00f6pke-Str. 6A<br \/>\n35032 Marburg<\/p>\n<p>E-Mail: <a href=\"mailto:sochas@staff.uni-marburg.de\">sochas (at) staff.uni-marburg.de<\/a><br \/>\nPhone: 06421 28-24788<\/p>\n<p><strong>N. N.<br \/>\n<\/strong><em>(Scientific coordinator)<\/em><\/p>\n<p>Ruhr-Universit\u00e4t Bochum<br \/>\nForschergruppe 2288: Journalliteratur<br \/>\nUniversit\u00e4tsstr. 105<br \/>\n44789 Bochum<\/p>\n<p>Room 4.27<br \/>\nE-Mail:<br \/>\nPhone: 0234-32-21516<\/p>\n<hr \/>\n<p>Science Manager<\/p>\n<p><strong>PD Dr. Gregor Schwering<\/strong><br \/>\nFakult\u00e4t f\u00fcr Philologie<br \/>\nGermanistisches\u00a0Institut<br class=\"\" \/>Room: GB 4\/54<br \/>\nE-Mail: <a href=\"mailto:gregor.schwering@rub.de\">gregor.schwering(at)rub.de<\/a><br class=\"\" \/>Phone: 0234-32-25096<\/p>\n<hr \/>\n<h2><strong>Impressum<\/strong><\/h2>\n<p>Der vorliegende Blog unterliegt gem\u00e4\u00df \u00a7 55 RStV der inhaltlichen Verantwortung von:<\/p>\n<p class=\"BodyText2\"><strong>Prof. Dr. Nicola Kaminski<br \/>\n<\/strong>Ruhr-Universit\u00e4t Bochum<br \/>\nFakult\u00e4t f\u00fcr Philologie<br \/>\nGermanistisches Institut<br \/>\nUniversit\u00e4tsstr. 150<br \/>\n44780 Bochum<\/p>\n<p>Raum: GC 7\/60<br \/>\nE-Mail: <a href=\"mailto:nicola.kaminski@rub.de\">nicola.kaminski(at)rub.de<\/a><br \/>\nTelefon: 0234-32-25097<\/p>\n<p>Gem\u00e4\u00df \u00a7 28 BDSG wird\u00a0jeder kommerziellen Verwendung und Weitergabe der im Blog verwendeten Personendaten (Namen, eMail-Adressen, postalische Adressen etc.) widersprochen.<\/p>\n<hr \/>\n<h4>Haftungshinweis<\/h4>\n<p>Trotz sorgf\u00e4ltiger inhaltlicher Kontrolle \u00fcbernehmen wir keine Haftung f\u00fcr die Inhalte externer Links. F\u00fcr den Inhalt der verlinkten Seiten sind ausschlie\u00dflich deren Betreiber\/innen verantwortlich.<\/p>\n<hr \/>\n<p>Der vorliegende Blog ist auf dem Blog-Server der Ruhr-Universit\u00e4t Bochum eingerichtet.\u00a0Die Verantwortlichkeiten und relevanten Adressen f\u00fcr den zentralen Blog-Server sind im<a href=\"http:\/\/www.it-services.rub.de\/services\/infrastruktur-systeme-it-sicherheit\/internetauftritt\/blog-service\/nutzungsbedingungen\" target=\"_blank\" rel=\"noopener noreferrer\"> Impressum der Ruhr-Universit\u00e4t<\/a> genannt.\u00a0Meldungen \u00fcber missbr\u00e4uchliche Nutzungen, die von Stationen aus dem IP-Namensbereich ruhr-uni-bochum.de ausgehen, senden Sie bitte an die Email-Adresse\u00a0<a href=\"mailto:abuse@ruhr-uni-bochum.de\">abuse@ruhr-uni-bochum.de<\/a><\/p>\n<hr \/>\n<h2>Datenschutzerkl\u00e4rung<\/h2>\n<h3>Datenschutz<\/h3>\n<p>Die Betreiber dieser Seiten nehmen den Schutz Ihrer pers\u00f6nlichen Daten sehr ernst. Wir behandeln Ihre personenbezogenen Daten vertraulich und entsprechend der gesetzlichen Datenschutzvorschriften sowie dieser Datenschutzerkl\u00e4rung.<\/p>\n<p>Die Nutzung unserer Webseite ist in der Regel ohne Angabe personenbezogener Daten m\u00f6glich. Soweit auf unseren Seiten personenbezogene Daten (beispielsweise Name, Anschrift oder E-Mail-Adressen) erhoben werden, erfolgt dies, soweit m\u00f6glich, stets auf freiwilliger Basis. Diese Daten werden ohne Ihre ausdr\u00fcckliche Zustimmung nicht an Dritte weitergegeben.<\/p>\n<p>Wir weisen darauf hin, dass die Daten\u00fcbertragung im Internet (z.B. bei der Kommunikation per E-Mail) Sicherheitsl\u00fccken aufweisen kann. Ein l\u00fcckenloser Schutz der Daten vor dem Zugriff durch Dritte ist nicht m\u00f6glich.<\/p>\n<hr \/>\n<h3>Auskunft, L\u00f6schung, Sperrung<\/h3>\n<p>Sie haben jederzeit das Recht auf unentgeltliche Auskunft \u00fcber Ihre gespeicherten personenbezogenen Daten, deren Herkunft und Empf\u00e4nger und den Zweck der Datenverarbeitung sowie ein Recht auf Berichtigung, Sperrung oder L\u00f6schung dieser Daten. Hierzu sowie zu weiteren Fragen zum Thema personenbezogene Daten k\u00f6nnen Sie sich jederzeit unter der im Impressum angegebenen Adresse an uns wenden.<\/p>\n","protected":false},"excerpt":{"rendered":"<p>Contact Prof. Dr. Nicola Kaminski (Speaker of the\u00a0Research Unit) Ruhr-Universit\u00e4t Bochum Fakult\u00e4t f\u00fcr Philologie Germanistisches Institut Universit\u00e4tsstr. 150 44780 Bochum Germany Room: GC 7\/60<\/p>\n","protected":false},"author":7,"featured_media":0,"parent":0,"menu_order":0,"comment_status":"closed","ping_status":"closed","template":"","meta":{"footnotes":""},"class_list":["post-25","page","type-page","status-publish","hentry"],"translation":{"provider":"WPGlobus","version":"3.0.2","language":"gb","enabled_languages":["de","gb"],"languages":{"de":{"title":true,"content":true,"excerpt":false},"gb":{"title":true,"content":true,"excerpt":false}}},"yoast_head":"<!-- This site is optimized with the Yoast SEO plugin v27.3 - https:\/\/yoast.com\/product\/yoast-seo-wordpress\/ -->\n<title>Contact &amp; Imprint - Journalliteratur<\/title>\n<meta name=\"robots\" content=\"index, follow, max-snippet:-1, max-image-preview:large, max-video-preview:-1\" \/>\n<link rel=\"canonical\" href=\"https:\/\/journalliteratur.blogs.ruhr-uni-bochum.de\/kontakt-impressum\/\" \/>\n<meta property=\"og:locale\" content=\"en_GB\" \/>\n<meta property=\"og:type\" content=\"article\" \/>\n<meta property=\"og:title\" content=\"Contact &amp; Imprint - Journalliteratur\" \/>\n<meta property=\"og:url\" content=\"https:\/\/journalliteratur.blogs.ruhr-uni-bochum.de\/kontakt-impressum\/\" \/>\n<meta property=\"og:site_name\" content=\"Journalliteratur\" \/>\n<meta property=\"article:modified_time\" content=\"2022-10-31T07:30:37+00:00\" \/>\n<meta name=\"twitter:card\" content=\"summary_large_image\" \/>\n<meta name=\"twitter:label1\" content=\"Estimated reading time\" \/>\n\t<meta name=\"twitter:data1\" content=\"4 minutes\" \/>\n<script type=\"application\/ld+json\" class=\"yoast-schema-graph\">{\"@context\":\"https:\\\/\\\/schema.org\",\"@graph\":[{\"@type\":\"WebPage\",\"@id\":\"https:\\\/\\\/journalliteratur.blogs.ruhr-uni-bochum.de\\\/kontakt-impressum\\\/\",\"url\":\"https:\\\/\\\/journalliteratur.blogs.ruhr-uni-bochum.de\\\/kontakt-impressum\\\/\",\"name\":\"Contact & Imprint - Journalliteratur\",\"isPartOf\":{\"@id\":\"https:\\\/\\\/journalliteratur.blogs.ruhr-uni-bochum.de\\\/gb\\\/#website\"},\"datePublished\":\"2016-08-08T09:30:31+00:00\",\"dateModified\":\"2022-10-31T07:30:37+00:00\",\"breadcrumb\":{\"@id\":\"https:\\\/\\\/journalliteratur.blogs.ruhr-uni-bochum.de\\\/kontakt-impressum\\\/#breadcrumb\"},\"inLanguage\":\"en-GB\",\"potentialAction\":[{\"@type\":\"ReadAction\",\"target\":[\"https:\\\/\\\/journalliteratur.blogs.ruhr-uni-bochum.de\\\/kontakt-impressum\\\/\"]}]},{\"@type\":\"BreadcrumbList\",\"@id\":\"https:\\\/\\\/journalliteratur.blogs.ruhr-uni-bochum.de\\\/kontakt-impressum\\\/#breadcrumb\",\"itemListElement\":[{\"@type\":\"ListItem\",\"position\":1,\"name\":\"Startseite\",\"item\":\"https:\\\/\\\/journalliteratur.blogs.ruhr-uni-bochum.de\\\/gb\\\/\"},{\"@type\":\"ListItem\",\"position\":2,\"name\":\"Kontakt &#038; Impressum\"}]},{\"@type\":\"WebSite\",\"@id\":\"https:\\\/\\\/journalliteratur.blogs.ruhr-uni-bochum.de\\\/gb\\\/#website\",\"url\":\"https:\\\/\\\/journalliteratur.blogs.ruhr-uni-bochum.de\\\/gb\\\/\",\"name\":\"Journalliteratur\",\"description\":\"Formatbedingungen, visuelles Design, Rezeptionskulturen\",\"publisher\":{\"@id\":\"https:\\\/\\\/journalliteratur.blogs.ruhr-uni-bochum.de\\\/gb\\\/#organization\"},\"potentialAction\":[{\"@type\":\"SearchAction\",\"target\":{\"@type\":\"EntryPoint\",\"urlTemplate\":\"https:\\\/\\\/journalliteratur.blogs.ruhr-uni-bochum.de\\\/gb\\\/?s={search_term_string}\"},\"query-input\":{\"@type\":\"PropertyValueSpecification\",\"valueRequired\":true,\"valueName\":\"search_term_string\"}}],\"inLanguage\":\"en-GB\"},{\"@type\":\"Organization\",\"@id\":\"https:\\\/\\\/journalliteratur.blogs.ruhr-uni-bochum.de\\\/gb\\\/#organization\",\"name\":\"DFG-Forschergruppe 2288: Journalliteratur\",\"url\":\"https:\\\/\\\/journalliteratur.blogs.ruhr-uni-bochum.de\\\/gb\\\/\",\"logo\":{\"@type\":\"ImageObject\",\"inLanguage\":\"en-GB\",\"@id\":\"https:\\\/\\\/journalliteratur.blogs.ruhr-uni-bochum.de\\\/gb\\\/#\\\/schema\\\/logo\\\/image\\\/\",\"url\":\"https:\\\/\\\/journalliteratur.blogs.ruhr-uni-bochum.de\\\/wp-content\\\/uploads\\\/2016\\\/08\\\/cropped-fg_journal_logo_blaetter_icon.png\",\"contentUrl\":\"https:\\\/\\\/journalliteratur.blogs.ruhr-uni-bochum.de\\\/wp-content\\\/uploads\\\/2016\\\/08\\\/cropped-fg_journal_logo_blaetter_icon.png\",\"width\":512,\"height\":512,\"caption\":\"DFG-Forschergruppe 2288: Journalliteratur\"},\"image\":{\"@id\":\"https:\\\/\\\/journalliteratur.blogs.ruhr-uni-bochum.de\\\/gb\\\/#\\\/schema\\\/logo\\\/image\\\/\"}}]}<\/script>\n<!-- \/ Yoast SEO plugin. -->","yoast_head_json":{"title":"Contact & Imprint - Journalliteratur","robots":{"index":"index","follow":"follow","max-snippet":"max-snippet:-1","max-image-preview":"max-image-preview:large","max-video-preview":"max-video-preview:-1"},"canonical":"https:\/\/journalliteratur.blogs.ruhr-uni-bochum.de\/kontakt-impressum\/","og_locale":"en_GB","og_type":"article","og_title":"Contact & Imprint - Journalliteratur","og_url":"https:\/\/journalliteratur.blogs.ruhr-uni-bochum.de\/kontakt-impressum\/","og_site_name":"Journalliteratur","article_modified_time":"2022-10-31T07:30:37+00:00","twitter_card":"summary_large_image","twitter_misc":{"Estimated reading time":"4 minutes"},"schema":{"@context":"https:\/\/schema.org","@graph":[{"@type":"WebPage","@id":"https:\/\/journalliteratur.blogs.ruhr-uni-bochum.de\/kontakt-impressum\/","url":"https:\/\/journalliteratur.blogs.ruhr-uni-bochum.de\/kontakt-impressum\/","name":"Contact & Imprint - Journalliteratur","isPartOf":{"@id":"https:\/\/journalliteratur.blogs.ruhr-uni-bochum.de\/gb\/#website"},"datePublished":"2016-08-08T09:30:31+00:00","dateModified":"2022-10-31T07:30:37+00:00","breadcrumb":{"@id":"https:\/\/journalliteratur.blogs.ruhr-uni-bochum.de\/kontakt-impressum\/#breadcrumb"},"inLanguage":"en-GB","potentialAction":[{"@type":"ReadAction","target":["https:\/\/journalliteratur.blogs.ruhr-uni-bochum.de\/kontakt-impressum\/"]}]},{"@type":"BreadcrumbList","@id":"https:\/\/journalliteratur.blogs.ruhr-uni-bochum.de\/kontakt-impressum\/#breadcrumb","itemListElement":[{"@type":"ListItem","position":1,"name":"Startseite","item":"https:\/\/journalliteratur.blogs.ruhr-uni-bochum.de\/gb\/"},{"@type":"ListItem","position":2,"name":"Kontakt &#038; Impressum"}]},{"@type":"WebSite","@id":"https:\/\/journalliteratur.blogs.ruhr-uni-bochum.de\/gb\/#website","url":"https:\/\/journalliteratur.blogs.ruhr-uni-bochum.de\/gb\/","name":"Journalliteratur","description":"Formatbedingungen, visuelles Design, Rezeptionskulturen","publisher":{"@id":"https:\/\/journalliteratur.blogs.ruhr-uni-bochum.de\/gb\/#organization"},"potentialAction":[{"@type":"SearchAction","target":{"@type":"EntryPoint","urlTemplate":"https:\/\/journalliteratur.blogs.ruhr-uni-bochum.de\/gb\/?s={search_term_string}"},"query-input":{"@type":"PropertyValueSpecification","valueRequired":true,"valueName":"search_term_string"}}],"inLanguage":"en-GB"},{"@type":"Organization","@id":"https:\/\/journalliteratur.blogs.ruhr-uni-bochum.de\/gb\/#organization","name":"DFG-Forschergruppe 2288: Journalliteratur","url":"https:\/\/journalliteratur.blogs.ruhr-uni-bochum.de\/gb\/","logo":{"@type":"ImageObject","inLanguage":"en-GB","@id":"https:\/\/journalliteratur.blogs.ruhr-uni-bochum.de\/gb\/#\/schema\/logo\/image\/","url":"https:\/\/journalliteratur.blogs.ruhr-uni-bochum.de\/wp-content\/uploads\/2016\/08\/cropped-fg_journal_logo_blaetter_icon.png","contentUrl":"https:\/\/journalliteratur.blogs.ruhr-uni-bochum.de\/wp-content\/uploads\/2016\/08\/cropped-fg_journal_logo_blaetter_icon.png","width":512,"height":512,"caption":"DFG-Forschergruppe 2288: Journalliteratur"},"image":{"@id":"https:\/\/journalliteratur.blogs.ruhr-uni-bochum.de\/gb\/#\/schema\/logo\/image\/"}}]}},"_links":{"self":[{"href":"https:\/\/journalliteratur.blogs.ruhr-uni-bochum.de\/gb\/wp-json\/wp\/v2\/pages\/25","targetHints":{"allow":["GET"]}}],"collection":[{"href":"https:\/\/journalliteratur.blogs.ruhr-uni-bochum.de\/gb\/wp-json\/wp\/v2\/pages"}],"about":[{"href":"https:\/\/journalliteratur.blogs.ruhr-uni-bochum.de\/gb\/wp-json\/wp\/v2\/types\/page"}],"author":[{"embeddable":true,"href":"https:\/\/journalliteratur.blogs.ruhr-uni-bochum.de\/gb\/wp-json\/wp\/v2\/users\/7"}],"replies":[{"embeddable":true,"href":"https:\/\/journalliteratur.blogs.ruhr-uni-bochum.de\/gb\/wp-json\/wp\/v2\/comments?post=25"}],"version-history":[{"count":54,"href":"https:\/\/journalliteratur.blogs.ruhr-uni-bochum.de\/gb\/wp-json\/wp\/v2\/pages\/25\/revisions"}],"predecessor-version":[{"id":3982,"href":"https:\/\/journalliteratur.blogs.ruhr-uni-bochum.de\/gb\/wp-json\/wp\/v2\/pages\/25\/revisions\/3982"}],"wp:attachment":[{"href":"https:\/\/journalliteratur.blogs.ruhr-uni-bochum.de\/gb\/wp-json\/wp\/v2\/media?parent=25"}],"curies":[{"name":"wp","href":"https:\/\/api.w.org\/{rel}","templated":true}]}}