{"id":1926,"date":"2018-10-25T10:44:59","date_gmt":"2018-10-25T08:44:59","guid":{"rendered":"https:\/\/journalliteratur.blogs.ruhr-uni-bochum.de\/?page_id=1926"},"modified":"2019-07-25T15:20:46","modified_gmt":"2019-07-25T13:20:46","slug":"location-anfahrt-koeln","status":"publish","type":"page","link":"https:\/\/journalliteratur.blogs.ruhr-uni-bochum.de\/gb\/veranstaltungen\/konferenzen\/miszellanes-lesen\/location-anfahrt-koeln\/","title":{"rendered":"Locations"},"content":{"rendered":"\n<h3 class=\"wp-block-heading\">\u00bbReading Miscellanies \u2013 Miscellaneous Readings\u00ab<\/h3>\n\n\n\n<h4 class=\"wp-block-heading\">International conference of the DFG research unit \u00bbJournalliteratur\u00ab<\/h4>\n\n\n\n<h5 class=\"wp-block-heading\">29 to 31 August 2019, University of Cologne (Germany)<\/h5>\n\n\n\n<table id=\"tablepress-20\" class=\"tablepress tablepress-id-20\">\n<tbody class=\"row-striping\">\n<tr class=\"row-1\">\n\t<td class=\"column-1\"><a href=\"https:\/\/journalliteratur.blogs.ruhr-uni-bochum.de\/gb\/veranstaltungen\/konferenzen\/miszellanes-lesen\/programm\/\">Programme<\/a><\/td><td class=\"column-2\"><a href=\"https:\/\/journalliteratur.blogs.ruhr-uni-bochum.de\/gb\/veranstaltungen\/konferenzen\/miszellanes-lesen\/cfp-miszellanes-lesen\/\">CfP<\/a><\/td><td class=\"column-3\"><a href=\"https:\/\/journalliteratur.blogs.ruhr-uni-bochum.de\/gb\/veranstaltungen\/konferenzen\/miszellanes-lesen\/anmeldung\/\">Registration<\/a><\/td><td class=\"column-4\"><a href=\"https:\/\/journalliteratur.blogs.ruhr-uni-bochum.de\/gb\/veranstaltungen\/konferenzen\/miszellanes-lesen\/location-anfahrt-koeln\/\">Locations &amp; Directions<\/a><\/td><td class=\"column-5\"><a href=\"https:\/\/journalliteratur.blogs.ruhr-uni-bochum.de\/gb\/veranstaltungen\/konferenzen\/miszellanes-lesen\/unterkunft-koeln\/\">Acommodation<\/a><\/td><td class=\"column-6\"><a href=\"https:\/\/journalliteratur.blogs.ruhr-uni-bochum.de\/gb\/veranstaltungen\/konferenzen\/miszellanes-lesen\/kontakt\/\">Contact<\/a><\/td>\n<\/tr>\n<\/tbody>\n<\/table>\n<!-- #tablepress-20 from cache -->\n\n\n\n<h2 class=\"wp-block-heading\">Conference venue<\/h2>\n\n\n\n<p>Universit\u00e4t zu K\u00f6ln<br>Hauptgeb\u00e4ude, Alter Senatssaal<br>Albertus-\u00adMagnus\u00ad-Platz<br>50932 K\u00f6ln<\/p>\n\n\n\n<h2 class=\"wp-block-heading\">Hotel<\/h2>\n\n\n\n<p>Hotel Flandrischer Hof<br>Flandrische Str. 3-11<br>50674 K\u00f6ln<\/p>\n\n\n<div id=\"wpgmza_map_1\" class=\"wpgmza_map wpgmza-auto-left\" style=\"display:block;width:100\\%;height:400px;overflow:hidden;position:relative;\" data-map-id=\"1\" data-maps-engine=\"open-layers\" data-build-engine=\"atlas-novus\" data-shortcode-attributes=\"{&quot;id&quot;:&quot;1&quot;,&quot;zoom&quot;:false,&quot;width&quot;:false,&quot;height&quot;:false,&quot;marker&quot;:false,&quot;classname&quot;:false}\" data-settings=\"{&quot;map_title&quot;:&quot;Karte Tagung Miszellanes Lesen K\\u00f6ln&quot;,&quot;map_width&quot;:&quot;100&quot;,&quot;map_height&quot;:&quot;400&quot;,&quot;map_start_lat&quot;:&quot;50.937257&quot;,&quot;map_start_lng&quot;:&quot;6.938306&quot;,&quot;map_start_location&quot;:&quot;50.93725739999999,6.9383058&quot;,&quot;map_start_zoom&quot;:&quot;14&quot;,&quot;default_marker&quot;:&quot;0&quot;,&quot;type&quot;:&quot;1&quot;,&quot;alignment&quot;:&quot;1&quot;,&quot;directions_enabled&quot;:&quot;1&quot;,&quot;styling_enabled&quot;:&quot;0&quot;,&quot;styling_json&quot;:&quot;&quot;,&quot;active&quot;:&quot;0&quot;,&quot;kml&quot;:&quot;&quot;,&quot;bicycle&quot;:&quot;0&quot;,&quot;traffic&quot;:&quot;0&quot;,&quot;dbox&quot;:&quot;1&quot;,&quot;dbox_width&quot;:&quot;100&quot;,&quot;listmarkers&quot;:&quot;0&quot;,&quot;listmarkers_advanced&quot;:&quot;0&quot;,&quot;filterbycat&quot;:&quot;0&quot;,&quot;ugm_enabled&quot;:&quot;0&quot;,&quot;ugm_category_enabled&quot;:&quot;0&quot;,&quot;fusion&quot;:&quot;&quot;,&quot;map_width_type&quot;:&quot;\\\\%&quot;,&quot;map_height_type&quot;:&quot;px&quot;,&quot;mass_marker_support&quot;:&quot;1&quot;,&quot;ugm_access&quot;:&quot;0&quot;,&quot;order_markers_by&quot;:&quot;1&quot;,&quot;order_markers_choice&quot;:&quot;2&quot;,&quot;show_user_location&quot;:&quot;0&quot;,&quot;default_to&quot;:&quot;&quot;,&quot;store_locator_enabled&quot;:2,&quot;store_locator_distance&quot;:2,&quot;store_locator_default_radius&quot;:10,&quot;store_locator_not_found_message&quot;:&quot;No results found in this location. Please try again.&quot;,&quot;store_locator_bounce&quot;:1,&quot;store_locator_query_string&quot;:&quot;PLZ \\\/ Adresse:&quot;,&quot;store_locator_default_address&quot;:&quot;&quot;,&quot;wpgmza_store_locator_restrict&quot;:&quot;&quot;,&quot;store_locator_style&quot;:&quot;legacy&quot;,&quot;wpgmza_store_locator_radius_style&quot;:&quot;legacy&quot;,&quot;map_max_zoom&quot;:&quot;1&quot;,&quot;transport_layer&quot;:0,&quot;wpgmza_show_points_of_interest&quot;:0,&quot;wpgmza_auto_night&quot;:0,&quot;id&quot;:1}\" ><\/div>\n","protected":false},"excerpt":{"rendered":"<p>\u00bbReading Miscellanies \u2013 Miscellaneous Readings\u00ab International conference of the DFG research unit \u00bbJournalliteratur\u00ab 29 to 31 August 2019, University of Cologne (Germany) Conference venue<\/p>\n","protected":false},"author":8,"featured_media":0,"parent":1871,"menu_order":0,"comment_status":"closed","ping_status":"closed","template":"","meta":{"footnotes":""},"class_list":["post-1926","page","type-page","status-publish","hentry"],"translation":{"provider":"WPGlobus","version":"3.0.2","language":"gb","enabled_languages":["de","gb"],"languages":{"de":{"title":true,"content":true,"excerpt":false},"gb":{"title":true,"content":true,"excerpt":false}}},"yoast_head":"<!-- This site is optimized with the Yoast SEO plugin v27.3 - https:\/\/yoast.com\/product\/yoast-seo-wordpress\/ -->\n<title>Locations - Journalliteratur<\/title>\n<meta name=\"robots\" content=\"index, follow, max-snippet:-1, max-image-preview:large, max-video-preview:-1\" \/>\n<link rel=\"canonical\" href=\"https:\/\/journalliteratur.blogs.ruhr-uni-bochum.de\/gb\/veranstaltungen\/konferenzen\/miszellanes-lesen\/location-anfahrt-koeln\/\" \/>\n<meta property=\"og:locale\" content=\"en_GB\" \/>\n<meta property=\"og:type\" content=\"article\" \/>\n<meta property=\"og:title\" content=\"Locations - Journalliteratur\" \/>\n<meta property=\"og:url\" content=\"https:\/\/journalliteratur.blogs.ruhr-uni-bochum.de\/gb\/veranstaltungen\/konferenzen\/miszellanes-lesen\/location-anfahrt-koeln\/\" \/>\n<meta property=\"og:site_name\" content=\"Journalliteratur\" \/>\n<meta property=\"article:modified_time\" content=\"2019-07-25T13:20:46+00:00\" \/>\n<meta name=\"twitter:card\" content=\"summary_large_image\" \/>\n<script type=\"application\/ld+json\" class=\"yoast-schema-graph\">{\"@context\":\"https:\\\/\\\/schema.org\",\"@graph\":[{\"@type\":\"WebPage\",\"@id\":\"https:\\\/\\\/journalliteratur.blogs.ruhr-uni-bochum.de\\\/gb\\\/veranstaltungen\\\/konferenzen\\\/miszellanes-lesen\\\/location-anfahrt-koeln\\\/\",\"url\":\"https:\\\/\\\/journalliteratur.blogs.ruhr-uni-bochum.de\\\/gb\\\/veranstaltungen\\\/konferenzen\\\/miszellanes-lesen\\\/location-anfahrt-koeln\\\/\",\"name\":\"Locations - Journalliteratur\",\"isPartOf\":{\"@id\":\"https:\\\/\\\/journalliteratur.blogs.ruhr-uni-bochum.de\\\/gb\\\/#website\"},\"datePublished\":\"2018-10-25T08:44:59+00:00\",\"dateModified\":\"2019-07-25T13:20:46+00:00\",\"breadcrumb\":{\"@id\":\"https:\\\/\\\/journalliteratur.blogs.ruhr-uni-bochum.de\\\/gb\\\/veranstaltungen\\\/konferenzen\\\/miszellanes-lesen\\\/location-anfahrt-koeln\\\/#breadcrumb\"},\"inLanguage\":\"en-GB\",\"potentialAction\":[{\"@type\":\"ReadAction\",\"target\":[\"https:\\\/\\\/journalliteratur.blogs.ruhr-uni-bochum.de\\\/gb\\\/veranstaltungen\\\/konferenzen\\\/miszellanes-lesen\\\/location-anfahrt-koeln\\\/\"]}]},{\"@type\":\"BreadcrumbList\",\"@id\":\"https:\\\/\\\/journalliteratur.blogs.ruhr-uni-bochum.de\\\/gb\\\/veranstaltungen\\\/konferenzen\\\/miszellanes-lesen\\\/location-anfahrt-koeln\\\/#breadcrumb\",\"itemListElement\":[{\"@type\":\"ListItem\",\"position\":1,\"name\":\"Startseite\",\"item\":\"https:\\\/\\\/journalliteratur.blogs.ruhr-uni-bochum.de\\\/gb\\\/\"},{\"@type\":\"ListItem\",\"position\":2,\"name\":\"Veranstaltungen\",\"item\":\"https:\\\/\\\/journalliteratur.blogs.ruhr-uni-bochum.de\\\/veranstaltungen\\\/\"},{\"@type\":\"ListItem\",\"position\":3,\"name\":\"Konferenzen\",\"item\":\"https:\\\/\\\/journalliteratur.blogs.ruhr-uni-bochum.de\\\/veranstaltungen\\\/konferenzen\\\/\"},{\"@type\":\"ListItem\",\"position\":4,\"name\":\"Miszellanes Lesen \u2013 Miszellanes Lesen\",\"item\":\"https:\\\/\\\/journalliteratur.blogs.ruhr-uni-bochum.de\\\/veranstaltungen\\\/konferenzen\\\/miszellanes-lesen\\\/\"},{\"@type\":\"ListItem\",\"position\":5,\"name\":\"Locations\"}]},{\"@type\":\"WebSite\",\"@id\":\"https:\\\/\\\/journalliteratur.blogs.ruhr-uni-bochum.de\\\/gb\\\/#website\",\"url\":\"https:\\\/\\\/journalliteratur.blogs.ruhr-uni-bochum.de\\\/gb\\\/\",\"name\":\"Journalliteratur\",\"description\":\"Formatbedingungen, visuelles Design, Rezeptionskulturen\",\"publisher\":{\"@id\":\"https:\\\/\\\/journalliteratur.blogs.ruhr-uni-bochum.de\\\/gb\\\/#organization\"},\"potentialAction\":[{\"@type\":\"SearchAction\",\"target\":{\"@type\":\"EntryPoint\",\"urlTemplate\":\"https:\\\/\\\/journalliteratur.blogs.ruhr-uni-bochum.de\\\/gb\\\/?s={search_term_string}\"},\"query-input\":{\"@type\":\"PropertyValueSpecification\",\"valueRequired\":true,\"valueName\":\"search_term_string\"}}],\"inLanguage\":\"en-GB\"},{\"@type\":\"Organization\",\"@id\":\"https:\\\/\\\/journalliteratur.blogs.ruhr-uni-bochum.de\\\/gb\\\/#organization\",\"name\":\"DFG-Forschergruppe 2288: Journalliteratur\",\"url\":\"https:\\\/\\\/journalliteratur.blogs.ruhr-uni-bochum.de\\\/gb\\\/\",\"logo\":{\"@type\":\"ImageObject\",\"inLanguage\":\"en-GB\",\"@id\":\"https:\\\/\\\/journalliteratur.blogs.ruhr-uni-bochum.de\\\/gb\\\/#\\\/schema\\\/logo\\\/image\\\/\",\"url\":\"https:\\\/\\\/journalliteratur.blogs.ruhr-uni-bochum.de\\\/wp-content\\\/uploads\\\/2016\\\/08\\\/cropped-fg_journal_logo_blaetter_icon.png\",\"contentUrl\":\"https:\\\/\\\/journalliteratur.blogs.ruhr-uni-bochum.de\\\/wp-content\\\/uploads\\\/2016\\\/08\\\/cropped-fg_journal_logo_blaetter_icon.png\",\"width\":512,\"height\":512,\"caption\":\"DFG-Forschergruppe 2288: Journalliteratur\"},\"image\":{\"@id\":\"https:\\\/\\\/journalliteratur.blogs.ruhr-uni-bochum.de\\\/gb\\\/#\\\/schema\\\/logo\\\/image\\\/\"}}]}<\/script>\n<!-- \/ Yoast SEO plugin. -->","yoast_head_json":{"title":"Locations - Journalliteratur","robots":{"index":"index","follow":"follow","max-snippet":"max-snippet:-1","max-image-preview":"max-image-preview:large","max-video-preview":"max-video-preview:-1"},"canonical":"https:\/\/journalliteratur.blogs.ruhr-uni-bochum.de\/gb\/veranstaltungen\/konferenzen\/miszellanes-lesen\/location-anfahrt-koeln\/","og_locale":"en_GB","og_type":"article","og_title":"Locations - Journalliteratur","og_url":"https:\/\/journalliteratur.blogs.ruhr-uni-bochum.de\/gb\/veranstaltungen\/konferenzen\/miszellanes-lesen\/location-anfahrt-koeln\/","og_site_name":"Journalliteratur","article_modified_time":"2019-07-25T13:20:46+00:00","twitter_card":"summary_large_image","schema":{"@context":"https:\/\/schema.org","@graph":[{"@type":"WebPage","@id":"https:\/\/journalliteratur.blogs.ruhr-uni-bochum.de\/gb\/veranstaltungen\/konferenzen\/miszellanes-lesen\/location-anfahrt-koeln\/","url":"https:\/\/journalliteratur.blogs.ruhr-uni-bochum.de\/gb\/veranstaltungen\/konferenzen\/miszellanes-lesen\/location-anfahrt-koeln\/","name":"Locations - Journalliteratur","isPartOf":{"@id":"https:\/\/journalliteratur.blogs.ruhr-uni-bochum.de\/gb\/#website"},"datePublished":"2018-10-25T08:44:59+00:00","dateModified":"2019-07-25T13:20:46+00:00","breadcrumb":{"@id":"https:\/\/journalliteratur.blogs.ruhr-uni-bochum.de\/gb\/veranstaltungen\/konferenzen\/miszellanes-lesen\/location-anfahrt-koeln\/#breadcrumb"},"inLanguage":"en-GB","potentialAction":[{"@type":"ReadAction","target":["https:\/\/journalliteratur.blogs.ruhr-uni-bochum.de\/gb\/veranstaltungen\/konferenzen\/miszellanes-lesen\/location-anfahrt-koeln\/"]}]},{"@type":"BreadcrumbList","@id":"https:\/\/journalliteratur.blogs.ruhr-uni-bochum.de\/gb\/veranstaltungen\/konferenzen\/miszellanes-lesen\/location-anfahrt-koeln\/#breadcrumb","itemListElement":[{"@type":"ListItem","position":1,"name":"Startseite","item":"https:\/\/journalliteratur.blogs.ruhr-uni-bochum.de\/gb\/"},{"@type":"ListItem","position":2,"name":"Veranstaltungen","item":"https:\/\/journalliteratur.blogs.ruhr-uni-bochum.de\/veranstaltungen\/"},{"@type":"ListItem","position":3,"name":"Konferenzen","item":"https:\/\/journalliteratur.blogs.ruhr-uni-bochum.de\/veranstaltungen\/konferenzen\/"},{"@type":"ListItem","position":4,"name":"Miszellanes Lesen \u2013 Miszellanes Lesen","item":"https:\/\/journalliteratur.blogs.ruhr-uni-bochum.de\/veranstaltungen\/konferenzen\/miszellanes-lesen\/"},{"@type":"ListItem","position":5,"name":"Locations"}]},{"@type":"WebSite","@id":"https:\/\/journalliteratur.blogs.ruhr-uni-bochum.de\/gb\/#website","url":"https:\/\/journalliteratur.blogs.ruhr-uni-bochum.de\/gb\/","name":"Journalliteratur","description":"Formatbedingungen, visuelles Design, Rezeptionskulturen","publisher":{"@id":"https:\/\/journalliteratur.blogs.ruhr-uni-bochum.de\/gb\/#organization"},"potentialAction":[{"@type":"SearchAction","target":{"@type":"EntryPoint","urlTemplate":"https:\/\/journalliteratur.blogs.ruhr-uni-bochum.de\/gb\/?s={search_term_string}"},"query-input":{"@type":"PropertyValueSpecification","valueRequired":true,"valueName":"search_term_string"}}],"inLanguage":"en-GB"},{"@type":"Organization","@id":"https:\/\/journalliteratur.blogs.ruhr-uni-bochum.de\/gb\/#organization","name":"DFG-Forschergruppe 2288: Journalliteratur","url":"https:\/\/journalliteratur.blogs.ruhr-uni-bochum.de\/gb\/","logo":{"@type":"ImageObject","inLanguage":"en-GB","@id":"https:\/\/journalliteratur.blogs.ruhr-uni-bochum.de\/gb\/#\/schema\/logo\/image\/","url":"https:\/\/journalliteratur.blogs.ruhr-uni-bochum.de\/wp-content\/uploads\/2016\/08\/cropped-fg_journal_logo_blaetter_icon.png","contentUrl":"https:\/\/journalliteratur.blogs.ruhr-uni-bochum.de\/wp-content\/uploads\/2016\/08\/cropped-fg_journal_logo_blaetter_icon.png","width":512,"height":512,"caption":"DFG-Forschergruppe 2288: Journalliteratur"},"image":{"@id":"https:\/\/journalliteratur.blogs.ruhr-uni-bochum.de\/gb\/#\/schema\/logo\/image\/"}}]}},"_links":{"self":[{"href":"https:\/\/journalliteratur.blogs.ruhr-uni-bochum.de\/gb\/wp-json\/wp\/v2\/pages\/1926","targetHints":{"allow":["GET"]}}],"collection":[{"href":"https:\/\/journalliteratur.blogs.ruhr-uni-bochum.de\/gb\/wp-json\/wp\/v2\/pages"}],"about":[{"href":"https:\/\/journalliteratur.blogs.ruhr-uni-bochum.de\/gb\/wp-json\/wp\/v2\/types\/page"}],"author":[{"embeddable":true,"href":"https:\/\/journalliteratur.blogs.ruhr-uni-bochum.de\/gb\/wp-json\/wp\/v2\/users\/8"}],"replies":[{"embeddable":true,"href":"https:\/\/journalliteratur.blogs.ruhr-uni-bochum.de\/gb\/wp-json\/wp\/v2\/comments?post=1926"}],"version-history":[{"count":9,"href":"https:\/\/journalliteratur.blogs.ruhr-uni-bochum.de\/gb\/wp-json\/wp\/v2\/pages\/1926\/revisions"}],"predecessor-version":[{"id":3509,"href":"https:\/\/journalliteratur.blogs.ruhr-uni-bochum.de\/gb\/wp-json\/wp\/v2\/pages\/1926\/revisions\/3509"}],"up":[{"embeddable":true,"href":"https:\/\/journalliteratur.blogs.ruhr-uni-bochum.de\/gb\/wp-json\/wp\/v2\/pages\/1871"}],"wp:attachment":[{"href":"https:\/\/journalliteratur.blogs.ruhr-uni-bochum.de\/gb\/wp-json\/wp\/v2\/media?parent=1926"}],"curies":[{"name":"wp","href":"https:\/\/api.w.org\/{rel}","templated":true}]}}