{"id":1907,"date":"2018-10-25T10:35:25","date_gmt":"2018-10-25T08:35:25","guid":{"rendered":"https:\/\/journalliteratur.blogs.ruhr-uni-bochum.de\/?page_id=1907"},"modified":"2019-08-12T11:30:02","modified_gmt":"2019-08-12T09:30:02","slug":"programm","status":"publish","type":"page","link":"https:\/\/journalliteratur.blogs.ruhr-uni-bochum.de\/gb\/veranstaltungen\/konferenzen\/miszellanes-lesen\/programm\/","title":{"rendered":"Programme"},"content":{"rendered":"<h3>\u00bbReading Miscellanies \u2013 Miscellaneous Readings\u00ab<\/h3>\n<h4>International conference of the DFG research unit \u00bbJournalliteratur\u00ab<\/h4>\n<h5>29 to 31 August 2019, University of Cologne (Germany)<strong><br \/>\n<\/strong><\/h5>\n\n<table id=\"tablepress-20\" class=\"tablepress tablepress-id-20\">\n<tbody class=\"row-striping\">\n<tr class=\"row-1\">\n\t<td class=\"column-1\"><a href=\"https:\/\/journalliteratur.blogs.ruhr-uni-bochum.de\/gb\/veranstaltungen\/konferenzen\/miszellanes-lesen\/programm\/\">Programme<\/a><\/td><td class=\"column-2\"><a href=\"https:\/\/journalliteratur.blogs.ruhr-uni-bochum.de\/gb\/veranstaltungen\/konferenzen\/miszellanes-lesen\/cfp-miszellanes-lesen\/\">CfP<\/a><\/td><td class=\"column-3\"><a href=\"https:\/\/journalliteratur.blogs.ruhr-uni-bochum.de\/gb\/veranstaltungen\/konferenzen\/miszellanes-lesen\/anmeldung\/\">Registration<\/a><\/td><td class=\"column-4\"><a href=\"https:\/\/journalliteratur.blogs.ruhr-uni-bochum.de\/gb\/veranstaltungen\/konferenzen\/miszellanes-lesen\/location-anfahrt-koeln\/\">Locations &amp; Directions<\/a><\/td><td class=\"column-5\"><a href=\"https:\/\/journalliteratur.blogs.ruhr-uni-bochum.de\/gb\/veranstaltungen\/konferenzen\/miszellanes-lesen\/unterkunft-koeln\/\">Acommodation<\/a><\/td><td class=\"column-6\"><a href=\"https:\/\/journalliteratur.blogs.ruhr-uni-bochum.de\/gb\/veranstaltungen\/konferenzen\/miszellanes-lesen\/kontakt\/\">Contact<\/a><\/td>\n<\/tr>\n<\/tbody>\n<\/table>\n<!-- #tablepress-20 from cache -->\n<h2><a href=\"https:\/\/journalliteratur.blogs.ruhr-uni-bochum.de\/wp-content\/uploads\/2019\/07\/Journal_Programmflyer_2019_MiszLesen.pdf\">Programme (Pdf)<\/a><\/h2>\n<h2><a href=\"https:\/\/journalliteratur.blogs.ruhr-uni-bochum.de\/wp-content\/uploads\/2019\/08\/for_miszLesen_abstracts.pdf\">Book of Abstracts (Pdf)<\/a><\/h2>\n<h2>Donnerstag | Thursday, 29.08.2019<\/h2>\n<table class=\" alignleft\" width=\"600\" cellspacing=\"5\" cellpadding=\"5\">\n<tbody>\n<tr>\n<td>12:30-13:00<\/td>\n<td><\/td>\n<td><em>Anmeldung | Registration<\/em><\/td>\n<\/tr>\n<tr>\n<td>13:30-14:00<\/td>\n<td><\/td>\n<td><strong>Daniela Gretz, Marcus Krause,<\/strong> <strong>Nicolas Pethes<\/strong>:<br \/>\nGru\u00dfworte | Welcome &#038; Opening Remarks<\/td>\n<\/tr>\n<tr>\n<td>\n<h3>Panel\u00a01<\/h3>\n<\/td>\n<td><\/td>\n<td>\n<h3>Reading Miscellanies I: Novels and Narratives<\/h3>\n<\/td>\n<\/tr>\n<tr>\n<td><\/td>\n<td><\/td>\n<td>Chair: Nicolas Pethes (Universit\u00e4t zu K\u00f6ln)<\/td>\n<\/tr>\n<tr>\n<td>14:00-14:40<\/td>\n<td><\/td>\n<td><strong>Sean Franzel<\/strong> (University of Missouri, Columbia):<br \/>\nWriting from Beyond the Grave: Jean Paul\u2019s Novel Continuations<\/td>\n<\/tr>\n<tr>\n<td>14:40-15:20<\/td>\n<td><\/td>\n<td><strong>Bryan Klausmeyer<\/strong> (Virginia Tech University, Blacksburg):<br \/>\n\u00bbDesultorische Lekt\u00fcre\u00ab: Reading Awry in Georg Christoph Lichtenberg\u2019s <em>Sudelb\u00fccher<\/em><\/td>\n<\/tr>\n<tr>\n<td><\/td>\n<td><\/td>\n<td><em>\u00a030\u00a0Min. Coffee break<\/em><\/td>\n<\/tr>\n<tr>\n<td>15:50-16:30<\/td>\n<td><\/td>\n<td><strong>Willi Barthold<\/strong> (Georgetown University, Washington D.C.):<br \/>\nRoman der \u00bblosen Bl\u00e4tter\u00ab: Wilhelm Raabes <em>Pfisters M\u00fchle<\/em> und die Transformation der Romanform in der Journalkultur<\/td>\n<\/tr>\n<tr>\n<td>16:30-17:10<\/td>\n<td><\/td>\n<td><strong>Stephen Donovan<\/strong> (Uppsala University):<br \/>\nCumulation vs. Aggregation: Reading <em>Tit-Bits<\/em> and <em>Tit-Bits Novels<\/em>, 1881-1920<\/td>\n<\/tr>\n<tr>\n<td>17:10-17:50<\/td>\n<td><\/td>\n<td><strong>Urte Helduser<\/strong> (Universit\u00e4t zu K\u00f6ln):<br \/>\nMiszellaneit\u00e4t als Erz\u00e4hlverfahren. Veza Canettis Fortsetzungserz\u00e4hlungen in der Wiener <em>Arbeiter-Zeitung<\/em><\/td>\n<\/tr>\n<tr>\n<td><\/td>\n<td><\/td>\n<td><em>25 Min. Coffee break<\/em><\/td>\n<\/tr>\n<tr>\n<td><\/td>\n<td><\/td>\n<td>\n<h3>Abendvortrag | Keynote<strong><br \/>\n<\/strong><\/h3>\n<\/td>\n<\/tr>\n<tr>\n<td>18:15-19:15<\/td>\n<td><\/td>\n<td><strong>Barbara M. Benedict<\/strong> (Trinity College, Hartford):<br \/>\nSo Much to Read! So little Time! Booksellers\u2019 Solutions to the 18<sup>th<\/sup> Century Explosion of Printed Pleasures<\/td>\n<\/tr>\n<tr>\n<td><\/td>\n<td><\/td>\n<td><em>Empfang <\/em>| <em>Reception<\/em><\/td>\n<\/tr>\n<\/tbody>\n<\/table>\n<h2>Freitag | Friday, 30.08.2019<\/h2>\n<table class=\" alignleft\" width=\"600\" cellspacing=\"5\" cellpadding=\"5\">\n<tbody>\n<tr>\n<td>\n<h3>Panel 2<\/h3>\n<\/td>\n<td><\/td>\n<td>\n<h3>Reading Miscellanies I: Magazines and Newspapers<\/h3>\n<\/td>\n<\/tr>\n<tr>\n<td><\/td>\n<td><\/td>\n<td>Chair: Susanne D\u00fcwell (Universit\u00e4t zu K\u00f6ln)<\/td>\n<\/tr>\n<tr>\n<td>09:30-10:10<\/td>\n<td><\/td>\n<td><strong>Madleen Podewski<\/strong> (Freie Universit\u00e4t Berlin):<br \/>\nWas machen Zeitschriften mit miszellanen Schreibformen im Vorm\u00e4rz und im Realismus? Heinrich Heine und Theodor Fontane<\/td>\n<\/tr>\n<tr>\n<td>10:10-10:50<\/td>\n<td><\/td>\n<td><strong>Solvejg Nitzke<\/strong> (Technische Universit\u00e4t Dresden):<br \/>\nNatural Miscellanies: Heimat and the Imagination of \u203aNatural\u2039 Environments<\/td>\n<\/tr>\n<tr>\n<td><\/td>\n<td><\/td>\n<td><em>\u00a030\u00a0Min. Coffee break<\/em><\/td>\n<\/tr>\n<tr>\n<td>11:20-12:00<\/td>\n<td><\/td>\n<td><strong>Matthew Rubery<\/strong> (Queen Mary University of London):<br \/>\nThe Future of Novels and Newspapers (circa 1888)<\/td>\n<\/tr>\n<tr>\n<td>\n<h3>Panel 3<strong><br \/>\n<\/strong><\/h3>\n<\/td>\n<td><\/td>\n<td>\n<h3>Reading Miscellanies III: Collections<\/h3>\n<\/td>\n<\/tr>\n<tr>\n<td><\/td>\n<td><\/td>\n<td>Chair: Marcus Krause (Universit\u00e4t zu K\u00f6ln)<\/td>\n<\/tr>\n<tr>\n<td>12:00-12:40<\/td>\n<td><\/td>\n<td><strong>Nora Ramtke<\/strong> (Ruhr-Universit\u00e4t Bochum):<br \/>\n\u00bbMiscellen f\u00fcr das wiederbefreyte Deutschland\u00ab. Journalf\u00f6rmige Sammlungen 1813-1815 zur \u00bbGeschichte der Zeit\u00ab<\/td>\n<\/tr>\n<tr>\n<td><\/td>\n<td><\/td>\n<td><em>Lunch break<\/em><\/td>\n<\/tr>\n<tr>\n<td>14:10-14:50<\/td>\n<td><\/td>\n<td><strong>Mark Turner<\/strong> (King\u2019s College London):<br \/>\nThe Miscellany, Compression and Media Culture in the Early 19<sup>th<\/sup> Century<\/td>\n<\/tr>\n<tr>\n<td>14:50-15:30<\/td>\n<td><\/td>\n<td><strong>Christine Woody<\/strong> (University of Pennsylvania, Philadelphia):<br \/>\nAt the Limits of Seriality: Victorian Novels and the \u203aSketch\u2039 Genre<\/td>\n<\/tr>\n<tr>\n<td>15:30-16:10<\/td>\n<td><\/td>\n<td><strong>James Mussell<\/strong> (University of Leeds):<br \/>\n\u203aConfused and Ill-Arranged\u2039: Reading Miscellaneity with Enquire Within<\/td>\n<\/tr>\n<tr>\n<td><\/td>\n<td><\/td>\n<td><em>30\u00a0Min. Coffee break<\/em><\/td>\n<\/tr>\n<tr>\n<td>\n<h3>Panel 4<\/h3>\n<\/td>\n<td><\/td>\n<td>\n<h3>Miscellaneous Reading: Historical Practices and Reflections of Reading<\/h3>\n<\/td>\n<\/tr>\n<tr>\n<td><\/td>\n<td><\/td>\n<td>Chair: Nora Ramtke (Ruhr-Universit\u00e4t Bochum)<\/td>\n<\/tr>\n<tr>\n<td>16:40-17:20<\/td>\n<td><\/td>\n<td><strong>Susanne D\u00fcwell<\/strong> (Universit\u00e4t zu K\u00f6ln):<br \/>\nMiszellanes Lesen in der Leseprop\u00e4deutik um 1800<\/td>\n<\/tr>\n<tr>\n<td>17:20-18:00<\/td>\n<td><\/td>\n<td><strong>Elisabeth Tilmann<\/strong> (Universit\u00e4t Bonn):<br \/>\nDer gr\u00f6\u00dfte, der unbestechlichste Gerichtshof der Welt. Robert Prutz \u00fcber Leser*innen von Unterhaltungs- und Journalliteratur<\/td>\n<\/tr>\n<tr>\n<td>19:00<\/td>\n<td><\/td>\n<td><em>Dinner<br \/>\n<\/em><\/td>\n<\/tr>\n<\/tbody>\n<\/table>\n<h2>Samstag | Saturday, 31.08.2019<\/h2>\n<table class=\" alignleft\" width=\"600\" cellspacing=\"5\" cellpadding=\"5\">\n<tbody>\n<tr>\n<td>09:00-09:40<\/td>\n<td><\/td>\n<td><strong>Lynne Tatlock<\/strong> (Washington University, St. Louis):<br \/>\nMaking Sense of Snippets: Thekla von Gumpert\u2019s <em>Album for Girls<\/em>, ca. 1871-1914<\/td>\n<\/tr>\n<tr>\n<td>09:40-10:20<\/td>\n<td><\/td>\n<td><strong>Daniela Gretz<\/strong> (Universit\u00e4t zu K\u00f6ln):<br \/>\nKeller, Raabe, Fontane: \u00bbnichts f\u00fcr den Durchschnittsleser\u00ab. Miszellane Lekt\u00fcren, imagin\u00e4re Leser und (implizite) Kanonisierung in der Literaturkritik<\/td>\n<\/tr>\n<tr>\n<td><\/td>\n<td><\/td>\n<td><em>\u00a030\u00a0Min. Coffee break<\/em><\/td>\n<\/tr>\n<tr>\n<td>\n<h3>Panel 5<\/h3>\n<\/td>\n<td><\/td>\n<td>\n<h3>Reading Reading: Aporias of Scholarly Reading Practices<\/h3>\n<\/td>\n<\/tr>\n<tr>\n<td><\/td>\n<td><\/td>\n<td>Chair: Daniela Gretz (Universit\u00e4t zu K\u00f6ln)<\/td>\n<\/tr>\n<tr>\n<td>10:50-11:30<\/td>\n<td><\/td>\n<td><strong>Nicolas Pethes<\/strong> (Universit\u00e4t zu K\u00f6ln):<br \/>\n\u00bbNomadic Readers\u00ab in a \u00bbQuodlibet Century\u00ab: How to Read Jean Paul\u2019s Novels as Miscellanies<\/td>\n<\/tr>\n<tr>\n<td>11:30-12:10<\/td>\n<td><\/td>\n<td><strong>Paul Fyfe<\/strong> (North Carolina State University):<br \/>\nHenry James, Counting Words, and the Origins of Machine Learning<\/td>\n<\/tr>\n<tr>\n<td>12:10-12:50<\/td>\n<td><\/td>\n<td><strong>Marcus Krause<\/strong> (Universit\u00e4t zu K\u00f6ln):<br \/>\n\u00bbHow to Do Things with Readers\u00ab. Rereading Theories of Reading<\/td>\n<\/tr>\n<tr>\n<td><\/td>\n<td><\/td>\n<td><em>Farewell<\/em><\/td>\n<\/tr>\n<\/tbody>\n<\/table>\n<p><strong>\u00a0<\/strong><\/p>\n","protected":false},"excerpt":{"rendered":"<p>\u00bbReading Miscellanies \u2013 Miscellaneous Readings\u00ab International conference of the DFG research unit \u00bbJournalliteratur\u00ab 29 to 31 August 2019, University of Cologne (Germany) Programme (Pdf)<\/p>\n","protected":false},"author":8,"featured_media":0,"parent":1871,"menu_order":0,"comment_status":"closed","ping_status":"closed","template":"","meta":{"footnotes":""},"class_list":["post-1907","page","type-page","status-publish","hentry"],"translation":{"provider":"WPGlobus","version":"3.0.2","language":"gb","enabled_languages":["de","gb"],"languages":{"de":{"title":true,"content":true,"excerpt":false},"gb":{"title":true,"content":true,"excerpt":false}}},"yoast_head":"<!-- This site is optimized with the Yoast SEO plugin v27.3 - https:\/\/yoast.com\/product\/yoast-seo-wordpress\/ -->\n<title>Programme - Journalliteratur<\/title>\n<meta name=\"robots\" content=\"index, follow, max-snippet:-1, max-image-preview:large, max-video-preview:-1\" \/>\n<link rel=\"canonical\" href=\"https:\/\/journalliteratur.blogs.ruhr-uni-bochum.de\/veranstaltungen\/konferenzen\/miszellanes-lesen\/programm\/\" \/>\n<meta property=\"og:locale\" content=\"en_GB\" \/>\n<meta property=\"og:type\" content=\"article\" \/>\n<meta property=\"og:title\" content=\"Programme - Journalliteratur\" \/>\n<meta property=\"og:url\" content=\"https:\/\/journalliteratur.blogs.ruhr-uni-bochum.de\/veranstaltungen\/konferenzen\/miszellanes-lesen\/programm\/\" \/>\n<meta property=\"og:site_name\" content=\"Journalliteratur\" \/>\n<meta property=\"article:modified_time\" content=\"2019-08-12T09:30:02+00:00\" \/>\n<meta name=\"twitter:card\" content=\"summary_large_image\" \/>\n<meta name=\"twitter:label1\" content=\"Estimated reading time\" \/>\n\t<meta name=\"twitter:data1\" content=\"5 minutes\" \/>\n<script type=\"application\/ld+json\" class=\"yoast-schema-graph\">{\"@context\":\"https:\\\/\\\/schema.org\",\"@graph\":[{\"@type\":\"WebPage\",\"@id\":\"https:\\\/\\\/journalliteratur.blogs.ruhr-uni-bochum.de\\\/veranstaltungen\\\/konferenzen\\\/miszellanes-lesen\\\/programm\\\/\",\"url\":\"https:\\\/\\\/journalliteratur.blogs.ruhr-uni-bochum.de\\\/veranstaltungen\\\/konferenzen\\\/miszellanes-lesen\\\/programm\\\/\",\"name\":\"Programme - Journalliteratur\",\"isPartOf\":{\"@id\":\"https:\\\/\\\/journalliteratur.blogs.ruhr-uni-bochum.de\\\/gb\\\/#website\"},\"datePublished\":\"2018-10-25T08:35:25+00:00\",\"dateModified\":\"2019-08-12T09:30:02+00:00\",\"breadcrumb\":{\"@id\":\"https:\\\/\\\/journalliteratur.blogs.ruhr-uni-bochum.de\\\/veranstaltungen\\\/konferenzen\\\/miszellanes-lesen\\\/programm\\\/#breadcrumb\"},\"inLanguage\":\"en-GB\",\"potentialAction\":[{\"@type\":\"ReadAction\",\"target\":[\"https:\\\/\\\/journalliteratur.blogs.ruhr-uni-bochum.de\\\/veranstaltungen\\\/konferenzen\\\/miszellanes-lesen\\\/programm\\\/\"]}]},{\"@type\":\"BreadcrumbList\",\"@id\":\"https:\\\/\\\/journalliteratur.blogs.ruhr-uni-bochum.de\\\/veranstaltungen\\\/konferenzen\\\/miszellanes-lesen\\\/programm\\\/#breadcrumb\",\"itemListElement\":[{\"@type\":\"ListItem\",\"position\":1,\"name\":\"Startseite\",\"item\":\"https:\\\/\\\/journalliteratur.blogs.ruhr-uni-bochum.de\\\/gb\\\/\"},{\"@type\":\"ListItem\",\"position\":2,\"name\":\"Veranstaltungen\",\"item\":\"https:\\\/\\\/journalliteratur.blogs.ruhr-uni-bochum.de\\\/veranstaltungen\\\/\"},{\"@type\":\"ListItem\",\"position\":3,\"name\":\"Konferenzen\",\"item\":\"https:\\\/\\\/journalliteratur.blogs.ruhr-uni-bochum.de\\\/veranstaltungen\\\/konferenzen\\\/\"},{\"@type\":\"ListItem\",\"position\":4,\"name\":\"Miszellanes Lesen \u2013 Miszellanes Lesen\",\"item\":\"https:\\\/\\\/journalliteratur.blogs.ruhr-uni-bochum.de\\\/veranstaltungen\\\/konferenzen\\\/miszellanes-lesen\\\/\"},{\"@type\":\"ListItem\",\"position\":5,\"name\":\"Programm\"}]},{\"@type\":\"WebSite\",\"@id\":\"https:\\\/\\\/journalliteratur.blogs.ruhr-uni-bochum.de\\\/gb\\\/#website\",\"url\":\"https:\\\/\\\/journalliteratur.blogs.ruhr-uni-bochum.de\\\/gb\\\/\",\"name\":\"Journalliteratur\",\"description\":\"Formatbedingungen, visuelles Design, Rezeptionskulturen\",\"publisher\":{\"@id\":\"https:\\\/\\\/journalliteratur.blogs.ruhr-uni-bochum.de\\\/gb\\\/#organization\"},\"potentialAction\":[{\"@type\":\"SearchAction\",\"target\":{\"@type\":\"EntryPoint\",\"urlTemplate\":\"https:\\\/\\\/journalliteratur.blogs.ruhr-uni-bochum.de\\\/gb\\\/?s={search_term_string}\"},\"query-input\":{\"@type\":\"PropertyValueSpecification\",\"valueRequired\":true,\"valueName\":\"search_term_string\"}}],\"inLanguage\":\"en-GB\"},{\"@type\":\"Organization\",\"@id\":\"https:\\\/\\\/journalliteratur.blogs.ruhr-uni-bochum.de\\\/gb\\\/#organization\",\"name\":\"DFG-Forschergruppe 2288: Journalliteratur\",\"url\":\"https:\\\/\\\/journalliteratur.blogs.ruhr-uni-bochum.de\\\/gb\\\/\",\"logo\":{\"@type\":\"ImageObject\",\"inLanguage\":\"en-GB\",\"@id\":\"https:\\\/\\\/journalliteratur.blogs.ruhr-uni-bochum.de\\\/gb\\\/#\\\/schema\\\/logo\\\/image\\\/\",\"url\":\"https:\\\/\\\/journalliteratur.blogs.ruhr-uni-bochum.de\\\/wp-content\\\/uploads\\\/2016\\\/08\\\/cropped-fg_journal_logo_blaetter_icon.png\",\"contentUrl\":\"https:\\\/\\\/journalliteratur.blogs.ruhr-uni-bochum.de\\\/wp-content\\\/uploads\\\/2016\\\/08\\\/cropped-fg_journal_logo_blaetter_icon.png\",\"width\":512,\"height\":512,\"caption\":\"DFG-Forschergruppe 2288: Journalliteratur\"},\"image\":{\"@id\":\"https:\\\/\\\/journalliteratur.blogs.ruhr-uni-bochum.de\\\/gb\\\/#\\\/schema\\\/logo\\\/image\\\/\"}}]}<\/script>\n<!-- \/ Yoast SEO plugin. -->","yoast_head_json":{"title":"Programme - Journalliteratur","robots":{"index":"index","follow":"follow","max-snippet":"max-snippet:-1","max-image-preview":"max-image-preview:large","max-video-preview":"max-video-preview:-1"},"canonical":"https:\/\/journalliteratur.blogs.ruhr-uni-bochum.de\/veranstaltungen\/konferenzen\/miszellanes-lesen\/programm\/","og_locale":"en_GB","og_type":"article","og_title":"Programme - Journalliteratur","og_url":"https:\/\/journalliteratur.blogs.ruhr-uni-bochum.de\/veranstaltungen\/konferenzen\/miszellanes-lesen\/programm\/","og_site_name":"Journalliteratur","article_modified_time":"2019-08-12T09:30:02+00:00","twitter_card":"summary_large_image","twitter_misc":{"Estimated reading time":"5 minutes"},"schema":{"@context":"https:\/\/schema.org","@graph":[{"@type":"WebPage","@id":"https:\/\/journalliteratur.blogs.ruhr-uni-bochum.de\/veranstaltungen\/konferenzen\/miszellanes-lesen\/programm\/","url":"https:\/\/journalliteratur.blogs.ruhr-uni-bochum.de\/veranstaltungen\/konferenzen\/miszellanes-lesen\/programm\/","name":"Programme - Journalliteratur","isPartOf":{"@id":"https:\/\/journalliteratur.blogs.ruhr-uni-bochum.de\/gb\/#website"},"datePublished":"2018-10-25T08:35:25+00:00","dateModified":"2019-08-12T09:30:02+00:00","breadcrumb":{"@id":"https:\/\/journalliteratur.blogs.ruhr-uni-bochum.de\/veranstaltungen\/konferenzen\/miszellanes-lesen\/programm\/#breadcrumb"},"inLanguage":"en-GB","potentialAction":[{"@type":"ReadAction","target":["https:\/\/journalliteratur.blogs.ruhr-uni-bochum.de\/veranstaltungen\/konferenzen\/miszellanes-lesen\/programm\/"]}]},{"@type":"BreadcrumbList","@id":"https:\/\/journalliteratur.blogs.ruhr-uni-bochum.de\/veranstaltungen\/konferenzen\/miszellanes-lesen\/programm\/#breadcrumb","itemListElement":[{"@type":"ListItem","position":1,"name":"Startseite","item":"https:\/\/journalliteratur.blogs.ruhr-uni-bochum.de\/gb\/"},{"@type":"ListItem","position":2,"name":"Veranstaltungen","item":"https:\/\/journalliteratur.blogs.ruhr-uni-bochum.de\/veranstaltungen\/"},{"@type":"ListItem","position":3,"name":"Konferenzen","item":"https:\/\/journalliteratur.blogs.ruhr-uni-bochum.de\/veranstaltungen\/konferenzen\/"},{"@type":"ListItem","position":4,"name":"Miszellanes Lesen \u2013 Miszellanes Lesen","item":"https:\/\/journalliteratur.blogs.ruhr-uni-bochum.de\/veranstaltungen\/konferenzen\/miszellanes-lesen\/"},{"@type":"ListItem","position":5,"name":"Programm"}]},{"@type":"WebSite","@id":"https:\/\/journalliteratur.blogs.ruhr-uni-bochum.de\/gb\/#website","url":"https:\/\/journalliteratur.blogs.ruhr-uni-bochum.de\/gb\/","name":"Journalliteratur","description":"Formatbedingungen, visuelles Design, Rezeptionskulturen","publisher":{"@id":"https:\/\/journalliteratur.blogs.ruhr-uni-bochum.de\/gb\/#organization"},"potentialAction":[{"@type":"SearchAction","target":{"@type":"EntryPoint","urlTemplate":"https:\/\/journalliteratur.blogs.ruhr-uni-bochum.de\/gb\/?s={search_term_string}"},"query-input":{"@type":"PropertyValueSpecification","valueRequired":true,"valueName":"search_term_string"}}],"inLanguage":"en-GB"},{"@type":"Organization","@id":"https:\/\/journalliteratur.blogs.ruhr-uni-bochum.de\/gb\/#organization","name":"DFG-Forschergruppe 2288: Journalliteratur","url":"https:\/\/journalliteratur.blogs.ruhr-uni-bochum.de\/gb\/","logo":{"@type":"ImageObject","inLanguage":"en-GB","@id":"https:\/\/journalliteratur.blogs.ruhr-uni-bochum.de\/gb\/#\/schema\/logo\/image\/","url":"https:\/\/journalliteratur.blogs.ruhr-uni-bochum.de\/wp-content\/uploads\/2016\/08\/cropped-fg_journal_logo_blaetter_icon.png","contentUrl":"https:\/\/journalliteratur.blogs.ruhr-uni-bochum.de\/wp-content\/uploads\/2016\/08\/cropped-fg_journal_logo_blaetter_icon.png","width":512,"height":512,"caption":"DFG-Forschergruppe 2288: Journalliteratur"},"image":{"@id":"https:\/\/journalliteratur.blogs.ruhr-uni-bochum.de\/gb\/#\/schema\/logo\/image\/"}}]}},"_links":{"self":[{"href":"https:\/\/journalliteratur.blogs.ruhr-uni-bochum.de\/gb\/wp-json\/wp\/v2\/pages\/1907","targetHints":{"allow":["GET"]}}],"collection":[{"href":"https:\/\/journalliteratur.blogs.ruhr-uni-bochum.de\/gb\/wp-json\/wp\/v2\/pages"}],"about":[{"href":"https:\/\/journalliteratur.blogs.ruhr-uni-bochum.de\/gb\/wp-json\/wp\/v2\/types\/page"}],"author":[{"embeddable":true,"href":"https:\/\/journalliteratur.blogs.ruhr-uni-bochum.de\/gb\/wp-json\/wp\/v2\/users\/8"}],"replies":[{"embeddable":true,"href":"https:\/\/journalliteratur.blogs.ruhr-uni-bochum.de\/gb\/wp-json\/wp\/v2\/comments?post=1907"}],"version-history":[{"count":35,"href":"https:\/\/journalliteratur.blogs.ruhr-uni-bochum.de\/gb\/wp-json\/wp\/v2\/pages\/1907\/revisions"}],"predecessor-version":[{"id":3499,"href":"https:\/\/journalliteratur.blogs.ruhr-uni-bochum.de\/gb\/wp-json\/wp\/v2\/pages\/1907\/revisions\/3499"}],"up":[{"embeddable":true,"href":"https:\/\/journalliteratur.blogs.ruhr-uni-bochum.de\/gb\/wp-json\/wp\/v2\/pages\/1871"}],"wp:attachment":[{"href":"https:\/\/journalliteratur.blogs.ruhr-uni-bochum.de\/gb\/wp-json\/wp\/v2\/media?parent=1907"}],"curies":[{"name":"wp","href":"https:\/\/api.w.org\/{rel}","templated":true}]}}