{"id":183,"date":"2016-08-24T23:29:45","date_gmt":"2016-08-24T21:29:45","guid":{"rendered":"https:\/\/journalliteratur.blogs.ruhr-uni-bochum.de\/?page_id=183"},"modified":"2020-05-06T11:43:27","modified_gmt":"2020-05-06T09:43:27","slug":"zeitplanung","status":"publish","type":"page","link":"https:\/\/journalliteratur.blogs.ruhr-uni-bochum.de\/gb\/zeitplanung\/","title":{"rendered":"Zeitplanung der zweiten F\u00f6rderperiode"},"content":{"rendered":"\n\n<table id=\"tablepress-33\" class=\"tablepress tablepress-id-33\">\n<tbody class=\"row-striping\">\n<tr class=\"row-1\">\n\t<td class=\"column-1\"><a href=\"https:\/\/journalliteratur.blogs.ruhr-uni-bochum.de\/zeitplanung\/\">Zeitplanung der zweiten F\u00f6rderperiode<\/a><\/td><td class=\"column-2\"><a href=\" https:\/\/journalliteratur.blogs.ruhr-uni-bochum.de\/zeitplanung-der-zweiten-foerderperiode\/\">Zeitplanung der ersten F\u00f6rderperiode<\/a><\/td>\n<\/tr>\n<\/tbody>\n<\/table>\n<!-- #tablepress-33 from cache -->\n\n\n<h2>Geplante internationale Konferenzen:<\/h2>\n<ul>\n<li>14.\u201316. Juni 2021 (Ruhr-Universit\u00e4t Bochum): \u00bb<a href=\"https:\/\/journalliteratur.blogs.ruhr-uni-bochum.de\/gb\/veranstaltungen\/konferenzen\/9th-esprit-conference\/\"><em>Periodische Formate auf dem publizistischen Markt: \u00d6konomien von Raum &amp; Zeit, Konkurrenz &amp; Transfer<\/em><\/a>\u00ab (TP\u00a04, TP\u00a06 und TP\u00a07), in Kooperation mit ESPRit (European Society for Periodical Research). Die Tagung zielt darauf ab, die spatiale Dimension von Journalliteratur und -kultur unter der Perspektive der Distribution auszuleuchten, indem sie zum einen Artikulation und Forcierung kultureller und r\u00e4umlicher Distanz auf lokal begrenzten M\u00e4rkten, zum anderen regionalen, nationalen und internationalen Austausch bis hin zur r\u00e4umlichen Integration in den Blick nimmt. Journale werden dabei als Agenten verstanden, die auf soziokulturelle Raumkonfigurationen ebenso reagieren, wie sie an deren Herausbildung \u2013 und damit an der Herausbildung r\u00e4umlich und (davon abh\u00e4ngig) zeitlich bedingt differenter Rezeptionshorizonte \u2013 beteiligt sind. Die Tagung soll zudem dazu einladen, das bisher entwickelte theoretische und methodische Instrumentarium f\u00fcr die raumzeitliche Dimension von Journalkultur und deren Rezeption zu sch\u00e4rfen sowie die Rahmenbedingungen journalliterarischer Distribution zu diskutieren. Durch die Pr\u00e4sentation zahlreicher Fallstudien soll ein geographisch wie historisch diversifizierter Vergleichshorizont modelliert werden, auf den sich die lokalisierten Einzelbeobachtungen beziehen k\u00f6nnen.<\/li>\n<\/ul>\n<ul>\n<li>Ende des zweiten F\u00f6rdersjahres, Sommer\/Herbst 2021 (Universit\u00e4t K\u00f6ln): \u00bb<em>Das Journal in wechselnden medialen Konstellationen<\/em>\u00ab (TP\u00a01 und TP\u00a05). Das Journal l\u00e4\u00dft sich nicht nur als Medium mit charakteristischem Format, spezifischem Dispositiv und eigener technisch-materialer Fundierung postulieren, sondern insbesondere als Einheit, die ihre eigene Medialit\u00e4t in und durch Bezug auf andere Medien fortlaufend neu konstituiert. Das impliziert, da\u00df sich Journalmedialit\u00e4t durch neu hinzutretende Medien immer wieder wandeln und neu ausrichten mu\u00df. Die Tagung m\u00f6chte die Position des Journals in der Medienkultur in m\u00f6glichst diversen Konstellationen \u2013 von der Genese des Journals bis in die digital bestimmte Gegenwart \u2013 beleuchten. Dabei stehen drei Fragenkomplexe im Vordergrund: (1) wie das Journal multimedial (und multimodal) verschiedene Medien in sich aufnimmt, insbesondere Bilder (vom Kupferstich bis zur Fotografie), aber auch die durch Telegraphie und Internet beschleunigte Nachricht; (2) wie das Journal sich in Konkurrenz zu anderen Medien verh\u00e4lt, zun\u00e4chst im Ringen um den Status als Leitmedium der Gutenberg-Galaxis (McLuhan), der das Periodikum vor allem mit dem Buch, aber auch etwa mit Flugblatt und Plakat konfrontiert, im 20. Jahrhundert dann prim\u00e4r zu den analogen, sinnlichen Massenmedien Film, Radio und Fernsehen, die die kulturelle Dominanz des Journals beschneiden und Anpassungen an das je neue Umfeld forcieren; (3) wie das Medium Journal andere Medien beobachtet, inhaltlich in Literatur-, Film-, Radio-, Fernseh- und Computerzeitschriften, formal in medienreflexiver Absetzung oder Adaption der \u00c4sthetik anderer Medien.<\/li>\n<\/ul>\n<ul>\n<li>Ende des dritten F\u00f6rderjahres, Sommer 2022 (Philipps-Universit\u00e4t Marburg): \u00bb<em>Fl\u00fcchtigkeit fixieren: praxeologische Modi journalliterarischen Festhaltens (archivieren, ausschneiden, anthologisieren, reorganisieren\u2026)<\/em>\u00ab (TP 2 und TP 8). Indem zum Ende der F\u00f6rderzeit der FOR Rezeptionspraktiken aufgegriffen werden, die sich an der postulierten Transitorik des Journals abarbeiten, steht die Frage nach der performativen Konstituierung von Journalmedialit\u00e4t zur Diskussion, insofern die medienontologisch anmutende Kongruenz der Unterscheidungen \u203aFl\u00fcchtigkeit\/Dauer\u2039 und \u203aJournal\/Buch\u2039 unterlaufen wird. Neben dieser medientheoretischen Frage, die das Verh\u00e4ltnis von Medienpraxis und Medienformat des Journals grunds\u00e4tzlich zur Debatte stellt, sollen an konkreten F\u00e4llen die temporalen Formatbedingungen in diachroner Perspektive differenziert werden, indem gegen die Fl\u00fcchtigkeit gerichtete Praktiken beleuchtet werden, wie etwa das Sammeln von Journalb\u00e4nden in privaten und \u00f6ffentlichen Bibliotheken, die kommerzielle Archivierung von Zeitungsausrissen zu Recherchezwecken oder Anthologisierung als Zweitverwertung. Auszuhandeln ist, wie diese rezeptionsseitigen Praktiken mit produktionsseitigen Vorgaben korrelieren, inwiefern sie die Serialisierung von Inhalt und Form sowie den fortlaufenden Konsum im Abonnement als dynamische Form der Dauer pr\u00e4ferieren, zugleich aber selbst die periodisierten Inhalte in auf Dauer gerichteter Form recyceln. Kulturell betrachtet, geht es hier um das Verh\u00e4ltnis von Ged\u00e4chtnis und Aktualit\u00e4t, f\u00fcr das dem Journal als \u203akleinem Marktplatz\u2039 versus \u203akleinem Archiv\u2039 eine zentrale Rolle zukommt.<\/li>\n<\/ul>\n<h2>Geplante\u00a0teilprojekt\u00fcbergreifende\u00a0Workshops:<\/h2>\n<ul>\n<li>1.\/2. April 2020: <strong>Infolge des Coronavirus wurde der Workshop verschoben<\/strong><br \/>Workshop \u00bb<em>Close and distant: reading(-viewing) journals<\/em>\u00ab (TP 2, TP 4 und TP 8) in Bochum<\/li>\n<\/ul>\n<ul>\n<li>2021:<br \/>Workshop \u00bb<em>Reprint: journalliterarische Bild- und Beitragswanderungen<\/em>\u00ab (TP 5 und TP 7) in Marburg<\/li>\n<\/ul>\n<ul>\n<li>2022:<br \/>Workshop \u00bb<em>1913<\/em>. <em>Ein Jahr im Zentrum der Zeit-Schrift<\/em>\u00ab (TP\u00a01, TP\u00a02 und TP\u00a06) in K\u00f6ln<\/li>\n<\/ul>\n<h2>Geplante Workshops der Teilprojekte:<strong><br \/><\/strong><\/h2>\n<ul>\n<li>Sommer 2020 \u2013 <strong>Infolge des Coronavirus wurden die Workshops verschoben<\/strong><br \/>Workshop \u00bb<em>Programme der Moderne: (werkaffine) \u203alittle magazines\u2039 und (serialisierte) Anthologien<\/em>\u00ab (TP 1 und TP 7) in K\u00f6ln (6.\/7. Juli 2020)<br \/>Workshop \u00bb<em>Bild-Sequenzierung im Journal: Comic, Fotoreportage, Cin\u00e9roman<\/em>\u00ab (TP\u00a05, TP\u00a06 und TP\u00a08) in Bochum (12.\/13. Juni 2020)<\/li>\n<\/ul>\n<ul>\n<li>Sommer 2021:<br \/>Workshop \u00bb<em>Montage\/Collage. Transmediale Verkn\u00fcpfungsverfahren in der Moderne<\/em>\u00ab (TP\u00a01) in K\u00f6ln<br \/>Workshop \u00bb<em>Layout und Sujet<\/em>\u00ab (TP\u00a04) in Bochum<br \/>Workshop \u00bb<em>Rekursivit\u00e4t<\/em>\u00ab (TP\u00a02 und TP\u00a07) in Marburg<\/li>\n<\/ul>\n<ul>\n<li>Sommer 2022:<br \/>Workshop \u00bb<em>Photographies and periodical research: important questions and methodological issues<\/em>\u00ab (TP\u00a05) in Marburg<\/li>\n<\/ul>","protected":false},"excerpt":{"rendered":"<p>Geplante internationale Konferenzen: 14.\u201316. Juni 2021 (Ruhr-Universit\u00e4t Bochum): \u00bbPeriodische Formate auf dem publizistischen Markt: \u00d6konomien von Raum &amp; Zeit, Konkurrenz &amp; Transfer\u00ab (TP\u00a04, TP\u00a06<\/p>\n","protected":false},"author":8,"featured_media":0,"parent":0,"menu_order":0,"comment_status":"closed","ping_status":"closed","template":"","meta":{"footnotes":""},"class_list":["post-183","page","type-page","status-publish","hentry"],"translation":{"provider":"WPGlobus","version":"3.0.2","language":"gb","enabled_languages":["de","gb"],"languages":{"de":{"title":true,"content":true,"excerpt":false},"gb":{"title":false,"content":false,"excerpt":false}}},"yoast_head":"<!-- This site is optimized with the Yoast SEO plugin v27.3 - https:\/\/yoast.com\/product\/yoast-seo-wordpress\/ -->\n<title>Zeitplanung der zweiten F\u00f6rderperiode - Journalliteratur<\/title>\n<meta name=\"robots\" content=\"index, follow, max-snippet:-1, max-image-preview:large, max-video-preview:-1\" \/>\n<link rel=\"canonical\" href=\"https:\/\/journalliteratur.blogs.ruhr-uni-bochum.de\/gb\/zeitplanung\/\" \/>\n<meta property=\"og:locale\" content=\"en_GB\" \/>\n<meta property=\"og:type\" content=\"article\" \/>\n<meta property=\"og:title\" content=\"Zeitplanung der zweiten F\u00f6rderperiode - Journalliteratur\" \/>\n<meta property=\"og:url\" content=\"https:\/\/journalliteratur.blogs.ruhr-uni-bochum.de\/gb\/zeitplanung\/\" \/>\n<meta property=\"og:site_name\" content=\"Journalliteratur\" \/>\n<meta property=\"article:modified_time\" content=\"2020-05-06T09:43:27+00:00\" \/>\n<meta name=\"twitter:card\" content=\"summary_large_image\" \/>\n<meta name=\"twitter:label1\" content=\"Estimated reading time\" \/>\n\t<meta name=\"twitter:data1\" content=\"4 minutes\" \/>\n<script type=\"application\/ld+json\" class=\"yoast-schema-graph\">{\"@context\":\"https:\\\/\\\/schema.org\",\"@graph\":[{\"@type\":\"WebPage\",\"@id\":\"https:\\\/\\\/journalliteratur.blogs.ruhr-uni-bochum.de\\\/gb\\\/zeitplanung\\\/\",\"url\":\"https:\\\/\\\/journalliteratur.blogs.ruhr-uni-bochum.de\\\/gb\\\/zeitplanung\\\/\",\"name\":\"Zeitplanung der zweiten F\u00f6rderperiode - Journalliteratur\",\"isPartOf\":{\"@id\":\"https:\\\/\\\/journalliteratur.blogs.ruhr-uni-bochum.de\\\/gb\\\/#website\"},\"datePublished\":\"2016-08-24T21:29:45+00:00\",\"dateModified\":\"2020-05-06T09:43:27+00:00\",\"breadcrumb\":{\"@id\":\"https:\\\/\\\/journalliteratur.blogs.ruhr-uni-bochum.de\\\/gb\\\/zeitplanung\\\/#breadcrumb\"},\"inLanguage\":\"en-GB\",\"potentialAction\":[{\"@type\":\"ReadAction\",\"target\":[\"https:\\\/\\\/journalliteratur.blogs.ruhr-uni-bochum.de\\\/gb\\\/zeitplanung\\\/\"]}]},{\"@type\":\"BreadcrumbList\",\"@id\":\"https:\\\/\\\/journalliteratur.blogs.ruhr-uni-bochum.de\\\/gb\\\/zeitplanung\\\/#breadcrumb\",\"itemListElement\":[{\"@type\":\"ListItem\",\"position\":1,\"name\":\"Startseite\",\"item\":\"https:\\\/\\\/journalliteratur.blogs.ruhr-uni-bochum.de\\\/gb\\\/\"},{\"@type\":\"ListItem\",\"position\":2,\"name\":\"Zeitplanung der zweiten F\u00f6rderperiode\"}]},{\"@type\":\"WebSite\",\"@id\":\"https:\\\/\\\/journalliteratur.blogs.ruhr-uni-bochum.de\\\/gb\\\/#website\",\"url\":\"https:\\\/\\\/journalliteratur.blogs.ruhr-uni-bochum.de\\\/gb\\\/\",\"name\":\"Journalliteratur\",\"description\":\"Formatbedingungen, visuelles Design, Rezeptionskulturen\",\"publisher\":{\"@id\":\"https:\\\/\\\/journalliteratur.blogs.ruhr-uni-bochum.de\\\/gb\\\/#organization\"},\"potentialAction\":[{\"@type\":\"SearchAction\",\"target\":{\"@type\":\"EntryPoint\",\"urlTemplate\":\"https:\\\/\\\/journalliteratur.blogs.ruhr-uni-bochum.de\\\/gb\\\/?s={search_term_string}\"},\"query-input\":{\"@type\":\"PropertyValueSpecification\",\"valueRequired\":true,\"valueName\":\"search_term_string\"}}],\"inLanguage\":\"en-GB\"},{\"@type\":\"Organization\",\"@id\":\"https:\\\/\\\/journalliteratur.blogs.ruhr-uni-bochum.de\\\/gb\\\/#organization\",\"name\":\"DFG-Forschergruppe 2288: Journalliteratur\",\"url\":\"https:\\\/\\\/journalliteratur.blogs.ruhr-uni-bochum.de\\\/gb\\\/\",\"logo\":{\"@type\":\"ImageObject\",\"inLanguage\":\"en-GB\",\"@id\":\"https:\\\/\\\/journalliteratur.blogs.ruhr-uni-bochum.de\\\/gb\\\/#\\\/schema\\\/logo\\\/image\\\/\",\"url\":\"https:\\\/\\\/journalliteratur.blogs.ruhr-uni-bochum.de\\\/wp-content\\\/uploads\\\/2016\\\/08\\\/cropped-fg_journal_logo_blaetter_icon.png\",\"contentUrl\":\"https:\\\/\\\/journalliteratur.blogs.ruhr-uni-bochum.de\\\/wp-content\\\/uploads\\\/2016\\\/08\\\/cropped-fg_journal_logo_blaetter_icon.png\",\"width\":512,\"height\":512,\"caption\":\"DFG-Forschergruppe 2288: Journalliteratur\"},\"image\":{\"@id\":\"https:\\\/\\\/journalliteratur.blogs.ruhr-uni-bochum.de\\\/gb\\\/#\\\/schema\\\/logo\\\/image\\\/\"}}]}<\/script>\n<!-- \/ Yoast SEO plugin. -->","yoast_head_json":{"title":"Zeitplanung der zweiten F\u00f6rderperiode - Journalliteratur","robots":{"index":"index","follow":"follow","max-snippet":"max-snippet:-1","max-image-preview":"max-image-preview:large","max-video-preview":"max-video-preview:-1"},"canonical":"https:\/\/journalliteratur.blogs.ruhr-uni-bochum.de\/gb\/zeitplanung\/","og_locale":"en_GB","og_type":"article","og_title":"Zeitplanung der zweiten F\u00f6rderperiode - Journalliteratur","og_url":"https:\/\/journalliteratur.blogs.ruhr-uni-bochum.de\/gb\/zeitplanung\/","og_site_name":"Journalliteratur","article_modified_time":"2020-05-06T09:43:27+00:00","twitter_card":"summary_large_image","twitter_misc":{"Estimated reading time":"4 minutes"},"schema":{"@context":"https:\/\/schema.org","@graph":[{"@type":"WebPage","@id":"https:\/\/journalliteratur.blogs.ruhr-uni-bochum.de\/gb\/zeitplanung\/","url":"https:\/\/journalliteratur.blogs.ruhr-uni-bochum.de\/gb\/zeitplanung\/","name":"Zeitplanung der zweiten F\u00f6rderperiode - Journalliteratur","isPartOf":{"@id":"https:\/\/journalliteratur.blogs.ruhr-uni-bochum.de\/gb\/#website"},"datePublished":"2016-08-24T21:29:45+00:00","dateModified":"2020-05-06T09:43:27+00:00","breadcrumb":{"@id":"https:\/\/journalliteratur.blogs.ruhr-uni-bochum.de\/gb\/zeitplanung\/#breadcrumb"},"inLanguage":"en-GB","potentialAction":[{"@type":"ReadAction","target":["https:\/\/journalliteratur.blogs.ruhr-uni-bochum.de\/gb\/zeitplanung\/"]}]},{"@type":"BreadcrumbList","@id":"https:\/\/journalliteratur.blogs.ruhr-uni-bochum.de\/gb\/zeitplanung\/#breadcrumb","itemListElement":[{"@type":"ListItem","position":1,"name":"Startseite","item":"https:\/\/journalliteratur.blogs.ruhr-uni-bochum.de\/gb\/"},{"@type":"ListItem","position":2,"name":"Zeitplanung der zweiten F\u00f6rderperiode"}]},{"@type":"WebSite","@id":"https:\/\/journalliteratur.blogs.ruhr-uni-bochum.de\/gb\/#website","url":"https:\/\/journalliteratur.blogs.ruhr-uni-bochum.de\/gb\/","name":"Journalliteratur","description":"Formatbedingungen, visuelles Design, Rezeptionskulturen","publisher":{"@id":"https:\/\/journalliteratur.blogs.ruhr-uni-bochum.de\/gb\/#organization"},"potentialAction":[{"@type":"SearchAction","target":{"@type":"EntryPoint","urlTemplate":"https:\/\/journalliteratur.blogs.ruhr-uni-bochum.de\/gb\/?s={search_term_string}"},"query-input":{"@type":"PropertyValueSpecification","valueRequired":true,"valueName":"search_term_string"}}],"inLanguage":"en-GB"},{"@type":"Organization","@id":"https:\/\/journalliteratur.blogs.ruhr-uni-bochum.de\/gb\/#organization","name":"DFG-Forschergruppe 2288: Journalliteratur","url":"https:\/\/journalliteratur.blogs.ruhr-uni-bochum.de\/gb\/","logo":{"@type":"ImageObject","inLanguage":"en-GB","@id":"https:\/\/journalliteratur.blogs.ruhr-uni-bochum.de\/gb\/#\/schema\/logo\/image\/","url":"https:\/\/journalliteratur.blogs.ruhr-uni-bochum.de\/wp-content\/uploads\/2016\/08\/cropped-fg_journal_logo_blaetter_icon.png","contentUrl":"https:\/\/journalliteratur.blogs.ruhr-uni-bochum.de\/wp-content\/uploads\/2016\/08\/cropped-fg_journal_logo_blaetter_icon.png","width":512,"height":512,"caption":"DFG-Forschergruppe 2288: Journalliteratur"},"image":{"@id":"https:\/\/journalliteratur.blogs.ruhr-uni-bochum.de\/gb\/#\/schema\/logo\/image\/"}}]}},"_links":{"self":[{"href":"https:\/\/journalliteratur.blogs.ruhr-uni-bochum.de\/gb\/wp-json\/wp\/v2\/pages\/183","targetHints":{"allow":["GET"]}}],"collection":[{"href":"https:\/\/journalliteratur.blogs.ruhr-uni-bochum.de\/gb\/wp-json\/wp\/v2\/pages"}],"about":[{"href":"https:\/\/journalliteratur.blogs.ruhr-uni-bochum.de\/gb\/wp-json\/wp\/v2\/types\/page"}],"author":[{"embeddable":true,"href":"https:\/\/journalliteratur.blogs.ruhr-uni-bochum.de\/gb\/wp-json\/wp\/v2\/users\/8"}],"replies":[{"embeddable":true,"href":"https:\/\/journalliteratur.blogs.ruhr-uni-bochum.de\/gb\/wp-json\/wp\/v2\/comments?post=183"}],"version-history":[{"count":26,"href":"https:\/\/journalliteratur.blogs.ruhr-uni-bochum.de\/gb\/wp-json\/wp\/v2\/pages\/183\/revisions"}],"predecessor-version":[{"id":3165,"href":"https:\/\/journalliteratur.blogs.ruhr-uni-bochum.de\/gb\/wp-json\/wp\/v2\/pages\/183\/revisions\/3165"}],"wp:attachment":[{"href":"https:\/\/journalliteratur.blogs.ruhr-uni-bochum.de\/gb\/wp-json\/wp\/v2\/media?parent=183"}],"curies":[{"name":"wp","href":"https:\/\/api.w.org\/{rel}","templated":true}]}}