{"id":173,"date":"2016-08-24T23:14:26","date_gmt":"2016-08-24T21:14:26","guid":{"rendered":"https:\/\/journalliteratur.blogs.ruhr-uni-bochum.de\/?page_id=173"},"modified":"2019-12-16T14:25:59","modified_gmt":"2019-12-16T13:25:59","slug":"kooperationen","status":"publish","type":"page","link":"https:\/\/journalliteratur.blogs.ruhr-uni-bochum.de\/gb\/ueber-die-forschergruppe\/kooperationen\/","title":{"rendered":"Fellows &#038; Collaborations of the first funding period"},"content":{"rendered":"\n\n<table id=\"tablepress-34\" class=\"tablepress tablepress-id-34\">\n<thead>\n<tr class=\"row-1\">\n\t<th class=\"column-1\"><a href=\" https:\/\/journalliteratur.blogs.ruhr-uni-bochum.de\/gb\/ueber-die-forschergruppe\/kooperationen\/\"><br \/>\nFellows &amp; Collaborations of the first funding period<\/a><br \/>\n<br \/>\n<\/th><th class=\"column-2\"><a href=\" https:\/\/journalliteratur.blogs.ruhr-uni-bochum.de\/gb\/fellows-kooperationen-der-zweiten-foerderphase\/\"><br \/>\nFellows &amp; Collaborations of the second funding period<br \/>\n<\/a><\/th>\n<\/tr>\n<\/thead>\n<tbody class=\"row-striping row-hover\">\n<\/tbody>\n<\/table>\n<!-- #tablepress-34 from cache -->\n\n\n<h2>Mercator Fellows of the Research Unit<\/h2>\n<ul>\n<li><a href=\"https:\/\/www.ucl.ac.uk\/art-history\/people\/research-associates\/tom-gretton\" target=\"_blank\" rel=\"noopener noreferrer\">Tom Gretton<\/a>, Honorary Senior Research Associate, University College London (invited by SP 5), stay in Marburg: May 8th to May 26th, 2017 &amp; November 2017<\/li>\n<li><a href=\"http:\/\/www.ryerson.ca\/graduate\/ppcm\/faculty\/bio\/thierry-gervais.html\" target=\"_blank\" rel=\"noopener noreferrer\">Thierry Gervais<\/a>, Assistant Professor, Ryerson University Toronto (invited by SP 5), stay in Marburg: November 21st to November 28th 2017<\/li>\n<li><a href=\"https:\/\/www.leeds.ac.uk\/arts\/profile\/20040\/1176\/james_mussell\" target=\"_blank\" rel=\"noopener noreferrer\">James Mussell<\/a>, Associate Professor, University of Leeds (invited by SP 1), stay in K\u00f6ln: June 25th to July 26th, 2017<\/li>\n<li><a href=\"http:\/\/www.bbk.ac.uk\/english\/our-staff\/full-time-academic-staff\/cale\" target=\"_blank\" rel=\"noopener noreferrer\">Luisa Cal\u00e8<\/a>, Senior Lecturer, Birkbeck University of London (invited by SP 3 and SP 4 for the third and the fifth half-year)<\/li>\n<li><a href=\"https:\/\/grs.missouri.edu\/people\/franzel\" target=\"_blank\" rel=\"noopener noreferrer\">Sean Franzel<\/a>, Associate Professor, University of Missouri, Columbia (invited by SP 2 for the sixth half-year)<\/li>\n<\/ul>\n<h2>Further collaborations partners of the Research Unit<\/h2>\n<p>High-profile international collaborations with French, English, American and Canadian journal (literature) research are complemented by project-based individual collaborations:<\/p>\n<ul>\n<li><a href=\"http:\/\/www.buchwissenschaft.uni-muenchen.de\/personen\/professoren\/haug\/index.html\">Prof. Dr. Christine Haug<\/a> (Director of the degree programmes Book Studies, Ludwig-Maximilians-Universit\u00e4t M\u00fcnchen, research focus \u00bbLiteraturbetrieb im 19. Jahrhundert, Entwicklung von Buch- und Pressemarkt im Kontext der Industrialisierung\u00ab)<\/li>\n<li><a href=\"http:\/\/www.mellmann.org\/\">Dr. Katja Mellmann<\/a> (Georg-August-Universit\u00e4t G\u00f6ttingen, Freigeist-Fellowship&nbsp;\u00bbHistorische Rezeptionsanalyse\u00ab)<\/li>\n<li><a href=\"http:\/\/www.geisteswissenschaften.fu-berlin.de\/we04\/institut\/mitarbeiter\/podewski\/index.html\" target=\"_blank\" rel=\"noopener noreferrer\">PD Dr. Madleen Podewski<\/a> (Freie Universit\u00e4t Berlin; DFG-Project&nbsp;<a href=\"http:\/\/gepris.dfg.de\/gepris\/projekt\/282457319\" target=\"_blank\" rel=\"noopener noreferrer\">\u00bbLiteratur im Zeitalter der Illustrierten: Stationen komplexer Text-Bild-Beziehungen im 19. Jahrhundert\u00ab<\/a>)<\/li>\n<li><a href=\"https:\/\/www.uni-goettingen.de\/de\/11860.html\" target=\"_blank\" rel=\"noopener noreferrer\">Prof. Dr. Claudia Stockinger<\/a> (Universit\u00e4t G\u00f6ttingen; leader of the&nbsp;sub-project&nbsp;\u00bbSerielles Erz\u00e4hlen in popul\u00e4ren deutschsprachigen Periodika zwischen 1850 und 1890\u00ab of the <a href=\"http:\/\/www.popularseriality.de\/\" target=\"_blank\" rel=\"noopener noreferrer\">DFG-Research Unit 1091 \u00bb\u00c4sthetik und Praxis popul\u00e4rer Serialit\u00e4t\u00ab<\/a>)<\/li>\n<li><a href=\"http:\/\/staff.germanistik.rub.de\/zelle\/\" target=\"_blank\" rel=\"noopener noreferrer\">Prof. Dr. Carsten Zelle<\/a> (Ruhr-Universit\u00e4t Bochum; leader of a project founded by Thyssen &nbsp;about the collection of &nbsp;The New&nbsp;Pitaval (1842\u20131890) and its relation i.a. to legal journals; Planing a project about the representation of dietary knowledge in popular scientific journal literature of the Enlightenment and family magazines of the 19th century)<\/li>\n<\/ul>","protected":false},"excerpt":{"rendered":"<p>Mercator Fellows of the Research Unit Tom Gretton, Honorary Senior Research Associate, University College London (invited by SP 5), stay in Marburg: May 8th<\/p>\n","protected":false},"author":7,"featured_media":0,"parent":21,"menu_order":0,"comment_status":"closed","ping_status":"closed","template":"","meta":{"footnotes":""},"class_list":["post-173","page","type-page","status-publish","hentry"],"translation":{"provider":"WPGlobus","version":"3.0.2","language":"gb","enabled_languages":["de","gb"],"languages":{"de":{"title":true,"content":true,"excerpt":false},"gb":{"title":true,"content":true,"excerpt":false}}},"yoast_head":"<!-- This site is optimized with the Yoast SEO plugin v27.3 - https:\/\/yoast.com\/product\/yoast-seo-wordpress\/ -->\n<title>Fellows &amp; Collaborations of the first funding period - Journalliteratur<\/title>\n<meta name=\"robots\" content=\"index, follow, max-snippet:-1, max-image-preview:large, max-video-preview:-1\" \/>\n<link rel=\"canonical\" href=\"https:\/\/journalliteratur.blogs.ruhr-uni-bochum.de\/ueber-die-forschergruppe\/kooperationen\/\" \/>\n<meta property=\"og:locale\" content=\"en_GB\" \/>\n<meta property=\"og:type\" content=\"article\" \/>\n<meta property=\"og:title\" content=\"Fellows &amp; Collaborations of the first funding period - Journalliteratur\" \/>\n<meta property=\"og:url\" content=\"https:\/\/journalliteratur.blogs.ruhr-uni-bochum.de\/ueber-die-forschergruppe\/kooperationen\/\" \/>\n<meta property=\"og:site_name\" content=\"Journalliteratur\" \/>\n<meta property=\"article:modified_time\" content=\"2019-12-16T13:25:59+00:00\" \/>\n<meta name=\"twitter:card\" content=\"summary_large_image\" \/>\n<meta name=\"twitter:label1\" content=\"Estimated reading time\" \/>\n\t<meta name=\"twitter:data1\" content=\"3 minutes\" \/>\n<script type=\"application\/ld+json\" class=\"yoast-schema-graph\">{\"@context\":\"https:\\\/\\\/schema.org\",\"@graph\":[{\"@type\":\"WebPage\",\"@id\":\"https:\\\/\\\/journalliteratur.blogs.ruhr-uni-bochum.de\\\/ueber-die-forschergruppe\\\/kooperationen\\\/\",\"url\":\"https:\\\/\\\/journalliteratur.blogs.ruhr-uni-bochum.de\\\/ueber-die-forschergruppe\\\/kooperationen\\\/\",\"name\":\"Fellows & Collaborations of the first funding period - Journalliteratur\",\"isPartOf\":{\"@id\":\"https:\\\/\\\/journalliteratur.blogs.ruhr-uni-bochum.de\\\/gb\\\/#website\"},\"datePublished\":\"2016-08-24T21:14:26+00:00\",\"dateModified\":\"2019-12-16T13:25:59+00:00\",\"breadcrumb\":{\"@id\":\"https:\\\/\\\/journalliteratur.blogs.ruhr-uni-bochum.de\\\/ueber-die-forschergruppe\\\/kooperationen\\\/#breadcrumb\"},\"inLanguage\":\"en-GB\",\"potentialAction\":[{\"@type\":\"ReadAction\",\"target\":[\"https:\\\/\\\/journalliteratur.blogs.ruhr-uni-bochum.de\\\/ueber-die-forschergruppe\\\/kooperationen\\\/\"]}]},{\"@type\":\"BreadcrumbList\",\"@id\":\"https:\\\/\\\/journalliteratur.blogs.ruhr-uni-bochum.de\\\/ueber-die-forschergruppe\\\/kooperationen\\\/#breadcrumb\",\"itemListElement\":[{\"@type\":\"ListItem\",\"position\":1,\"name\":\"Startseite\",\"item\":\"https:\\\/\\\/journalliteratur.blogs.ruhr-uni-bochum.de\\\/gb\\\/\"},{\"@type\":\"ListItem\",\"position\":2,\"name\":\"\u00dcber die Forschergruppe\",\"item\":\"https:\\\/\\\/journalliteratur.blogs.ruhr-uni-bochum.de\\\/ueber-die-forschergruppe\\\/\"},{\"@type\":\"ListItem\",\"position\":3,\"name\":\"Fellows &#038; Kooperationen der ersten F\u00f6rderphase\"}]},{\"@type\":\"WebSite\",\"@id\":\"https:\\\/\\\/journalliteratur.blogs.ruhr-uni-bochum.de\\\/gb\\\/#website\",\"url\":\"https:\\\/\\\/journalliteratur.blogs.ruhr-uni-bochum.de\\\/gb\\\/\",\"name\":\"Journalliteratur\",\"description\":\"Formatbedingungen, visuelles Design, Rezeptionskulturen\",\"publisher\":{\"@id\":\"https:\\\/\\\/journalliteratur.blogs.ruhr-uni-bochum.de\\\/gb\\\/#organization\"},\"potentialAction\":[{\"@type\":\"SearchAction\",\"target\":{\"@type\":\"EntryPoint\",\"urlTemplate\":\"https:\\\/\\\/journalliteratur.blogs.ruhr-uni-bochum.de\\\/gb\\\/?s={search_term_string}\"},\"query-input\":{\"@type\":\"PropertyValueSpecification\",\"valueRequired\":true,\"valueName\":\"search_term_string\"}}],\"inLanguage\":\"en-GB\"},{\"@type\":\"Organization\",\"@id\":\"https:\\\/\\\/journalliteratur.blogs.ruhr-uni-bochum.de\\\/gb\\\/#organization\",\"name\":\"DFG-Forschergruppe 2288: Journalliteratur\",\"url\":\"https:\\\/\\\/journalliteratur.blogs.ruhr-uni-bochum.de\\\/gb\\\/\",\"logo\":{\"@type\":\"ImageObject\",\"inLanguage\":\"en-GB\",\"@id\":\"https:\\\/\\\/journalliteratur.blogs.ruhr-uni-bochum.de\\\/gb\\\/#\\\/schema\\\/logo\\\/image\\\/\",\"url\":\"https:\\\/\\\/journalliteratur.blogs.ruhr-uni-bochum.de\\\/wp-content\\\/uploads\\\/2016\\\/08\\\/cropped-fg_journal_logo_blaetter_icon.png\",\"contentUrl\":\"https:\\\/\\\/journalliteratur.blogs.ruhr-uni-bochum.de\\\/wp-content\\\/uploads\\\/2016\\\/08\\\/cropped-fg_journal_logo_blaetter_icon.png\",\"width\":512,\"height\":512,\"caption\":\"DFG-Forschergruppe 2288: Journalliteratur\"},\"image\":{\"@id\":\"https:\\\/\\\/journalliteratur.blogs.ruhr-uni-bochum.de\\\/gb\\\/#\\\/schema\\\/logo\\\/image\\\/\"}}]}<\/script>\n<!-- \/ Yoast SEO plugin. -->","yoast_head_json":{"title":"Fellows & Collaborations of the first funding period - Journalliteratur","robots":{"index":"index","follow":"follow","max-snippet":"max-snippet:-1","max-image-preview":"max-image-preview:large","max-video-preview":"max-video-preview:-1"},"canonical":"https:\/\/journalliteratur.blogs.ruhr-uni-bochum.de\/ueber-die-forschergruppe\/kooperationen\/","og_locale":"en_GB","og_type":"article","og_title":"Fellows & Collaborations of the first funding period - Journalliteratur","og_url":"https:\/\/journalliteratur.blogs.ruhr-uni-bochum.de\/ueber-die-forschergruppe\/kooperationen\/","og_site_name":"Journalliteratur","article_modified_time":"2019-12-16T13:25:59+00:00","twitter_card":"summary_large_image","twitter_misc":{"Estimated reading time":"3 minutes"},"schema":{"@context":"https:\/\/schema.org","@graph":[{"@type":"WebPage","@id":"https:\/\/journalliteratur.blogs.ruhr-uni-bochum.de\/ueber-die-forschergruppe\/kooperationen\/","url":"https:\/\/journalliteratur.blogs.ruhr-uni-bochum.de\/ueber-die-forschergruppe\/kooperationen\/","name":"Fellows & Collaborations of the first funding period - Journalliteratur","isPartOf":{"@id":"https:\/\/journalliteratur.blogs.ruhr-uni-bochum.de\/gb\/#website"},"datePublished":"2016-08-24T21:14:26+00:00","dateModified":"2019-12-16T13:25:59+00:00","breadcrumb":{"@id":"https:\/\/journalliteratur.blogs.ruhr-uni-bochum.de\/ueber-die-forschergruppe\/kooperationen\/#breadcrumb"},"inLanguage":"en-GB","potentialAction":[{"@type":"ReadAction","target":["https:\/\/journalliteratur.blogs.ruhr-uni-bochum.de\/ueber-die-forschergruppe\/kooperationen\/"]}]},{"@type":"BreadcrumbList","@id":"https:\/\/journalliteratur.blogs.ruhr-uni-bochum.de\/ueber-die-forschergruppe\/kooperationen\/#breadcrumb","itemListElement":[{"@type":"ListItem","position":1,"name":"Startseite","item":"https:\/\/journalliteratur.blogs.ruhr-uni-bochum.de\/gb\/"},{"@type":"ListItem","position":2,"name":"\u00dcber die Forschergruppe","item":"https:\/\/journalliteratur.blogs.ruhr-uni-bochum.de\/ueber-die-forschergruppe\/"},{"@type":"ListItem","position":3,"name":"Fellows &#038; Kooperationen der ersten F\u00f6rderphase"}]},{"@type":"WebSite","@id":"https:\/\/journalliteratur.blogs.ruhr-uni-bochum.de\/gb\/#website","url":"https:\/\/journalliteratur.blogs.ruhr-uni-bochum.de\/gb\/","name":"Journalliteratur","description":"Formatbedingungen, visuelles Design, Rezeptionskulturen","publisher":{"@id":"https:\/\/journalliteratur.blogs.ruhr-uni-bochum.de\/gb\/#organization"},"potentialAction":[{"@type":"SearchAction","target":{"@type":"EntryPoint","urlTemplate":"https:\/\/journalliteratur.blogs.ruhr-uni-bochum.de\/gb\/?s={search_term_string}"},"query-input":{"@type":"PropertyValueSpecification","valueRequired":true,"valueName":"search_term_string"}}],"inLanguage":"en-GB"},{"@type":"Organization","@id":"https:\/\/journalliteratur.blogs.ruhr-uni-bochum.de\/gb\/#organization","name":"DFG-Forschergruppe 2288: Journalliteratur","url":"https:\/\/journalliteratur.blogs.ruhr-uni-bochum.de\/gb\/","logo":{"@type":"ImageObject","inLanguage":"en-GB","@id":"https:\/\/journalliteratur.blogs.ruhr-uni-bochum.de\/gb\/#\/schema\/logo\/image\/","url":"https:\/\/journalliteratur.blogs.ruhr-uni-bochum.de\/wp-content\/uploads\/2016\/08\/cropped-fg_journal_logo_blaetter_icon.png","contentUrl":"https:\/\/journalliteratur.blogs.ruhr-uni-bochum.de\/wp-content\/uploads\/2016\/08\/cropped-fg_journal_logo_blaetter_icon.png","width":512,"height":512,"caption":"DFG-Forschergruppe 2288: Journalliteratur"},"image":{"@id":"https:\/\/journalliteratur.blogs.ruhr-uni-bochum.de\/gb\/#\/schema\/logo\/image\/"}}]}},"_links":{"self":[{"href":"https:\/\/journalliteratur.blogs.ruhr-uni-bochum.de\/gb\/wp-json\/wp\/v2\/pages\/173","targetHints":{"allow":["GET"]}}],"collection":[{"href":"https:\/\/journalliteratur.blogs.ruhr-uni-bochum.de\/gb\/wp-json\/wp\/v2\/pages"}],"about":[{"href":"https:\/\/journalliteratur.blogs.ruhr-uni-bochum.de\/gb\/wp-json\/wp\/v2\/types\/page"}],"author":[{"embeddable":true,"href":"https:\/\/journalliteratur.blogs.ruhr-uni-bochum.de\/gb\/wp-json\/wp\/v2\/users\/7"}],"replies":[{"embeddable":true,"href":"https:\/\/journalliteratur.blogs.ruhr-uni-bochum.de\/gb\/wp-json\/wp\/v2\/comments?post=173"}],"version-history":[{"count":30,"href":"https:\/\/journalliteratur.blogs.ruhr-uni-bochum.de\/gb\/wp-json\/wp\/v2\/pages\/173\/revisions"}],"predecessor-version":[{"id":2690,"href":"https:\/\/journalliteratur.blogs.ruhr-uni-bochum.de\/gb\/wp-json\/wp\/v2\/pages\/173\/revisions\/2690"}],"up":[{"embeddable":true,"href":"https:\/\/journalliteratur.blogs.ruhr-uni-bochum.de\/gb\/wp-json\/wp\/v2\/pages\/21"}],"wp:attachment":[{"href":"https:\/\/journalliteratur.blogs.ruhr-uni-bochum.de\/gb\/wp-json\/wp\/v2\/media?parent=173"}],"curies":[{"name":"wp","href":"https:\/\/api.w.org\/{rel}","templated":true}]}}