{"id":165,"date":"2016-08-24T23:02:39","date_gmt":"2016-08-24T21:02:39","guid":{"rendered":"https:\/\/journalliteratur.blogs.ruhr-uni-bochum.de\/?page_id=165"},"modified":"2017-05-05T13:04:30","modified_gmt":"2017-05-05T11:04:30","slug":"journalbuch","status":"publish","type":"page","link":"https:\/\/journalliteratur.blogs.ruhr-uni-bochum.de\/gb\/journalbuch\/","title":{"rendered":"Journal\/Book"},"content":{"rendered":"<p>So, why is it that literary studies and art history do not value the publication of journal literature texts, graphic reproduction and photography, advertisements, or books that are either sequentialised as serial works or form part of a series? Their orientation towards the public and their use of media \u2013 with the associated connotations of mass reception \u2013 are more than just aesthetically disagreeable attendant factors. Journal literature <em>reception cultures<\/em> in relation to book literature <em>reception cultures<\/em> are a significant factor in the specific mediality of the respective media format. And, vice versa, they are themselves composed of media. For a long time, research has acknowledged the plurality of reception cultures and correlated it with the difference between distinct literatures and their corresponding media (formats). Indeed, in the course of this differentiation (and alternating between more or less explicit (de-)valuation and sociological \u2018rescue\u2019), almost homogenously conceived binary oppositional means of communication have emerged: on the one hand \u2013 with very little internal differentiation \u2013 a popular, anonymous mass culture, and on the other an exclusive high culture which refers to individual author names and work titles and defines itself via the concept of art and literature as autonomous creations. In terms of differences in media format, journal reading and \u2018book literature\u2019 reading are opposites within this binary logic: the former is conceptualised as convivial, extensive, superficial, and institutionally assigned to spaces of collective reception (real as well as imaginary), and the latter is coded as solitary, private, intense, aesthetically motivated and academic.<\/p>\n<p>By contrast, the key difference \u201cjournal \/ book\u201d aims to go beyond theoretically modelled comprehensive concepts and take the concrete use of media as its starting point. In so doing, however, the intention is not to write the history of institutions or technology (various research projects already exist in this area) but to infer the use of media \u2018itself\u2019 in its \u2013 in principle, of course, inaccessible \u2013 presence, based on the specific materiality and the media-based self-reflection of the media formats in question. The research group\u2019s focus is therefore on the materially implied use of media, which can be deduced from forms of institutional enactment, from reading practices evoked by reconstructing the history of technology and media, or from the reflexivity of the respective media \u2018appearance\u2019. Such an \u201carcheology of reading practices\u201d \u00e0 la Roger Chartiers can, in each case, only be developed in an exemplary praxeology concretised through material philology.<\/p>\n<p>Based on the key difference \u201cjournal \/ book\u201d, the analysis therefore focuses on synchronous aspects across the media system. Here, too, the focus is on the transitions and potentially circular interdependencies and reciprocal relations between media and their implicit actors. Reception culture is analysed as a complex of heterogeneous processes \u2013 not clearly distinguishable from one another; in fact, overlapping one another \u2013 in public and semi-public spaces. It is these processes which \u2013 in partly designed, partly contingent combinations \u2013 constitute \u2018the\u2019 literary market. It is not so much actual reading practices that are up for debate here, rather the media enactment of reading, of audience, and of media formats. This, in turn, has a reflexive retrospective effect on each individual, concrete act of reading within a concrete medium, a medium which remains, in fact, a blind spot in terms of its historical facticity; it is imaginatively implied, but it becomes tangible through, for example, advertisements. Ultimately, it is about the negotiation of \u2018literariness\u2019 from a media point of view.<\/p>\n<p>Sub-project key questions regarding \u2018journal versus book\u2019:<\/p>\n<p><strong>SP\u00a01:<\/strong><\/p>\n<ul>\n<li>Wie l\u00e4sst sich die \u00dcberg\u00e4ngigkeit von Buchpublikationen in Fortsetzungen bzw. Journaltexten in Jahrgangsb\u00e4nde beschreiben und konzeptualisieren?<\/li>\n<li>Wie lassen sich solche Medienformatwechsel in Textstrukturen nachweisen?<\/li>\n<\/ul>\n<p><strong>SP\u00a02:<\/strong><\/p>\n<ul>\n<li>Wie reflektieren Journale materialiter ihre Journalf\u00f6rmigkeit als Spielraum \u203achronopoetischer\u2039 Gestaltung?<\/li>\n<li>Wie verhalten sich Zeitbl\u00e4tter hinsichtlich ihrer journalistischen Darstellungsformen und Modi ihrer Archivierung zur Buchf\u00f6rmigkeit?<\/li>\n<\/ul>\n<p><strong>SP\u00a03:<\/strong><\/p>\n<ul>\n<li>Wie bringen sich Journal- und Buchf\u00f6rmigkeit als konkurrierende Marktfaktoren optisch zur Geltung? Welchen (auch marktbezogenen) Stellenwert haben \u00dcbergangs- und Mischformen?<\/li>\n<li>Welche Publika werden durch die materiale Gestaltung des jeweiligen medialen, generischen, speziellen Formats explizit oder implizit adressiert? Inwiefern sind Hinweise auf format\u00fcbergreifende Rezeptionen, etwa durch Zitation oder Werbung, zu beobachten?<\/li>\n<\/ul>\n<p><strong>SP\u00a04:<\/strong><\/p>\n<ul>\n<li>Illustrierte B\u00fccher der 1830er\/40er erscheinen journal\u00e4hnlich, n\u00e4mlich unangenehm interrupt als Lieferungswerke &#8212; inwieweit werden Illustrationsimporte aus diesen gebrochenen Texten ins Journal dazu genutzt, um dort mit medienformatspezifischen Mitteln Koh\u00e4renz zu erzeugen?<\/li>\n<li>Welche gemeinsamen, welche divergierenden Illustrationsstrategien lassen sich in B\u00fcchern und Journalen beobachten?<\/li>\n<\/ul>\n<p><strong>SP\u00a05:\u00a0<\/strong><\/p>\n<ul>\n<li>Welche fotografiespezifischen Erscheinungsformen lassen sich in der Journalliteratur finden, die im Kontrast zu Fotob\u00fcchern und Fotografien in B\u00fcchern stehen?<\/li>\n<li>Welche Formen serialisierter Fotografie streben in Richtung der st\u00e4rker geschlossenen Form des Buchs?<\/li>\n<li>Wie werden unterschiedliche Medien innerhalb des Mediums Journal im Vergleich zum Medium Buch konstelliert?<\/li>\n<\/ul>\n<p><strong>SP\u00a06:<\/strong><\/p>\n<ul>\n<li>Findet die Bildergeschichte ihre erste mediale \u203aHeimat\u2039 in satirischen Journalen wie den <em>Fliegenden Bl\u00e4ttern<\/em> oder dem <em>Kikeriki<\/em>, erscheinen doch zum Teil auch parallel eigenst\u00e4ndige Buchpublikationen und Nachdrucke in Buchform, die nicht nur die Frage aufwerfen, wie sich der jeweilige Zuschnitt der Medien auf die Einrichtung der reproduzierten Bildergeschichten und Comics auswirkt, sondern auch und besonders, ob diese Wirkungen auf das Ausgangsmedium zur\u00fcckwirken und so Transformationen etwa der visuellen Gestaltung ausl\u00f6sen.<\/li>\n<li>In satirischen Zeitschriften werden seit dem letzten Drittel des 19. Jahrhunderts das Buch als Lekt\u00fcregegenstand und die damit einhergehenden Lekt\u00fcrepraktiken vermehrt thematisiert und nicht selten visuell dargestellt. Es dr\u00e4ngt sich die Frage auf, ob und wie sich die Zeitschriften vom Buch abgrenzen, z. B. indem sie medienspezifische Praktiken lancieren.<\/li>\n<\/ul>\n","protected":false},"excerpt":{"rendered":"<p>So, why is it that literary studies and art history do not value the publication of journal literature texts, graphic reproduction and photography, advertisements,<\/p>\n","protected":false},"author":7,"featured_media":0,"parent":0,"menu_order":0,"comment_status":"closed","ping_status":"closed","template":"","meta":{"footnotes":""},"class_list":["post-165","page","type-page","status-publish","hentry"],"translation":{"provider":"WPGlobus","version":"3.0.2","language":"gb","enabled_languages":["de","gb"],"languages":{"de":{"title":true,"content":true,"excerpt":false},"gb":{"title":true,"content":true,"excerpt":false}}},"yoast_head":"<!-- This site is optimized with the Yoast SEO plugin v27.3 - https:\/\/yoast.com\/product\/yoast-seo-wordpress\/ -->\n<title>Journal\/Book - Journalliteratur<\/title>\n<meta name=\"robots\" content=\"index, follow, max-snippet:-1, max-image-preview:large, max-video-preview:-1\" \/>\n<link rel=\"canonical\" href=\"https:\/\/journalliteratur.blogs.ruhr-uni-bochum.de\/journalbuch\/\" \/>\n<meta property=\"og:locale\" content=\"en_GB\" \/>\n<meta property=\"og:type\" content=\"article\" \/>\n<meta property=\"og:title\" content=\"Journal\/Book - Journalliteratur\" \/>\n<meta property=\"og:url\" content=\"https:\/\/journalliteratur.blogs.ruhr-uni-bochum.de\/journalbuch\/\" \/>\n<meta property=\"og:site_name\" content=\"Journalliteratur\" \/>\n<meta property=\"article:modified_time\" content=\"2017-05-05T11:04:30+00:00\" \/>\n<meta name=\"twitter:card\" content=\"summary_large_image\" \/>\n<meta name=\"twitter:label1\" content=\"Estimated reading time\" \/>\n\t<meta name=\"twitter:data1\" content=\"9 minutes\" \/>\n<script type=\"application\/ld+json\" class=\"yoast-schema-graph\">{\"@context\":\"https:\\\/\\\/schema.org\",\"@graph\":[{\"@type\":\"WebPage\",\"@id\":\"https:\\\/\\\/journalliteratur.blogs.ruhr-uni-bochum.de\\\/journalbuch\\\/\",\"url\":\"https:\\\/\\\/journalliteratur.blogs.ruhr-uni-bochum.de\\\/journalbuch\\\/\",\"name\":\"Journal\\\/Book - Journalliteratur\",\"isPartOf\":{\"@id\":\"https:\\\/\\\/journalliteratur.blogs.ruhr-uni-bochum.de\\\/gb\\\/#website\"},\"datePublished\":\"2016-08-24T21:02:39+00:00\",\"dateModified\":\"2017-05-05T11:04:30+00:00\",\"breadcrumb\":{\"@id\":\"https:\\\/\\\/journalliteratur.blogs.ruhr-uni-bochum.de\\\/journalbuch\\\/#breadcrumb\"},\"inLanguage\":\"en-GB\",\"potentialAction\":[{\"@type\":\"ReadAction\",\"target\":[\"https:\\\/\\\/journalliteratur.blogs.ruhr-uni-bochum.de\\\/journalbuch\\\/\"]}]},{\"@type\":\"BreadcrumbList\",\"@id\":\"https:\\\/\\\/journalliteratur.blogs.ruhr-uni-bochum.de\\\/journalbuch\\\/#breadcrumb\",\"itemListElement\":[{\"@type\":\"ListItem\",\"position\":1,\"name\":\"Startseite\",\"item\":\"https:\\\/\\\/journalliteratur.blogs.ruhr-uni-bochum.de\\\/gb\\\/\"},{\"@type\":\"ListItem\",\"position\":2,\"name\":\"Journal\\\/Buch\"}]},{\"@type\":\"WebSite\",\"@id\":\"https:\\\/\\\/journalliteratur.blogs.ruhr-uni-bochum.de\\\/gb\\\/#website\",\"url\":\"https:\\\/\\\/journalliteratur.blogs.ruhr-uni-bochum.de\\\/gb\\\/\",\"name\":\"Journalliteratur\",\"description\":\"Formatbedingungen, visuelles Design, Rezeptionskulturen\",\"publisher\":{\"@id\":\"https:\\\/\\\/journalliteratur.blogs.ruhr-uni-bochum.de\\\/gb\\\/#organization\"},\"potentialAction\":[{\"@type\":\"SearchAction\",\"target\":{\"@type\":\"EntryPoint\",\"urlTemplate\":\"https:\\\/\\\/journalliteratur.blogs.ruhr-uni-bochum.de\\\/gb\\\/?s={search_term_string}\"},\"query-input\":{\"@type\":\"PropertyValueSpecification\",\"valueRequired\":true,\"valueName\":\"search_term_string\"}}],\"inLanguage\":\"en-GB\"},{\"@type\":\"Organization\",\"@id\":\"https:\\\/\\\/journalliteratur.blogs.ruhr-uni-bochum.de\\\/gb\\\/#organization\",\"name\":\"DFG-Forschergruppe 2288: Journalliteratur\",\"url\":\"https:\\\/\\\/journalliteratur.blogs.ruhr-uni-bochum.de\\\/gb\\\/\",\"logo\":{\"@type\":\"ImageObject\",\"inLanguage\":\"en-GB\",\"@id\":\"https:\\\/\\\/journalliteratur.blogs.ruhr-uni-bochum.de\\\/gb\\\/#\\\/schema\\\/logo\\\/image\\\/\",\"url\":\"https:\\\/\\\/journalliteratur.blogs.ruhr-uni-bochum.de\\\/wp-content\\\/uploads\\\/2016\\\/08\\\/cropped-fg_journal_logo_blaetter_icon.png\",\"contentUrl\":\"https:\\\/\\\/journalliteratur.blogs.ruhr-uni-bochum.de\\\/wp-content\\\/uploads\\\/2016\\\/08\\\/cropped-fg_journal_logo_blaetter_icon.png\",\"width\":512,\"height\":512,\"caption\":\"DFG-Forschergruppe 2288: Journalliteratur\"},\"image\":{\"@id\":\"https:\\\/\\\/journalliteratur.blogs.ruhr-uni-bochum.de\\\/gb\\\/#\\\/schema\\\/logo\\\/image\\\/\"}}]}<\/script>\n<!-- \/ Yoast SEO plugin. -->","yoast_head_json":{"title":"Journal\/Book - Journalliteratur","robots":{"index":"index","follow":"follow","max-snippet":"max-snippet:-1","max-image-preview":"max-image-preview:large","max-video-preview":"max-video-preview:-1"},"canonical":"https:\/\/journalliteratur.blogs.ruhr-uni-bochum.de\/journalbuch\/","og_locale":"en_GB","og_type":"article","og_title":"Journal\/Book - Journalliteratur","og_url":"https:\/\/journalliteratur.blogs.ruhr-uni-bochum.de\/journalbuch\/","og_site_name":"Journalliteratur","article_modified_time":"2017-05-05T11:04:30+00:00","twitter_card":"summary_large_image","twitter_misc":{"Estimated reading time":"9 minutes"},"schema":{"@context":"https:\/\/schema.org","@graph":[{"@type":"WebPage","@id":"https:\/\/journalliteratur.blogs.ruhr-uni-bochum.de\/journalbuch\/","url":"https:\/\/journalliteratur.blogs.ruhr-uni-bochum.de\/journalbuch\/","name":"Journal\/Book - Journalliteratur","isPartOf":{"@id":"https:\/\/journalliteratur.blogs.ruhr-uni-bochum.de\/gb\/#website"},"datePublished":"2016-08-24T21:02:39+00:00","dateModified":"2017-05-05T11:04:30+00:00","breadcrumb":{"@id":"https:\/\/journalliteratur.blogs.ruhr-uni-bochum.de\/journalbuch\/#breadcrumb"},"inLanguage":"en-GB","potentialAction":[{"@type":"ReadAction","target":["https:\/\/journalliteratur.blogs.ruhr-uni-bochum.de\/journalbuch\/"]}]},{"@type":"BreadcrumbList","@id":"https:\/\/journalliteratur.blogs.ruhr-uni-bochum.de\/journalbuch\/#breadcrumb","itemListElement":[{"@type":"ListItem","position":1,"name":"Startseite","item":"https:\/\/journalliteratur.blogs.ruhr-uni-bochum.de\/gb\/"},{"@type":"ListItem","position":2,"name":"Journal\/Buch"}]},{"@type":"WebSite","@id":"https:\/\/journalliteratur.blogs.ruhr-uni-bochum.de\/gb\/#website","url":"https:\/\/journalliteratur.blogs.ruhr-uni-bochum.de\/gb\/","name":"Journalliteratur","description":"Formatbedingungen, visuelles Design, Rezeptionskulturen","publisher":{"@id":"https:\/\/journalliteratur.blogs.ruhr-uni-bochum.de\/gb\/#organization"},"potentialAction":[{"@type":"SearchAction","target":{"@type":"EntryPoint","urlTemplate":"https:\/\/journalliteratur.blogs.ruhr-uni-bochum.de\/gb\/?s={search_term_string}"},"query-input":{"@type":"PropertyValueSpecification","valueRequired":true,"valueName":"search_term_string"}}],"inLanguage":"en-GB"},{"@type":"Organization","@id":"https:\/\/journalliteratur.blogs.ruhr-uni-bochum.de\/gb\/#organization","name":"DFG-Forschergruppe 2288: Journalliteratur","url":"https:\/\/journalliteratur.blogs.ruhr-uni-bochum.de\/gb\/","logo":{"@type":"ImageObject","inLanguage":"en-GB","@id":"https:\/\/journalliteratur.blogs.ruhr-uni-bochum.de\/gb\/#\/schema\/logo\/image\/","url":"https:\/\/journalliteratur.blogs.ruhr-uni-bochum.de\/wp-content\/uploads\/2016\/08\/cropped-fg_journal_logo_blaetter_icon.png","contentUrl":"https:\/\/journalliteratur.blogs.ruhr-uni-bochum.de\/wp-content\/uploads\/2016\/08\/cropped-fg_journal_logo_blaetter_icon.png","width":512,"height":512,"caption":"DFG-Forschergruppe 2288: Journalliteratur"},"image":{"@id":"https:\/\/journalliteratur.blogs.ruhr-uni-bochum.de\/gb\/#\/schema\/logo\/image\/"}}]}},"_links":{"self":[{"href":"https:\/\/journalliteratur.blogs.ruhr-uni-bochum.de\/gb\/wp-json\/wp\/v2\/pages\/165","targetHints":{"allow":["GET"]}}],"collection":[{"href":"https:\/\/journalliteratur.blogs.ruhr-uni-bochum.de\/gb\/wp-json\/wp\/v2\/pages"}],"about":[{"href":"https:\/\/journalliteratur.blogs.ruhr-uni-bochum.de\/gb\/wp-json\/wp\/v2\/types\/page"}],"author":[{"embeddable":true,"href":"https:\/\/journalliteratur.blogs.ruhr-uni-bochum.de\/gb\/wp-json\/wp\/v2\/users\/7"}],"replies":[{"embeddable":true,"href":"https:\/\/journalliteratur.blogs.ruhr-uni-bochum.de\/gb\/wp-json\/wp\/v2\/comments?post=165"}],"version-history":[{"count":7,"href":"https:\/\/journalliteratur.blogs.ruhr-uni-bochum.de\/gb\/wp-json\/wp\/v2\/pages\/165\/revisions"}],"predecessor-version":[{"id":1119,"href":"https:\/\/journalliteratur.blogs.ruhr-uni-bochum.de\/gb\/wp-json\/wp\/v2\/pages\/165\/revisions\/1119"}],"wp:attachment":[{"href":"https:\/\/journalliteratur.blogs.ruhr-uni-bochum.de\/gb\/wp-json\/wp\/v2\/media?parent=165"}],"curies":[{"name":"wp","href":"https:\/\/api.w.org\/{rel}","templated":true}]}}