{"id":163,"date":"2016-08-24T23:01:58","date_gmt":"2016-08-24T21:01:58","guid":{"rendered":"https:\/\/journalliteratur.blogs.ruhr-uni-bochum.de\/?page_id=163"},"modified":"2017-05-05T13:01:09","modified_gmt":"2017-05-05T11:01:09","slug":"bildtext","status":"publish","type":"page","link":"https:\/\/journalliteratur.blogs.ruhr-uni-bochum.de\/gb\/bildtext\/","title":{"rendered":"Image\/Writing"},"content":{"rendered":"<p>Journal mediality is always also journal visuality. This of course also applies in a similar way to the book. However, whereas book design is given its own attention within publishing studies and art history research \u2013 particularly where it is treated as book art \u2013 book illustration (especially in printed form) has earned a reputation as mere applied art. For journal illustrations technologically reproduced on a mass scale, this verdict applies <em>a fortiori<\/em>. And where such periodically published illustrations \u2013 e.g. the etchings by Daniel Chodowiecki, categorically associated with the first generation of literary pocketbooks \u2013 seem worthy of closer academic consideration, this is focused, as a matter of course, on the individual pictorial work of art. This is contextualised, where necessary, not in terms of the media combination of text and image or image and image within its first publication medium but in terms of work biography or genre history.<\/p>\n<p>To the same degree that, since the 19th century, the journal has addressed a broader, homogenous public, it is precisely the <em>visual design <\/em>of the journal that constitutes the specific \u2018face\u2019 of this media format, differentiating it from the book (fiction). This is not only due to the increasing integration of illustrations \u2013 since the 1880s by means of autotype and photographs \u2013 or the insertion of adverts and advertising graphics into the layout of the journal (double) page. It is rather more the case that newspaper and advertising typesetting \u2013 in contrast to the typesetting of the work that is common in books \u2013 also allow greater typographical variation, thereby bringing a pictorial dimension to the writing which asserts itself specifically as visual design. An attention-grabbing, \u2018dainty\u2019 appearance becomes, without doubt, a constitutive marketing factor for the media format of the literary pocketbook, which ranges between book and journal. The visual spectrum \u2013 which at the same time also signals which genre the text belongs to \u2013 ranges from the use of different fonts, font sizes and display typefaces, to the spatio-syntactic composition of the (double) page, through to the decision taken by some journal formats not to orient themselves by the typesetting typical of the book but by the typographic disposition of the newspaper, using quartos, mastheads on the first page of every issue, and typesetting in columns. Paratextuality, which is characteristic of the media format of the journal and creates meaning in the interplay between coherence and breach, is therefore essentially also a typographic-visual phenomenon. Nonetheless, apart from a few more recent individual studies primarily on illustrative components, there has still been no systematic research into journal visuality in the \u2018long\u2019 19th century.<\/p>\n<p>The key difference \u201cimage \/ text\u201d targets this research desideratum, which is not an \u2018enclave\u2019 of visual studies but should be seen in close and reciprocal relation to journal (para)textuality. In so doing, we should focus on cases of media difference and cases of media convergence in equal measure \u2013 generically graduated in the relation between journal visuality and book visuality, and modally nuanced within the spectrum of visualisation strategies between text and image in journal and book literature. From this double perspective, framing issues are also up for debate as regards closure or opening, and \u2013 in connection with this \u2013 intermedial rivalry and dynamic hierarchisation. Illustrated texts versus images accompanied by text: a tension that is reflected in image-text compositions such as the picture story or the comic strip as constitutive of journal visuality.<\/p>\n<p>Sub-project key questions regarding \u2018image versus text\u2019:<\/p>\n<p><strong>SP\u00a01:<\/strong><\/p>\n<ul>\n<li>Wie schlagen sich intermediale Konstellationen in textuellen Mustern und narrativen Verfahren (Szene, Genre) nieder?<\/li>\n<li>Inwiefern unterst\u00fctzen Bilder Autor- und Werkpolitiken und beeinflussen Kanonisierungsprozesse?<\/li>\n<\/ul>\n<p><strong>SP\u00a02:<\/strong><\/p>\n<ul>\n<li>Inwiefern wird Schriftvisualit\u00e4t im Medium Zeitschrift zum Reflexionsmoment von Zeitverschriftung?<\/li>\n<li>Welche \u203achronopoetischen\u2039 Implikationen hat die dominierende Bilderlosigkeit deutschsprachiger Zeitbl\u00e4tter der Napoleonischen Befreiungskriege? Wie sind Ausnahmen zu bewerten?<\/li>\n<\/ul>\n<p><strong>SP\u00a03:<\/strong><\/p>\n<ul>\n<li>Welches semantische Potential entfaltet die Schriftvisualit\u00e4t in Wechselwirkung mit dem literarischen Markt?<\/li>\n<li>Wie agieren Bild- und Wortkomponenten in unterschiedlichen, zwischen Journal- und Buchf\u00f6rmigkeit abgestuften Medienformaten Konkurrenzen auf dem literarischen Markt aus?<\/li>\n<\/ul>\n<p><strong>SP\u00a04:<\/strong><\/p>\n<ul>\n<li>Xylographie, maschinell hergestelltes Papier, Dampfschnellpresse und Stereotypie\/Klischee &#8212; das sind wesentliche Voraussetzungen f\u00fcr das Aufkommen illustrierter Journale im fr\u00fcheren 19. Jahrhundert. Inwieweit erw\u00e4chst aus diesen drucktechnikgeschichtlichen Bedingungen eine medienformatspezifische &#8216;Grammatik&#8217; illustrierter Texte, Grundregeln einer verbalvisuellen &#8216;Syntax&#8217;, einer &#8216;Zusammenordnung&#8217; von Wort\u00a0und Bild im Journal?<\/li>\n<li>In den Text gedruckte xylographische Illustrationen machen das Wort als Schrift in seiner Visualit\u00e4t und Materialit\u00e4t bewu\u00dft, in einem nachdr\u00fccklichen Sinn &#8216;sichtbar&#8217; &#8212; welche journalspezifischen Semantisierungspotentiale erwachsen hieraus f\u00fcr das Wort als Schrift, f\u00fcr die beidseitig bedruckte, wom\u00f6glich tendenziell transparente Seite?<\/li>\n<\/ul>\n<p><strong>SP\u00a05:<\/strong><\/p>\n<ul>\n<li>Wie werden Fotografien durch begleitende Wortbeitr\u00e4ge\u00a0semantisiert und wann wird die Schrift durch die Bebilderung selbst bildhaft?<\/li>\n<li>Welche Strukturmerkmale und Layoutver\u00e4nderungen zeichnen sich ab, wenn man die Schrift-Bild-Beziehungen in der Journalliteratur mit dem Fokus auf die Fotografie diachron betrachtet?<\/li>\n<li>Wie stark beeinflussen sich wechselseitig Layout, Fotografie und Schriftbeitr\u00e4ge\u00a0in der Journalliteratur?<\/li>\n<\/ul>\n<p><strong>SP\u00a06:<\/strong><\/p>\n<ul>\n<li>Vielleicht mehr als andere Schrift und Bild verbindenden Textsorten in Journalen pflegen Bildergeschichten und Comics einen zuweilen ans Ludistische grenzenden, vielfach selbstbez\u00fcglichen Umgang mit ihrer eigenen Visualit\u00e4t, wie als Vexierbilder angelegte Erz\u00e4hlungen oder die h\u00e4ufige Thematisierung von Bildmedien (als Bild im Bild) und Bilderzeugungstechnologien bezeugen. Eine Leitfrage ist in diesem Zusammenhang, ob und wie das visuelle Design der Bildergeschichten und Comics auf dasjenige des (satirischen) Journals bzw. der Tageszeitung eingewirkt hat \u2013 und vice versa.<\/li>\n<li>Diese Frage stellt sich insbesondere mit Blick auf m\u00f6gliche Interdependenzen des sowohl als Rahmen fungierenden wie auch mit gezeichneten Rahmen operierenden visuellen Designs und des ebenfalls auf gezeichneten Rahmen fu\u00dfenden <em>comic strip<\/em>.<\/li>\n<\/ul>\n","protected":false},"excerpt":{"rendered":"<p>Journal mediality is always also journal visuality. This of course also applies in a similar way to the book. However, whereas book design is<\/p>\n","protected":false},"author":7,"featured_media":0,"parent":0,"menu_order":0,"comment_status":"closed","ping_status":"closed","template":"","meta":{"footnotes":""},"class_list":["post-163","page","type-page","status-publish","hentry"],"translation":{"provider":"WPGlobus","version":"3.0.2","language":"gb","enabled_languages":["de","gb"],"languages":{"de":{"title":true,"content":true,"excerpt":false},"gb":{"title":true,"content":true,"excerpt":false}}},"yoast_head":"<!-- This site is optimized with the Yoast SEO plugin v27.3 - https:\/\/yoast.com\/product\/yoast-seo-wordpress\/ -->\n<title>Image\/Writing - Journalliteratur<\/title>\n<meta name=\"robots\" content=\"index, follow, max-snippet:-1, max-image-preview:large, max-video-preview:-1\" \/>\n<link rel=\"canonical\" href=\"https:\/\/journalliteratur.blogs.ruhr-uni-bochum.de\/bildtext\/\" \/>\n<meta property=\"og:locale\" content=\"en_GB\" \/>\n<meta property=\"og:type\" content=\"article\" \/>\n<meta property=\"og:title\" content=\"Image\/Writing - Journalliteratur\" \/>\n<meta property=\"og:url\" content=\"https:\/\/journalliteratur.blogs.ruhr-uni-bochum.de\/bildtext\/\" \/>\n<meta property=\"og:site_name\" content=\"Journalliteratur\" \/>\n<meta property=\"article:modified_time\" content=\"2017-05-05T11:01:09+00:00\" \/>\n<meta name=\"twitter:card\" content=\"summary_large_image\" \/>\n<meta name=\"twitter:label1\" content=\"Estimated reading time\" \/>\n\t<meta name=\"twitter:data1\" content=\"9 minutes\" \/>\n<script type=\"application\/ld+json\" class=\"yoast-schema-graph\">{\"@context\":\"https:\\\/\\\/schema.org\",\"@graph\":[{\"@type\":\"WebPage\",\"@id\":\"https:\\\/\\\/journalliteratur.blogs.ruhr-uni-bochum.de\\\/bildtext\\\/\",\"url\":\"https:\\\/\\\/journalliteratur.blogs.ruhr-uni-bochum.de\\\/bildtext\\\/\",\"name\":\"Image\\\/Writing - Journalliteratur\",\"isPartOf\":{\"@id\":\"https:\\\/\\\/journalliteratur.blogs.ruhr-uni-bochum.de\\\/gb\\\/#website\"},\"datePublished\":\"2016-08-24T21:01:58+00:00\",\"dateModified\":\"2017-05-05T11:01:09+00:00\",\"breadcrumb\":{\"@id\":\"https:\\\/\\\/journalliteratur.blogs.ruhr-uni-bochum.de\\\/bildtext\\\/#breadcrumb\"},\"inLanguage\":\"en-GB\",\"potentialAction\":[{\"@type\":\"ReadAction\",\"target\":[\"https:\\\/\\\/journalliteratur.blogs.ruhr-uni-bochum.de\\\/bildtext\\\/\"]}]},{\"@type\":\"BreadcrumbList\",\"@id\":\"https:\\\/\\\/journalliteratur.blogs.ruhr-uni-bochum.de\\\/bildtext\\\/#breadcrumb\",\"itemListElement\":[{\"@type\":\"ListItem\",\"position\":1,\"name\":\"Startseite\",\"item\":\"https:\\\/\\\/journalliteratur.blogs.ruhr-uni-bochum.de\\\/gb\\\/\"},{\"@type\":\"ListItem\",\"position\":2,\"name\":\"Bild\\\/Schrift\"}]},{\"@type\":\"WebSite\",\"@id\":\"https:\\\/\\\/journalliteratur.blogs.ruhr-uni-bochum.de\\\/gb\\\/#website\",\"url\":\"https:\\\/\\\/journalliteratur.blogs.ruhr-uni-bochum.de\\\/gb\\\/\",\"name\":\"Journalliteratur\",\"description\":\"Formatbedingungen, visuelles Design, Rezeptionskulturen\",\"publisher\":{\"@id\":\"https:\\\/\\\/journalliteratur.blogs.ruhr-uni-bochum.de\\\/gb\\\/#organization\"},\"potentialAction\":[{\"@type\":\"SearchAction\",\"target\":{\"@type\":\"EntryPoint\",\"urlTemplate\":\"https:\\\/\\\/journalliteratur.blogs.ruhr-uni-bochum.de\\\/gb\\\/?s={search_term_string}\"},\"query-input\":{\"@type\":\"PropertyValueSpecification\",\"valueRequired\":true,\"valueName\":\"search_term_string\"}}],\"inLanguage\":\"en-GB\"},{\"@type\":\"Organization\",\"@id\":\"https:\\\/\\\/journalliteratur.blogs.ruhr-uni-bochum.de\\\/gb\\\/#organization\",\"name\":\"DFG-Forschergruppe 2288: Journalliteratur\",\"url\":\"https:\\\/\\\/journalliteratur.blogs.ruhr-uni-bochum.de\\\/gb\\\/\",\"logo\":{\"@type\":\"ImageObject\",\"inLanguage\":\"en-GB\",\"@id\":\"https:\\\/\\\/journalliteratur.blogs.ruhr-uni-bochum.de\\\/gb\\\/#\\\/schema\\\/logo\\\/image\\\/\",\"url\":\"https:\\\/\\\/journalliteratur.blogs.ruhr-uni-bochum.de\\\/wp-content\\\/uploads\\\/2016\\\/08\\\/cropped-fg_journal_logo_blaetter_icon.png\",\"contentUrl\":\"https:\\\/\\\/journalliteratur.blogs.ruhr-uni-bochum.de\\\/wp-content\\\/uploads\\\/2016\\\/08\\\/cropped-fg_journal_logo_blaetter_icon.png\",\"width\":512,\"height\":512,\"caption\":\"DFG-Forschergruppe 2288: Journalliteratur\"},\"image\":{\"@id\":\"https:\\\/\\\/journalliteratur.blogs.ruhr-uni-bochum.de\\\/gb\\\/#\\\/schema\\\/logo\\\/image\\\/\"}}]}<\/script>\n<!-- \/ Yoast SEO plugin. -->","yoast_head_json":{"title":"Image\/Writing - Journalliteratur","robots":{"index":"index","follow":"follow","max-snippet":"max-snippet:-1","max-image-preview":"max-image-preview:large","max-video-preview":"max-video-preview:-1"},"canonical":"https:\/\/journalliteratur.blogs.ruhr-uni-bochum.de\/bildtext\/","og_locale":"en_GB","og_type":"article","og_title":"Image\/Writing - Journalliteratur","og_url":"https:\/\/journalliteratur.blogs.ruhr-uni-bochum.de\/bildtext\/","og_site_name":"Journalliteratur","article_modified_time":"2017-05-05T11:01:09+00:00","twitter_card":"summary_large_image","twitter_misc":{"Estimated reading time":"9 minutes"},"schema":{"@context":"https:\/\/schema.org","@graph":[{"@type":"WebPage","@id":"https:\/\/journalliteratur.blogs.ruhr-uni-bochum.de\/bildtext\/","url":"https:\/\/journalliteratur.blogs.ruhr-uni-bochum.de\/bildtext\/","name":"Image\/Writing - Journalliteratur","isPartOf":{"@id":"https:\/\/journalliteratur.blogs.ruhr-uni-bochum.de\/gb\/#website"},"datePublished":"2016-08-24T21:01:58+00:00","dateModified":"2017-05-05T11:01:09+00:00","breadcrumb":{"@id":"https:\/\/journalliteratur.blogs.ruhr-uni-bochum.de\/bildtext\/#breadcrumb"},"inLanguage":"en-GB","potentialAction":[{"@type":"ReadAction","target":["https:\/\/journalliteratur.blogs.ruhr-uni-bochum.de\/bildtext\/"]}]},{"@type":"BreadcrumbList","@id":"https:\/\/journalliteratur.blogs.ruhr-uni-bochum.de\/bildtext\/#breadcrumb","itemListElement":[{"@type":"ListItem","position":1,"name":"Startseite","item":"https:\/\/journalliteratur.blogs.ruhr-uni-bochum.de\/gb\/"},{"@type":"ListItem","position":2,"name":"Bild\/Schrift"}]},{"@type":"WebSite","@id":"https:\/\/journalliteratur.blogs.ruhr-uni-bochum.de\/gb\/#website","url":"https:\/\/journalliteratur.blogs.ruhr-uni-bochum.de\/gb\/","name":"Journalliteratur","description":"Formatbedingungen, visuelles Design, Rezeptionskulturen","publisher":{"@id":"https:\/\/journalliteratur.blogs.ruhr-uni-bochum.de\/gb\/#organization"},"potentialAction":[{"@type":"SearchAction","target":{"@type":"EntryPoint","urlTemplate":"https:\/\/journalliteratur.blogs.ruhr-uni-bochum.de\/gb\/?s={search_term_string}"},"query-input":{"@type":"PropertyValueSpecification","valueRequired":true,"valueName":"search_term_string"}}],"inLanguage":"en-GB"},{"@type":"Organization","@id":"https:\/\/journalliteratur.blogs.ruhr-uni-bochum.de\/gb\/#organization","name":"DFG-Forschergruppe 2288: Journalliteratur","url":"https:\/\/journalliteratur.blogs.ruhr-uni-bochum.de\/gb\/","logo":{"@type":"ImageObject","inLanguage":"en-GB","@id":"https:\/\/journalliteratur.blogs.ruhr-uni-bochum.de\/gb\/#\/schema\/logo\/image\/","url":"https:\/\/journalliteratur.blogs.ruhr-uni-bochum.de\/wp-content\/uploads\/2016\/08\/cropped-fg_journal_logo_blaetter_icon.png","contentUrl":"https:\/\/journalliteratur.blogs.ruhr-uni-bochum.de\/wp-content\/uploads\/2016\/08\/cropped-fg_journal_logo_blaetter_icon.png","width":512,"height":512,"caption":"DFG-Forschergruppe 2288: Journalliteratur"},"image":{"@id":"https:\/\/journalliteratur.blogs.ruhr-uni-bochum.de\/gb\/#\/schema\/logo\/image\/"}}]}},"_links":{"self":[{"href":"https:\/\/journalliteratur.blogs.ruhr-uni-bochum.de\/gb\/wp-json\/wp\/v2\/pages\/163","targetHints":{"allow":["GET"]}}],"collection":[{"href":"https:\/\/journalliteratur.blogs.ruhr-uni-bochum.de\/gb\/wp-json\/wp\/v2\/pages"}],"about":[{"href":"https:\/\/journalliteratur.blogs.ruhr-uni-bochum.de\/gb\/wp-json\/wp\/v2\/types\/page"}],"author":[{"embeddable":true,"href":"https:\/\/journalliteratur.blogs.ruhr-uni-bochum.de\/gb\/wp-json\/wp\/v2\/users\/7"}],"replies":[{"embeddable":true,"href":"https:\/\/journalliteratur.blogs.ruhr-uni-bochum.de\/gb\/wp-json\/wp\/v2\/comments?post=163"}],"version-history":[{"count":7,"href":"https:\/\/journalliteratur.blogs.ruhr-uni-bochum.de\/gb\/wp-json\/wp\/v2\/pages\/163\/revisions"}],"predecessor-version":[{"id":746,"href":"https:\/\/journalliteratur.blogs.ruhr-uni-bochum.de\/gb\/wp-json\/wp\/v2\/pages\/163\/revisions\/746"}],"wp:attachment":[{"href":"https:\/\/journalliteratur.blogs.ruhr-uni-bochum.de\/gb\/wp-json\/wp\/v2\/media?parent=163"}],"curies":[{"name":"wp","href":"https:\/\/api.w.org\/{rel}","templated":true}]}}