{"id":160,"date":"2016-08-24T23:00:56","date_gmt":"2016-08-24T21:00:56","guid":{"rendered":"https:\/\/journalliteratur.blogs.ruhr-uni-bochum.de\/?page_id=160"},"modified":"2017-05-05T13:06:12","modified_gmt":"2017-05-05T11:06:12","slug":"kohaerenzbrechung","status":"publish","type":"page","link":"https:\/\/journalliteratur.blogs.ruhr-uni-bochum.de\/gb\/kohaerenzbrechung\/","title":{"rendered":"Coherence\/Breach"},"content":{"rendered":"<p>Pictorial artworks and literary works \u2013 in the emphatic sense \u2013 are, on multiple levels, correlated with the \u2018closed\u2019 form of the book; the \u2018open form\u2019 appears to be the exception. By contrast, it is the norm for journal literature. The fundamental <em>format conditions<\/em> of the journal media format \u2013 in terms of the temporality and spatiality of the text \u2013 determine both journal publication and journal reading. These are not aimed at closure but at continuation, not at homogenous uniformity but at heterogeneous diversity and porous boundaries. This conceptual difference has been given increasing consideration since the end of the 1980s, primarily from a media studies and literary studies perspective, and much research is currently being devoted to it from the perspective of serialisation as a characteristic of popular, mass-media entertainment genres (particularly television series). The journal as a print-media object of study, on the other hand, requires closer systematic investigation, even though there have recently been a broad range of individual research projects with this focus.<\/p>\n<p>Serialisation of journal literature ensues from the periodical rhythm of publication set by the medium, making the reading process \u2013 particularly that of continuation genres \u2013 subject to the alternation between instalment and discontinuation. Accordingly, the reception of journal literature proceeds with temporal heterogeneity, unlike that of literature delivered in book form. Furthermore, in the case of text and image sequences continuing across journal issues, the reception is characterised by interruption. The sequential flow of reading, bound consecutively to the coherence of <em>one<\/em> text and <em>one<\/em> series of images, encounters the break in instalments pre-determined by the journal format and its textual spaciality; it comes up against a boundary which forces postponement. This boundary, usually marked, for example, by \u201c(to be continued &#8230;)\u201d is initially experienced as a breach. Then, however, it steers the attention of the reader \u2013 who does not have the whole text or image sequence at his\/her disposal but does have the whole journal issue \u2013 towards the simultaneous field of possibilities of paratextual, connected reading. Because research into seriality retrospectively focuses on the sequenced entirety of an already existing series, it remains largely blind to such paratextual effects \u2013 which condition the contemporary first reception of journal literature as a textual space, in terms of the <em>missing whole <\/em>\u2013 and therefore blind to the potential for hybrid coherence or even flow. In the context of an art and literary history that understands itself as a history of the <em>work<\/em>, the privileging of sequential over simultaneous reading can almost be understood as a symptom of the covert persistence of traditional conceptual paradigms of the unit of work.<\/p>\n<p>By contrast, the key difference \u201ccoherence \/ breach\u201d \u2013 which is not understood in terms of the <em>work<\/em> but in terms of the <em>medium<\/em> \u2013 aims to get down to the analytical and theoretical business of comprehensively paratextualising journal publication and journal reception. In terms of the entirety of journal <em>and<\/em> book literature, this also means fundamentally interrogating concepts of \u2018the whole\u2019 through more or less heterogeneous text-image ensembles consisting of brief, self-contained units and fragments in the form of instalments. This fundamental perspective requires that we give equal consideration to, from a distribution point of view, the journal form of books (e.g. in the case of the serial work, the instalment publication within a pocketbook series, or the book sequel), and, from an archiving point of view, the tendency of journals to move towards the book form.<\/p>\n<p>Sub-project key questions regarding \u2018coherence versus breach\u2019:<\/p>\n<p><strong>SP\u00a01:\u00a0<\/strong><\/p>\n<ul>\n<li>Wie wirken sich journalf\u00f6rmige Sequentialisierungsverfahren \u00a0auf Erz\u00e4hlformate aus?<\/li>\n<li>Auf welche Weisen homogenisieren und reflektieren narrative Texte die diskursive Heterogenit\u00e4t des Journals?<\/li>\n<\/ul>\n<p><strong>SP\u00a02:\u00a0<\/strong><\/p>\n<ul>\n<li>Wie erm\u00f6glicht vor dem Hintergrund formatbedingter Brechungen, wie sie f\u00fcr periodische Printmedien konstitutiv sind, gest\u00f6rte Periodizit\u00e4t Reflexion auf das Verh\u00e4ltnis von Zeit und Schrift?<\/li>\n<li>Welche Darstellungsexperimente zur Gestaltung kontinuierlicher oder diskontinuierlicher Zeiterfahrung werden im Teilprojektcorpus beobachtbar, und inwiefern sind sie eingebettet in koh\u00e4renzstiftende Darstellungsformen der Journale?<\/li>\n<\/ul>\n<p><strong>SP\u00a03:\u00a0<\/strong><\/p>\n<ul>\n<li>Wie bringen sich interrupte, wie kontinuierliche Leseangebote in den Konkurrenzkampf unterschiedlicher Medienformate auf dem literarischen Markt ein?<\/li>\n<li>Welchen Stellenwert haben Paratextualisierungsstrukturen (journalliterarische, buchliterarische) f\u00fcr Bedeutungsbildung und Profilierung des jeweiligen Medienformats?<\/li>\n<\/ul>\n<p><strong>SP\u00a04:\u00a0<\/strong><\/p>\n<ul>\n<li>H\u00e4ufig kommt auf Journalseiten eine Ansammlung diverser Texte und Textbruchst\u00fccke zu stehen, die wie ein zusammenhangloses, wom\u00f6glich rein satztechnisch bedingtes Sammelsurium anmutet. Entwickeln sich mit dem Aufkommen xylographischer Illustrationen Strategien der Bebilderung, die solcher Inkoh\u00e4renz durch sinnstiftende Textverbindungen auf der Journal(doppel)seite begegnen? Oder tragen Holzstichbilder im Journal dazu bei, die Bruchlinien zwischen den Elementen einer Journal(doppel)seite zu verst\u00e4rken und deren sperrige Textur auszustellen?<\/li>\n<li>Mit dem Holzstich wird die Kopr\u00e4senz von Bild und Schrift\u00a0auf ein und derselben Seite, vormals ein Ausnahmeph\u00e4nomen, m\u00f6glich und in den 1830ern schlagartig fast selbstverst\u00e4ndlich; entwickeln sich aus dieser neuen Situation journalspezifische Formen der Kooperation von Bild und Wort bzw. Schrift? Und zeitigt die neue N\u00e4he beider wom\u00f6glich auch medienformatspezifische Absto\u00dfungsreaktionen?<\/li>\n<\/ul>\n<p><strong>SP\u00a05:\u00a0<\/strong><\/p>\n<ul>\n<li>Werden fotografische Fragmente im Zusammenhang des Journals de-fragmentiert oder f\u00f6rdert die Fotografie umgekehrt die Fragmentierung des Journals?<\/li>\n<li>Wie verh\u00e4lt sich die Fotografie im paratextuellen Netz der Journalliteratur?<\/li>\n<li>Welche Zusammenh\u00e4nge zwischen Fotografie und Paratexten werden im Layout der Journalliteratur evoziert?<\/li>\n<li>L\u00e4sst sich eine Systematik der seriellen Strukturen erkennen, in welche die Fotografien der Journalliteratur eingebettet sind?<\/li>\n<li>(Welche technischen, \u00f6konomischen und produktions\u00e4sthetischen Kontexte lassen sich f\u00fcr Layoutver\u00e4nderungen der Journalliteratur ausmachen?)<\/li>\n<\/ul>\n<p><strong>SP\u00a06:\u00a0<\/strong><\/p>\n<ul>\n<li>Bildergeschichten und (Zeitungs-)Comics basieren als graphische Narrationen in spezifischer Weise auf der Koh\u00e4renz von sequentiellen und zugleich segemtalisierten Bildfolgen, es stellt sich daher die Frage, wie die paratextuelle Einrichtung des Journals (Seite, Ausgabe) das Erz\u00e4hlen in Bildern bedingt.<\/li>\n<li>Daran schlie\u00dft die Frage an, wie Bildergeschichten und Comics \u2013 als Sequenzen zeichnerisch gerahmter Einzelbilder \u2013 mittels (a) \u00fcbergreifender Rahmungsstrategien und (b) spezifischer Rahmungstechniken Koh\u00e4renz \u00fcberhaupt erst herstellen.<\/li>\n<\/ul>\n","protected":false},"excerpt":{"rendered":"<p>Pictorial artworks and literary works \u2013 in the emphatic sense \u2013 are, on multiple levels, correlated with the \u2018closed\u2019 form of the book; the<\/p>\n","protected":false},"author":7,"featured_media":0,"parent":0,"menu_order":0,"comment_status":"closed","ping_status":"closed","template":"","meta":{"footnotes":""},"class_list":["post-160","page","type-page","status-publish","hentry"],"translation":{"provider":"WPGlobus","version":"3.0.2","language":"gb","enabled_languages":["de","gb"],"languages":{"de":{"title":true,"content":true,"excerpt":false},"gb":{"title":true,"content":true,"excerpt":false}}},"yoast_head":"<!-- This site is optimized with the Yoast SEO plugin v27.3 - https:\/\/yoast.com\/product\/yoast-seo-wordpress\/ -->\n<title>Coherence\/Breach - Journalliteratur<\/title>\n<meta name=\"robots\" content=\"index, follow, max-snippet:-1, max-image-preview:large, max-video-preview:-1\" \/>\n<link rel=\"canonical\" href=\"https:\/\/journalliteratur.blogs.ruhr-uni-bochum.de\/kohaerenzbrechung\/\" \/>\n<meta property=\"og:locale\" content=\"en_GB\" \/>\n<meta property=\"og:type\" content=\"article\" \/>\n<meta property=\"og:title\" content=\"Coherence\/Breach - Journalliteratur\" \/>\n<meta property=\"og:url\" content=\"https:\/\/journalliteratur.blogs.ruhr-uni-bochum.de\/kohaerenzbrechung\/\" \/>\n<meta property=\"og:site_name\" content=\"Journalliteratur\" \/>\n<meta property=\"article:modified_time\" content=\"2017-05-05T11:06:12+00:00\" \/>\n<meta name=\"twitter:card\" content=\"summary_large_image\" \/>\n<meta name=\"twitter:label1\" content=\"Estimated reading time\" \/>\n\t<meta name=\"twitter:data1\" content=\"9 minutes\" \/>\n<script type=\"application\/ld+json\" class=\"yoast-schema-graph\">{\"@context\":\"https:\\\/\\\/schema.org\",\"@graph\":[{\"@type\":\"WebPage\",\"@id\":\"https:\\\/\\\/journalliteratur.blogs.ruhr-uni-bochum.de\\\/kohaerenzbrechung\\\/\",\"url\":\"https:\\\/\\\/journalliteratur.blogs.ruhr-uni-bochum.de\\\/kohaerenzbrechung\\\/\",\"name\":\"Coherence\\\/Breach - Journalliteratur\",\"isPartOf\":{\"@id\":\"https:\\\/\\\/journalliteratur.blogs.ruhr-uni-bochum.de\\\/gb\\\/#website\"},\"datePublished\":\"2016-08-24T21:00:56+00:00\",\"dateModified\":\"2017-05-05T11:06:12+00:00\",\"breadcrumb\":{\"@id\":\"https:\\\/\\\/journalliteratur.blogs.ruhr-uni-bochum.de\\\/kohaerenzbrechung\\\/#breadcrumb\"},\"inLanguage\":\"en-GB\",\"potentialAction\":[{\"@type\":\"ReadAction\",\"target\":[\"https:\\\/\\\/journalliteratur.blogs.ruhr-uni-bochum.de\\\/kohaerenzbrechung\\\/\"]}]},{\"@type\":\"BreadcrumbList\",\"@id\":\"https:\\\/\\\/journalliteratur.blogs.ruhr-uni-bochum.de\\\/kohaerenzbrechung\\\/#breadcrumb\",\"itemListElement\":[{\"@type\":\"ListItem\",\"position\":1,\"name\":\"Startseite\",\"item\":\"https:\\\/\\\/journalliteratur.blogs.ruhr-uni-bochum.de\\\/gb\\\/\"},{\"@type\":\"ListItem\",\"position\":2,\"name\":\"Koh\u00e4renz\\\/Brechung\"}]},{\"@type\":\"WebSite\",\"@id\":\"https:\\\/\\\/journalliteratur.blogs.ruhr-uni-bochum.de\\\/gb\\\/#website\",\"url\":\"https:\\\/\\\/journalliteratur.blogs.ruhr-uni-bochum.de\\\/gb\\\/\",\"name\":\"Journalliteratur\",\"description\":\"Formatbedingungen, visuelles Design, Rezeptionskulturen\",\"publisher\":{\"@id\":\"https:\\\/\\\/journalliteratur.blogs.ruhr-uni-bochum.de\\\/gb\\\/#organization\"},\"potentialAction\":[{\"@type\":\"SearchAction\",\"target\":{\"@type\":\"EntryPoint\",\"urlTemplate\":\"https:\\\/\\\/journalliteratur.blogs.ruhr-uni-bochum.de\\\/gb\\\/?s={search_term_string}\"},\"query-input\":{\"@type\":\"PropertyValueSpecification\",\"valueRequired\":true,\"valueName\":\"search_term_string\"}}],\"inLanguage\":\"en-GB\"},{\"@type\":\"Organization\",\"@id\":\"https:\\\/\\\/journalliteratur.blogs.ruhr-uni-bochum.de\\\/gb\\\/#organization\",\"name\":\"DFG-Forschergruppe 2288: Journalliteratur\",\"url\":\"https:\\\/\\\/journalliteratur.blogs.ruhr-uni-bochum.de\\\/gb\\\/\",\"logo\":{\"@type\":\"ImageObject\",\"inLanguage\":\"en-GB\",\"@id\":\"https:\\\/\\\/journalliteratur.blogs.ruhr-uni-bochum.de\\\/gb\\\/#\\\/schema\\\/logo\\\/image\\\/\",\"url\":\"https:\\\/\\\/journalliteratur.blogs.ruhr-uni-bochum.de\\\/wp-content\\\/uploads\\\/2016\\\/08\\\/cropped-fg_journal_logo_blaetter_icon.png\",\"contentUrl\":\"https:\\\/\\\/journalliteratur.blogs.ruhr-uni-bochum.de\\\/wp-content\\\/uploads\\\/2016\\\/08\\\/cropped-fg_journal_logo_blaetter_icon.png\",\"width\":512,\"height\":512,\"caption\":\"DFG-Forschergruppe 2288: Journalliteratur\"},\"image\":{\"@id\":\"https:\\\/\\\/journalliteratur.blogs.ruhr-uni-bochum.de\\\/gb\\\/#\\\/schema\\\/logo\\\/image\\\/\"}}]}<\/script>\n<!-- \/ Yoast SEO plugin. -->","yoast_head_json":{"title":"Coherence\/Breach - Journalliteratur","robots":{"index":"index","follow":"follow","max-snippet":"max-snippet:-1","max-image-preview":"max-image-preview:large","max-video-preview":"max-video-preview:-1"},"canonical":"https:\/\/journalliteratur.blogs.ruhr-uni-bochum.de\/kohaerenzbrechung\/","og_locale":"en_GB","og_type":"article","og_title":"Coherence\/Breach - Journalliteratur","og_url":"https:\/\/journalliteratur.blogs.ruhr-uni-bochum.de\/kohaerenzbrechung\/","og_site_name":"Journalliteratur","article_modified_time":"2017-05-05T11:06:12+00:00","twitter_card":"summary_large_image","twitter_misc":{"Estimated reading time":"9 minutes"},"schema":{"@context":"https:\/\/schema.org","@graph":[{"@type":"WebPage","@id":"https:\/\/journalliteratur.blogs.ruhr-uni-bochum.de\/kohaerenzbrechung\/","url":"https:\/\/journalliteratur.blogs.ruhr-uni-bochum.de\/kohaerenzbrechung\/","name":"Coherence\/Breach - Journalliteratur","isPartOf":{"@id":"https:\/\/journalliteratur.blogs.ruhr-uni-bochum.de\/gb\/#website"},"datePublished":"2016-08-24T21:00:56+00:00","dateModified":"2017-05-05T11:06:12+00:00","breadcrumb":{"@id":"https:\/\/journalliteratur.blogs.ruhr-uni-bochum.de\/kohaerenzbrechung\/#breadcrumb"},"inLanguage":"en-GB","potentialAction":[{"@type":"ReadAction","target":["https:\/\/journalliteratur.blogs.ruhr-uni-bochum.de\/kohaerenzbrechung\/"]}]},{"@type":"BreadcrumbList","@id":"https:\/\/journalliteratur.blogs.ruhr-uni-bochum.de\/kohaerenzbrechung\/#breadcrumb","itemListElement":[{"@type":"ListItem","position":1,"name":"Startseite","item":"https:\/\/journalliteratur.blogs.ruhr-uni-bochum.de\/gb\/"},{"@type":"ListItem","position":2,"name":"Koh\u00e4renz\/Brechung"}]},{"@type":"WebSite","@id":"https:\/\/journalliteratur.blogs.ruhr-uni-bochum.de\/gb\/#website","url":"https:\/\/journalliteratur.blogs.ruhr-uni-bochum.de\/gb\/","name":"Journalliteratur","description":"Formatbedingungen, visuelles Design, Rezeptionskulturen","publisher":{"@id":"https:\/\/journalliteratur.blogs.ruhr-uni-bochum.de\/gb\/#organization"},"potentialAction":[{"@type":"SearchAction","target":{"@type":"EntryPoint","urlTemplate":"https:\/\/journalliteratur.blogs.ruhr-uni-bochum.de\/gb\/?s={search_term_string}"},"query-input":{"@type":"PropertyValueSpecification","valueRequired":true,"valueName":"search_term_string"}}],"inLanguage":"en-GB"},{"@type":"Organization","@id":"https:\/\/journalliteratur.blogs.ruhr-uni-bochum.de\/gb\/#organization","name":"DFG-Forschergruppe 2288: Journalliteratur","url":"https:\/\/journalliteratur.blogs.ruhr-uni-bochum.de\/gb\/","logo":{"@type":"ImageObject","inLanguage":"en-GB","@id":"https:\/\/journalliteratur.blogs.ruhr-uni-bochum.de\/gb\/#\/schema\/logo\/image\/","url":"https:\/\/journalliteratur.blogs.ruhr-uni-bochum.de\/wp-content\/uploads\/2016\/08\/cropped-fg_journal_logo_blaetter_icon.png","contentUrl":"https:\/\/journalliteratur.blogs.ruhr-uni-bochum.de\/wp-content\/uploads\/2016\/08\/cropped-fg_journal_logo_blaetter_icon.png","width":512,"height":512,"caption":"DFG-Forschergruppe 2288: Journalliteratur"},"image":{"@id":"https:\/\/journalliteratur.blogs.ruhr-uni-bochum.de\/gb\/#\/schema\/logo\/image\/"}}]}},"_links":{"self":[{"href":"https:\/\/journalliteratur.blogs.ruhr-uni-bochum.de\/gb\/wp-json\/wp\/v2\/pages\/160","targetHints":{"allow":["GET"]}}],"collection":[{"href":"https:\/\/journalliteratur.blogs.ruhr-uni-bochum.de\/gb\/wp-json\/wp\/v2\/pages"}],"about":[{"href":"https:\/\/journalliteratur.blogs.ruhr-uni-bochum.de\/gb\/wp-json\/wp\/v2\/types\/page"}],"author":[{"embeddable":true,"href":"https:\/\/journalliteratur.blogs.ruhr-uni-bochum.de\/gb\/wp-json\/wp\/v2\/users\/7"}],"replies":[{"embeddable":true,"href":"https:\/\/journalliteratur.blogs.ruhr-uni-bochum.de\/gb\/wp-json\/wp\/v2\/comments?post=160"}],"version-history":[{"count":7,"href":"https:\/\/journalliteratur.blogs.ruhr-uni-bochum.de\/gb\/wp-json\/wp\/v2\/pages\/160\/revisions"}],"predecessor-version":[{"id":751,"href":"https:\/\/journalliteratur.blogs.ruhr-uni-bochum.de\/gb\/wp-json\/wp\/v2\/pages\/160\/revisions\/751"}],"wp:attachment":[{"href":"https:\/\/journalliteratur.blogs.ruhr-uni-bochum.de\/gb\/wp-json\/wp\/v2\/media?parent=160"}],"curies":[{"name":"wp","href":"https:\/\/api.w.org\/{rel}","templated":true}]}}