{"id":1481,"date":"2018-04-11T15:14:11","date_gmt":"2018-04-11T13:14:11","guid":{"rendered":"https:\/\/journalliteratur.blogs.ruhr-uni-bochum.de\/?page_id=1481"},"modified":"2018-08-29T14:14:08","modified_gmt":"2018-08-29T12:14:08","slug":"location-anfahrt-bochum","status":"publish","type":"page","link":"https:\/\/journalliteratur.blogs.ruhr-uni-bochum.de\/gb\/veranstaltungen\/konferenzen\/lektuereabbruch-anschlusslektueren-journale-lesen\/location-anfahrt-bochum\/","title":{"rendered":"Location &#038; Anfahrt Bochum"},"content":{"rendered":"<h4>Internationale Tagung der DFG-Forschergruppe \u201eJournalliteratur\u201c<\/h4>\n<h5>17.-19. September 2018, Ruhr-Universit\u00e4t Bochum (Germany)<strong><br \/>\n<\/strong><\/h5>\n\n<table id=\"tablepress-13\" class=\"tablepress tablepress-id-13\">\n<tbody class=\"row-striping\">\n<tr class=\"row-1\">\n\t<td class=\"column-1\"><a href=\"https:\/\/journalliteratur.blogs.ruhr-uni-bochum.de\/veranstaltungen\/konferenzen\/lektuereabbruch-anschlusslektueren-journale-lesen\/programm\/\">Programm<\/a><\/td><td class=\"column-2\"><a href=\"https:\/\/journalliteratur.blogs.ruhr-uni-bochum.de\/veranstaltungen\/konferenzen\/lektuereabbruch-anschlusslektueren-journale-lesen\/cfp-lektuereabbruch-anschlusslektueren\/\">CfP<\/a><\/td><td class=\"column-3\"><a href=\"https:\/\/journalliteratur.blogs.ruhr-uni-bochum.de\/veranstaltungen\/konferenzen\/lektuereabbruch-anschlusslektueren-journale-lesen\/anmeldung\/\">Anmeldung<\/a><\/td><td class=\"column-4\"><a href=\"https:\/\/journalliteratur.blogs.ruhr-uni-bochum.de\/veranstaltungen\/konferenzen\/lektuereabbruch-anschlusslektueren-journale-lesen\/location-anfahrt-bochum\/\">Location &amp; Anfahrt<\/a><\/td><td class=\"column-5\"><a href=\"https:\/\/journalliteratur.blogs.ruhr-uni-bochum.de\/veranstaltungen\/konferenzen\/lektuereabbruch-anschlusslektueren-journale-lesen\/unterkunft-bochum\/\">Unterkunft<\/a><\/td><td class=\"column-6\"><a href=\"https:\/\/journalliteratur.blogs.ruhr-uni-bochum.de\/veranstaltungen\/konferenzen\/lektuereabbruch-anschlusslektueren-journale-lesen\/kontakt\/\">Kontakt<\/a><\/td>\n<\/tr>\n<\/tbody>\n<\/table>\n<!-- #tablepress-13 from cache -->\n<h3>Internationales Begegnungszentrum (IBZ) der RUB<br \/>\nBeckmanns Hof<\/h3>\n<p>Universit\u00e4tsstra\u00dfe 150<br \/>\n44801 Bochum<br \/>\nTagungsraum &#8220;Shanghai&#8221;<\/p>\n<p><a href=\"https:\/\/journalliteratur.blogs.ruhr-uni-bochum.de\/wp-content\/uploads\/2018\/04\/Anfahrtsskizze.jpg\"><img loading=\"lazy\" decoding=\"async\" class=\"alignnone wp-image-1483 size-large\" src=\"https:\/\/journalliteratur.blogs.ruhr-uni-bochum.de\/wp-content\/uploads\/2018\/04\/Anfahrtsskizze-1024x915.jpg\" alt=\"\" width=\"640\" height=\"572\" srcset=\"https:\/\/journalliteratur.blogs.ruhr-uni-bochum.de\/wp-content\/uploads\/2018\/04\/Anfahrtsskizze-1024x915.jpg 1024w, https:\/\/journalliteratur.blogs.ruhr-uni-bochum.de\/wp-content\/uploads\/2018\/04\/Anfahrtsskizze-300x268.jpg 300w, https:\/\/journalliteratur.blogs.ruhr-uni-bochum.de\/wp-content\/uploads\/2018\/04\/Anfahrtsskizze-768x686.jpg 768w\" sizes=\"auto, (max-width: 640px) 100vw, 640px\" \/><\/a><\/p>\n<p><a href=\"https:\/\/www.google.de\/maps\/dir\/51.4420888,7.2647547\/@51.4421559,7.2603102,16z?hl=de\">How to get there: Google Maps<\/a><\/p>\n<div data-canvas-width=\"158.14249431372548\"><\/div>\n<div data-canvas-width=\"158.14249431372548\">TRANSPORTATION<\/div>\n<div data-canvas-width=\"152.2573994117647\">Tram\/Bus Stop: Ruhr-Universit\u00e4t. Coming from the central station (Bochum Hbf) take the subway: U35 direction Bochum-Querenburg\/Hustadt via Ruhr-University (7 stops, approx. 10 min). Notice: It will take you another 10 min walk to cross the campus.<\/div>\n<div data-canvas-width=\"372.34638617647073\"><\/div>\n<div data-canvas-width=\"372.34638617647073\">Bus and train schedules can be checked online via:\u00a0<a href=\"http:\/\/www.bahn.de\/en\">http:\/\/www.bahn.de\/en<\/a><\/div>\n<div>Taxi: Call +49234 490024 or +49234 333000<\/div>\n","protected":false},"excerpt":{"rendered":"<p>Internationale Tagung der DFG-Forschergruppe \u201eJournalliteratur\u201c 17.-19. September 2018, Ruhr-Universit\u00e4t Bochum (Germany) Internationales Begegnungszentrum (IBZ) der RUB Beckmanns Hof Universit\u00e4tsstra\u00dfe 150 44801 Bochum Tagungsraum &#8220;Shanghai&#8221;<\/p>\n","protected":false},"author":8,"featured_media":0,"parent":1325,"menu_order":0,"comment_status":"closed","ping_status":"closed","template":"","meta":{"footnotes":""},"class_list":["post-1481","page","type-page","status-publish","hentry"],"translation":{"provider":"WPGlobus","version":"3.0.2","language":"gb","enabled_languages":["de","gb"],"languages":{"de":{"title":true,"content":true,"excerpt":false},"gb":{"title":false,"content":false,"excerpt":false}}},"yoast_head":"<!-- This site is optimized with the Yoast SEO plugin v27.3 - https:\/\/yoast.com\/product\/yoast-seo-wordpress\/ -->\n<title>Location &amp; Anfahrt Bochum - Journalliteratur<\/title>\n<meta name=\"robots\" content=\"index, follow, max-snippet:-1, max-image-preview:large, max-video-preview:-1\" \/>\n<link rel=\"canonical\" href=\"https:\/\/journalliteratur.blogs.ruhr-uni-bochum.de\/veranstaltungen\/konferenzen\/lektuereabbruch-anschlusslektueren-journale-lesen\/location-anfahrt-bochum\/\" \/>\n<meta property=\"og:locale\" content=\"en_GB\" \/>\n<meta property=\"og:type\" content=\"article\" \/>\n<meta property=\"og:title\" content=\"Location &amp; Anfahrt Bochum - Journalliteratur\" \/>\n<meta property=\"og:url\" content=\"https:\/\/journalliteratur.blogs.ruhr-uni-bochum.de\/veranstaltungen\/konferenzen\/lektuereabbruch-anschlusslektueren-journale-lesen\/location-anfahrt-bochum\/\" \/>\n<meta property=\"og:site_name\" content=\"Journalliteratur\" \/>\n<meta property=\"article:modified_time\" content=\"2018-08-29T12:14:08+00:00\" \/>\n<meta property=\"og:image\" content=\"https:\/\/journalliteratur.blogs.ruhr-uni-bochum.de\/wp-content\/uploads\/2018\/04\/Anfahrtsskizze-1024x915.jpg\" \/>\n<meta name=\"twitter:card\" content=\"summary_large_image\" \/>\n<script type=\"application\/ld+json\" class=\"yoast-schema-graph\">{\"@context\":\"https:\\\/\\\/schema.org\",\"@graph\":[{\"@type\":\"WebPage\",\"@id\":\"https:\\\/\\\/journalliteratur.blogs.ruhr-uni-bochum.de\\\/veranstaltungen\\\/konferenzen\\\/lektuereabbruch-anschlusslektueren-journale-lesen\\\/location-anfahrt-bochum\\\/\",\"url\":\"https:\\\/\\\/journalliteratur.blogs.ruhr-uni-bochum.de\\\/veranstaltungen\\\/konferenzen\\\/lektuereabbruch-anschlusslektueren-journale-lesen\\\/location-anfahrt-bochum\\\/\",\"name\":\"Location & Anfahrt Bochum - Journalliteratur\",\"isPartOf\":{\"@id\":\"https:\\\/\\\/journalliteratur.blogs.ruhr-uni-bochum.de\\\/gb\\\/#website\"},\"primaryImageOfPage\":{\"@id\":\"https:\\\/\\\/journalliteratur.blogs.ruhr-uni-bochum.de\\\/veranstaltungen\\\/konferenzen\\\/lektuereabbruch-anschlusslektueren-journale-lesen\\\/location-anfahrt-bochum\\\/#primaryimage\"},\"image\":{\"@id\":\"https:\\\/\\\/journalliteratur.blogs.ruhr-uni-bochum.de\\\/veranstaltungen\\\/konferenzen\\\/lektuereabbruch-anschlusslektueren-journale-lesen\\\/location-anfahrt-bochum\\\/#primaryimage\"},\"thumbnailUrl\":\"https:\\\/\\\/journalliteratur.blogs.ruhr-uni-bochum.de\\\/wp-content\\\/uploads\\\/2018\\\/04\\\/Anfahrtsskizze-1024x915.jpg\",\"datePublished\":\"2018-04-11T13:14:11+00:00\",\"dateModified\":\"2018-08-29T12:14:08+00:00\",\"breadcrumb\":{\"@id\":\"https:\\\/\\\/journalliteratur.blogs.ruhr-uni-bochum.de\\\/veranstaltungen\\\/konferenzen\\\/lektuereabbruch-anschlusslektueren-journale-lesen\\\/location-anfahrt-bochum\\\/#breadcrumb\"},\"inLanguage\":\"en-GB\",\"potentialAction\":[{\"@type\":\"ReadAction\",\"target\":[\"https:\\\/\\\/journalliteratur.blogs.ruhr-uni-bochum.de\\\/veranstaltungen\\\/konferenzen\\\/lektuereabbruch-anschlusslektueren-journale-lesen\\\/location-anfahrt-bochum\\\/\"]}]},{\"@type\":\"ImageObject\",\"inLanguage\":\"en-GB\",\"@id\":\"https:\\\/\\\/journalliteratur.blogs.ruhr-uni-bochum.de\\\/veranstaltungen\\\/konferenzen\\\/lektuereabbruch-anschlusslektueren-journale-lesen\\\/location-anfahrt-bochum\\\/#primaryimage\",\"url\":\"https:\\\/\\\/journalliteratur.blogs.ruhr-uni-bochum.de\\\/wp-content\\\/uploads\\\/2018\\\/04\\\/Anfahrtsskizze-1024x915.jpg\",\"contentUrl\":\"https:\\\/\\\/journalliteratur.blogs.ruhr-uni-bochum.de\\\/wp-content\\\/uploads\\\/2018\\\/04\\\/Anfahrtsskizze-1024x915.jpg\"},{\"@type\":\"BreadcrumbList\",\"@id\":\"https:\\\/\\\/journalliteratur.blogs.ruhr-uni-bochum.de\\\/veranstaltungen\\\/konferenzen\\\/lektuereabbruch-anschlusslektueren-journale-lesen\\\/location-anfahrt-bochum\\\/#breadcrumb\",\"itemListElement\":[{\"@type\":\"ListItem\",\"position\":1,\"name\":\"Startseite\",\"item\":\"https:\\\/\\\/journalliteratur.blogs.ruhr-uni-bochum.de\\\/gb\\\/\"},{\"@type\":\"ListItem\",\"position\":2,\"name\":\"Veranstaltungen\",\"item\":\"https:\\\/\\\/journalliteratur.blogs.ruhr-uni-bochum.de\\\/veranstaltungen\\\/\"},{\"@type\":\"ListItem\",\"position\":3,\"name\":\"Konferenzen\",\"item\":\"https:\\\/\\\/journalliteratur.blogs.ruhr-uni-bochum.de\\\/veranstaltungen\\\/konferenzen\\\/\"},{\"@type\":\"ListItem\",\"position\":4,\"name\":\"Lekt\u00fcreabbruch \u2013 Anschlu\u00dflekt\u00fcren: Journale lesen\",\"item\":\"https:\\\/\\\/journalliteratur.blogs.ruhr-uni-bochum.de\\\/veranstaltungen\\\/konferenzen\\\/lektuereabbruch-anschlusslektueren-journale-lesen\\\/\"},{\"@type\":\"ListItem\",\"position\":5,\"name\":\"Location &#038; Anfahrt Bochum\"}]},{\"@type\":\"WebSite\",\"@id\":\"https:\\\/\\\/journalliteratur.blogs.ruhr-uni-bochum.de\\\/gb\\\/#website\",\"url\":\"https:\\\/\\\/journalliteratur.blogs.ruhr-uni-bochum.de\\\/gb\\\/\",\"name\":\"Journalliteratur\",\"description\":\"Formatbedingungen, visuelles Design, Rezeptionskulturen\",\"publisher\":{\"@id\":\"https:\\\/\\\/journalliteratur.blogs.ruhr-uni-bochum.de\\\/gb\\\/#organization\"},\"potentialAction\":[{\"@type\":\"SearchAction\",\"target\":{\"@type\":\"EntryPoint\",\"urlTemplate\":\"https:\\\/\\\/journalliteratur.blogs.ruhr-uni-bochum.de\\\/gb\\\/?s={search_term_string}\"},\"query-input\":{\"@type\":\"PropertyValueSpecification\",\"valueRequired\":true,\"valueName\":\"search_term_string\"}}],\"inLanguage\":\"en-GB\"},{\"@type\":\"Organization\",\"@id\":\"https:\\\/\\\/journalliteratur.blogs.ruhr-uni-bochum.de\\\/gb\\\/#organization\",\"name\":\"DFG-Forschergruppe 2288: Journalliteratur\",\"url\":\"https:\\\/\\\/journalliteratur.blogs.ruhr-uni-bochum.de\\\/gb\\\/\",\"logo\":{\"@type\":\"ImageObject\",\"inLanguage\":\"en-GB\",\"@id\":\"https:\\\/\\\/journalliteratur.blogs.ruhr-uni-bochum.de\\\/gb\\\/#\\\/schema\\\/logo\\\/image\\\/\",\"url\":\"https:\\\/\\\/journalliteratur.blogs.ruhr-uni-bochum.de\\\/wp-content\\\/uploads\\\/2016\\\/08\\\/cropped-fg_journal_logo_blaetter_icon.png\",\"contentUrl\":\"https:\\\/\\\/journalliteratur.blogs.ruhr-uni-bochum.de\\\/wp-content\\\/uploads\\\/2016\\\/08\\\/cropped-fg_journal_logo_blaetter_icon.png\",\"width\":512,\"height\":512,\"caption\":\"DFG-Forschergruppe 2288: Journalliteratur\"},\"image\":{\"@id\":\"https:\\\/\\\/journalliteratur.blogs.ruhr-uni-bochum.de\\\/gb\\\/#\\\/schema\\\/logo\\\/image\\\/\"}}]}<\/script>\n<!-- \/ Yoast SEO plugin. -->","yoast_head_json":{"title":"Location & Anfahrt Bochum - Journalliteratur","robots":{"index":"index","follow":"follow","max-snippet":"max-snippet:-1","max-image-preview":"max-image-preview:large","max-video-preview":"max-video-preview:-1"},"canonical":"https:\/\/journalliteratur.blogs.ruhr-uni-bochum.de\/veranstaltungen\/konferenzen\/lektuereabbruch-anschlusslektueren-journale-lesen\/location-anfahrt-bochum\/","og_locale":"en_GB","og_type":"article","og_title":"Location & Anfahrt Bochum - Journalliteratur","og_url":"https:\/\/journalliteratur.blogs.ruhr-uni-bochum.de\/veranstaltungen\/konferenzen\/lektuereabbruch-anschlusslektueren-journale-lesen\/location-anfahrt-bochum\/","og_site_name":"Journalliteratur","article_modified_time":"2018-08-29T12:14:08+00:00","og_image":[{"url":"https:\/\/journalliteratur.blogs.ruhr-uni-bochum.de\/wp-content\/uploads\/2018\/04\/Anfahrtsskizze-1024x915.jpg","type":"","width":"","height":""}],"twitter_card":"summary_large_image","schema":{"@context":"https:\/\/schema.org","@graph":[{"@type":"WebPage","@id":"https:\/\/journalliteratur.blogs.ruhr-uni-bochum.de\/veranstaltungen\/konferenzen\/lektuereabbruch-anschlusslektueren-journale-lesen\/location-anfahrt-bochum\/","url":"https:\/\/journalliteratur.blogs.ruhr-uni-bochum.de\/veranstaltungen\/konferenzen\/lektuereabbruch-anschlusslektueren-journale-lesen\/location-anfahrt-bochum\/","name":"Location & Anfahrt Bochum - Journalliteratur","isPartOf":{"@id":"https:\/\/journalliteratur.blogs.ruhr-uni-bochum.de\/gb\/#website"},"primaryImageOfPage":{"@id":"https:\/\/journalliteratur.blogs.ruhr-uni-bochum.de\/veranstaltungen\/konferenzen\/lektuereabbruch-anschlusslektueren-journale-lesen\/location-anfahrt-bochum\/#primaryimage"},"image":{"@id":"https:\/\/journalliteratur.blogs.ruhr-uni-bochum.de\/veranstaltungen\/konferenzen\/lektuereabbruch-anschlusslektueren-journale-lesen\/location-anfahrt-bochum\/#primaryimage"},"thumbnailUrl":"https:\/\/journalliteratur.blogs.ruhr-uni-bochum.de\/wp-content\/uploads\/2018\/04\/Anfahrtsskizze-1024x915.jpg","datePublished":"2018-04-11T13:14:11+00:00","dateModified":"2018-08-29T12:14:08+00:00","breadcrumb":{"@id":"https:\/\/journalliteratur.blogs.ruhr-uni-bochum.de\/veranstaltungen\/konferenzen\/lektuereabbruch-anschlusslektueren-journale-lesen\/location-anfahrt-bochum\/#breadcrumb"},"inLanguage":"en-GB","potentialAction":[{"@type":"ReadAction","target":["https:\/\/journalliteratur.blogs.ruhr-uni-bochum.de\/veranstaltungen\/konferenzen\/lektuereabbruch-anschlusslektueren-journale-lesen\/location-anfahrt-bochum\/"]}]},{"@type":"ImageObject","inLanguage":"en-GB","@id":"https:\/\/journalliteratur.blogs.ruhr-uni-bochum.de\/veranstaltungen\/konferenzen\/lektuereabbruch-anschlusslektueren-journale-lesen\/location-anfahrt-bochum\/#primaryimage","url":"https:\/\/journalliteratur.blogs.ruhr-uni-bochum.de\/wp-content\/uploads\/2018\/04\/Anfahrtsskizze-1024x915.jpg","contentUrl":"https:\/\/journalliteratur.blogs.ruhr-uni-bochum.de\/wp-content\/uploads\/2018\/04\/Anfahrtsskizze-1024x915.jpg"},{"@type":"BreadcrumbList","@id":"https:\/\/journalliteratur.blogs.ruhr-uni-bochum.de\/veranstaltungen\/konferenzen\/lektuereabbruch-anschlusslektueren-journale-lesen\/location-anfahrt-bochum\/#breadcrumb","itemListElement":[{"@type":"ListItem","position":1,"name":"Startseite","item":"https:\/\/journalliteratur.blogs.ruhr-uni-bochum.de\/gb\/"},{"@type":"ListItem","position":2,"name":"Veranstaltungen","item":"https:\/\/journalliteratur.blogs.ruhr-uni-bochum.de\/veranstaltungen\/"},{"@type":"ListItem","position":3,"name":"Konferenzen","item":"https:\/\/journalliteratur.blogs.ruhr-uni-bochum.de\/veranstaltungen\/konferenzen\/"},{"@type":"ListItem","position":4,"name":"Lekt\u00fcreabbruch \u2013 Anschlu\u00dflekt\u00fcren: Journale lesen","item":"https:\/\/journalliteratur.blogs.ruhr-uni-bochum.de\/veranstaltungen\/konferenzen\/lektuereabbruch-anschlusslektueren-journale-lesen\/"},{"@type":"ListItem","position":5,"name":"Location &#038; Anfahrt Bochum"}]},{"@type":"WebSite","@id":"https:\/\/journalliteratur.blogs.ruhr-uni-bochum.de\/gb\/#website","url":"https:\/\/journalliteratur.blogs.ruhr-uni-bochum.de\/gb\/","name":"Journalliteratur","description":"Formatbedingungen, visuelles Design, Rezeptionskulturen","publisher":{"@id":"https:\/\/journalliteratur.blogs.ruhr-uni-bochum.de\/gb\/#organization"},"potentialAction":[{"@type":"SearchAction","target":{"@type":"EntryPoint","urlTemplate":"https:\/\/journalliteratur.blogs.ruhr-uni-bochum.de\/gb\/?s={search_term_string}"},"query-input":{"@type":"PropertyValueSpecification","valueRequired":true,"valueName":"search_term_string"}}],"inLanguage":"en-GB"},{"@type":"Organization","@id":"https:\/\/journalliteratur.blogs.ruhr-uni-bochum.de\/gb\/#organization","name":"DFG-Forschergruppe 2288: Journalliteratur","url":"https:\/\/journalliteratur.blogs.ruhr-uni-bochum.de\/gb\/","logo":{"@type":"ImageObject","inLanguage":"en-GB","@id":"https:\/\/journalliteratur.blogs.ruhr-uni-bochum.de\/gb\/#\/schema\/logo\/image\/","url":"https:\/\/journalliteratur.blogs.ruhr-uni-bochum.de\/wp-content\/uploads\/2016\/08\/cropped-fg_journal_logo_blaetter_icon.png","contentUrl":"https:\/\/journalliteratur.blogs.ruhr-uni-bochum.de\/wp-content\/uploads\/2016\/08\/cropped-fg_journal_logo_blaetter_icon.png","width":512,"height":512,"caption":"DFG-Forschergruppe 2288: Journalliteratur"},"image":{"@id":"https:\/\/journalliteratur.blogs.ruhr-uni-bochum.de\/gb\/#\/schema\/logo\/image\/"}}]}},"_links":{"self":[{"href":"https:\/\/journalliteratur.blogs.ruhr-uni-bochum.de\/gb\/wp-json\/wp\/v2\/pages\/1481","targetHints":{"allow":["GET"]}}],"collection":[{"href":"https:\/\/journalliteratur.blogs.ruhr-uni-bochum.de\/gb\/wp-json\/wp\/v2\/pages"}],"about":[{"href":"https:\/\/journalliteratur.blogs.ruhr-uni-bochum.de\/gb\/wp-json\/wp\/v2\/types\/page"}],"author":[{"embeddable":true,"href":"https:\/\/journalliteratur.blogs.ruhr-uni-bochum.de\/gb\/wp-json\/wp\/v2\/users\/8"}],"replies":[{"embeddable":true,"href":"https:\/\/journalliteratur.blogs.ruhr-uni-bochum.de\/gb\/wp-json\/wp\/v2\/comments?post=1481"}],"version-history":[{"count":6,"href":"https:\/\/journalliteratur.blogs.ruhr-uni-bochum.de\/gb\/wp-json\/wp\/v2\/pages\/1481\/revisions"}],"predecessor-version":[{"id":2201,"href":"https:\/\/journalliteratur.blogs.ruhr-uni-bochum.de\/gb\/wp-json\/wp\/v2\/pages\/1481\/revisions\/2201"}],"up":[{"embeddable":true,"href":"https:\/\/journalliteratur.blogs.ruhr-uni-bochum.de\/gb\/wp-json\/wp\/v2\/pages\/1325"}],"wp:attachment":[{"href":"https:\/\/journalliteratur.blogs.ruhr-uni-bochum.de\/gb\/wp-json\/wp\/v2\/media?parent=1481"}],"curies":[{"name":"wp","href":"https:\/\/api.w.org\/{rel}","templated":true}]}}