{"id":1464,"date":"2018-04-11T14:39:14","date_gmt":"2018-04-11T12:39:14","guid":{"rendered":"https:\/\/journalliteratur.blogs.ruhr-uni-bochum.de\/?page_id=1464"},"modified":"2018-04-30T14:56:20","modified_gmt":"2018-04-30T12:56:20","slug":"unruliness-of-time","status":"publish","type":"page","link":"https:\/\/journalliteratur.blogs.ruhr-uni-bochum.de\/gb\/veranstaltungen\/workshops\/unruliness-of-time\/","title":{"rendered":"Unruliness of time"},"content":{"rendered":"<h2>Workshop mit\u00a0Sean Franzel\u00a0(University of Missouri) and Mark W. Turner (King&#8217;s College London)<\/h2>\n<h3><a href=\"https:\/\/journalliteratur.blogs.ruhr-uni-bochum.de\/event\/the-unruliness-of-time-in-journal-literature-of-the-19th-century\/\">17.-18. Mai 2018 | Ruhr-Universit\u00e4t Bochum<\/a><\/h3>\n<h5>Veranstaltet von Teilprojekt 2 der DFG-Forschergruppe 2288 \u00bbJournalliteratur: Formatbedingungen, visuelles Design, Rezeptionskulturen\u00ab<\/h5>\n<p><a href=\"https:\/\/journalliteratur.blogs.ruhr-uni-bochum.de\/wp-content\/uploads\/2018\/04\/Journal_Plakat_2018_Bochum-Workshop-TP2_fin_print.jpg\"><img loading=\"lazy\" decoding=\"async\" class=\"wp-image-1467 size-medium alignleft\" src=\"https:\/\/journalliteratur.blogs.ruhr-uni-bochum.de\/wp-content\/uploads\/2018\/04\/Journal_Plakat_2018_Bochum-Workshop-TP2_fin_print-212x300.jpg\" alt=\"\" width=\"212\" height=\"300\" srcset=\"https:\/\/journalliteratur.blogs.ruhr-uni-bochum.de\/wp-content\/uploads\/2018\/04\/Journal_Plakat_2018_Bochum-Workshop-TP2_fin_print-212x300.jpg 212w, https:\/\/journalliteratur.blogs.ruhr-uni-bochum.de\/wp-content\/uploads\/2018\/04\/Journal_Plakat_2018_Bochum-Workshop-TP2_fin_print-768x1085.jpg 768w, https:\/\/journalliteratur.blogs.ruhr-uni-bochum.de\/wp-content\/uploads\/2018\/04\/Journal_Plakat_2018_Bochum-Workshop-TP2_fin_print-725x1024.jpg 725w, https:\/\/journalliteratur.blogs.ruhr-uni-bochum.de\/wp-content\/uploads\/2018\/04\/Journal_Plakat_2018_Bochum-Workshop-TP2_fin_print.jpg 2000w\" sizes=\"auto, (max-width: 212px) 100vw, 212px\" \/><\/a>Die DFG-Forschergruppe 2288 \u201eJournalliteratur\u201c l\u00e4dt ein zu einem Workshop am 17.\/18. Mai 2018, um \u00fcber Konzepte der Zeitlichkeit und Zeitreflexion von und in Journalen des 19. Jahrhunderts zu diskutieren. Die temporalen Formatbedingungen von periodisch publizierten Bl\u00e4ttern sind je spezifischen Konventionen unterworfen, die Produktion wie Rezeption von Journalliteratur konditionieren. Ankn\u00fcpfend an die Zeitschriften-Serialit\u00e4tsforschung und Mark Turners \u00dcberlegungen zu \u201eUnruliness of Print\u201c im 19. Jahrhundert soll unter dem heuristischen Begriff \u201aUnruliness of Time\u2018 eine Konzeptualisierung des Verh\u00e4ltnisses zwischen Zeit und der Produktion und Rezeption von Journalen geleistet werden. Dabei geraten insbesondere solche journalliterarischen Ph\u00e4nomene in den Blick, die im Sinne von \u201aUnruliness of Time\u2018 eine gewisse Widerst\u00e4ndigkeit gegen periodische Einhegung aufweisen.<\/p>\n<p>Der Workshop dient dem intensiven Austausch \u00fcber Konzepte (gest\u00f6rter) journalliterarischer Zeitlichkeit. <a href=\"https:\/\/www.kcl.ac.uk\/artshums\/depts\/english\/people\/academic\/turner.aspx\">Mark W. Turner <\/a>(London) und der Mercator Fellow von Teilprojekt 2, <a href=\"https:\/\/grs.missouri.edu\/people\/franzel\">Sean Franzel <\/a>(Missouri), werden in diesem Zusammenhang ihre aktuellen Forschungsprojekte vorstellen und mit der Forschergruppe diskutieren. Interessierte Teilnehmer sind gebeten, sich vorab bei Nicolas Potysch (<a href=\"mailto:nicolas.potysch@rub.de\">nicolas.potysch@rub.de<\/a>) anzumelden.<\/p>\n<p><!--more--><\/p>\n<h3><span style=\"color: #000000;\">Veranstaltungsort<\/span><\/h3>\n<p>R\u00e4ume der FOR 2288 (4. OG)<br \/>\nTagungsraum 4.22<br \/>\nUniversit\u00e4tsstra\u00dfe 105<br \/>\n44789 Bochum<\/p>\n<h3><span style=\"color: #000000;\">Programm (<a href=\"https:\/\/journalliteratur.blogs.ruhr-uni-bochum.de\/wp-content\/uploads\/2018\/04\/Programm-Unruliness-of-time.pdf\">PDF<\/a>)<\/span><\/h3>\n<p><strong>Thursday, 17 May 2018<\/strong><\/p>\n<p><em>12:30 \u2013 13:30 Lunch<\/em><\/p>\n<p>13:30 \u2013 15:30 Unruliness of Time in Journal Literature of the 19th Century: Discussing Conceptual Approaches<\/p>\n<p><em>15:30 \u2013 16:00 Coffee Break<\/em><\/p>\n<p>16:00 \u2013 18:00 Mark Turner (King\u2019s College London): The Serial Spread of Print in the 19th Century: Reynolds\u2019s Mysteries of London<\/p>\n<p><em>19:00 Dinner at \u00bbBlauer Engel\u00ab, H\u00f6festra\u00dfe 86, 44803 Bochum<\/em><\/p>\n<p><strong>Friday, 18 May 2018<\/strong><\/p>\n<p>9:30 \u2013 11:30 Writing Time, Writing Journals, Writing the Monograph. Presentation and Discussion of the Subproject\u2019s Ideas for a\u00a0\u00a0Zeit\/Schrift Book Project<\/p>\n<p><em>11:30 \u2013 12:00 Coffee Break<\/em><\/p>\n<p>12:00 \u2013 14:00 Sean Franzel (University of Missouri): Ludwig B\u00f6rne: Waiting for the News, Waiting for the Revolution<\/p>\n","protected":false},"excerpt":{"rendered":"<p>Workshop mit\u00a0Sean Franzel\u00a0(University of Missouri) and Mark W. Turner (King&#8217;s College London) 17.-18. Mai 2018 | Ruhr-Universit\u00e4t Bochum Veranstaltet von Teilprojekt 2 der DFG-Forschergruppe<\/p>\n","protected":false},"author":8,"featured_media":0,"parent":502,"menu_order":0,"comment_status":"closed","ping_status":"closed","template":"","meta":{"footnotes":""},"class_list":["post-1464","page","type-page","status-publish","hentry"],"translation":{"provider":"WPGlobus","version":"3.0.2","language":"gb","enabled_languages":["de","gb"],"languages":{"de":{"title":true,"content":true,"excerpt":false},"gb":{"title":false,"content":false,"excerpt":false}}},"yoast_head":"<!-- This site is optimized with the Yoast SEO plugin v27.3 - https:\/\/yoast.com\/product\/yoast-seo-wordpress\/ -->\n<title>Unruliness of time - Journalliteratur<\/title>\n<meta name=\"robots\" content=\"index, follow, max-snippet:-1, max-image-preview:large, max-video-preview:-1\" \/>\n<link rel=\"canonical\" href=\"https:\/\/journalliteratur.blogs.ruhr-uni-bochum.de\/gb\/veranstaltungen\/workshops\/unruliness-of-time\/\" \/>\n<meta property=\"og:locale\" content=\"en_GB\" \/>\n<meta property=\"og:type\" content=\"article\" \/>\n<meta property=\"og:title\" content=\"Unruliness of time - Journalliteratur\" \/>\n<meta property=\"og:url\" content=\"https:\/\/journalliteratur.blogs.ruhr-uni-bochum.de\/gb\/veranstaltungen\/workshops\/unruliness-of-time\/\" \/>\n<meta property=\"og:site_name\" content=\"Journalliteratur\" \/>\n<meta property=\"article:modified_time\" content=\"2018-04-30T12:56:20+00:00\" \/>\n<meta property=\"og:image\" content=\"https:\/\/journalliteratur.blogs.ruhr-uni-bochum.de\/wp-content\/uploads\/2018\/04\/Journal_Plakat_2018_Bochum-Workshop-TP2_fin_print-212x300.jpg\" \/>\n<meta name=\"twitter:card\" content=\"summary_large_image\" \/>\n<meta name=\"twitter:label1\" content=\"Estimated reading time\" \/>\n\t<meta name=\"twitter:data1\" content=\"1 minute\" \/>\n<script type=\"application\/ld+json\" class=\"yoast-schema-graph\">{\"@context\":\"https:\\\/\\\/schema.org\",\"@graph\":[{\"@type\":\"WebPage\",\"@id\":\"https:\\\/\\\/journalliteratur.blogs.ruhr-uni-bochum.de\\\/gb\\\/veranstaltungen\\\/workshops\\\/unruliness-of-time\\\/\",\"url\":\"https:\\\/\\\/journalliteratur.blogs.ruhr-uni-bochum.de\\\/gb\\\/veranstaltungen\\\/workshops\\\/unruliness-of-time\\\/\",\"name\":\"Unruliness of time - Journalliteratur\",\"isPartOf\":{\"@id\":\"https:\\\/\\\/journalliteratur.blogs.ruhr-uni-bochum.de\\\/gb\\\/#website\"},\"primaryImageOfPage\":{\"@id\":\"https:\\\/\\\/journalliteratur.blogs.ruhr-uni-bochum.de\\\/gb\\\/veranstaltungen\\\/workshops\\\/unruliness-of-time\\\/#primaryimage\"},\"image\":{\"@id\":\"https:\\\/\\\/journalliteratur.blogs.ruhr-uni-bochum.de\\\/gb\\\/veranstaltungen\\\/workshops\\\/unruliness-of-time\\\/#primaryimage\"},\"thumbnailUrl\":\"https:\\\/\\\/journalliteratur.blogs.ruhr-uni-bochum.de\\\/wp-content\\\/uploads\\\/2018\\\/04\\\/Journal_Plakat_2018_Bochum-Workshop-TP2_fin_print-212x300.jpg\",\"datePublished\":\"2018-04-11T12:39:14+00:00\",\"dateModified\":\"2018-04-30T12:56:20+00:00\",\"breadcrumb\":{\"@id\":\"https:\\\/\\\/journalliteratur.blogs.ruhr-uni-bochum.de\\\/gb\\\/veranstaltungen\\\/workshops\\\/unruliness-of-time\\\/#breadcrumb\"},\"inLanguage\":\"en-GB\",\"potentialAction\":[{\"@type\":\"ReadAction\",\"target\":[\"https:\\\/\\\/journalliteratur.blogs.ruhr-uni-bochum.de\\\/gb\\\/veranstaltungen\\\/workshops\\\/unruliness-of-time\\\/\"]}]},{\"@type\":\"ImageObject\",\"inLanguage\":\"en-GB\",\"@id\":\"https:\\\/\\\/journalliteratur.blogs.ruhr-uni-bochum.de\\\/gb\\\/veranstaltungen\\\/workshops\\\/unruliness-of-time\\\/#primaryimage\",\"url\":\"https:\\\/\\\/journalliteratur.blogs.ruhr-uni-bochum.de\\\/wp-content\\\/uploads\\\/2018\\\/04\\\/Journal_Plakat_2018_Bochum-Workshop-TP2_fin_print-212x300.jpg\",\"contentUrl\":\"https:\\\/\\\/journalliteratur.blogs.ruhr-uni-bochum.de\\\/wp-content\\\/uploads\\\/2018\\\/04\\\/Journal_Plakat_2018_Bochum-Workshop-TP2_fin_print-212x300.jpg\"},{\"@type\":\"BreadcrumbList\",\"@id\":\"https:\\\/\\\/journalliteratur.blogs.ruhr-uni-bochum.de\\\/gb\\\/veranstaltungen\\\/workshops\\\/unruliness-of-time\\\/#breadcrumb\",\"itemListElement\":[{\"@type\":\"ListItem\",\"position\":1,\"name\":\"Startseite\",\"item\":\"https:\\\/\\\/journalliteratur.blogs.ruhr-uni-bochum.de\\\/gb\\\/\"},{\"@type\":\"ListItem\",\"position\":2,\"name\":\"Veranstaltungen\",\"item\":\"https:\\\/\\\/journalliteratur.blogs.ruhr-uni-bochum.de\\\/veranstaltungen\\\/\"},{\"@type\":\"ListItem\",\"position\":3,\"name\":\"Workshops of the first funding period\",\"item\":\"https:\\\/\\\/journalliteratur.blogs.ruhr-uni-bochum.de\\\/gb\\\/veranstaltungen\\\/workshops\\\/\"},{\"@type\":\"ListItem\",\"position\":4,\"name\":\"Unruliness of time\"}]},{\"@type\":\"WebSite\",\"@id\":\"https:\\\/\\\/journalliteratur.blogs.ruhr-uni-bochum.de\\\/gb\\\/#website\",\"url\":\"https:\\\/\\\/journalliteratur.blogs.ruhr-uni-bochum.de\\\/gb\\\/\",\"name\":\"Journalliteratur\",\"description\":\"Formatbedingungen, visuelles Design, Rezeptionskulturen\",\"publisher\":{\"@id\":\"https:\\\/\\\/journalliteratur.blogs.ruhr-uni-bochum.de\\\/gb\\\/#organization\"},\"potentialAction\":[{\"@type\":\"SearchAction\",\"target\":{\"@type\":\"EntryPoint\",\"urlTemplate\":\"https:\\\/\\\/journalliteratur.blogs.ruhr-uni-bochum.de\\\/gb\\\/?s={search_term_string}\"},\"query-input\":{\"@type\":\"PropertyValueSpecification\",\"valueRequired\":true,\"valueName\":\"search_term_string\"}}],\"inLanguage\":\"en-GB\"},{\"@type\":\"Organization\",\"@id\":\"https:\\\/\\\/journalliteratur.blogs.ruhr-uni-bochum.de\\\/gb\\\/#organization\",\"name\":\"DFG-Forschergruppe 2288: Journalliteratur\",\"url\":\"https:\\\/\\\/journalliteratur.blogs.ruhr-uni-bochum.de\\\/gb\\\/\",\"logo\":{\"@type\":\"ImageObject\",\"inLanguage\":\"en-GB\",\"@id\":\"https:\\\/\\\/journalliteratur.blogs.ruhr-uni-bochum.de\\\/gb\\\/#\\\/schema\\\/logo\\\/image\\\/\",\"url\":\"https:\\\/\\\/journalliteratur.blogs.ruhr-uni-bochum.de\\\/wp-content\\\/uploads\\\/2016\\\/08\\\/cropped-fg_journal_logo_blaetter_icon.png\",\"contentUrl\":\"https:\\\/\\\/journalliteratur.blogs.ruhr-uni-bochum.de\\\/wp-content\\\/uploads\\\/2016\\\/08\\\/cropped-fg_journal_logo_blaetter_icon.png\",\"width\":512,\"height\":512,\"caption\":\"DFG-Forschergruppe 2288: Journalliteratur\"},\"image\":{\"@id\":\"https:\\\/\\\/journalliteratur.blogs.ruhr-uni-bochum.de\\\/gb\\\/#\\\/schema\\\/logo\\\/image\\\/\"}}]}<\/script>\n<!-- \/ Yoast SEO plugin. -->","yoast_head_json":{"title":"Unruliness of time - Journalliteratur","robots":{"index":"index","follow":"follow","max-snippet":"max-snippet:-1","max-image-preview":"max-image-preview:large","max-video-preview":"max-video-preview:-1"},"canonical":"https:\/\/journalliteratur.blogs.ruhr-uni-bochum.de\/gb\/veranstaltungen\/workshops\/unruliness-of-time\/","og_locale":"en_GB","og_type":"article","og_title":"Unruliness of time - Journalliteratur","og_url":"https:\/\/journalliteratur.blogs.ruhr-uni-bochum.de\/gb\/veranstaltungen\/workshops\/unruliness-of-time\/","og_site_name":"Journalliteratur","article_modified_time":"2018-04-30T12:56:20+00:00","og_image":[{"url":"https:\/\/journalliteratur.blogs.ruhr-uni-bochum.de\/wp-content\/uploads\/2018\/04\/Journal_Plakat_2018_Bochum-Workshop-TP2_fin_print-212x300.jpg","type":"","width":"","height":""}],"twitter_card":"summary_large_image","twitter_misc":{"Estimated reading time":"1 minute"},"schema":{"@context":"https:\/\/schema.org","@graph":[{"@type":"WebPage","@id":"https:\/\/journalliteratur.blogs.ruhr-uni-bochum.de\/gb\/veranstaltungen\/workshops\/unruliness-of-time\/","url":"https:\/\/journalliteratur.blogs.ruhr-uni-bochum.de\/gb\/veranstaltungen\/workshops\/unruliness-of-time\/","name":"Unruliness of time - Journalliteratur","isPartOf":{"@id":"https:\/\/journalliteratur.blogs.ruhr-uni-bochum.de\/gb\/#website"},"primaryImageOfPage":{"@id":"https:\/\/journalliteratur.blogs.ruhr-uni-bochum.de\/gb\/veranstaltungen\/workshops\/unruliness-of-time\/#primaryimage"},"image":{"@id":"https:\/\/journalliteratur.blogs.ruhr-uni-bochum.de\/gb\/veranstaltungen\/workshops\/unruliness-of-time\/#primaryimage"},"thumbnailUrl":"https:\/\/journalliteratur.blogs.ruhr-uni-bochum.de\/wp-content\/uploads\/2018\/04\/Journal_Plakat_2018_Bochum-Workshop-TP2_fin_print-212x300.jpg","datePublished":"2018-04-11T12:39:14+00:00","dateModified":"2018-04-30T12:56:20+00:00","breadcrumb":{"@id":"https:\/\/journalliteratur.blogs.ruhr-uni-bochum.de\/gb\/veranstaltungen\/workshops\/unruliness-of-time\/#breadcrumb"},"inLanguage":"en-GB","potentialAction":[{"@type":"ReadAction","target":["https:\/\/journalliteratur.blogs.ruhr-uni-bochum.de\/gb\/veranstaltungen\/workshops\/unruliness-of-time\/"]}]},{"@type":"ImageObject","inLanguage":"en-GB","@id":"https:\/\/journalliteratur.blogs.ruhr-uni-bochum.de\/gb\/veranstaltungen\/workshops\/unruliness-of-time\/#primaryimage","url":"https:\/\/journalliteratur.blogs.ruhr-uni-bochum.de\/wp-content\/uploads\/2018\/04\/Journal_Plakat_2018_Bochum-Workshop-TP2_fin_print-212x300.jpg","contentUrl":"https:\/\/journalliteratur.blogs.ruhr-uni-bochum.de\/wp-content\/uploads\/2018\/04\/Journal_Plakat_2018_Bochum-Workshop-TP2_fin_print-212x300.jpg"},{"@type":"BreadcrumbList","@id":"https:\/\/journalliteratur.blogs.ruhr-uni-bochum.de\/gb\/veranstaltungen\/workshops\/unruliness-of-time\/#breadcrumb","itemListElement":[{"@type":"ListItem","position":1,"name":"Startseite","item":"https:\/\/journalliteratur.blogs.ruhr-uni-bochum.de\/gb\/"},{"@type":"ListItem","position":2,"name":"Veranstaltungen","item":"https:\/\/journalliteratur.blogs.ruhr-uni-bochum.de\/veranstaltungen\/"},{"@type":"ListItem","position":3,"name":"Workshops of the first funding period","item":"https:\/\/journalliteratur.blogs.ruhr-uni-bochum.de\/gb\/veranstaltungen\/workshops\/"},{"@type":"ListItem","position":4,"name":"Unruliness of time"}]},{"@type":"WebSite","@id":"https:\/\/journalliteratur.blogs.ruhr-uni-bochum.de\/gb\/#website","url":"https:\/\/journalliteratur.blogs.ruhr-uni-bochum.de\/gb\/","name":"Journalliteratur","description":"Formatbedingungen, visuelles Design, Rezeptionskulturen","publisher":{"@id":"https:\/\/journalliteratur.blogs.ruhr-uni-bochum.de\/gb\/#organization"},"potentialAction":[{"@type":"SearchAction","target":{"@type":"EntryPoint","urlTemplate":"https:\/\/journalliteratur.blogs.ruhr-uni-bochum.de\/gb\/?s={search_term_string}"},"query-input":{"@type":"PropertyValueSpecification","valueRequired":true,"valueName":"search_term_string"}}],"inLanguage":"en-GB"},{"@type":"Organization","@id":"https:\/\/journalliteratur.blogs.ruhr-uni-bochum.de\/gb\/#organization","name":"DFG-Forschergruppe 2288: Journalliteratur","url":"https:\/\/journalliteratur.blogs.ruhr-uni-bochum.de\/gb\/","logo":{"@type":"ImageObject","inLanguage":"en-GB","@id":"https:\/\/journalliteratur.blogs.ruhr-uni-bochum.de\/gb\/#\/schema\/logo\/image\/","url":"https:\/\/journalliteratur.blogs.ruhr-uni-bochum.de\/wp-content\/uploads\/2016\/08\/cropped-fg_journal_logo_blaetter_icon.png","contentUrl":"https:\/\/journalliteratur.blogs.ruhr-uni-bochum.de\/wp-content\/uploads\/2016\/08\/cropped-fg_journal_logo_blaetter_icon.png","width":512,"height":512,"caption":"DFG-Forschergruppe 2288: Journalliteratur"},"image":{"@id":"https:\/\/journalliteratur.blogs.ruhr-uni-bochum.de\/gb\/#\/schema\/logo\/image\/"}}]}},"_links":{"self":[{"href":"https:\/\/journalliteratur.blogs.ruhr-uni-bochum.de\/gb\/wp-json\/wp\/v2\/pages\/1464","targetHints":{"allow":["GET"]}}],"collection":[{"href":"https:\/\/journalliteratur.blogs.ruhr-uni-bochum.de\/gb\/wp-json\/wp\/v2\/pages"}],"about":[{"href":"https:\/\/journalliteratur.blogs.ruhr-uni-bochum.de\/gb\/wp-json\/wp\/v2\/types\/page"}],"author":[{"embeddable":true,"href":"https:\/\/journalliteratur.blogs.ruhr-uni-bochum.de\/gb\/wp-json\/wp\/v2\/users\/8"}],"replies":[{"embeddable":true,"href":"https:\/\/journalliteratur.blogs.ruhr-uni-bochum.de\/gb\/wp-json\/wp\/v2\/comments?post=1464"}],"version-history":[{"count":8,"href":"https:\/\/journalliteratur.blogs.ruhr-uni-bochum.de\/gb\/wp-json\/wp\/v2\/pages\/1464\/revisions"}],"predecessor-version":[{"id":1853,"href":"https:\/\/journalliteratur.blogs.ruhr-uni-bochum.de\/gb\/wp-json\/wp\/v2\/pages\/1464\/revisions\/1853"}],"up":[{"embeddable":true,"href":"https:\/\/journalliteratur.blogs.ruhr-uni-bochum.de\/gb\/wp-json\/wp\/v2\/pages\/502"}],"wp:attachment":[{"href":"https:\/\/journalliteratur.blogs.ruhr-uni-bochum.de\/gb\/wp-json\/wp\/v2\/media?parent=1464"}],"curies":[{"name":"wp","href":"https:\/\/api.w.org\/{rel}","templated":true}]}}