{"id":1440,"date":"2018-04-11T11:53:20","date_gmt":"2018-04-11T09:53:20","guid":{"rendered":"https:\/\/journalliteratur.blogs.ruhr-uni-bochum.de\/?page_id=1440"},"modified":"2018-04-18T11:10:14","modified_gmt":"2018-04-18T09:10:14","slug":"journalaehnliche-buecher-buchfoermige-journale","status":"publish","type":"page","link":"https:\/\/journalliteratur.blogs.ruhr-uni-bochum.de\/gb\/veranstaltungen\/workshops\/journalaehnliche-buecher-buchfoermige-journale\/","title":{"rendered":"Journal\u00e4hnliche B\u00fccher, buchf\u00f6rmige Journale"},"content":{"rendered":"<h2>Workshop mit\u00a0Luisa Cal\u00e8 (London), Christine Haug (M\u00fcnchen), Thomas Klaus Jacob (Berlin), Olaf\u00a0M\u00fcller (Marburg), Madleen Podewski (Berlin), Angelika Zirker (T\u00fcbingen)<\/h2>\n<h3><a href=\"https:\/\/journalliteratur.blogs.ruhr-uni-bochum.de\/event\/journalaehnliche-buecher-buchfoermige-journale\/\">26.-27. April 2018 | Ruhr-Universit\u00e4t Bochum<\/a><\/h3>\n<h5>Veranstaltet von den Teilprojekten 3 und 4 der DFG-Forschergruppe 2288 \u00bbJournalliteratur: Formatbedingungen, visuelles Design, Rezeptionskulturen\u00ab<\/h5>\n<p><a href=\"https:\/\/journalliteratur.blogs.ruhr-uni-bochum.de\/wp-content\/uploads\/2018\/04\/Journal_Plakat_2018_Bochum-Workshop-TP3-4_druck.jpg\"><img loading=\"lazy\" decoding=\"async\" class=\"size-medium wp-image-1441 alignleft\" src=\"https:\/\/journalliteratur.blogs.ruhr-uni-bochum.de\/wp-content\/uploads\/2018\/04\/Journal_Plakat_2018_Bochum-Workshop-TP3-4_druck-212x300.jpg\" alt=\"\" width=\"212\" height=\"300\" srcset=\"https:\/\/journalliteratur.blogs.ruhr-uni-bochum.de\/wp-content\/uploads\/2018\/04\/Journal_Plakat_2018_Bochum-Workshop-TP3-4_druck-212x300.jpg 212w, https:\/\/journalliteratur.blogs.ruhr-uni-bochum.de\/wp-content\/uploads\/2018\/04\/Journal_Plakat_2018_Bochum-Workshop-TP3-4_druck-768x1085.jpg 768w, https:\/\/journalliteratur.blogs.ruhr-uni-bochum.de\/wp-content\/uploads\/2018\/04\/Journal_Plakat_2018_Bochum-Workshop-TP3-4_druck-725x1024.jpg 725w, https:\/\/journalliteratur.blogs.ruhr-uni-bochum.de\/wp-content\/uploads\/2018\/04\/Journal_Plakat_2018_Bochum-Workshop-TP3-4_druck.jpg 2000w\" sizes=\"auto, (max-width: 212px) 100vw, 212px\" \/><\/a>Ein Stapel gleichm\u00e4\u00dfig bedruckter, einheitlich beschnittener und gebundener Papierb\u00f6gen liegt vor uns, gepresst zwischen zwei Einbanddeckel \u2013 offensichtlich ein Buch. Bei genauerem Hin(ein)sehen aber nimmt sich der Fall wom\u00f6glich komplizierter aus: wenn sich etwa auf dem R\u00fccken des buchf\u00f6rmigen Objekts ein Schildchen mit einer Nummer befindet, das die Zugeh\u00f6rigkeit zu einer Reihe anzeigt; oder wenn im Inneren Paginierung und\/oder Bogensignaturen von einer fr\u00fcheren, ungebundenen Journalexistenz zeugen; oder wenn dem Buchblock beigebundene Lieferungsumschl\u00e4ge und\/oder Werbebl\u00e4tter einem \u201aeigentlich\u2018 der Vergangenheit angeh\u00f6rigen journal\u00e4hnlichen Erscheinungsprozess dauerhafte Pr\u00e4senz verleihen. Haben wir es hier noch\/schon mit B\u00fcchern, oder schon\/noch mit Journalen zu tun? Derart fragw\u00fcrdige Feststellungen m\u00f6chten wir mit dem Workshop Journal\u00e4hnliche B\u00fccher, buchf\u00f6rmige Journale suspendieren \u2013 um uns in Vortr\u00e4gen sowie im Rahmen zweier \u201aMaterialstunden\u2018 (in denen wir an zeitgen\u00f6ssischen Exemplaren Beobachtungen anstellen und Befunde diskutieren) der formenreichen, spannungsvollen Dynamik von Zwitterform(at)en zu widmen, die sich zwischen den Polen Journal und Buch bewegen.<\/p>\n<p>Die Untersuchung der Produktivit\u00e4t derartiger medienformatbezogener Hybridit\u00e4t f\u00fchrt beispielsweise zu folgenden Fragestellungen: Positionieren sich Printobjekte durch ihre visuelle\/materiale Erscheinung als Medienformatzwitter? Inwieweit sind markt\u00f6konomische Faktoren an der Hervorbringung von Zwitterform(at)en (z.B. dem Taschenbuch) beteiligt? Bilden derartige Zwitterformate medienformatspezifische Text- oder Gestaltungsformen aus, die ihrem Hybridcharakter Rechnung tragen? Welche regional\/national spezifischen (interagierenden) Zwitterformen\/formate sind auszumachen? Weisen Journale Tendenzen auf, koh\u00e4renter, geschlossener, also buchf\u00f6rmig auftreten zu wollen? Erscheinen umgekehrt journalartige Z\u00fcge B\u00fcchern eingeschrieben?<\/p>\n<p><!--more--><\/p>\n<h3><span style=\"color: #000000;\">Veranstaltungsort<\/span><\/h3>\n<p>R\u00e4ume der FOR 2288 (4. OG)<br \/>\nTagungsraum 4.22<br \/>\nUniversit\u00e4tsstra\u00dfe 105<br \/>\n44789 Bochum<\/p>\n<h3><span style=\"color: #000000;\">Programm (<a href=\"https:\/\/journalliteratur.blogs.ruhr-uni-bochum.de\/wp-content\/uploads\/2018\/04\/Journal_Programmflyer_2018_Bochum-Workshop_TP3-4_druck.pdf\">Programmflyer als PDF<\/a>)<br \/>\n<\/span><\/h3>\n<table style=\"height: 805px;\" width=\"711\">\n<tbody>\n<tr>\n<td style=\"text-align: left;\">\n<h4><strong>Donnerstag, 26.04.18<\/strong><\/h4>\n<\/td>\n<td style=\"text-align: left;\"><\/td>\n<\/tr>\n<tr>\n<td style=\"text-align: left;\">15:15-16:00<\/td>\n<td style=\"text-align: left;\"><span style=\"color: #808080;\"><strong>Luisa Cal\u00e8 (London):<\/strong>\u00a0<\/span>Against the Ephermal Dynamics of Periodical Illustration: From the<em> Cornhill Magazine<\/em> to the <em>Cornhill Gallery\u00a0<\/em><\/td>\n<\/tr>\n<tr>\n<td style=\"text-align: left;\">16:00-16:45<\/td>\n<td style=\"text-align: left;\"><span style=\"color: #808080;\"><strong>Thomas Klaus Jacob (Berlin):<\/strong>\u00a0<\/span>Der historische Verlagseinband, seine fr\u00fchen Formen und Etablierung in der Buchproduktion [The history of the publishers&#8217; binding: its early forms and place in book production]<\/td>\n<\/tr>\n<tr>\n<td><\/td>\n<td style=\"text-align: left;\"><em>Kaffeepause<\/em><\/td>\n<\/tr>\n<tr>\n<td style=\"text-align: left;\">17:15-18:15<\/td>\n<td style=\"text-align: left;\"><span style=\"color: #808080;\"><strong>Materialstunde I &#8211; Mirela Husi\u0107 &amp; Nicola Kaminski (Bochum):<\/strong>\u00a0<\/span>Variierende Einb\u00e4nde, wechselnde typographische Dispositive und Formate: die serielle Mannigfaltigkeit des Taschenbuchs [Variations of binding, changes of layout andformat: the Taschenbuch&#8217;s serial diversity]<\/td>\n<\/tr>\n<tr>\n<td style=\"text-align: left;\">18:15-19:00<\/td>\n<td style=\"text-align: left;\"><span style=\"color: #808080;\"><strong>Andreas Beck (Bochum):<\/strong>\u00a0<\/span>Die kleinen\u00a0Leiden illustrierter Lieferungswerke und das Pfennig-Magazin. Ein B\u00fcndnis zwischen Leipziger Verlegern und illustrierten Medienformaten [The little miseries of illustrated books published in\u00a0instalments and the Pfennig-Magazin: an alliance between\u00a0Leipzig editors and illustrated media formats]<\/td>\n<\/tr>\n<tr>\n<td style=\"text-align: left;\">ab 20:00<\/td>\n<td style=\"text-align: left;\"><em>Gemeinsames Abendessen<\/em><\/td>\n<\/tr>\n<tr>\n<td>\n<h4><strong>Freitag, 27.04.18<\/strong><\/h4>\n<\/td>\n<td><\/td>\n<\/tr>\n<tr>\n<td style=\"text-align: left;\">10:00-10:45<\/td>\n<td style=\"text-align: left;\"><span style=\"color: #808080;\"><strong>Angelika Zirker (T\u00fcbingen):<\/strong>\u00a0<\/span>Writing in Instalments: Charles Dickens\u2019s Martin Chuzzlewit (1843\u201344) [Schreiben im 32-Seiten-Takt: Charles Dickens\u2019 Martin Chuzzlewit]<\/td>\n<\/tr>\n<tr>\n<td style=\"text-align: left;\">10:45-11:45<\/td>\n<td style=\"text-align: left;\"><span style=\"color: #808080;\"><strong>Materialstunde II &#8211; Vincent Fr\u00f6hlich &amp; Jens Ruchatz (Marburg):<\/strong><\/span>\u00a0Sportliche Dramen: Genrebetrachtungen anhand der Sporting and Dramatic News [Sporty dramas: Genre reflections based on The\u00a0Sporting and Dramatic News]<\/td>\n<\/tr>\n<tr>\n<td><\/td>\n<td><em>Kaffeepause<\/em><\/td>\n<\/tr>\n<tr>\n<td style=\"text-align: left;\">12:30-13:15<\/td>\n<td style=\"text-align: left;\"><span style=\"color: #808080;\"><strong>Volker Mergentaler (Marburg):<\/strong><\/span>\u00a0\u201eund ich kann jetzt \u2026 hinzusetzen\u201c. Wie Heinrich Claurens Mimili-Erz\u00e4hlung Buch f\u00fcr Buch zum Buch geworden ist [\u201cand meanwhile &#8230; I might add\u201d. How Heinrich Clauren\u2019s Mimili narrative book by book became a book]<\/td>\n<\/tr>\n<\/tbody>\n<\/table>\n<p><\/p>\n","protected":false},"excerpt":{"rendered":"<p>Workshop mit\u00a0Luisa Cal\u00e8 (London), Christine Haug (M\u00fcnchen), Thomas Klaus Jacob (Berlin), Olaf\u00a0M\u00fcller (Marburg), Madleen Podewski (Berlin), Angelika Zirker (T\u00fcbingen) 26.-27. April 2018 | Ruhr-Universit\u00e4t<\/p>\n","protected":false},"author":8,"featured_media":1441,"parent":502,"menu_order":0,"comment_status":"closed","ping_status":"closed","template":"","meta":{"footnotes":""},"class_list":["post-1440","page","type-page","status-publish","has-post-thumbnail","hentry"],"translation":{"provider":"WPGlobus","version":"3.0.2","language":"gb","enabled_languages":["de","gb"],"languages":{"de":{"title":true,"content":true,"excerpt":false},"gb":{"title":false,"content":false,"excerpt":false}}},"yoast_head":"<!-- This site is optimized with the Yoast SEO plugin v27.3 - https:\/\/yoast.com\/product\/yoast-seo-wordpress\/ -->\n<title>Journal\u00e4hnliche B\u00fccher, buchf\u00f6rmige Journale - Journalliteratur<\/title>\n<meta name=\"robots\" content=\"index, follow, max-snippet:-1, max-image-preview:large, max-video-preview:-1\" \/>\n<link rel=\"canonical\" href=\"https:\/\/journalliteratur.blogs.ruhr-uni-bochum.de\/veranstaltungen\/workshops\/journalaehnliche-buecher-buchfoermige-journale\/\" \/>\n<meta property=\"og:locale\" content=\"en_GB\" \/>\n<meta property=\"og:type\" content=\"article\" \/>\n<meta property=\"og:title\" content=\"Journal\u00e4hnliche B\u00fccher, buchf\u00f6rmige Journale - Journalliteratur\" \/>\n<meta property=\"og:url\" content=\"https:\/\/journalliteratur.blogs.ruhr-uni-bochum.de\/veranstaltungen\/workshops\/journalaehnliche-buecher-buchfoermige-journale\/\" \/>\n<meta property=\"og:site_name\" content=\"Journalliteratur\" \/>\n<meta property=\"article:modified_time\" content=\"2018-04-18T09:10:14+00:00\" \/>\n<meta property=\"og:image\" content=\"https:\/\/journalliteratur.blogs.ruhr-uni-bochum.de\/wp-content\/uploads\/2018\/04\/Journal_Plakat_2018_Bochum-Workshop-TP3-4_druck-725x1024.jpg\" \/>\n\t<meta property=\"og:image:width\" content=\"725\" \/>\n\t<meta property=\"og:image:height\" content=\"1024\" \/>\n\t<meta property=\"og:image:type\" content=\"image\/jpeg\" \/>\n<meta name=\"twitter:card\" content=\"summary_large_image\" \/>\n<meta name=\"twitter:label1\" content=\"Estimated reading time\" \/>\n\t<meta name=\"twitter:data1\" content=\"3 minutes\" \/>\n<script type=\"application\/ld+json\" class=\"yoast-schema-graph\">{\"@context\":\"https:\\\/\\\/schema.org\",\"@graph\":[{\"@type\":\"WebPage\",\"@id\":\"https:\\\/\\\/journalliteratur.blogs.ruhr-uni-bochum.de\\\/veranstaltungen\\\/workshops\\\/journalaehnliche-buecher-buchfoermige-journale\\\/\",\"url\":\"https:\\\/\\\/journalliteratur.blogs.ruhr-uni-bochum.de\\\/veranstaltungen\\\/workshops\\\/journalaehnliche-buecher-buchfoermige-journale\\\/\",\"name\":\"Journal\u00e4hnliche B\u00fccher, buchf\u00f6rmige Journale - Journalliteratur\",\"isPartOf\":{\"@id\":\"https:\\\/\\\/journalliteratur.blogs.ruhr-uni-bochum.de\\\/gb\\\/#website\"},\"primaryImageOfPage\":{\"@id\":\"https:\\\/\\\/journalliteratur.blogs.ruhr-uni-bochum.de\\\/veranstaltungen\\\/workshops\\\/journalaehnliche-buecher-buchfoermige-journale\\\/#primaryimage\"},\"image\":{\"@id\":\"https:\\\/\\\/journalliteratur.blogs.ruhr-uni-bochum.de\\\/veranstaltungen\\\/workshops\\\/journalaehnliche-buecher-buchfoermige-journale\\\/#primaryimage\"},\"thumbnailUrl\":\"https:\\\/\\\/journalliteratur.blogs.ruhr-uni-bochum.de\\\/wp-content\\\/uploads\\\/2018\\\/04\\\/Journal_Plakat_2018_Bochum-Workshop-TP3-4_druck.jpg\",\"datePublished\":\"2018-04-11T09:53:20+00:00\",\"dateModified\":\"2018-04-18T09:10:14+00:00\",\"breadcrumb\":{\"@id\":\"https:\\\/\\\/journalliteratur.blogs.ruhr-uni-bochum.de\\\/veranstaltungen\\\/workshops\\\/journalaehnliche-buecher-buchfoermige-journale\\\/#breadcrumb\"},\"inLanguage\":\"en-GB\",\"potentialAction\":[{\"@type\":\"ReadAction\",\"target\":[\"https:\\\/\\\/journalliteratur.blogs.ruhr-uni-bochum.de\\\/veranstaltungen\\\/workshops\\\/journalaehnliche-buecher-buchfoermige-journale\\\/\"]}]},{\"@type\":\"ImageObject\",\"inLanguage\":\"en-GB\",\"@id\":\"https:\\\/\\\/journalliteratur.blogs.ruhr-uni-bochum.de\\\/veranstaltungen\\\/workshops\\\/journalaehnliche-buecher-buchfoermige-journale\\\/#primaryimage\",\"url\":\"https:\\\/\\\/journalliteratur.blogs.ruhr-uni-bochum.de\\\/wp-content\\\/uploads\\\/2018\\\/04\\\/Journal_Plakat_2018_Bochum-Workshop-TP3-4_druck.jpg\",\"contentUrl\":\"https:\\\/\\\/journalliteratur.blogs.ruhr-uni-bochum.de\\\/wp-content\\\/uploads\\\/2018\\\/04\\\/Journal_Plakat_2018_Bochum-Workshop-TP3-4_druck.jpg\",\"width\":2000,\"height\":2825},{\"@type\":\"BreadcrumbList\",\"@id\":\"https:\\\/\\\/journalliteratur.blogs.ruhr-uni-bochum.de\\\/veranstaltungen\\\/workshops\\\/journalaehnliche-buecher-buchfoermige-journale\\\/#breadcrumb\",\"itemListElement\":[{\"@type\":\"ListItem\",\"position\":1,\"name\":\"Startseite\",\"item\":\"https:\\\/\\\/journalliteratur.blogs.ruhr-uni-bochum.de\\\/gb\\\/\"},{\"@type\":\"ListItem\",\"position\":2,\"name\":\"Veranstaltungen\",\"item\":\"https:\\\/\\\/journalliteratur.blogs.ruhr-uni-bochum.de\\\/veranstaltungen\\\/\"},{\"@type\":\"ListItem\",\"position\":3,\"name\":\"Workshops of the first funding period\",\"item\":\"https:\\\/\\\/journalliteratur.blogs.ruhr-uni-bochum.de\\\/gb\\\/veranstaltungen\\\/workshops\\\/\"},{\"@type\":\"ListItem\",\"position\":4,\"name\":\"Journal\u00e4hnliche B\u00fccher, buchf\u00f6rmige Journale\"}]},{\"@type\":\"WebSite\",\"@id\":\"https:\\\/\\\/journalliteratur.blogs.ruhr-uni-bochum.de\\\/gb\\\/#website\",\"url\":\"https:\\\/\\\/journalliteratur.blogs.ruhr-uni-bochum.de\\\/gb\\\/\",\"name\":\"Journalliteratur\",\"description\":\"Formatbedingungen, visuelles Design, Rezeptionskulturen\",\"publisher\":{\"@id\":\"https:\\\/\\\/journalliteratur.blogs.ruhr-uni-bochum.de\\\/gb\\\/#organization\"},\"potentialAction\":[{\"@type\":\"SearchAction\",\"target\":{\"@type\":\"EntryPoint\",\"urlTemplate\":\"https:\\\/\\\/journalliteratur.blogs.ruhr-uni-bochum.de\\\/gb\\\/?s={search_term_string}\"},\"query-input\":{\"@type\":\"PropertyValueSpecification\",\"valueRequired\":true,\"valueName\":\"search_term_string\"}}],\"inLanguage\":\"en-GB\"},{\"@type\":\"Organization\",\"@id\":\"https:\\\/\\\/journalliteratur.blogs.ruhr-uni-bochum.de\\\/gb\\\/#organization\",\"name\":\"DFG-Forschergruppe 2288: Journalliteratur\",\"url\":\"https:\\\/\\\/journalliteratur.blogs.ruhr-uni-bochum.de\\\/gb\\\/\",\"logo\":{\"@type\":\"ImageObject\",\"inLanguage\":\"en-GB\",\"@id\":\"https:\\\/\\\/journalliteratur.blogs.ruhr-uni-bochum.de\\\/gb\\\/#\\\/schema\\\/logo\\\/image\\\/\",\"url\":\"https:\\\/\\\/journalliteratur.blogs.ruhr-uni-bochum.de\\\/wp-content\\\/uploads\\\/2016\\\/08\\\/cropped-fg_journal_logo_blaetter_icon.png\",\"contentUrl\":\"https:\\\/\\\/journalliteratur.blogs.ruhr-uni-bochum.de\\\/wp-content\\\/uploads\\\/2016\\\/08\\\/cropped-fg_journal_logo_blaetter_icon.png\",\"width\":512,\"height\":512,\"caption\":\"DFG-Forschergruppe 2288: Journalliteratur\"},\"image\":{\"@id\":\"https:\\\/\\\/journalliteratur.blogs.ruhr-uni-bochum.de\\\/gb\\\/#\\\/schema\\\/logo\\\/image\\\/\"}}]}<\/script>\n<!-- \/ Yoast SEO plugin. -->","yoast_head_json":{"title":"Journal\u00e4hnliche B\u00fccher, buchf\u00f6rmige Journale - Journalliteratur","robots":{"index":"index","follow":"follow","max-snippet":"max-snippet:-1","max-image-preview":"max-image-preview:large","max-video-preview":"max-video-preview:-1"},"canonical":"https:\/\/journalliteratur.blogs.ruhr-uni-bochum.de\/veranstaltungen\/workshops\/journalaehnliche-buecher-buchfoermige-journale\/","og_locale":"en_GB","og_type":"article","og_title":"Journal\u00e4hnliche B\u00fccher, buchf\u00f6rmige Journale - Journalliteratur","og_url":"https:\/\/journalliteratur.blogs.ruhr-uni-bochum.de\/veranstaltungen\/workshops\/journalaehnliche-buecher-buchfoermige-journale\/","og_site_name":"Journalliteratur","article_modified_time":"2018-04-18T09:10:14+00:00","og_image":[{"width":725,"height":1024,"url":"https:\/\/journalliteratur.blogs.ruhr-uni-bochum.de\/wp-content\/uploads\/2018\/04\/Journal_Plakat_2018_Bochum-Workshop-TP3-4_druck-725x1024.jpg","type":"image\/jpeg"}],"twitter_card":"summary_large_image","twitter_misc":{"Estimated reading time":"3 minutes"},"schema":{"@context":"https:\/\/schema.org","@graph":[{"@type":"WebPage","@id":"https:\/\/journalliteratur.blogs.ruhr-uni-bochum.de\/veranstaltungen\/workshops\/journalaehnliche-buecher-buchfoermige-journale\/","url":"https:\/\/journalliteratur.blogs.ruhr-uni-bochum.de\/veranstaltungen\/workshops\/journalaehnliche-buecher-buchfoermige-journale\/","name":"Journal\u00e4hnliche B\u00fccher, buchf\u00f6rmige Journale - Journalliteratur","isPartOf":{"@id":"https:\/\/journalliteratur.blogs.ruhr-uni-bochum.de\/gb\/#website"},"primaryImageOfPage":{"@id":"https:\/\/journalliteratur.blogs.ruhr-uni-bochum.de\/veranstaltungen\/workshops\/journalaehnliche-buecher-buchfoermige-journale\/#primaryimage"},"image":{"@id":"https:\/\/journalliteratur.blogs.ruhr-uni-bochum.de\/veranstaltungen\/workshops\/journalaehnliche-buecher-buchfoermige-journale\/#primaryimage"},"thumbnailUrl":"https:\/\/journalliteratur.blogs.ruhr-uni-bochum.de\/wp-content\/uploads\/2018\/04\/Journal_Plakat_2018_Bochum-Workshop-TP3-4_druck.jpg","datePublished":"2018-04-11T09:53:20+00:00","dateModified":"2018-04-18T09:10:14+00:00","breadcrumb":{"@id":"https:\/\/journalliteratur.blogs.ruhr-uni-bochum.de\/veranstaltungen\/workshops\/journalaehnliche-buecher-buchfoermige-journale\/#breadcrumb"},"inLanguage":"en-GB","potentialAction":[{"@type":"ReadAction","target":["https:\/\/journalliteratur.blogs.ruhr-uni-bochum.de\/veranstaltungen\/workshops\/journalaehnliche-buecher-buchfoermige-journale\/"]}]},{"@type":"ImageObject","inLanguage":"en-GB","@id":"https:\/\/journalliteratur.blogs.ruhr-uni-bochum.de\/veranstaltungen\/workshops\/journalaehnliche-buecher-buchfoermige-journale\/#primaryimage","url":"https:\/\/journalliteratur.blogs.ruhr-uni-bochum.de\/wp-content\/uploads\/2018\/04\/Journal_Plakat_2018_Bochum-Workshop-TP3-4_druck.jpg","contentUrl":"https:\/\/journalliteratur.blogs.ruhr-uni-bochum.de\/wp-content\/uploads\/2018\/04\/Journal_Plakat_2018_Bochum-Workshop-TP3-4_druck.jpg","width":2000,"height":2825},{"@type":"BreadcrumbList","@id":"https:\/\/journalliteratur.blogs.ruhr-uni-bochum.de\/veranstaltungen\/workshops\/journalaehnliche-buecher-buchfoermige-journale\/#breadcrumb","itemListElement":[{"@type":"ListItem","position":1,"name":"Startseite","item":"https:\/\/journalliteratur.blogs.ruhr-uni-bochum.de\/gb\/"},{"@type":"ListItem","position":2,"name":"Veranstaltungen","item":"https:\/\/journalliteratur.blogs.ruhr-uni-bochum.de\/veranstaltungen\/"},{"@type":"ListItem","position":3,"name":"Workshops of the first funding period","item":"https:\/\/journalliteratur.blogs.ruhr-uni-bochum.de\/gb\/veranstaltungen\/workshops\/"},{"@type":"ListItem","position":4,"name":"Journal\u00e4hnliche B\u00fccher, buchf\u00f6rmige Journale"}]},{"@type":"WebSite","@id":"https:\/\/journalliteratur.blogs.ruhr-uni-bochum.de\/gb\/#website","url":"https:\/\/journalliteratur.blogs.ruhr-uni-bochum.de\/gb\/","name":"Journalliteratur","description":"Formatbedingungen, visuelles Design, Rezeptionskulturen","publisher":{"@id":"https:\/\/journalliteratur.blogs.ruhr-uni-bochum.de\/gb\/#organization"},"potentialAction":[{"@type":"SearchAction","target":{"@type":"EntryPoint","urlTemplate":"https:\/\/journalliteratur.blogs.ruhr-uni-bochum.de\/gb\/?s={search_term_string}"},"query-input":{"@type":"PropertyValueSpecification","valueRequired":true,"valueName":"search_term_string"}}],"inLanguage":"en-GB"},{"@type":"Organization","@id":"https:\/\/journalliteratur.blogs.ruhr-uni-bochum.de\/gb\/#organization","name":"DFG-Forschergruppe 2288: Journalliteratur","url":"https:\/\/journalliteratur.blogs.ruhr-uni-bochum.de\/gb\/","logo":{"@type":"ImageObject","inLanguage":"en-GB","@id":"https:\/\/journalliteratur.blogs.ruhr-uni-bochum.de\/gb\/#\/schema\/logo\/image\/","url":"https:\/\/journalliteratur.blogs.ruhr-uni-bochum.de\/wp-content\/uploads\/2016\/08\/cropped-fg_journal_logo_blaetter_icon.png","contentUrl":"https:\/\/journalliteratur.blogs.ruhr-uni-bochum.de\/wp-content\/uploads\/2016\/08\/cropped-fg_journal_logo_blaetter_icon.png","width":512,"height":512,"caption":"DFG-Forschergruppe 2288: Journalliteratur"},"image":{"@id":"https:\/\/journalliteratur.blogs.ruhr-uni-bochum.de\/gb\/#\/schema\/logo\/image\/"}}]}},"_links":{"self":[{"href":"https:\/\/journalliteratur.blogs.ruhr-uni-bochum.de\/gb\/wp-json\/wp\/v2\/pages\/1440","targetHints":{"allow":["GET"]}}],"collection":[{"href":"https:\/\/journalliteratur.blogs.ruhr-uni-bochum.de\/gb\/wp-json\/wp\/v2\/pages"}],"about":[{"href":"https:\/\/journalliteratur.blogs.ruhr-uni-bochum.de\/gb\/wp-json\/wp\/v2\/types\/page"}],"author":[{"embeddable":true,"href":"https:\/\/journalliteratur.blogs.ruhr-uni-bochum.de\/gb\/wp-json\/wp\/v2\/users\/8"}],"replies":[{"embeddable":true,"href":"https:\/\/journalliteratur.blogs.ruhr-uni-bochum.de\/gb\/wp-json\/wp\/v2\/comments?post=1440"}],"version-history":[{"count":12,"href":"https:\/\/journalliteratur.blogs.ruhr-uni-bochum.de\/gb\/wp-json\/wp\/v2\/pages\/1440\/revisions"}],"predecessor-version":[{"id":2893,"href":"https:\/\/journalliteratur.blogs.ruhr-uni-bochum.de\/gb\/wp-json\/wp\/v2\/pages\/1440\/revisions\/2893"}],"up":[{"embeddable":true,"href":"https:\/\/journalliteratur.blogs.ruhr-uni-bochum.de\/gb\/wp-json\/wp\/v2\/pages\/502"}],"wp:featuredmedia":[{"embeddable":true,"href":"https:\/\/journalliteratur.blogs.ruhr-uni-bochum.de\/gb\/wp-json\/wp\/v2\/media\/1441"}],"wp:attachment":[{"href":"https:\/\/journalliteratur.blogs.ruhr-uni-bochum.de\/gb\/wp-json\/wp\/v2\/media?parent=1440"}],"curies":[{"name":"wp","href":"https:\/\/api.w.org\/{rel}","templated":true}]}}