{"id":1402,"date":"2018-04-10T14:24:41","date_gmt":"2018-04-10T12:24:41","guid":{"rendered":"https:\/\/journalliteratur.blogs.ruhr-uni-bochum.de\/?page_id=1402"},"modified":"2018-10-24T14:47:12","modified_gmt":"2018-10-24T12:47:12","slug":"metaisierungsformen-in-der-journalliteratur","status":"publish","type":"page","link":"https:\/\/journalliteratur.blogs.ruhr-uni-bochum.de\/gb\/veranstaltungen\/workshops\/metaisierungsformen-in-der-journalliteratur\/","title":{"rendered":"Metaisierungsformen in der Journalliteratur"},"content":{"rendered":"<h3><a href=\"https:\/\/journalliteratur.blogs.ruhr-uni-bochum.de\/event\/metaisierungsformen-in-der-journalliteratur\/\">24.-25. Juli 2018 | Universit\u00e4t zu K\u00f6ln<\/a><\/h3>\n<h5>Veranstaltet von den Teilprojekten 1, 3 und 6 der DFG-Forschergruppe 2288 \u00bbJournalliteratur: Formatbedingungen, visuelles Design, Rezeptionskulturen\u00ab<\/h5>\n<p><a href=\"https:\/\/journalliteratur.blogs.ruhr-uni-bochum.de\/wp-content\/uploads\/2018\/07\/Journal_Plakat_2018_Metaisierungsformen_FINAL_small.jpg\"><img loading=\"lazy\" decoding=\"async\" class=\"alignleft wp-image-1607 size-medium\" src=\"https:\/\/journalliteratur.blogs.ruhr-uni-bochum.de\/wp-content\/uploads\/2018\/07\/Journal_Plakat_2018_Metaisierungsformen_FINAL_small-212x300.jpg\" alt=\"\" width=\"212\" height=\"300\" srcset=\"https:\/\/journalliteratur.blogs.ruhr-uni-bochum.de\/wp-content\/uploads\/2018\/07\/Journal_Plakat_2018_Metaisierungsformen_FINAL_small-212x300.jpg 212w, https:\/\/journalliteratur.blogs.ruhr-uni-bochum.de\/wp-content\/uploads\/2018\/07\/Journal_Plakat_2018_Metaisierungsformen_FINAL_small-768x1086.jpg 768w, https:\/\/journalliteratur.blogs.ruhr-uni-bochum.de\/wp-content\/uploads\/2018\/07\/Journal_Plakat_2018_Metaisierungsformen_FINAL_small-724x1024.jpg 724w, https:\/\/journalliteratur.blogs.ruhr-uni-bochum.de\/wp-content\/uploads\/2018\/07\/Journal_Plakat_2018_Metaisierungsformen_FINAL_small.jpg 2000w\" sizes=\"auto, (max-width: 212px) 100vw, 212px\" \/><\/a>Unterschiedliche Medienformate bringen unterschiedliche Rezeptionsweisen und Lekt\u00fcren des (vermeintlich) selben Textes, sei es Wort- oder Bildbeitrag, hervor. Doch auch die Wortbeitr\u00e4ge und Bilder selbst sind ihrem Publikationsmedium gegen\u00fcber nicht gleichg\u00fcltig, sondern reflektieren dessen Spezifika. Sie beziehen beispielsweise diskursiv oder performativ Stellung zu den Formatbedingungen des Journals \u2013 Paratextualit\u00e4t, Periodizit\u00e4t, Sequentialit\u00e4t, Serialit\u00e4t, etc. \u2013, auch das (Druck-)Material selbst, seine Zurichtung und Gestaltung kann Gegenstand sowie Ausdruck medienformatspezifischer Reflexion sein.<span class=\"Apple-converted-space\">\u00a0<\/span><\/p>\n<p>Im Workshop \u00bbMetaisierungsformen in der Journalliteratur\u00ab sollen verschiedene Formen journalliterarischer Reflexivit\u00e4t beschrieben, diskutiert und auf ihre Funktion(en) hin befragt werden. Es wird also entsprechend auch zu fragen sein, welche Kategorien der \u00bbSelbstthematisierung\u00ab (von Graevenitz) sich unterscheiden lassen: wie sich also beispielsweise editoriale und nicht-editoriale, explizite und implizite oder auch skripturale, piktorale und peritextuelle Kommentare und Reflexionen zueinander verhalten, und ob bzw. wie sich solche Kategorien auf verschiedene Zeitschriftengenres (wie Familienzeitschrift vs. Tageszeitung) einerseits oder auch einzelne spezielle Formate (man denke an Stifters Unterscheidung von Gartenlaube- und Rundschautexten) andererseits beziehen lassen.<span class=\"Apple-converted-space\">\u00a0<\/span><\/p>\n<p>Erw\u00fcnscht sind einerseits Fallstudien aus der Journalliteratur des \u203alangen\u2039 19. Jahrhunderts (ggf. in Relation zur \u203aBuchliteratur\u2039 oder Zwischenformen), andererseits systematisch ausgerichtete Beitr\u00e4ge mit Relevanz (auch) f\u00fcr die Journalliteratur des 19. Jahrhunderts. Angestrebt wird ein Mix aus verschiedenen Arbeits- und Pr\u00e4sentationsformen, der Vortr\u00e4ge und Einblicke in <i>work in progress<\/i> ebenso vorsieht, wie die gemeinsame, angeleitete Arbeit an einschl\u00e4gigem Material und die Diskussion mit ExpertInnen.<span class=\"Apple-converted-space\">\u00a0<\/span><\/p>\n<p>Der Workshop wird von der Forschergruppe Journalliteratur veranstaltet, versteht sich aber als offenes Diskussionsforum, das allen zeitschriftenaffinen Forscherinnen und Forschern offensteht. Da die Teilnehmerzahl begrenzt ist, wird allerdings um vorherige <strong>Anmeldung<\/strong> <strong>bis zum 10.07.2018<\/strong>\u00a0an Sabine Wirth (<a href=\"mailto:journale@staff.uni-marburg.de\">journale(at)staff.uni-marburg.de<\/a>) gebeten.<\/p>\n<h3><span style=\"color: #000000;\">Veranstaltungsorte<\/span><\/h3>\n<p><strong><span style=\"color: #808080;\">Workshop<\/span><\/strong>\u00a0 \u00a0 \u00a0 \u00a0 \u00a0 \u00a0 \u00a0 \u00a0 \u00a0 \u00a0 \u00a0 \u00a0 \u00a0 \u00a0 \u00a0 \u00a0 \u00a0 \u00a0 \u00a0 \u00a0 \u00a0 \u00a0 \u00a0 \u00a0 \u00a0 \u00a0 \u00a0 \u00a0 \u00a0 <span style=\"color: #808080;\"><strong>Abendvortrag<\/strong><\/span><\/p>\n<p><a href=\"https:\/\/journalliteratur.blogs.ruhr-uni-bochum.de\/event\/metaisierungsformen-in-der-journalliteratur\/\">Neues Seminargeb\u00e4ude, Raum S 14<\/a>\u00a0 \u00a0 \u00a0 \u00a0 \u00a0 \u00a0 \u00a0 \u00a0C\u00f6ln Comic Haus<br \/>\nUniversit\u00e4tsstra\u00dfe 37 \u00a0 \u00a0 \u00a0 \u00a0 \u00a0 \u00a0 \u00a0 \u00a0 \u00a0 \u00a0 \u00a0 \u00a0 \u00a0 \u00a0 \u00a0 \u00a0 \u00a0 \u00a0 \u00a0 \u00a0 Bonner Stra\u00dfe 9<br \/>\n50931 K\u00f6ln \u00a0 \u00a0 \u00a0 \u00a0 \u00a0 \u00a0 \u00a0 \u00a0 \u00a0 \u00a0 \u00a0 \u00a0 \u00a0 \u00a0 \u00a0 \u00a0 \u00a0 \u00a0 \u00a0 \u00a0 \u00a0 \u00a0 \u00a0 \u00a0 \u00a0 \u00a0 \u00a0 \u00a0 \u00a0 50677 K\u00f6ln<\/p>\n<h3><span style=\"color: #000000;\">Programm (<a href=\"https:\/\/journalliteratur.blogs.ruhr-uni-bochum.de\/wp-content\/uploads\/2018\/07\/Journal_Programm_2018_Metaisierungsformen_FINAL_small.pdf\">Programmflyer als PDF<\/a>)<\/span><\/h3>\n<table style=\"height: 1434px;\" width=\"574\">\n<tbody>\n<tr>\n<td style=\"text-align: left;\">\n<h4><strong>Dienstag,\u00a0<\/strong><strong>24.07.18<\/strong><\/h4>\n<\/td>\n<td style=\"text-align: left;\"><\/td>\n<\/tr>\n<tr>\n<td style=\"text-align: left;\">14:00-14:15<\/td>\n<td style=\"text-align: left;\">Begr\u00fc\u00dfung und allgemeine Einf\u00fchrung<\/td>\n<\/tr>\n<tr>\n<td style=\"text-align: left;\"><\/td>\n<td style=\"text-align: left;\"><span style=\"color: #999999;\"><strong>Sektion 1<\/strong><\/span><\/td>\n<\/tr>\n<tr>\n<td>14:15-14:30<\/td>\n<td>Einf\u00fchrung (Daniela Gretz, TP 1)<\/td>\n<\/tr>\n<tr>\n<td>14:30-15:30<\/td>\n<td><span style=\"color: #808080;\">Gustav Frank (M\u00fcnchen)<\/span><br \/>\nRahmen: Die Metaisierung von Werk und Wissen durch Gestaltung<span class=\"Apple-converted-space\">\u00a0<\/span><\/td>\n<\/tr>\n<tr>\n<td><\/td>\n<td><em>Kaffeepause<\/em><\/td>\n<\/tr>\n<tr>\n<td>16:00-17:00<\/td>\n<td><span style=\"color: #808080;\">Christiane Arndt (Kingston)<\/span><br \/>\nVerbreitung von Information\/Ausbreitung der Pr\u00e4vention? Impfkampagnen und Impfgegnerschaft im Journal (und in anderen Medien) des 19. Jahrhunderts<span class=\"Apple-converted-space\">\u00a0<\/span><\/td>\n<\/tr>\n<tr>\n<td>17:00-18:00<\/td>\n<td><span style=\"color: #808080;\">Natalia Igl (Bayreuth)<\/span><br \/>\nDie Zeitschrift in der Zeitschrift. Textuelle und visuelle Metaisierungen in der <i>Jugend. M\u00fcnchner illustrierte Wochenschrift f\u00fcr Kunst und Leben<span class=\"Apple-converted-space\">\u00a0<\/span><\/i><\/td>\n<\/tr>\n<tr>\n<td><\/td>\n<td><em>Kaffeepause<\/em><\/td>\n<\/tr>\n<tr>\n<td><\/td>\n<td><strong style=\"color: #999999; font-family: inherit; font-size: inherit;\">Abendvortrag<\/strong><\/td>\n<\/tr>\n<tr>\n<td>19:00-19:15<\/td>\n<td>Einf\u00fchrung (Christian Bachmann, TP 6)<\/td>\n<\/tr>\n<tr>\n<td>19:15-20:30<\/td>\n<td><span style=\"color: #808080;\">R\u00fcdiger Singer (Minneapolis)<\/span><br \/>\n\u201eIn genialer Verkleidung\u201c: <i>Nick Knatterton <\/i>und die Traditionen serialisierter Kriminalgeschichten<span class=\"Apple-converted-space\">\u00a0<\/span><\/td>\n<\/tr>\n<tr>\n<td><\/td>\n<td><em>Gemeinsames Abendessen<\/em><\/td>\n<\/tr>\n<tr>\n<td>\n<h4><strong>Mittwoch,\u00a0<\/strong><strong>25.07.18<\/strong><\/h4>\n<\/td>\n<td><span style=\"color: #000000;\">\u00a0<\/span><\/td>\n<\/tr>\n<tr>\n<td><\/td>\n<td><span style=\"color: #999999;\"><strong>Sektion 2<\/strong><\/span><\/td>\n<\/tr>\n<tr>\n<td>10:00-10:15<\/td>\n<td>Einf\u00fchrung (Stephanie Glei\u00dfner, TP 3)<\/td>\n<\/tr>\n<tr>\n<td>10:15-11:15<\/td>\n<td><span style=\"color: #808080;\">Madleen Podewski (Berlin)<\/span><br \/>\nSich ein- oder anpassen, mitarbeiten und\/oder reflektieren? Was macht Literatur in <i>der Gartenlaube. Illustrirtes Familienblatt<\/i>?<span class=\"Apple-converted-space\">\u00a0<\/span><\/td>\n<\/tr>\n<tr>\n<td><\/td>\n<td><em>Kaffeepause<\/em><\/td>\n<\/tr>\n<tr>\n<td>11:45-12:45<\/td>\n<td>\n<p style=\"text-align: left;\"><span style=\"color: #808080;\">Claudia Stockinger (Berlin) \u00a0 \u00a0 \u00a0 \u00a0 \u00a0 \u00a0 \u00a0 \u00a0<\/span><\/p>\n<p style=\"text-align: left;\">Metaisierungsformen im Familienblatt-Format<span class=\"Apple-converted-space\">\u00a0<\/span><\/p>\n<\/td>\n<\/tr>\n<\/tbody>\n<\/table>\n<p><\/p>\n","protected":false},"excerpt":{"rendered":"<p>24.-25. Juli 2018 | Universit\u00e4t zu K\u00f6ln Veranstaltet von den Teilprojekten 1, 3 und 6 der DFG-Forschergruppe 2288 \u00bbJournalliteratur: Formatbedingungen, visuelles Design, Rezeptionskulturen\u00ab Unterschiedliche<\/p>\n","protected":false},"author":20,"featured_media":0,"parent":502,"menu_order":0,"comment_status":"closed","ping_status":"closed","template":"","meta":{"footnotes":""},"class_list":["post-1402","page","type-page","status-publish","hentry"],"translation":{"provider":"WPGlobus","version":"3.0.2","language":"gb","enabled_languages":["de","gb"],"languages":{"de":{"title":true,"content":true,"excerpt":false},"gb":{"title":false,"content":false,"excerpt":false}}},"yoast_head":"<!-- This site is optimized with the Yoast SEO plugin v27.3 - https:\/\/yoast.com\/product\/yoast-seo-wordpress\/ -->\n<title>Metaisierungsformen in der Journalliteratur - Journalliteratur<\/title>\n<meta name=\"robots\" content=\"index, follow, max-snippet:-1, max-image-preview:large, max-video-preview:-1\" \/>\n<link rel=\"canonical\" href=\"https:\/\/journalliteratur.blogs.ruhr-uni-bochum.de\/veranstaltungen\/workshops\/metaisierungsformen-in-der-journalliteratur\/\" \/>\n<meta property=\"og:locale\" content=\"en_GB\" \/>\n<meta property=\"og:type\" content=\"article\" \/>\n<meta property=\"og:title\" content=\"Metaisierungsformen in der Journalliteratur - Journalliteratur\" \/>\n<meta property=\"og:url\" content=\"https:\/\/journalliteratur.blogs.ruhr-uni-bochum.de\/veranstaltungen\/workshops\/metaisierungsformen-in-der-journalliteratur\/\" \/>\n<meta property=\"og:site_name\" content=\"Journalliteratur\" \/>\n<meta property=\"article:modified_time\" content=\"2018-10-24T12:47:12+00:00\" \/>\n<meta property=\"og:image\" content=\"https:\/\/journalliteratur.blogs.ruhr-uni-bochum.de\/wp-content\/uploads\/2018\/07\/Journal_Plakat_2018_Metaisierungsformen_FINAL_small-212x300.jpg\" \/>\n<meta name=\"twitter:card\" content=\"summary_large_image\" \/>\n<meta name=\"twitter:label1\" content=\"Estimated reading time\" \/>\n\t<meta name=\"twitter:data1\" content=\"2 minutes\" \/>\n<script type=\"application\/ld+json\" class=\"yoast-schema-graph\">{\"@context\":\"https:\\\/\\\/schema.org\",\"@graph\":[{\"@type\":\"WebPage\",\"@id\":\"https:\\\/\\\/journalliteratur.blogs.ruhr-uni-bochum.de\\\/veranstaltungen\\\/workshops\\\/metaisierungsformen-in-der-journalliteratur\\\/\",\"url\":\"https:\\\/\\\/journalliteratur.blogs.ruhr-uni-bochum.de\\\/veranstaltungen\\\/workshops\\\/metaisierungsformen-in-der-journalliteratur\\\/\",\"name\":\"Metaisierungsformen in der Journalliteratur - Journalliteratur\",\"isPartOf\":{\"@id\":\"https:\\\/\\\/journalliteratur.blogs.ruhr-uni-bochum.de\\\/gb\\\/#website\"},\"primaryImageOfPage\":{\"@id\":\"https:\\\/\\\/journalliteratur.blogs.ruhr-uni-bochum.de\\\/veranstaltungen\\\/workshops\\\/metaisierungsformen-in-der-journalliteratur\\\/#primaryimage\"},\"image\":{\"@id\":\"https:\\\/\\\/journalliteratur.blogs.ruhr-uni-bochum.de\\\/veranstaltungen\\\/workshops\\\/metaisierungsformen-in-der-journalliteratur\\\/#primaryimage\"},\"thumbnailUrl\":\"https:\\\/\\\/journalliteratur.blogs.ruhr-uni-bochum.de\\\/wp-content\\\/uploads\\\/2018\\\/07\\\/Journal_Plakat_2018_Metaisierungsformen_FINAL_small-212x300.jpg\",\"datePublished\":\"2018-04-10T12:24:41+00:00\",\"dateModified\":\"2018-10-24T12:47:12+00:00\",\"breadcrumb\":{\"@id\":\"https:\\\/\\\/journalliteratur.blogs.ruhr-uni-bochum.de\\\/veranstaltungen\\\/workshops\\\/metaisierungsformen-in-der-journalliteratur\\\/#breadcrumb\"},\"inLanguage\":\"en-GB\",\"potentialAction\":[{\"@type\":\"ReadAction\",\"target\":[\"https:\\\/\\\/journalliteratur.blogs.ruhr-uni-bochum.de\\\/veranstaltungen\\\/workshops\\\/metaisierungsformen-in-der-journalliteratur\\\/\"]}]},{\"@type\":\"ImageObject\",\"inLanguage\":\"en-GB\",\"@id\":\"https:\\\/\\\/journalliteratur.blogs.ruhr-uni-bochum.de\\\/veranstaltungen\\\/workshops\\\/metaisierungsformen-in-der-journalliteratur\\\/#primaryimage\",\"url\":\"https:\\\/\\\/journalliteratur.blogs.ruhr-uni-bochum.de\\\/wp-content\\\/uploads\\\/2018\\\/07\\\/Journal_Plakat_2018_Metaisierungsformen_FINAL_small-212x300.jpg\",\"contentUrl\":\"https:\\\/\\\/journalliteratur.blogs.ruhr-uni-bochum.de\\\/wp-content\\\/uploads\\\/2018\\\/07\\\/Journal_Plakat_2018_Metaisierungsformen_FINAL_small-212x300.jpg\"},{\"@type\":\"BreadcrumbList\",\"@id\":\"https:\\\/\\\/journalliteratur.blogs.ruhr-uni-bochum.de\\\/veranstaltungen\\\/workshops\\\/metaisierungsformen-in-der-journalliteratur\\\/#breadcrumb\",\"itemListElement\":[{\"@type\":\"ListItem\",\"position\":1,\"name\":\"Startseite\",\"item\":\"https:\\\/\\\/journalliteratur.blogs.ruhr-uni-bochum.de\\\/gb\\\/\"},{\"@type\":\"ListItem\",\"position\":2,\"name\":\"Veranstaltungen\",\"item\":\"https:\\\/\\\/journalliteratur.blogs.ruhr-uni-bochum.de\\\/veranstaltungen\\\/\"},{\"@type\":\"ListItem\",\"position\":3,\"name\":\"Workshops of the first funding period\",\"item\":\"https:\\\/\\\/journalliteratur.blogs.ruhr-uni-bochum.de\\\/gb\\\/veranstaltungen\\\/workshops\\\/\"},{\"@type\":\"ListItem\",\"position\":4,\"name\":\"Metaisierungsformen in der Journalliteratur\"}]},{\"@type\":\"WebSite\",\"@id\":\"https:\\\/\\\/journalliteratur.blogs.ruhr-uni-bochum.de\\\/gb\\\/#website\",\"url\":\"https:\\\/\\\/journalliteratur.blogs.ruhr-uni-bochum.de\\\/gb\\\/\",\"name\":\"Journalliteratur\",\"description\":\"Formatbedingungen, visuelles Design, Rezeptionskulturen\",\"publisher\":{\"@id\":\"https:\\\/\\\/journalliteratur.blogs.ruhr-uni-bochum.de\\\/gb\\\/#organization\"},\"potentialAction\":[{\"@type\":\"SearchAction\",\"target\":{\"@type\":\"EntryPoint\",\"urlTemplate\":\"https:\\\/\\\/journalliteratur.blogs.ruhr-uni-bochum.de\\\/gb\\\/?s={search_term_string}\"},\"query-input\":{\"@type\":\"PropertyValueSpecification\",\"valueRequired\":true,\"valueName\":\"search_term_string\"}}],\"inLanguage\":\"en-GB\"},{\"@type\":\"Organization\",\"@id\":\"https:\\\/\\\/journalliteratur.blogs.ruhr-uni-bochum.de\\\/gb\\\/#organization\",\"name\":\"DFG-Forschergruppe 2288: Journalliteratur\",\"url\":\"https:\\\/\\\/journalliteratur.blogs.ruhr-uni-bochum.de\\\/gb\\\/\",\"logo\":{\"@type\":\"ImageObject\",\"inLanguage\":\"en-GB\",\"@id\":\"https:\\\/\\\/journalliteratur.blogs.ruhr-uni-bochum.de\\\/gb\\\/#\\\/schema\\\/logo\\\/image\\\/\",\"url\":\"https:\\\/\\\/journalliteratur.blogs.ruhr-uni-bochum.de\\\/wp-content\\\/uploads\\\/2016\\\/08\\\/cropped-fg_journal_logo_blaetter_icon.png\",\"contentUrl\":\"https:\\\/\\\/journalliteratur.blogs.ruhr-uni-bochum.de\\\/wp-content\\\/uploads\\\/2016\\\/08\\\/cropped-fg_journal_logo_blaetter_icon.png\",\"width\":512,\"height\":512,\"caption\":\"DFG-Forschergruppe 2288: Journalliteratur\"},\"image\":{\"@id\":\"https:\\\/\\\/journalliteratur.blogs.ruhr-uni-bochum.de\\\/gb\\\/#\\\/schema\\\/logo\\\/image\\\/\"}}]}<\/script>\n<!-- \/ Yoast SEO plugin. -->","yoast_head_json":{"title":"Metaisierungsformen in der Journalliteratur - Journalliteratur","robots":{"index":"index","follow":"follow","max-snippet":"max-snippet:-1","max-image-preview":"max-image-preview:large","max-video-preview":"max-video-preview:-1"},"canonical":"https:\/\/journalliteratur.blogs.ruhr-uni-bochum.de\/veranstaltungen\/workshops\/metaisierungsformen-in-der-journalliteratur\/","og_locale":"en_GB","og_type":"article","og_title":"Metaisierungsformen in der Journalliteratur - Journalliteratur","og_url":"https:\/\/journalliteratur.blogs.ruhr-uni-bochum.de\/veranstaltungen\/workshops\/metaisierungsformen-in-der-journalliteratur\/","og_site_name":"Journalliteratur","article_modified_time":"2018-10-24T12:47:12+00:00","og_image":[{"url":"https:\/\/journalliteratur.blogs.ruhr-uni-bochum.de\/wp-content\/uploads\/2018\/07\/Journal_Plakat_2018_Metaisierungsformen_FINAL_small-212x300.jpg","type":"","width":"","height":""}],"twitter_card":"summary_large_image","twitter_misc":{"Estimated reading time":"2 minutes"},"schema":{"@context":"https:\/\/schema.org","@graph":[{"@type":"WebPage","@id":"https:\/\/journalliteratur.blogs.ruhr-uni-bochum.de\/veranstaltungen\/workshops\/metaisierungsformen-in-der-journalliteratur\/","url":"https:\/\/journalliteratur.blogs.ruhr-uni-bochum.de\/veranstaltungen\/workshops\/metaisierungsformen-in-der-journalliteratur\/","name":"Metaisierungsformen in der Journalliteratur - Journalliteratur","isPartOf":{"@id":"https:\/\/journalliteratur.blogs.ruhr-uni-bochum.de\/gb\/#website"},"primaryImageOfPage":{"@id":"https:\/\/journalliteratur.blogs.ruhr-uni-bochum.de\/veranstaltungen\/workshops\/metaisierungsformen-in-der-journalliteratur\/#primaryimage"},"image":{"@id":"https:\/\/journalliteratur.blogs.ruhr-uni-bochum.de\/veranstaltungen\/workshops\/metaisierungsformen-in-der-journalliteratur\/#primaryimage"},"thumbnailUrl":"https:\/\/journalliteratur.blogs.ruhr-uni-bochum.de\/wp-content\/uploads\/2018\/07\/Journal_Plakat_2018_Metaisierungsformen_FINAL_small-212x300.jpg","datePublished":"2018-04-10T12:24:41+00:00","dateModified":"2018-10-24T12:47:12+00:00","breadcrumb":{"@id":"https:\/\/journalliteratur.blogs.ruhr-uni-bochum.de\/veranstaltungen\/workshops\/metaisierungsformen-in-der-journalliteratur\/#breadcrumb"},"inLanguage":"en-GB","potentialAction":[{"@type":"ReadAction","target":["https:\/\/journalliteratur.blogs.ruhr-uni-bochum.de\/veranstaltungen\/workshops\/metaisierungsformen-in-der-journalliteratur\/"]}]},{"@type":"ImageObject","inLanguage":"en-GB","@id":"https:\/\/journalliteratur.blogs.ruhr-uni-bochum.de\/veranstaltungen\/workshops\/metaisierungsformen-in-der-journalliteratur\/#primaryimage","url":"https:\/\/journalliteratur.blogs.ruhr-uni-bochum.de\/wp-content\/uploads\/2018\/07\/Journal_Plakat_2018_Metaisierungsformen_FINAL_small-212x300.jpg","contentUrl":"https:\/\/journalliteratur.blogs.ruhr-uni-bochum.de\/wp-content\/uploads\/2018\/07\/Journal_Plakat_2018_Metaisierungsformen_FINAL_small-212x300.jpg"},{"@type":"BreadcrumbList","@id":"https:\/\/journalliteratur.blogs.ruhr-uni-bochum.de\/veranstaltungen\/workshops\/metaisierungsformen-in-der-journalliteratur\/#breadcrumb","itemListElement":[{"@type":"ListItem","position":1,"name":"Startseite","item":"https:\/\/journalliteratur.blogs.ruhr-uni-bochum.de\/gb\/"},{"@type":"ListItem","position":2,"name":"Veranstaltungen","item":"https:\/\/journalliteratur.blogs.ruhr-uni-bochum.de\/veranstaltungen\/"},{"@type":"ListItem","position":3,"name":"Workshops of the first funding period","item":"https:\/\/journalliteratur.blogs.ruhr-uni-bochum.de\/gb\/veranstaltungen\/workshops\/"},{"@type":"ListItem","position":4,"name":"Metaisierungsformen in der Journalliteratur"}]},{"@type":"WebSite","@id":"https:\/\/journalliteratur.blogs.ruhr-uni-bochum.de\/gb\/#website","url":"https:\/\/journalliteratur.blogs.ruhr-uni-bochum.de\/gb\/","name":"Journalliteratur","description":"Formatbedingungen, visuelles Design, Rezeptionskulturen","publisher":{"@id":"https:\/\/journalliteratur.blogs.ruhr-uni-bochum.de\/gb\/#organization"},"potentialAction":[{"@type":"SearchAction","target":{"@type":"EntryPoint","urlTemplate":"https:\/\/journalliteratur.blogs.ruhr-uni-bochum.de\/gb\/?s={search_term_string}"},"query-input":{"@type":"PropertyValueSpecification","valueRequired":true,"valueName":"search_term_string"}}],"inLanguage":"en-GB"},{"@type":"Organization","@id":"https:\/\/journalliteratur.blogs.ruhr-uni-bochum.de\/gb\/#organization","name":"DFG-Forschergruppe 2288: Journalliteratur","url":"https:\/\/journalliteratur.blogs.ruhr-uni-bochum.de\/gb\/","logo":{"@type":"ImageObject","inLanguage":"en-GB","@id":"https:\/\/journalliteratur.blogs.ruhr-uni-bochum.de\/gb\/#\/schema\/logo\/image\/","url":"https:\/\/journalliteratur.blogs.ruhr-uni-bochum.de\/wp-content\/uploads\/2016\/08\/cropped-fg_journal_logo_blaetter_icon.png","contentUrl":"https:\/\/journalliteratur.blogs.ruhr-uni-bochum.de\/wp-content\/uploads\/2016\/08\/cropped-fg_journal_logo_blaetter_icon.png","width":512,"height":512,"caption":"DFG-Forschergruppe 2288: Journalliteratur"},"image":{"@id":"https:\/\/journalliteratur.blogs.ruhr-uni-bochum.de\/gb\/#\/schema\/logo\/image\/"}}]}},"_links":{"self":[{"href":"https:\/\/journalliteratur.blogs.ruhr-uni-bochum.de\/gb\/wp-json\/wp\/v2\/pages\/1402","targetHints":{"allow":["GET"]}}],"collection":[{"href":"https:\/\/journalliteratur.blogs.ruhr-uni-bochum.de\/gb\/wp-json\/wp\/v2\/pages"}],"about":[{"href":"https:\/\/journalliteratur.blogs.ruhr-uni-bochum.de\/gb\/wp-json\/wp\/v2\/types\/page"}],"author":[{"embeddable":true,"href":"https:\/\/journalliteratur.blogs.ruhr-uni-bochum.de\/gb\/wp-json\/wp\/v2\/users\/20"}],"replies":[{"embeddable":true,"href":"https:\/\/journalliteratur.blogs.ruhr-uni-bochum.de\/gb\/wp-json\/wp\/v2\/comments?post=1402"}],"version-history":[{"count":19,"href":"https:\/\/journalliteratur.blogs.ruhr-uni-bochum.de\/gb\/wp-json\/wp\/v2\/pages\/1402\/revisions"}],"predecessor-version":[{"id":1859,"href":"https:\/\/journalliteratur.blogs.ruhr-uni-bochum.de\/gb\/wp-json\/wp\/v2\/pages\/1402\/revisions\/1859"}],"up":[{"embeddable":true,"href":"https:\/\/journalliteratur.blogs.ruhr-uni-bochum.de\/gb\/wp-json\/wp\/v2\/pages\/502"}],"wp:attachment":[{"href":"https:\/\/journalliteratur.blogs.ruhr-uni-bochum.de\/gb\/wp-json\/wp\/v2\/media?parent=1402"}],"curies":[{"name":"wp","href":"https:\/\/api.w.org\/{rel}","templated":true}]}}