{"id":1120,"date":"2017-07-31T13:47:42","date_gmt":"2017-07-31T11:47:42","guid":{"rendered":"https:\/\/journalliteratur.blogs.ruhr-uni-bochum.de\/?page_id=1120"},"modified":"2017-07-31T13:47:42","modified_gmt":"2017-07-31T11:47:42","slug":"tom-gretton-university-college-london","status":"publish","type":"page","link":"https:\/\/journalliteratur.blogs.ruhr-uni-bochum.de\/gb\/ueber-die-forschergruppe\/kooperationen\/tom-gretton-university-college-london\/","title":{"rendered":"Tom Gretton (University College London)"},"content":{"rendered":"<p>Tom Gretton wird sich als Gast von Teilprojekt 5 vom 08. Mai bis zum 26. Mai 2017 in Marburg aufhalten.<\/p>\n<p>Den Besuch von Tom Gretton wird insbesondere das Teilprojekt 5 \u00bbFragmentkonstellationen\u00ab dazu nutzen, die Stellung der Fotografie und der fotomechanischen Reproduktionsverfahren in Zeitschriften zu diskutieren. Hierzu werden verschiedene Arbeitstreffen stattfinden, auf denen einerseits das konkrete Zeitschriftenmaterial gesichtet und besprochen werden wird und auf denen andererseits das Teilprojekt von Grettons Perspektive als Kunstwissenschaftler sowie seiner Expertise in der Bilderkennung profitieren wird. Dar\u00fcber hinaus wird ein Treffen mit Teilprojekt 4 stattfinden, bei im Rahmen der gemeinsamen Diskussion mit Tom Gretton auch die Zusammenarbeit und der Austausch zwischen den zwei Teilprojekten gest\u00e4rkt werden soll.<\/p>\n<p>Tom Gretton wird innerhalb der \u00f6ffentlichen Vortragsreihe <i>\u00c4sthetik und Medialit\u00e4t der Zeitschrift <\/i>am 09. Mai einen Vortrag halten zum Thema: \u00bbCulture and anarchy in the advertising pages of illustrated weekly magazines c. 1875 &#8211; c. 1900: forms, icons, typematter\u00ab. Am 23. Mai wird er in Marburg im Rahmen eines Workshops mit der gesamten Forschergruppe diskutieren \u00fcber seinen Aufsatz: \u00bb\u203aUn Moyen Puissant de Vulgarisation Artistique\u2039. Reproducing Salon Pictures in Parisian Illustrated Weekly Magazines c. 1860\u20131895: From Wood Engraving to the Half Tone Screen (and Back)\u00ab (In: <i>Oxford Art <\/i>Journal, 39, 2, 2016 S.285-310).<\/p>\n<p><b>Vita<\/b><\/p>\n<p>Dr. <a href=\"https:\/\/www.ucl.ac.uk\/art-history\/people\/research-associates\/tom-gretton\">Tom Gretton<\/a> war Leiter des Instituts f\u00fcr Kunstgeschichte am University College London. In seinen Arbeitsbereich fallen Printkulturen des 19. Jahrhunderts. Er hat sich intensiv mit dem Werk von J. G. Posada besch\u00e4ftigt. Zudem hat er geforscht \u00fcber Zeitschriften in Frankreich und England (1840-1914). F\u00fcr die Forschergruppe besonders relevante Publikationen sind unter anderem:<\/p>\n<p>Gretton, Tom: \u201eDifference and Competition: the Imitation and Reproduction of Fine Art in a Nineteenth-Century Illustrated Weekly News Magazine.\u201c In:\u00a0<i>Oxford Art Journal. <\/i>23:2 (2000), S. 143\u2013162.<\/p>\n<p>Gretton, Tom: \u201eSigns of Labour-Value in Printed Pictures After the Photomechanical Revolution. <i>Mainstream Changes and Extreme Cases around 1900<\/i>.\u201c In:\u00a0<i>Oxford Art Journal. <\/i>28.3 (2005), S. 371\u2013390.<\/p>\n<p>Gretton, Tom: \u201eNot the fl\u00e2neur again: reading magazines and living in the metropolis around 1880.\u201c In:\u00a0Aruna D&#8217;Souza, Tom McDonough\u00a0(Hg). <i>The invisible fl\u00e2neuse<\/i>. <i>Gender, public space and visual culture in nineteenth-century Paris<\/i>. Manchester: Manchester Univ. Press, 2006, S. 94\u2013112.<\/p>\n<p>Gretton, Tom: \u201eThe Pragmatics of Page Design in Nineteenth-Century General-Interest Weekly Illustrated News Magazines in London and Paris.\u201c In:\u00a0<i>Art History. <\/i>33 (September 2010), S. 680\u2013709.<\/p>\n<p>Gretton, Tom: \u201eIndustrialised graphic technologies in symbiosis with the world of art. the Illustrated London News and the Graphic c. 1870-c. 1890.\u201c In:\u00a0Kate Nichols, Rebecca Wade, Gabriel Williams\u00a0(Hg). <i>Art Versus Industry?<\/i> <i>New Perspectives on Visual and Industrial Cultures in Nineteenth-century Britain<\/i>. Manchester: Manchester University Press, 2016, S. 140\u2013157.<\/p>\n<p>Gretton, Tom: \u201eUn Moyen Puissant de Vulgarisation Artistique. Reproducing Salon Pictures in Parisian Illustrated Weekly Magazines c. 1860-c.1895. <i>From Wood Engraving to the Half Tone Scceen (and Back)<\/i>.\u201c In:\u00a0<i>Oxford Art Journal, <\/i>August (2016), S. 1\u201326.<\/p>\n","protected":false},"excerpt":{"rendered":"<p>Tom Gretton wird sich als Gast von Teilprojekt 5 vom 08. Mai bis zum 26. Mai 2017 in Marburg aufhalten. Den Besuch von Tom<\/p>\n","protected":false},"author":20,"featured_media":0,"parent":173,"menu_order":0,"comment_status":"closed","ping_status":"closed","template":"","meta":{"footnotes":""},"class_list":["post-1120","page","type-page","status-publish","hentry"],"translation":{"provider":"WPGlobus","version":"3.0.2","language":"gb","enabled_languages":["de","gb"],"languages":{"de":{"title":true,"content":true,"excerpt":false},"gb":{"title":false,"content":false,"excerpt":false}}},"yoast_head":"<!-- This site is optimized with the Yoast SEO plugin v27.3 - https:\/\/yoast.com\/product\/yoast-seo-wordpress\/ -->\n<title>Tom Gretton (University College London) - Journalliteratur<\/title>\n<meta name=\"robots\" content=\"index, follow, max-snippet:-1, max-image-preview:large, max-video-preview:-1\" \/>\n<link rel=\"canonical\" href=\"https:\/\/journalliteratur.blogs.ruhr-uni-bochum.de\/ueber-die-forschergruppe\/kooperationen\/tom-gretton-university-college-london\/\" \/>\n<meta property=\"og:locale\" content=\"en_GB\" \/>\n<meta property=\"og:type\" content=\"article\" \/>\n<meta property=\"og:title\" content=\"Tom Gretton (University College London) - Journalliteratur\" \/>\n<meta property=\"og:url\" content=\"https:\/\/journalliteratur.blogs.ruhr-uni-bochum.de\/ueber-die-forschergruppe\/kooperationen\/tom-gretton-university-college-london\/\" \/>\n<meta property=\"og:site_name\" content=\"Journalliteratur\" \/>\n<meta name=\"twitter:card\" content=\"summary_large_image\" \/>\n<meta name=\"twitter:label1\" content=\"Estimated reading time\" \/>\n\t<meta name=\"twitter:data1\" content=\"2 minutes\" \/>\n<script type=\"application\/ld+json\" class=\"yoast-schema-graph\">{\"@context\":\"https:\\\/\\\/schema.org\",\"@graph\":[{\"@type\":\"WebPage\",\"@id\":\"https:\\\/\\\/journalliteratur.blogs.ruhr-uni-bochum.de\\\/ueber-die-forschergruppe\\\/kooperationen\\\/tom-gretton-university-college-london\\\/\",\"url\":\"https:\\\/\\\/journalliteratur.blogs.ruhr-uni-bochum.de\\\/ueber-die-forschergruppe\\\/kooperationen\\\/tom-gretton-university-college-london\\\/\",\"name\":\"Tom Gretton (University College London) - Journalliteratur\",\"isPartOf\":{\"@id\":\"https:\\\/\\\/journalliteratur.blogs.ruhr-uni-bochum.de\\\/gb\\\/#website\"},\"datePublished\":\"2017-07-31T11:47:42+00:00\",\"breadcrumb\":{\"@id\":\"https:\\\/\\\/journalliteratur.blogs.ruhr-uni-bochum.de\\\/ueber-die-forschergruppe\\\/kooperationen\\\/tom-gretton-university-college-london\\\/#breadcrumb\"},\"inLanguage\":\"en-GB\",\"potentialAction\":[{\"@type\":\"ReadAction\",\"target\":[\"https:\\\/\\\/journalliteratur.blogs.ruhr-uni-bochum.de\\\/ueber-die-forschergruppe\\\/kooperationen\\\/tom-gretton-university-college-london\\\/\"]}]},{\"@type\":\"BreadcrumbList\",\"@id\":\"https:\\\/\\\/journalliteratur.blogs.ruhr-uni-bochum.de\\\/ueber-die-forschergruppe\\\/kooperationen\\\/tom-gretton-university-college-london\\\/#breadcrumb\",\"itemListElement\":[{\"@type\":\"ListItem\",\"position\":1,\"name\":\"Startseite\",\"item\":\"https:\\\/\\\/journalliteratur.blogs.ruhr-uni-bochum.de\\\/gb\\\/\"},{\"@type\":\"ListItem\",\"position\":2,\"name\":\"\u00dcber die Forschergruppe\",\"item\":\"https:\\\/\\\/journalliteratur.blogs.ruhr-uni-bochum.de\\\/ueber-die-forschergruppe\\\/\"},{\"@type\":\"ListItem\",\"position\":3,\"name\":\"Fellows &#038; Kooperationen der ersten F\u00f6rderphase\",\"item\":\"https:\\\/\\\/journalliteratur.blogs.ruhr-uni-bochum.de\\\/ueber-die-forschergruppe\\\/kooperationen\\\/\"},{\"@type\":\"ListItem\",\"position\":4,\"name\":\"Tom Gretton (University College London)\"}]},{\"@type\":\"WebSite\",\"@id\":\"https:\\\/\\\/journalliteratur.blogs.ruhr-uni-bochum.de\\\/gb\\\/#website\",\"url\":\"https:\\\/\\\/journalliteratur.blogs.ruhr-uni-bochum.de\\\/gb\\\/\",\"name\":\"Journalliteratur\",\"description\":\"Formatbedingungen, visuelles Design, Rezeptionskulturen\",\"publisher\":{\"@id\":\"https:\\\/\\\/journalliteratur.blogs.ruhr-uni-bochum.de\\\/gb\\\/#organization\"},\"potentialAction\":[{\"@type\":\"SearchAction\",\"target\":{\"@type\":\"EntryPoint\",\"urlTemplate\":\"https:\\\/\\\/journalliteratur.blogs.ruhr-uni-bochum.de\\\/gb\\\/?s={search_term_string}\"},\"query-input\":{\"@type\":\"PropertyValueSpecification\",\"valueRequired\":true,\"valueName\":\"search_term_string\"}}],\"inLanguage\":\"en-GB\"},{\"@type\":\"Organization\",\"@id\":\"https:\\\/\\\/journalliteratur.blogs.ruhr-uni-bochum.de\\\/gb\\\/#organization\",\"name\":\"DFG-Forschergruppe 2288: Journalliteratur\",\"url\":\"https:\\\/\\\/journalliteratur.blogs.ruhr-uni-bochum.de\\\/gb\\\/\",\"logo\":{\"@type\":\"ImageObject\",\"inLanguage\":\"en-GB\",\"@id\":\"https:\\\/\\\/journalliteratur.blogs.ruhr-uni-bochum.de\\\/gb\\\/#\\\/schema\\\/logo\\\/image\\\/\",\"url\":\"https:\\\/\\\/journalliteratur.blogs.ruhr-uni-bochum.de\\\/wp-content\\\/uploads\\\/2016\\\/08\\\/cropped-fg_journal_logo_blaetter_icon.png\",\"contentUrl\":\"https:\\\/\\\/journalliteratur.blogs.ruhr-uni-bochum.de\\\/wp-content\\\/uploads\\\/2016\\\/08\\\/cropped-fg_journal_logo_blaetter_icon.png\",\"width\":512,\"height\":512,\"caption\":\"DFG-Forschergruppe 2288: Journalliteratur\"},\"image\":{\"@id\":\"https:\\\/\\\/journalliteratur.blogs.ruhr-uni-bochum.de\\\/gb\\\/#\\\/schema\\\/logo\\\/image\\\/\"}}]}<\/script>\n<!-- \/ Yoast SEO plugin. -->","yoast_head_json":{"title":"Tom Gretton (University College London) - Journalliteratur","robots":{"index":"index","follow":"follow","max-snippet":"max-snippet:-1","max-image-preview":"max-image-preview:large","max-video-preview":"max-video-preview:-1"},"canonical":"https:\/\/journalliteratur.blogs.ruhr-uni-bochum.de\/ueber-die-forschergruppe\/kooperationen\/tom-gretton-university-college-london\/","og_locale":"en_GB","og_type":"article","og_title":"Tom Gretton (University College London) - Journalliteratur","og_url":"https:\/\/journalliteratur.blogs.ruhr-uni-bochum.de\/ueber-die-forschergruppe\/kooperationen\/tom-gretton-university-college-london\/","og_site_name":"Journalliteratur","twitter_card":"summary_large_image","twitter_misc":{"Estimated reading time":"2 minutes"},"schema":{"@context":"https:\/\/schema.org","@graph":[{"@type":"WebPage","@id":"https:\/\/journalliteratur.blogs.ruhr-uni-bochum.de\/ueber-die-forschergruppe\/kooperationen\/tom-gretton-university-college-london\/","url":"https:\/\/journalliteratur.blogs.ruhr-uni-bochum.de\/ueber-die-forschergruppe\/kooperationen\/tom-gretton-university-college-london\/","name":"Tom Gretton (University College London) - Journalliteratur","isPartOf":{"@id":"https:\/\/journalliteratur.blogs.ruhr-uni-bochum.de\/gb\/#website"},"datePublished":"2017-07-31T11:47:42+00:00","breadcrumb":{"@id":"https:\/\/journalliteratur.blogs.ruhr-uni-bochum.de\/ueber-die-forschergruppe\/kooperationen\/tom-gretton-university-college-london\/#breadcrumb"},"inLanguage":"en-GB","potentialAction":[{"@type":"ReadAction","target":["https:\/\/journalliteratur.blogs.ruhr-uni-bochum.de\/ueber-die-forschergruppe\/kooperationen\/tom-gretton-university-college-london\/"]}]},{"@type":"BreadcrumbList","@id":"https:\/\/journalliteratur.blogs.ruhr-uni-bochum.de\/ueber-die-forschergruppe\/kooperationen\/tom-gretton-university-college-london\/#breadcrumb","itemListElement":[{"@type":"ListItem","position":1,"name":"Startseite","item":"https:\/\/journalliteratur.blogs.ruhr-uni-bochum.de\/gb\/"},{"@type":"ListItem","position":2,"name":"\u00dcber die Forschergruppe","item":"https:\/\/journalliteratur.blogs.ruhr-uni-bochum.de\/ueber-die-forschergruppe\/"},{"@type":"ListItem","position":3,"name":"Fellows &#038; Kooperationen der ersten F\u00f6rderphase","item":"https:\/\/journalliteratur.blogs.ruhr-uni-bochum.de\/ueber-die-forschergruppe\/kooperationen\/"},{"@type":"ListItem","position":4,"name":"Tom Gretton (University College London)"}]},{"@type":"WebSite","@id":"https:\/\/journalliteratur.blogs.ruhr-uni-bochum.de\/gb\/#website","url":"https:\/\/journalliteratur.blogs.ruhr-uni-bochum.de\/gb\/","name":"Journalliteratur","description":"Formatbedingungen, visuelles Design, Rezeptionskulturen","publisher":{"@id":"https:\/\/journalliteratur.blogs.ruhr-uni-bochum.de\/gb\/#organization"},"potentialAction":[{"@type":"SearchAction","target":{"@type":"EntryPoint","urlTemplate":"https:\/\/journalliteratur.blogs.ruhr-uni-bochum.de\/gb\/?s={search_term_string}"},"query-input":{"@type":"PropertyValueSpecification","valueRequired":true,"valueName":"search_term_string"}}],"inLanguage":"en-GB"},{"@type":"Organization","@id":"https:\/\/journalliteratur.blogs.ruhr-uni-bochum.de\/gb\/#organization","name":"DFG-Forschergruppe 2288: Journalliteratur","url":"https:\/\/journalliteratur.blogs.ruhr-uni-bochum.de\/gb\/","logo":{"@type":"ImageObject","inLanguage":"en-GB","@id":"https:\/\/journalliteratur.blogs.ruhr-uni-bochum.de\/gb\/#\/schema\/logo\/image\/","url":"https:\/\/journalliteratur.blogs.ruhr-uni-bochum.de\/wp-content\/uploads\/2016\/08\/cropped-fg_journal_logo_blaetter_icon.png","contentUrl":"https:\/\/journalliteratur.blogs.ruhr-uni-bochum.de\/wp-content\/uploads\/2016\/08\/cropped-fg_journal_logo_blaetter_icon.png","width":512,"height":512,"caption":"DFG-Forschergruppe 2288: Journalliteratur"},"image":{"@id":"https:\/\/journalliteratur.blogs.ruhr-uni-bochum.de\/gb\/#\/schema\/logo\/image\/"}}]}},"_links":{"self":[{"href":"https:\/\/journalliteratur.blogs.ruhr-uni-bochum.de\/gb\/wp-json\/wp\/v2\/pages\/1120","targetHints":{"allow":["GET"]}}],"collection":[{"href":"https:\/\/journalliteratur.blogs.ruhr-uni-bochum.de\/gb\/wp-json\/wp\/v2\/pages"}],"about":[{"href":"https:\/\/journalliteratur.blogs.ruhr-uni-bochum.de\/gb\/wp-json\/wp\/v2\/types\/page"}],"author":[{"embeddable":true,"href":"https:\/\/journalliteratur.blogs.ruhr-uni-bochum.de\/gb\/wp-json\/wp\/v2\/users\/20"}],"replies":[{"embeddable":true,"href":"https:\/\/journalliteratur.blogs.ruhr-uni-bochum.de\/gb\/wp-json\/wp\/v2\/comments?post=1120"}],"version-history":[{"count":2,"href":"https:\/\/journalliteratur.blogs.ruhr-uni-bochum.de\/gb\/wp-json\/wp\/v2\/pages\/1120\/revisions"}],"predecessor-version":[{"id":1263,"href":"https:\/\/journalliteratur.blogs.ruhr-uni-bochum.de\/gb\/wp-json\/wp\/v2\/pages\/1120\/revisions\/1263"}],"up":[{"embeddable":true,"href":"https:\/\/journalliteratur.blogs.ruhr-uni-bochum.de\/gb\/wp-json\/wp\/v2\/pages\/173"}],"wp:attachment":[{"href":"https:\/\/journalliteratur.blogs.ruhr-uni-bochum.de\/gb\/wp-json\/wp\/v2\/media?parent=1120"}],"curies":[{"name":"wp","href":"https:\/\/api.w.org\/{rel}","templated":true}]}}